{"id":134,"date":"2016-12-20T10:38:24","date_gmt":"2016-12-20T10:38:24","guid":{"rendered":"http:\/\/klewiado1.home.pl\/autoinstalator\/wordpress\/?page_id=134"},"modified":"2017-10-19T09:31:25","modified_gmt":"2017-10-19T09:31:25","slug":"gdansk","status":"publish","type":"page","link":"https:\/\/pkps.org.pl\/?page_id=134","title":{"rendered":"Pomorski Zarz\u0105d Wojew\u00f3dzki"},"content":{"rendered":"<p><strong>Pomorski Zarz\u0105d Wojew\u00f3dzki PKPS&nbsp;<\/strong><strong>Garbary 12\/13<\/strong><\/p>\n<p><strong>80 &#8211; 830 Gda\u0144sk<\/strong><\/p>\n<p><strong>tel\/fax: \/58\/ 301 32 73<\/strong><\/p>\n<p><strong>godziny pracy &nbsp;8:00 \u2013 16:00<\/strong><\/p>\n<p><a href=\"http:\/\/www.pkpsgdansk.pl\"><i class=\"mdi mdi-web mdi-default\" style=\"color:black;\">&nbsp;<\/i> www.pkpsgdansk.pl<\/a><\/p>\n<p><span style=\"font-size: 10pt;\"><strong>plac\u00f3wki podleg\u0142e:<\/strong><\/span><\/p>\n<p><strong><i class=\"wp-svg-stop-2 stop-2\"><\/i> Punkt Pomocy PKPS <\/strong><strong>w Gda\u0144sku,&nbsp;<\/strong>ul. Minogi 1A, 80-840 Gda\u0144sk,&nbsp;tel. \/58\/ 710-03-38.<\/p>\n<p>zakres us\u0142ug:<\/p>\n<p>&#8211; pomoc \u017cywno\u015bciowa &nbsp;PEAD &#8211; od&nbsp;&nbsp;9:00-11:00 &nbsp;(lub d\u0142u\u017cej do momentu obs\u0142u\u017cenia wszystkich klient\u00f3w)<br \/>\n&#8211; pomoc rzeczowa, 9:00-11:00 (lub w godz. um\u00f3wionych telefonicznie).<br \/>\n&#8211; Klub Seniora &#8211; seniorzy spotykaj\u0105 si\u0119 w bezp\u0142atnie udost\u0119pnianych salach szk\u00f3\u0142 &nbsp;na &nbsp;terenie Gda\u0144ska &#8211;&nbsp;tel. kontaktowy \/58\/ 301-32-73<br \/>\n&#8211; \u015bwietlica &nbsp;\u015brodowiskowa &#8211;&nbsp;od poniedzia\u0142ku do pi\u0105tku &nbsp;godz. 14:00 \u2013 18:00<\/p>\n<p>&nbsp;<\/p>\n<p><strong><i class=\"wp-svg-stop-2 stop-2\"><\/i> Zarz\u0105d Miejsko-Gminny PKPS Pelplin<\/strong>, Plac Grunwaldzki 8, &nbsp;83-130 Pelplin, tel. \/58\/ 536-15-75<\/p>\n<p>zakres us\u0142ug:<\/p>\n<p>&#8211; pomoc \u017cywno\u015bciowa&nbsp; PEAD &#8211;&nbsp;(terminy wydawania \u017cywno\u015bci zgodnie z&nbsp; wywieszan\u0105 informacj\u0105).<br \/>\n&#8211; dzia\u0142ania na rzecz senior\u00f3w \u2013 realizacja program\u00f3w aktywizuj\u0105cych osoby&nbsp;starsze: organizowanie imprez okoliczno\u015bciowych, obchody \u201eDnia Seniora\u201d,&nbsp;spotkania&nbsp; op\u0142atkowe,&nbsp; wycieczki krajoznawcze.<br \/>\n&#8211; paczki miko\u0142ajkowe dla dzieci z najubo\u017cszych rodzin.<br \/>\n&#8211; us\u0142ugi opieku\u0144cze<\/p>\n<p><strong>Zarz\u0105d Miejsko-Gminny PKPS Ko\u015bcierzyna<\/strong>, ul. Jeziorna 3, 83-400 Ko\u015bcierzyna.<\/p>\n<p>zakres us\u0142ug:<br \/>\n&#8211; pomoc \u017cywno\u015bciowa&nbsp; PEAD<br \/>\n&#8211; pomoc rzeczowa<br \/>\n&#8211; kluby seniora: organizowanie imprez okoliczno\u015bciowych, obchody \u201eDnia&nbsp;Seniora\u201d,&nbsp;spotkania&nbsp;op\u0142atkowe,&nbsp;cykliczne spotkania<\/p>\n<ul>\n<li>8 klub\u00f3w \u2013 spotkania 2 razy w miesi\u0105cu&nbsp; w Ko\u015bcierzynie ul. Brzechwy w godz.&nbsp;16:00-18:00<\/li>\n<\/ul>\n<p><strong><i class=\"wp-svg-stop-2 stop-2\"><\/i>&nbsp;Zarz\u0105d Gminny PKPS&nbsp;Osiek<\/strong>, ul. Wyzwolenia 9, 83-221 Osiek, &nbsp;tel.(58)582-10-00<\/p>\n<p>zakres us\u0142ug:<\/p>\n<p>&#8211; pomoc \u017cywno\u015bciowa&nbsp;&nbsp;PEAD<br \/>\n&#8211; organizowanie spotka\u0144 dla senior\u00f3w<\/p>\n<p>&nbsp;<\/p>\n<p><strong>Zarz\u0105d Miejski &nbsp;PKPS Gdynia<\/strong>, ul. Morska 217, 81-205 Gdynia, tel. \/58\/ 663-00-04<\/p>\n<p>zakres us\u0142ug:<\/p>\n<p>&#8211; pomoc \u017cywno\u015bciowa&nbsp;PEAD&nbsp;&#8211; Gdynia ul. Morska 217<br \/>\n&#8211; pomoc rzeczowa&nbsp;&#8211; Gdynia ul. Morska 21, magazyn czynny od poniedzia\u0142ku do \u015brody&nbsp; 9:00-13:00<br \/>\n&#8211; kluby&nbsp; seniora \u2013 prowadzone spo\u0142ecznie przez przewodnicz\u0105ce klub\u00f3w.&nbsp;Cykliczne spotkania, imprezy okoliczno\u015bciowe, obchody \u201eDnia Seniora\u201d,&nbsp;spotkania&nbsp; op\u0142atkowe, \u015bniadania wielkanocne, zabawy taneczne, wycieczki&nbsp;krajoznawcze,&nbsp; gimnastyka zdrowotna, wsp\u00f3lne wyj\u015bcia do kina i do teatru.<\/p>\n<ul>\n<li>Gdynia ul. 3 Maja 21<\/li>\n<li>Gdynia ul. Morska 217<\/li>\n<li>Gdynia&nbsp; ul. Rozewska<\/li>\n<li>Gdynia &#8211;&nbsp; ul. Norwida 4<\/li>\n<li>Gdynia \u2013 Oksywie, ul. Pu\u0142k. D\u0105bka 198<\/li>\n<\/ul>\n<p><strong><i class=\"wp-svg-stop-2 stop-2\"><\/i>&nbsp;Zarz\u0105d Miejski &nbsp;PKPS Sopot<\/strong>, Al. Niepodleg\u0142o\u015bci 797B, 81-810 Sopot, tel. (58)555-17-94<\/p>\n<p>zakres us\u0142ug:<\/p>\n<p>&#8211; pomoc \u017cywno\u015bciowa&nbsp;PEAD&nbsp;&#8211; Sopot, Al. Niepodleg\u0142o\u015bci 797 B,&nbsp;(terminy wydawania \u017cywno\u015bci zgodnie z wywieszan\u0105 informacj\u0105)<\/p>\n<p>&#8211; kluby&nbsp; seniora \u2013 prowadzone spo\u0142ecznie przez przewodnicz\u0105ce klub\u00f3w. cykliczne spotkania, imprezy okoliczno\u015bciowe, obchody \u201eDnia Seniora\u201d,&nbsp;spotkania&nbsp; op\u0142atkowe, &nbsp;terapia ta\u0144cem, wsp\u00f3lne wyj\u015bcia do kina i do teatru.<\/p>\n<ul>\n<li>Sopot ul. Mickiewicza<\/li>\n<li>Sopot ul. Kraszewskiego<\/li>\n<li>Sopot ul.Czy\u017cewskiego<\/li>\n<li>Sopot ul. Kolberga<\/li>\n<li>Sopot ul. 23 Marca<\/li>\n<\/ul>\n<p>&#8211; us\u0142ugi opieku\u0144cze &#8211; Sopot, Al. Niepodleg\u0142o\u015bci 797 B<\/p>\n<p><strong>Zarz\u0105d Miejski &nbsp;PKPS Tczew<\/strong>, ul. Kopernika 9, 83-110 Tczew, tel. \/58\/ 531-34-59<\/p>\n<p>zakres us\u0142ug:<\/p>\n<p>&#8211; pomoc \u017cywno\u015bciowa&nbsp;PEAD<br \/>\n&#8211; dzia\u0142ania na rzecz senior\u00f3w \u2013 realizacja program\u00f3w aktywizuj\u0105cych osoby&nbsp;starsze.&nbsp;Cykliczne spotkania, imprezy okoliczno\u015bciowe, obchody \u201eDnia Seniora\u201d,&nbsp;spotkania&nbsp; op\u0142atkowe,&nbsp; terapia ta\u0144cem, wsp\u00f3lne wyj\u015bcia do kina i do teatru,&nbsp;wycieczki.<br \/>\n&#8211; prowadzenie \u015bwietlic \u015brodowiskowych<\/p>\n<ul>\n<li>\u015awietlica&nbsp; dla dzieci \u2013 Tczew ul. Kopernika 9, &nbsp;tel.(58)531-34-59\\<\/li>\n<li>\u015awietlica s\u0105siedzka&nbsp; &#8211; Tczew ul. Zamkowa 2, &nbsp;tel. 662-027-717.<\/li>\n<\/ul>\n<p>&#8211; organizowanie wypoczynku dla dzieci i senior\u00f3w<\/p>\n<p><strong><i class=\"wp-svg-stop-2 stop-2\"><\/i>&nbsp; Zarz\u0105d Miejski PKPS Sk\u00f3rcz<\/strong>, ul. G\u0142\u00f3wna 40, 83-220 Sk\u00f3rcz, tel. \/58\/ 582-42-56<\/p>\n<p>zakres us\u0142ug:<\/p>\n<p>&#8211; pomoc \u017cywno\u015bciowa&nbsp; PEAD<br \/>\n&#8211; organizowanie spotka\u0144 dla senior\u00f3w<\/p>\n<p><strong><i class=\"wp-svg-stop-2 stop-2\"><\/i>&nbsp; Zarz\u0105d Miejski &nbsp;PKPS Malbork<\/strong>, ul. Grunwaldzka 5, 82-200 Malbork<\/p>\n<p>zakres us\u0142ug:<\/p>\n<p>&#8211; pomoc \u017cywno\u015bciowa&nbsp; PEAD,<br \/>\n&#8211; klub seniora &#8211; cykliczne spotkania, organizowanie \u201eDnia Seniora\u201d, spotkania op\u0142atkowego, imprezy okoliczno\u015bciowe, wycieczki.&nbsp;Spotkania&nbsp;odbywaj\u0105 si\u0119&nbsp;\u015brody i czwartki<\/p>\n<p><strong><i class=\"wp-svg-stop-2 stop-2\"><\/i>&nbsp; Zarz\u0105d &nbsp;Miejski PKPS Wejherowo<\/strong>, ul. 12 Marca 216, 84-200 Wejherowo, tel. \/58\/ 672-31-44<\/p>\n<p>zakres us\u0142ug:<\/p>\n<p>&#8211; us\u0142ugi opieku\u0144cze zwyk\u0142e,<br \/>\n&#8211; us\u0142ugi specjalistyczne<\/p>\n<p><strong><i class=\"wp-svg-stop-2 stop-2\"><\/i>&nbsp; Zarz\u0105d &nbsp;Miejski PKPS Kartuzy,<\/strong> ul. Hallera 1, 83-300 &nbsp;Kartuzy, tel. 881-413-207<\/p>\n<p>zakres us\u0142ug:<\/p>\n<p>&#8211; us\u0142ugi opieku\u0144cze<\/p>\n<p><strong><i class=\"wp-svg-stop-2 stop-2\"><\/i>&nbsp; Punkt Pomocy PKPS Nowa Karczma<\/strong>, ul. Ko\u015bcierska 9A, 83-404 Nowa Karczma, tel. \/58\/ 680-06-47.<\/p>\n<p>zakres us\u0142ug:<\/p>\n<p>&#8211; pomoc&nbsp;\u017cywno\u015bciowa&nbsp; PEAD (terminy wydawania \u017cywno\u015bci zgodnie z&nbsp;wywieszan\u0105 informacj\u0105).<\/p>\n<p><strong><i class=\"wp-svg-stop-2 stop-2\"><\/i>&nbsp;Punkt Pomocy PKPS Jastarnia<\/strong>, ul. Portowa 24, 84-140 Jastarnia, tel. \/58\/ 675-19-02<\/p>\n<p>zakres us\u0142ug:<\/p>\n<p>&#8211; pomoc \u017cywno\u015bciowa&nbsp; PEAD (terminy wydawania \u017cywno\u015bci zgodnie z&nbsp;wywieszan\u0105 informacj\u0105).<\/p>\n<p><strong><i class=\"wp-svg-stop-2 stop-2\"><\/i>&nbsp; Punkt Pomocy PKPS Hel<\/strong>, ul. Wiejska 50, 84-150 Hel, tel. \/58\/ 677-72-54.<\/p>\n<p>zakres us\u0142ug:<\/p>\n<p>&#8211; pomoc&nbsp;\u017cywno\u015bciowa&nbsp;&nbsp;PEAD (terminy wydawania \u017cywno\u015bci zgodnie z&nbsp;wywieszan\u0105 informacj\u0105).<\/p>\n<p><strong><i class=\"wp-svg-stop-2 stop-2\"><\/i>&nbsp;Punkt Pomocy PKPS Przywidz<\/strong>, ul. Gda\u0144ska 15, &nbsp;83-047 Przywidz, tel. \/58\/ 682-55-14; \/58\/ 682-51-32<\/p>\n<p>zakres us\u0142ug:<\/p>\n<p>&#8211; pomoc&nbsp;\u017cywno\u015bciowa&nbsp;&nbsp;PEAD (terminy wydawania \u017cywno\u015bci zgodnie z&nbsp;wywieszan\u0105 informacj\u0105).<\/p>\n<p><strong><i class=\"wp-svg-stop-2 stop-2\"><\/i>&nbsp;Punkt Pomocy PKPS <\/strong><strong>Tr\u0105bki Wielkie<\/strong>, ul. Gda\u0144ska 12, 83-034 &nbsp;Tr\u0105bki Wielkie, tel. \/58\/ 683-70-25<\/p>\n<p>zakres us\u0142ug:<\/p>\n<p>&#8211; pomoc&nbsp;\u017cywno\u015bciowa&nbsp;&nbsp;PEAD (terminy wydawania \u017cywno\u015bci zgodnie z&nbsp;wywieszan\u0105 informacj\u0105)<\/p>\n<p><strong><i class=\"wp-svg-stop-2 stop-2\"><\/i>&nbsp; Punkt Us\u0142ug Opieku\u0144czych PKPS L\u0119bork<\/strong>, ul. Wolno\u015bci 26, 84-300 L\u0119bork, tel. &nbsp;535-905-536<\/p>\n<p>zakres us\u0142ug:<\/p>\n<p>&#8211; us\u0142ugi opieku\u0144cze<\/p>\n","protected":false},"excerpt":{"rendered":"<p>Pomorski Zarz\u0105d Wojew\u00f3dzki PKPS&nbsp;Garbary 12\/13 80 &#8211; 830 Gda\u0144sk tel\/fax: \/58\/ 301 32 73 godziny pracy &nbsp;8:00 \u2013 16:00 www.pkpsgdansk.pl plac\u00f3wki podleg\u0142e: Punkt Pomocy PKPS w Gda\u0144sku,&nbsp;ul. Minogi 1A, 80-840 Gda\u0144sk,&nbsp;tel. \/58\/ 710-03-38. zakres us\u0142ug: &#8211; pomoc \u017cywno\u015bciowa &nbsp;PEAD &#8211; od&nbsp;&nbsp;9:00-11:00 &nbsp;(lub d\u0142u\u017cej do momentu obs\u0142u\u017cenia wszystkich klient\u00f3w) &#8211; pomoc rzeczowa, 9:00-11:00 (lub w godz. [&hellip;]<\/p>\n","protected":false},"author":1,"featured_media":0,"parent":0,"menu_order":0,"comment_status":"closed","ping_status":"closed","template":"","meta":{"footnotes":"","_links_to":"","_links_to_target":""},"class_list":["post-134","page","type-page","status-publish","hentry"],"yoast_head":"<!-- This site is optimized with the Yoast SEO plugin v27.4 - https:\/\/yoast.com\/product\/yoast-seo-wordpress\/ -->\n<title>Pomorski Zarz\u0105d Wojew\u00f3dzki - Polski Komitet Pomocy Spo\u0142ecznej<\/title>\n<meta name=\"robots\" content=\"index, follow, max-snippet:-1, max-image-preview:large, max-video-preview:-1\" \/>\n<link rel=\"canonical\" href=\"https:\/\/pkps.org.pl\/?page_id=134\" \/>\n<meta property=\"og:locale\" content=\"pl_PL\" \/>\n<meta property=\"og:type\" content=\"article\" \/>\n<meta property=\"og:title\" content=\"Pomorski Zarz\u0105d Wojew\u00f3dzki - Polski Komitet Pomocy Spo\u0142ecznej\" \/>\n<meta property=\"og:description\" content=\"Pomorski Zarz\u0105d Wojew\u00f3dzki PKPS&nbsp;Garbary 12\/13 80 &#8211; 830 Gda\u0144sk tel\/fax: \/58\/ 301 32 73 godziny pracy &nbsp;8:00 \u2013 16:00 www.pkpsgdansk.pl plac\u00f3wki podleg\u0142e: Punkt Pomocy PKPS w Gda\u0144sku,&nbsp;ul. Minogi 1A, 80-840 Gda\u0144sk,&nbsp;tel. \/58\/ 710-03-38. zakres us\u0142ug: &#8211; pomoc \u017cywno\u015bciowa &nbsp;PEAD &#8211; od&nbsp;&nbsp;9:00-11:00 &nbsp;(lub d\u0142u\u017cej do momentu obs\u0142u\u017cenia wszystkich klient\u00f3w) &#8211; pomoc rzeczowa, 9:00-11:00 (lub w godz. [&hellip;]\" \/>\n<meta property=\"og:url\" content=\"https:\/\/pkps.org.pl\/?page_id=134\" \/>\n<meta property=\"og:site_name\" content=\"Polski Komitet Pomocy Spo\u0142ecznej\" \/>\n<meta property=\"article:modified_time\" content=\"2017-10-19T09:31:25+00:00\" \/>\n<meta name=\"twitter:card\" content=\"summary_large_image\" \/>\n<meta name=\"twitter:label1\" content=\"Szacowany czas czytania\" \/>\n\t<meta name=\"twitter:data1\" content=\"5 minut\" \/>\n<script type=\"application\/ld+json\" class=\"yoast-schema-graph\">{\"@context\":\"https:\\\/\\\/schema.org\",\"@graph\":[{\"@type\":\"WebPage\",\"@id\":\"https:\\\/\\\/pkps.org.pl\\\/?page_id=134\",\"url\":\"https:\\\/\\\/pkps.org.pl\\\/?page_id=134\",\"name\":\"Pomorski Zarz\u0105d Wojew\u00f3dzki - Polski Komitet Pomocy Spo\u0142ecznej\",\"isPartOf\":{\"@id\":\"https:\\\/\\\/pkps.org.pl\\\/#website\"},\"datePublished\":\"2016-12-20T10:38:24+00:00\",\"dateModified\":\"2017-10-19T09:31:25+00:00\",\"breadcrumb\":{\"@id\":\"https:\\\/\\\/pkps.org.pl\\\/?page_id=134#breadcrumb\"},\"inLanguage\":\"pl-PL\",\"potentialAction\":[{\"@type\":\"ReadAction\",\"target\":[\"https:\\\/\\\/pkps.org.pl\\\/?page_id=134\"]}]},{\"@type\":\"BreadcrumbList\",\"@id\":\"https:\\\/\\\/pkps.org.pl\\\/?page_id=134#breadcrumb\",\"itemListElement\":[{\"@type\":\"ListItem\",\"position\":1,\"name\":\"Strona g\u0142\u00f3wna\",\"item\":\"https:\\\/\\\/pkps.org.pl\\\/\"},{\"@type\":\"ListItem\",\"position\":2,\"name\":\"Pomorski Zarz\u0105d Wojew\u00f3dzki\"}]},{\"@type\":\"WebSite\",\"@id\":\"https:\\\/\\\/pkps.org.pl\\\/#website\",\"url\":\"https:\\\/\\\/pkps.org.pl\\\/\",\"name\":\"Polski Komitet Pomocy Spo\u0142ecznej\",\"description\":\"Strona Polskiego Komitetu Pomocy Spo\u0142ecznej\",\"publisher\":{\"@id\":\"https:\\\/\\\/pkps.org.pl\\\/#organization\"},\"potentialAction\":[{\"@type\":\"SearchAction\",\"target\":{\"@type\":\"EntryPoint\",\"urlTemplate\":\"https:\\\/\\\/pkps.org.pl\\\/?s={search_term_string}\"},\"query-input\":{\"@type\":\"PropertyValueSpecification\",\"valueRequired\":true,\"valueName\":\"search_term_string\"}}],\"inLanguage\":\"pl-PL\"},{\"@type\":\"Organization\",\"@id\":\"https:\\\/\\\/pkps.org.pl\\\/#organization\",\"name\":\"Polski Komitet Pomocy Spo\u0142ecznej\",\"url\":\"https:\\\/\\\/pkps.org.pl\\\/\",\"logo\":{\"@type\":\"ImageObject\",\"inLanguage\":\"pl-PL\",\"@id\":\"https:\\\/\\\/pkps.org.pl\\\/#\\\/schema\\\/logo\\\/image\\\/\",\"url\":\"https:\\\/\\\/pkps.org.pl\\\/wp-content\\\/uploads\\\/2016\\\/12\\\/PKPS-Logo-1.jpg\",\"contentUrl\":\"https:\\\/\\\/pkps.org.pl\\\/wp-content\\\/uploads\\\/2016\\\/12\\\/PKPS-Logo-1.jpg\",\"width\":299,\"height\":408,\"caption\":\"Polski Komitet Pomocy Spo\u0142ecznej\"},\"image\":{\"@id\":\"https:\\\/\\\/pkps.org.pl\\\/#\\\/schema\\\/logo\\\/image\\\/\"}}]}<\/script>\n<!-- \/ Yoast SEO plugin. -->","yoast_head_json":{"title":"Pomorski Zarz\u0105d Wojew\u00f3dzki - Polski Komitet Pomocy Spo\u0142ecznej","robots":{"index":"index","follow":"follow","max-snippet":"max-snippet:-1","max-image-preview":"max-image-preview:large","max-video-preview":"max-video-preview:-1"},"canonical":"https:\/\/pkps.org.pl\/?page_id=134","og_locale":"pl_PL","og_type":"article","og_title":"Pomorski Zarz\u0105d Wojew\u00f3dzki - Polski Komitet Pomocy Spo\u0142ecznej","og_description":"Pomorski Zarz\u0105d Wojew\u00f3dzki PKPS&nbsp;Garbary 12\/13 80 &#8211; 830 Gda\u0144sk tel\/fax: \/58\/ 301 32 73 godziny pracy &nbsp;8:00 \u2013 16:00 www.pkpsgdansk.pl plac\u00f3wki podleg\u0142e: Punkt Pomocy PKPS w Gda\u0144sku,&nbsp;ul. Minogi 1A, 80-840 Gda\u0144sk,&nbsp;tel. \/58\/ 710-03-38. zakres us\u0142ug: &#8211; pomoc \u017cywno\u015bciowa &nbsp;PEAD &#8211; od&nbsp;&nbsp;9:00-11:00 &nbsp;(lub d\u0142u\u017cej do momentu obs\u0142u\u017cenia wszystkich klient\u00f3w) &#8211; pomoc rzeczowa, 9:00-11:00 (lub w godz. [&hellip;]","og_url":"https:\/\/pkps.org.pl\/?page_id=134","og_site_name":"Polski Komitet Pomocy Spo\u0142ecznej","article_modified_time":"2017-10-19T09:31:25+00:00","twitter_card":"summary_large_image","twitter_misc":{"Szacowany czas czytania":"5 minut"},"schema":{"@context":"https:\/\/schema.org","@graph":[{"@type":"WebPage","@id":"https:\/\/pkps.org.pl\/?page_id=134","url":"https:\/\/pkps.org.pl\/?page_id=134","name":"Pomorski Zarz\u0105d Wojew\u00f3dzki - Polski Komitet Pomocy Spo\u0142ecznej","isPartOf":{"@id":"https:\/\/pkps.org.pl\/#website"},"datePublished":"2016-12-20T10:38:24+00:00","dateModified":"2017-10-19T09:31:25+00:00","breadcrumb":{"@id":"https:\/\/pkps.org.pl\/?page_id=134#breadcrumb"},"inLanguage":"pl-PL","potentialAction":[{"@type":"ReadAction","target":["https:\/\/pkps.org.pl\/?page_id=134"]}]},{"@type":"BreadcrumbList","@id":"https:\/\/pkps.org.pl\/?page_id=134#breadcrumb","itemListElement":[{"@type":"ListItem","position":1,"name":"Strona g\u0142\u00f3wna","item":"https:\/\/pkps.org.pl\/"},{"@type":"ListItem","position":2,"name":"Pomorski Zarz\u0105d Wojew\u00f3dzki"}]},{"@type":"WebSite","@id":"https:\/\/pkps.org.pl\/#website","url":"https:\/\/pkps.org.pl\/","name":"Polski Komitet Pomocy Spo\u0142ecznej","description":"Strona Polskiego Komitetu Pomocy Spo\u0142ecznej","publisher":{"@id":"https:\/\/pkps.org.pl\/#organization"},"potentialAction":[{"@type":"SearchAction","target":{"@type":"EntryPoint","urlTemplate":"https:\/\/pkps.org.pl\/?s={search_term_string}"},"query-input":{"@type":"PropertyValueSpecification","valueRequired":true,"valueName":"search_term_string"}}],"inLanguage":"pl-PL"},{"@type":"Organization","@id":"https:\/\/pkps.org.pl\/#organization","name":"Polski Komitet Pomocy Spo\u0142ecznej","url":"https:\/\/pkps.org.pl\/","logo":{"@type":"ImageObject","inLanguage":"pl-PL","@id":"https:\/\/pkps.org.pl\/#\/schema\/logo\/image\/","url":"https:\/\/pkps.org.pl\/wp-content\/uploads\/2016\/12\/PKPS-Logo-1.jpg","contentUrl":"https:\/\/pkps.org.pl\/wp-content\/uploads\/2016\/12\/PKPS-Logo-1.jpg","width":299,"height":408,"caption":"Polski Komitet Pomocy Spo\u0142ecznej"},"image":{"@id":"https:\/\/pkps.org.pl\/#\/schema\/logo\/image\/"}}]}},"_links":{"self":[{"href":"https:\/\/pkps.org.pl\/index.php?rest_route=\/wp\/v2\/pages\/134","targetHints":{"allow":["GET"]}}],"collection":[{"href":"https:\/\/pkps.org.pl\/index.php?rest_route=\/wp\/v2\/pages"}],"about":[{"href":"https:\/\/pkps.org.pl\/index.php?rest_route=\/wp\/v2\/types\/page"}],"author":[{"embeddable":true,"href":"https:\/\/pkps.org.pl\/index.php?rest_route=\/wp\/v2\/users\/1"}],"replies":[{"embeddable":true,"href":"https:\/\/pkps.org.pl\/index.php?rest_route=%2Fwp%2Fv2%2Fcomments&post=134"}],"version-history":[{"count":0,"href":"https:\/\/pkps.org.pl\/index.php?rest_route=\/wp\/v2\/pages\/134\/revisions"}],"wp:attachment":[{"href":"https:\/\/pkps.org.pl\/index.php?rest_route=%2Fwp%2Fv2%2Fmedia&parent=134"}],"curies":[{"name":"wp","href":"https:\/\/api.w.org\/{rel}","templated":true}]}}