{"id":1389,"date":"2019-12-12T14:33:39","date_gmt":"2019-12-12T14:33:39","guid":{"rendered":"https:\/\/pkps.org.pl\/?page_id=1389"},"modified":"2019-12-12T15:19:42","modified_gmt":"2019-12-12T15:19:42","slug":"wolontariat-droga-do-wlaczenia-spolecznego","status":"publish","type":"page","link":"https:\/\/pkps.org.pl\/?page_id=1389","title":{"rendered":"Wolontariat drog\u0105 do w\u0142\u0105czenia spo\u0142ecznego"},"content":{"rendered":"<p><strong><u>Wolontariat drog\u0105 do w\u0142\u0105czenia spo\u0142ecznego<\/u><\/strong><\/p>\n<p>Wolontariat to wa\u017cny element \u017cycia spo\u0142ecznego, to postawa, spos\u00f3b dzia\u0142ania, odruch serca, moda na pomaganie\u2026<\/p>\n<p>Wolontariat to forma partycypacji spo\u0142ecznej. Konstytucj\u0119 wolontariatu stanowi ustawa z 24.04.2003 \/z p\u00f3\u017aniejszymi zmianami\/ o dzia\u0142alno\u015bci po\u017cytku publicznego i wolontariacie, kt\u00f3ra definiuje wolontariusza jako osob\u0119 fizyczn\u0105, kt\u00f3ra ochotniczo i bez wynagrodzenia wykonuje \u015bwiadczenia na zasadach okre\u015blonych w ustawie.<\/p>\n<p>Ustawa sankcjonuje funkcjonowanie wolontariatu, nale\u017cy pami\u0119ta\u0107, \u017ce praca woluntarystyczna ma sw\u00f3j rodow\u00f3d, stanowi jeden z filar\u00f3w pomocy spo\u0142ecznej i pracy socjalnej zar\u00f3wno w Polsce, jak i na \u015bwiecie.<\/p>\n<p><u>Ustawa okre\u015bla nast\u0119puj\u0105ce zasady pracy ochotniczej:<\/u><\/p>\n<ol>\n<li>Wolontariusz mo\u017ce wykonywa\u0107 \u015bwiadczenia m. in. na rzecz organizacji pozarz\u0105dowych<\/li>\n<li>Wolontariusz powinien posiada\u0107 kwalifikacje i spe\u0142nia\u0107 wymagania odpowiednie do rodzaj i zakresu wykonywanych \u015bwiadcze\u0144, je\u017celi obowi\u0105zek posiadania takich kwalifikacji i spe\u0142niania stosownych wymaga\u0144 wynika z odr\u0119bnych przepis\u00f3w<\/li>\n<li>\u015awiadczenia wolontariuszy s\u0105 wykonywane w zakresie, w spos\u00f3b i w czasie okre\u015blonym w stosowanych porozumieniach<\/li>\n<li>Korzystaj\u0105cy jest zobowi\u0105zany do informowania wolontariusza o ryzyku dla zdrowia i bezpiecze\u0144stwa zwi\u0105zanym z wykonywanymi \u015bwiadczeniami oraz o zasadach ochrony przed zagro\u017ceniami<\/li>\n<li>Korzystaj\u0105cy powinien zapewni\u0107 wolontariuszowi bezpieczne i higieniczne warunki pracy ochotniczej<\/li>\n<li>korzystaj\u0105cy powinien pokrywa\u0107 koszty podr\u00f3\u017cy s\u0142u\u017cbowych<\/li>\n<\/ol>\n<p>Pierwociny wolontariatu s\u0105 zwi\u0105zane z chrze\u015bcija\u0144sk\u0105 zasad\u0105 caritas -pomoc bli\u017aniemu.<\/p>\n<p>Praca spo\u0142eczna, ochotnicza by\u0142a prowadzona na rzecz ubogich, potrzebuj\u0105cych. Da\u0142a pocz\u0105tek organizacjom charytatywnym i do dzi\u015b stanowi istotny wymiar ich aktywno\u015bci.<\/p>\n<p>Cech\u0105 okresu transformacji w Polsce by\u0142y zmiany. W zinstytucjonalizowanej pomocy spo\u0142ecznej na pocz\u0105tku lat 90-tych postawiono na profesjonalizacj\u0119.<\/p>\n<p>Ochotnicy tzw. terenowi opiekunowi spo\u0142eczni zostali zepchni\u0119ci na margines, wreszcie wykluczeni\u00a0z nowoczesnego systemu\u2026<\/p>\n<p>Renesans pracy spo\u0142ecznej nadszed\u0142 wraz z przyj\u0119ciem ustawy o po\u017cytku publicznym\u00a0i wolontariacie. Ochotnicy uzyskali status wolontariuszy, wzr\u00f3s\u0142 ich presti\u017c. Wypracowano programy\u00a0 pozyskiwania i wsp\u00f3\u0142pracy z wolontariuszami. Na nowo spo\u0142ecznicy zacz\u0119li by\u0107 doceniani i w\u0142\u0105czani w proces organizowania i \u015bwiadczenia us\u0142ug spo\u0142ecznych.<\/p>\n<p>Obecnie wolontariat ma r\u00f3\u017cne formy, r\u00f3\u017cne postaci \u2013 od wolontariatu indywidualnego po grupowy. Europejska zasada spo\u0142ecznej odpowiedzialno\u015bci biznesu jako wyraz solidarno\u015bci spo\u0142ecznej da\u0142a podwaliny wolontariatowi zawodowemu. W dobrym tonie s\u0105 obecnie zbi\u00f3rki \u017cywno\u015bci, odzie\u017cy czy \u015brodk\u00f3w czysto\u015bci dla najubo\u017cszych, organizowanie pomocy \u015bwi\u0105tecznej lub spotka\u0144 okoliczno\u015bciowych.<\/p>\n<p>Polski Komitet Pomocy Spo\u0142ecznej od ponad 60 lat gromadzi w swych szeregach spo\u0142ecznik\u00f3w, kt\u00f3rzy wsp\u00f3lnie z profesjonalistami realizuj\u0105 cele i zadania naszej organizacji. Szczeg\u00f3ln\u0105 grup\u0119 ochotnik\u00f3w stanowi\u0105 osoby wykluczone spo\u0142ecznie, g\u0142ownie z powodu bezdomno\u015bci, dla kt\u00f3rych tymczasowym DOMem jest Centrum Pomocy przy ul. Polskiej 33\u00a0w Warszawie.<\/p>\n<p>Poza schronieniem, kadra do\u015bwiadczonych specjalist\u00f3w stowarzyszenia pomaga upora\u0107 si\u0119\u00a0z problemami, kt\u00f3re ich dotycz\u0105. To mozolna, d\u0142ugotrwa\u0142a praca, kt\u00f3ra wymaga zaanga\u017cowania samych zainteresowanych. Efekty s\u0105 odroczone w czasie, ale warto na nie czeka\u0107. Osobom w wieku aktywno\u015bci zawodowej staramy si\u0119 przerywa\u0107 okres bierno\u015bci i budowa\u0107 \u015bcie\u017cki aktywizacji spo\u0142ecznej i zawodowej.<\/p>\n<p>Zamys\u0142 uruchomienia programu \u201eWolontariat w Centrum Pomocy\u201d zrodzi\u0142 si\u0119 jako wyraz poszukiwania nowatorskiego i skutecznego instrumentu prowadz\u0105cego do w\u0142\u0105czenia spo\u0142ecznego. Wolontariat stanowi pomost pomi\u0119dzy stanem dezaktywacji zawodowej i spo\u0142ecznej, a podj\u0119ciem pracy na otwartym rynku pracy.<\/p>\n<p>Osoby dotkni\u0119te wykluczeniem spo\u0142ecznym \u2013 kandydaci na wolontariuszy s\u0105 przygotowywani przez kadr\u0119 Centrum do pracy ochotniczej. Jest to d\u0142ugi proces, w czasie kt\u00f3rego poznajemy kandydat\u00f3w, ich drog\u0119 \u017cyciow\u0105, kompetencje \u017cyciowe, kwalifikacje zawodowe, oczekiwania i predyspozycje. Przyszli wolontariusze uczestnicz\u0105 w szkoleniach, kt\u00f3re dostarczaj\u0105 wiedzy nt. istoty pracy ochotniczej, zasad wolontariatu, regulacji prawnych, praw i obowi\u0105zk\u00f3w wolontariusza\u00a0i korzystaj\u0105cego. Wolontariat to dar serca, wyraz wra\u017cliwo\u015bci, troski.<\/p>\n<p>W niestabilnej rzeczywisto\u015bci spo\u0142ecznej XXI wieku wykluczenie spo\u0142eczne ma swoj\u0105 dynamik\u0119. Dotyka osoby, kt\u00f3re charakteryzuj\u0105 si\u0119 skromnymi mo\u017cliwo\u015bciami adaptacyjnymi do sta\u0142ych zmian, kt\u00f3re wymagaj\u0105 szybkiej reakcji przystosowawczej.<\/p>\n<p>Turbulentne zmiany wszystkich wymiar\u00f3w otoczenia determinuj\u0105 konieczno\u015b\u0107, nabywania wci\u0105\u017c nowych kompetencji. Osoby wykluczone spo\u0142ecznie nie nad\u0105\u017caj\u0105 za tymi zmianami. Wg B. Szackiej powsta\u0142y w XX w. termin socjologiczny \u201eunderclass\u201d by\u0142 konsekwencja odkrycia, \u017ce w demokratycznych spo\u0142ecze\u0144stwach ciesz\u0105cych si\u0119 dobrobytem, istnieje kategoria ludzi, kt\u00f3rzy nie tylko nie korzystaj\u0105 z dobrodziejstw rozwoju gospodarczego, ale s\u0105 praktycznie wykluczeni ze spo\u0142ecze\u0144stwa.<\/p>\n<p>Analiza sytuacji os\u00f3b wykluczonych spo\u0142ecznie \u2013 podopiecznych Centrum Pomocy potwierdza wszystkie kluczowe elementy istoty wykluczenia:<\/p>\n<ul>\n<li>brak lub niemo\u017cno\u015b\u0107, czy niezdolno\u015b\u0107 uczestnictwa w \u017cyciu spo\u0142ecznym<\/li>\n<li>ograniczony, utrudniony dost\u0119p do zasob\u00f3w, d\u00f3br instytucji<\/li>\n<li>niezrealizowanie, b\u0105d\u017a realizowanie w niewielkim stopniu praw spo\u0142ecznych<\/li>\n<li>ub\u00f3stwo, deprywacja potrzeb<\/li>\n<\/ul>\n<p>Problem wykluczenia spo\u0142ecznego dotyka r\u00f3\u017cne jednostki i grupy spo\u0142eczne. Szczeg\u00f3lnie jaskrawy jest w przypadku os\u00f3b w sytuacji bezdomno\u015bci. Przek\u0142ada si\u0119 na ich trudn\u0105 sytuacj\u0119 \u017cyciow\u0105.<\/p>\n<p>Zakres pracy ochotniczej oraz warunki\u00a0 jej realizacji okre\u015blaj\u0105 porozumienia. Wolontariusze \u015bwiadcz\u0105 prac\u0119 na rzecz naszej organizacji m. in. wykonuj\u0105 prace porz\u0105dkowe, drobne prace remontowe, prace w zakresie piel\u0119gnacji zieleni. Czuj\u0105 si\u0119 potrzebni, lepsi, otwieraj\u0105 si\u0119 na otoczenie i na innych. Buduj\u0105 na nowo poczucie w\u0142asnej warto\u015bci, odzyskuj\u0105 pewno\u015b\u0107 siebie, prze\u0142amuj\u0105c l\u0119ki.<\/p>\n<p><a href=\"https:\/\/pkps.org.pl\/wp-content\/uploads\/2019\/12\/Zrzut-ekranu-2019-12-12-o-16.18.12.png\"><img fetchpriority=\"high\" decoding=\"async\" class=\"alignnone size-full wp-image-1399\" src=\"https:\/\/pkps.org.pl\/wp-content\/uploads\/2019\/12\/Zrzut-ekranu-2019-12-12-o-16.18.12.png\" alt=\"\" width=\"810\" height=\"759\" srcset=\"https:\/\/pkps.org.pl\/wp-content\/uploads\/2019\/12\/Zrzut-ekranu-2019-12-12-o-16.18.12.png 810w, https:\/\/pkps.org.pl\/wp-content\/uploads\/2019\/12\/Zrzut-ekranu-2019-12-12-o-16.18.12-300x281.png 300w, https:\/\/pkps.org.pl\/wp-content\/uploads\/2019\/12\/Zrzut-ekranu-2019-12-12-o-16.18.12-768x720.png 768w\" sizes=\"(max-width: 810px) 100vw, 810px\" \/><\/a><\/p>\n<p>Udzia\u0142 w programie pomaga zachowa\u0107 trze\u017awo\u015b\u0107. Wolontariat stanowi pomost do wej\u015bcia na otwarty rynek pracy. Nasi podopieczni wymagaj\u0105 takiego okresu przygotowawczego. Maj\u0105c liczne ograniczenia i deficyty, kt\u00f3re stanowi\u0105 powa\u017cn\u0105 barier\u0119 aktywno\u015bci zawodowej.<\/p>\n<p>Powierzenie zada\u0144 wolontariusza, zawarcie porozumienia, wsp\u00f3lne okre\u015blenie warunk\u00f3w \u015bwiadczenia pomocy ochotniczej przybli\u017ca do rozmowy z pracodawc\u0105. Wymusza r\u00f3wnie\u017c zmian\u0119 wygl\u0105du zewn\u0119trznego, dba\u0142o\u015b\u0107 o higien\u0119 cia\u0142a, zwracania uwagi na kultur\u0119 osobist\u0105, spos\u00f3b komunikowania si\u0119, wyra\u017cania my\u015bli, emocji.<\/p>\n<p>Wolontariat wychowuje i rozwija osoby wykluczone spo\u0142ecznie. Stanowi \u017ar\u00f3d\u0142o dobrych do\u015bwiadcze\u0144 spo\u0142ecznych, kt\u00f3re mog\u0105 by\u0107 inspiracj\u0105 do si\u0119gania po nowe wyzwania zawodowe. Status wolontariusza jest du\u017cym wyr\u00f3\u017cnieniem i nobilitacj\u0105 dla os\u00f3b wykluczonych spo\u0142ecznie. W\u0142\u0105cza ich w szereg kadry stowarzyszenia czyni\u0105c wsp\u00f3\u0142odpowiedzialnymi za realizacje jego misji. Wolontariat os\u00f3b wykluczonych spo\u0142ecznie prowadzi do inkluzji spo\u0142ecznej.<\/p>\n<p>Mi\u0119dzynarodowy Dzie\u0144 Wolontariusza jest okazj\u0105 i \u00a0pretekstem do zwr\u00f3cenia uwagi na rzesze ochotnik\u00f3w zaanga\u017cowanych w niesienie nieodp\u0142atnej pomocy, ludzi o wielkich, gor\u0105cych\u00a0i wra\u017cliwych sercach. Ta dzia\u0142alno\u015b\u0107 zas\u0142uguje na uznanie. Dzi\u0119kujemy wszystkim wolontariuszom\u00a0i ka\u017cdemu z osobna za spo\u0142eczn\u0105 postaw\u0119, za po\u015bwi\u0119cony czas, za aktywne w\u0142\u0105czanie si\u0119 w proces pomagania<\/p>\n<p>\u017byczymy wszystkim wolontariuszom osobistej satysfakcji za \u015bwiadczenie pracy ochotniczej, si\u0142y, determinacji i rado\u015bci z pomagania.<\/p>\n","protected":false},"excerpt":{"rendered":"<p>Wolontariat drog\u0105 do w\u0142\u0105czenia spo\u0142ecznego Wolontariat to wa\u017cny element \u017cycia spo\u0142ecznego, to postawa, spos\u00f3b dzia\u0142ania, odruch serca, moda na pomaganie\u2026 Wolontariat to forma partycypacji spo\u0142ecznej. Konstytucj\u0119 wolontariatu stanowi ustawa z 24.04.2003 \/z p\u00f3\u017aniejszymi zmianami\/ o dzia\u0142alno\u015bci po\u017cytku publicznego i wolontariacie, kt\u00f3ra definiuje wolontariusza jako osob\u0119 fizyczn\u0105, kt\u00f3ra ochotniczo i bez wynagrodzenia wykonuje \u015bwiadczenia na zasadach [&hellip;]<\/p>\n","protected":false},"author":1,"featured_media":0,"parent":0,"menu_order":0,"comment_status":"closed","ping_status":"closed","template":"","meta":{"footnotes":"","_links_to":"","_links_to_target":""},"class_list":["post-1389","page","type-page","status-publish","hentry"],"yoast_head":"<!-- This site is optimized with the Yoast SEO plugin v27.4 - https:\/\/yoast.com\/product\/yoast-seo-wordpress\/ -->\n<title>Wolontariat drog\u0105 do w\u0142\u0105czenia spo\u0142ecznego - Polski Komitet Pomocy Spo\u0142ecznej<\/title>\n<meta name=\"robots\" content=\"index, follow, max-snippet:-1, max-image-preview:large, max-video-preview:-1\" \/>\n<link rel=\"canonical\" href=\"https:\/\/pkps.org.pl\/?page_id=1389\" \/>\n<meta property=\"og:locale\" content=\"pl_PL\" \/>\n<meta property=\"og:type\" content=\"article\" \/>\n<meta property=\"og:title\" content=\"Wolontariat drog\u0105 do w\u0142\u0105czenia spo\u0142ecznego - Polski Komitet Pomocy Spo\u0142ecznej\" \/>\n<meta property=\"og:description\" content=\"Wolontariat drog\u0105 do w\u0142\u0105czenia spo\u0142ecznego Wolontariat to wa\u017cny element \u017cycia spo\u0142ecznego, to postawa, spos\u00f3b dzia\u0142ania, odruch serca, moda na pomaganie\u2026 Wolontariat to forma partycypacji spo\u0142ecznej. Konstytucj\u0119 wolontariatu stanowi ustawa z 24.04.2003 \/z p\u00f3\u017aniejszymi zmianami\/ o dzia\u0142alno\u015bci po\u017cytku publicznego i wolontariacie, kt\u00f3ra definiuje wolontariusza jako osob\u0119 fizyczn\u0105, kt\u00f3ra ochotniczo i bez wynagrodzenia wykonuje \u015bwiadczenia na zasadach [&hellip;]\" \/>\n<meta property=\"og:url\" content=\"https:\/\/pkps.org.pl\/?page_id=1389\" \/>\n<meta property=\"og:site_name\" content=\"Polski Komitet Pomocy Spo\u0142ecznej\" \/>\n<meta property=\"article:modified_time\" content=\"2019-12-12T15:19:42+00:00\" \/>\n<meta property=\"og:image\" content=\"https:\/\/pkps.org.pl\/wp-content\/uploads\/2019\/12\/Zrzut-ekranu-2019-12-12-o-16.18.12.png\" \/>\n<meta name=\"twitter:card\" content=\"summary_large_image\" \/>\n<meta name=\"twitter:label1\" content=\"Szacowany czas czytania\" \/>\n\t<meta name=\"twitter:data1\" content=\"6 minut\" \/>\n<script type=\"application\/ld+json\" class=\"yoast-schema-graph\">{\"@context\":\"https:\\\/\\\/schema.org\",\"@graph\":[{\"@type\":\"WebPage\",\"@id\":\"https:\\\/\\\/pkps.org.pl\\\/?page_id=1389\",\"url\":\"https:\\\/\\\/pkps.org.pl\\\/?page_id=1389\",\"name\":\"Wolontariat drog\u0105 do w\u0142\u0105czenia spo\u0142ecznego - Polski Komitet Pomocy Spo\u0142ecznej\",\"isPartOf\":{\"@id\":\"https:\\\/\\\/pkps.org.pl\\\/#website\"},\"primaryImageOfPage\":{\"@id\":\"https:\\\/\\\/pkps.org.pl\\\/?page_id=1389#primaryimage\"},\"image\":{\"@id\":\"https:\\\/\\\/pkps.org.pl\\\/?page_id=1389#primaryimage\"},\"thumbnailUrl\":\"https:\\\/\\\/pkps.org.pl\\\/wp-content\\\/uploads\\\/2019\\\/12\\\/Zrzut-ekranu-2019-12-12-o-16.18.12.png\",\"datePublished\":\"2019-12-12T14:33:39+00:00\",\"dateModified\":\"2019-12-12T15:19:42+00:00\",\"breadcrumb\":{\"@id\":\"https:\\\/\\\/pkps.org.pl\\\/?page_id=1389#breadcrumb\"},\"inLanguage\":\"pl-PL\",\"potentialAction\":[{\"@type\":\"ReadAction\",\"target\":[\"https:\\\/\\\/pkps.org.pl\\\/?page_id=1389\"]}]},{\"@type\":\"ImageObject\",\"inLanguage\":\"pl-PL\",\"@id\":\"https:\\\/\\\/pkps.org.pl\\\/?page_id=1389#primaryimage\",\"url\":\"https:\\\/\\\/pkps.org.pl\\\/wp-content\\\/uploads\\\/2019\\\/12\\\/Zrzut-ekranu-2019-12-12-o-16.18.12.png\",\"contentUrl\":\"https:\\\/\\\/pkps.org.pl\\\/wp-content\\\/uploads\\\/2019\\\/12\\\/Zrzut-ekranu-2019-12-12-o-16.18.12.png\",\"width\":810,\"height\":759},{\"@type\":\"BreadcrumbList\",\"@id\":\"https:\\\/\\\/pkps.org.pl\\\/?page_id=1389#breadcrumb\",\"itemListElement\":[{\"@type\":\"ListItem\",\"position\":1,\"name\":\"Strona g\u0142\u00f3wna\",\"item\":\"https:\\\/\\\/pkps.org.pl\\\/\"},{\"@type\":\"ListItem\",\"position\":2,\"name\":\"Wolontariat drog\u0105 do w\u0142\u0105czenia spo\u0142ecznego\"}]},{\"@type\":\"WebSite\",\"@id\":\"https:\\\/\\\/pkps.org.pl\\\/#website\",\"url\":\"https:\\\/\\\/pkps.org.pl\\\/\",\"name\":\"Polski Komitet Pomocy Spo\u0142ecznej\",\"description\":\"Strona Polskiego Komitetu Pomocy Spo\u0142ecznej\",\"publisher\":{\"@id\":\"https:\\\/\\\/pkps.org.pl\\\/#organization\"},\"potentialAction\":[{\"@type\":\"SearchAction\",\"target\":{\"@type\":\"EntryPoint\",\"urlTemplate\":\"https:\\\/\\\/pkps.org.pl\\\/?s={search_term_string}\"},\"query-input\":{\"@type\":\"PropertyValueSpecification\",\"valueRequired\":true,\"valueName\":\"search_term_string\"}}],\"inLanguage\":\"pl-PL\"},{\"@type\":\"Organization\",\"@id\":\"https:\\\/\\\/pkps.org.pl\\\/#organization\",\"name\":\"Polski Komitet Pomocy Spo\u0142ecznej\",\"url\":\"https:\\\/\\\/pkps.org.pl\\\/\",\"logo\":{\"@type\":\"ImageObject\",\"inLanguage\":\"pl-PL\",\"@id\":\"https:\\\/\\\/pkps.org.pl\\\/#\\\/schema\\\/logo\\\/image\\\/\",\"url\":\"https:\\\/\\\/pkps.org.pl\\\/wp-content\\\/uploads\\\/2016\\\/12\\\/PKPS-Logo-1.jpg\",\"contentUrl\":\"https:\\\/\\\/pkps.org.pl\\\/wp-content\\\/uploads\\\/2016\\\/12\\\/PKPS-Logo-1.jpg\",\"width\":299,\"height\":408,\"caption\":\"Polski Komitet Pomocy Spo\u0142ecznej\"},\"image\":{\"@id\":\"https:\\\/\\\/pkps.org.pl\\\/#\\\/schema\\\/logo\\\/image\\\/\"}}]}<\/script>\n<!-- \/ Yoast SEO plugin. -->","yoast_head_json":{"title":"Wolontariat drog\u0105 do w\u0142\u0105czenia spo\u0142ecznego - Polski Komitet Pomocy Spo\u0142ecznej","robots":{"index":"index","follow":"follow","max-snippet":"max-snippet:-1","max-image-preview":"max-image-preview:large","max-video-preview":"max-video-preview:-1"},"canonical":"https:\/\/pkps.org.pl\/?page_id=1389","og_locale":"pl_PL","og_type":"article","og_title":"Wolontariat drog\u0105 do w\u0142\u0105czenia spo\u0142ecznego - Polski Komitet Pomocy Spo\u0142ecznej","og_description":"Wolontariat drog\u0105 do w\u0142\u0105czenia spo\u0142ecznego Wolontariat to wa\u017cny element \u017cycia spo\u0142ecznego, to postawa, spos\u00f3b dzia\u0142ania, odruch serca, moda na pomaganie\u2026 Wolontariat to forma partycypacji spo\u0142ecznej. Konstytucj\u0119 wolontariatu stanowi ustawa z 24.04.2003 \/z p\u00f3\u017aniejszymi zmianami\/ o dzia\u0142alno\u015bci po\u017cytku publicznego i wolontariacie, kt\u00f3ra definiuje wolontariusza jako osob\u0119 fizyczn\u0105, kt\u00f3ra ochotniczo i bez wynagrodzenia wykonuje \u015bwiadczenia na zasadach [&hellip;]","og_url":"https:\/\/pkps.org.pl\/?page_id=1389","og_site_name":"Polski Komitet Pomocy Spo\u0142ecznej","article_modified_time":"2019-12-12T15:19:42+00:00","og_image":[{"url":"https:\/\/pkps.org.pl\/wp-content\/uploads\/2019\/12\/Zrzut-ekranu-2019-12-12-o-16.18.12.png","type":"","width":"","height":""}],"twitter_card":"summary_large_image","twitter_misc":{"Szacowany czas czytania":"6 minut"},"schema":{"@context":"https:\/\/schema.org","@graph":[{"@type":"WebPage","@id":"https:\/\/pkps.org.pl\/?page_id=1389","url":"https:\/\/pkps.org.pl\/?page_id=1389","name":"Wolontariat drog\u0105 do w\u0142\u0105czenia spo\u0142ecznego - Polski Komitet Pomocy Spo\u0142ecznej","isPartOf":{"@id":"https:\/\/pkps.org.pl\/#website"},"primaryImageOfPage":{"@id":"https:\/\/pkps.org.pl\/?page_id=1389#primaryimage"},"image":{"@id":"https:\/\/pkps.org.pl\/?page_id=1389#primaryimage"},"thumbnailUrl":"https:\/\/pkps.org.pl\/wp-content\/uploads\/2019\/12\/Zrzut-ekranu-2019-12-12-o-16.18.12.png","datePublished":"2019-12-12T14:33:39+00:00","dateModified":"2019-12-12T15:19:42+00:00","breadcrumb":{"@id":"https:\/\/pkps.org.pl\/?page_id=1389#breadcrumb"},"inLanguage":"pl-PL","potentialAction":[{"@type":"ReadAction","target":["https:\/\/pkps.org.pl\/?page_id=1389"]}]},{"@type":"ImageObject","inLanguage":"pl-PL","@id":"https:\/\/pkps.org.pl\/?page_id=1389#primaryimage","url":"https:\/\/pkps.org.pl\/wp-content\/uploads\/2019\/12\/Zrzut-ekranu-2019-12-12-o-16.18.12.png","contentUrl":"https:\/\/pkps.org.pl\/wp-content\/uploads\/2019\/12\/Zrzut-ekranu-2019-12-12-o-16.18.12.png","width":810,"height":759},{"@type":"BreadcrumbList","@id":"https:\/\/pkps.org.pl\/?page_id=1389#breadcrumb","itemListElement":[{"@type":"ListItem","position":1,"name":"Strona g\u0142\u00f3wna","item":"https:\/\/pkps.org.pl\/"},{"@type":"ListItem","position":2,"name":"Wolontariat drog\u0105 do w\u0142\u0105czenia spo\u0142ecznego"}]},{"@type":"WebSite","@id":"https:\/\/pkps.org.pl\/#website","url":"https:\/\/pkps.org.pl\/","name":"Polski Komitet Pomocy Spo\u0142ecznej","description":"Strona Polskiego Komitetu Pomocy Spo\u0142ecznej","publisher":{"@id":"https:\/\/pkps.org.pl\/#organization"},"potentialAction":[{"@type":"SearchAction","target":{"@type":"EntryPoint","urlTemplate":"https:\/\/pkps.org.pl\/?s={search_term_string}"},"query-input":{"@type":"PropertyValueSpecification","valueRequired":true,"valueName":"search_term_string"}}],"inLanguage":"pl-PL"},{"@type":"Organization","@id":"https:\/\/pkps.org.pl\/#organization","name":"Polski Komitet Pomocy Spo\u0142ecznej","url":"https:\/\/pkps.org.pl\/","logo":{"@type":"ImageObject","inLanguage":"pl-PL","@id":"https:\/\/pkps.org.pl\/#\/schema\/logo\/image\/","url":"https:\/\/pkps.org.pl\/wp-content\/uploads\/2016\/12\/PKPS-Logo-1.jpg","contentUrl":"https:\/\/pkps.org.pl\/wp-content\/uploads\/2016\/12\/PKPS-Logo-1.jpg","width":299,"height":408,"caption":"Polski Komitet Pomocy Spo\u0142ecznej"},"image":{"@id":"https:\/\/pkps.org.pl\/#\/schema\/logo\/image\/"}}]}},"_links":{"self":[{"href":"https:\/\/pkps.org.pl\/index.php?rest_route=\/wp\/v2\/pages\/1389","targetHints":{"allow":["GET"]}}],"collection":[{"href":"https:\/\/pkps.org.pl\/index.php?rest_route=\/wp\/v2\/pages"}],"about":[{"href":"https:\/\/pkps.org.pl\/index.php?rest_route=\/wp\/v2\/types\/page"}],"author":[{"embeddable":true,"href":"https:\/\/pkps.org.pl\/index.php?rest_route=\/wp\/v2\/users\/1"}],"replies":[{"embeddable":true,"href":"https:\/\/pkps.org.pl\/index.php?rest_route=%2Fwp%2Fv2%2Fcomments&post=1389"}],"version-history":[{"count":4,"href":"https:\/\/pkps.org.pl\/index.php?rest_route=\/wp\/v2\/pages\/1389\/revisions"}],"predecessor-version":[{"id":1400,"href":"https:\/\/pkps.org.pl\/index.php?rest_route=\/wp\/v2\/pages\/1389\/revisions\/1400"}],"wp:attachment":[{"href":"https:\/\/pkps.org.pl\/index.php?rest_route=%2Fwp%2Fv2%2Fmedia&parent=1389"}],"curies":[{"name":"wp","href":"https:\/\/api.w.org\/{rel}","templated":true}]}}