{"id":1459,"date":"2020-06-12T09:53:18","date_gmt":"2020-06-12T09:53:18","guid":{"rendered":"https:\/\/pkps.org.pl\/?page_id=1459"},"modified":"2020-06-12T09:58:37","modified_gmt":"2020-06-12T09:58:37","slug":"senior-bez-cukrzycy","status":"publish","type":"page","link":"https:\/\/pkps.org.pl\/?page_id=1459","title":{"rendered":"SENIOR BEZ CUKRZYCY!"},"content":{"rendered":"<p><b><i><img fetchpriority=\"high\" decoding=\"async\" class=\"alignnone size-full wp-image-1429\" src=\"https:\/\/pkps.org.pl\/wp-content\/uploads\/2020\/06\/Logo-RPO-WM-2018-nowe-1.png\" alt=\"LOGO RPO WM\" width=\"8182\" height=\"888\" srcset=\"https:\/\/pkps.org.pl\/wp-content\/uploads\/2020\/06\/Logo-RPO-WM-2018-nowe-1.png 8182w, https:\/\/pkps.org.pl\/wp-content\/uploads\/2020\/06\/Logo-RPO-WM-2018-nowe-1-300x33.png 300w, https:\/\/pkps.org.pl\/wp-content\/uploads\/2020\/06\/Logo-RPO-WM-2018-nowe-1-1024x111.png 1024w, https:\/\/pkps.org.pl\/wp-content\/uploads\/2020\/06\/Logo-RPO-WM-2018-nowe-1-768x83.png 768w, https:\/\/pkps.org.pl\/wp-content\/uploads\/2020\/06\/Logo-RPO-WM-2018-nowe-1-1536x167.png 1536w, https:\/\/pkps.org.pl\/wp-content\/uploads\/2020\/06\/Logo-RPO-WM-2018-nowe-1-2048x222.png 2048w\" sizes=\"(max-width: 8182px) 100vw, 8182px\" \/>\u201eSENIOR BEZ CUKRU\u201d<\/i><\/b><\/p>\n<p><b><i>projekt realizowany przez Polski Komitet Pomocy Spo\u0142ecznej.\u00a0<\/i><\/b><b>wsp\u00f3\u0142finansowany przez Uni\u0119 Europejsk\u0105 w ramach Europejskiego Funduszu Spo\u0142ecznego oraz bud\u017cetu pa\u0144stwa w ramach Regionalnego Program Operacyjnego Wojew\u00f3dztwa Mazowieckiego na lata 2014\u20132020, o\u015b priorytetowa IX <i>Wspieranie w\u0142\u0105czenia spo\u0142ecznego i\u00a0<span class=\"Apple-converted-space\">\u00a0 \u00a0 \u00a0 <\/span>walka z ub\u00f3stwem<\/i>, dzia\u0142anie 9.2 <i>Us\u0142ugi spo\u0142eczne i us\u0142ugi opieki zdrowotnej<\/i>, poddzia\u0142anie 9.2.2 <i>Zwi\u0119kszenie dost\u0119pno\u015bci us\u0142ug zdrowotnych.<span class=\"Apple-converted-space\">\u00a0\u00a0<\/span><\/i><\/b><b>\u2013RPMA.09.02.02-14- b423\/18<\/b><\/p>\n<p><span class=\"Apple-converted-space\">\u00a0<\/span>Projekt \u201e Senior bez cukrzycy\u201d<span class=\"Apple-converted-space\">\u00a0 <\/span>dotyczy poprawy stanu zdrowia mieszka\u0144c\u00f3w powiat\u00f3w m.st. Warszawy i powiatu grodziskiego, poprzez prowadzenie bada\u0144 przesiewowych w kierunku wykrycia cukrzycy i dzia\u0142a\u0144 edukacyjnych o tej chorobie. Projekt skierowany jest do os\u00f3b w wieku powy\u017cej 60 roku \u017cycia, dotychczas nie diagnozowanych w kierunku cukrzycy oraz personelu medycznego: lekarzy\/rek oraz piel\u0119gniarek\/rzy podstawowej opieki zdrowotnej ( POZ). Projekt realizowany jest zgodnie z:<\/p>\n<ul>\n<li>\u201e Programem wczesnego wykrywania i profilaktyki cukrzycy w\u015br\u00f3d mieszka\u0144c\u00f3w wojew\u00f3dztwa mazowieckiego na lata 2019-2022;<\/li>\n<li>\u201eWytycznymi w zakresie realizacji przedsi\u0119wzi\u0119\u0107 z udzia\u0142em \u015brodk\u00f3w Europejskiego Funduszu Spo\u0142ecznego w obszarze zdrowia na lata 2014-2020\u201d<\/li>\n<li>standardami dost\u0119pno\u015bci w zakresie realizacji zasady r\u00f3wno\u015bci szans i niedyskryminacji, w tym dostepno\u015bci dla os\u00f3b niepe\u0142nosprawnych oraz zasady r\u00f3wno\u015bci szans kobiet i m\u0119\u017cczyzn w ramach funduszy unijnych na lata 2014-2020<\/li>\n<\/ul>\n<p><span class=\"Apple-converted-space\">\u00a0<\/span><b>CEL PROJEKTU<\/b><\/p>\n<p><span class=\"Apple-converted-space\">\u00a0\u00a0 \u00a0 \u00a0 <\/span>Celem projektu jest jest poprawa stanu zdrowia<span class=\"Apple-converted-space\">\u00a0 <\/span>2780 mieszka\u0144c\u00f3w wojew\u00f3dztwa mazowieckiego ( 1529 kobiet i 1251 m\u0119\u017cczyzn), poprzez:<\/p>\n<ul>\n<li>zwi\u0119kszenie dost\u0119pu 2780 osobom, mieszka\u0144com powiat\u00f3w m.st. Warszawy i powiatu grodziskiego w wieku 60+ do bada\u0144 i konsultacji medycznych ukierunkowanych na wykrycie cukrzycy tj. oznaczenie glikemii przygodnej, hemoglobiny glikowanej ( z zastrze\u017ceniem, \u017ce b\u0119d\u0105 wykonywane u uczestnik\u00f3w projektu z wynikiem glikemii przygodnej \u2265 200 mg\/dl ), pomiar wska\u017anika BMI i WHR oraz ci\u015bnienia t\u0119tniczego krwi oraz konsultacji medycznych dot. cukrzycy;<\/li>\n<li>zwi\u0119kszenie<span class=\"Apple-converted-space\">\u00a0 <\/span>wykrywalno\u015bci cukrzycy u co najmniej 600 os, tj 20% spo\u015br\u00f3d uczestnik\u00f3w projektu;<\/li>\n<li>zwi\u0119kszenie cz\u0119sto\u015bci wyst\u0119powania powik\u0142a\u0144 cukrzycy u co najmniej 600 os\u00f3b tj. ok. 20% spo\u015br\u00f3d przebadanych;<\/li>\n<li>zwi\u0119kszenie wiedzy na temat zdrowego stylu \u017cycia, walki z nadwag\u0105, regularnej aktywno\u015bci fizycznej oraz zdrowego od\u017cywiania za pomoc\u0105 broszur edukacyjnych oraz poprzez organizacj\u0119 wyk\u0142ad\u00f3w edukacyjnych dla co najmniej 600 os. ( w tym: 3330 kobiet i 270 m\u0119\u017cczyzn ),<\/li>\n<li>zwi\u0119kszenie wiedzy personelu medycznego<span class=\"Apple-converted-space\">\u00a0 <\/span>( 15 os. w tym: 12 K i 3 M) na temat wykrywalno\u015bci i leczenia cukrzycy.<\/li>\n<\/ul>\n<p>Realizacja projektu, poprzez zaplanowane dzia\u0142ania,<span class=\"Apple-converted-space\">\u00a0 <\/span>przyczyni si\u0119 do zwi\u0119kszenia dost\u0119pno\u015bci us\u0142ug opieki zdrowotnej.<span class=\"Apple-converted-space\">\u00a0<\/span><\/p>\n<p>PKPS ma nadziej\u0119:<\/p>\n<ul>\n<li>zmieni\u0107 nawyki \u017cywieniowe oraz styl \u017cycia uczestnik\u00f3w projektu,<\/li>\n<li>ograniczy\u0107 czynniki ryzyka cukrzycy w uczestnik\u00f3w projektu,<\/li>\n<li>zwi\u0119kszy\u0107 poziom wiedzy na temat cukrzycy i jej powik\u0142a\u0144 u uczestnik\u00f3w i personelu medycznego POZ,<\/li>\n<li>zmieni\u0107 nastawieni uczestnik\u00f3w i personelu medycznego POZ do potrzeby wprowadzania dzia\u0142a\u0144 zapobiegawczych oraz leczniczych w cukrzycy.<\/li>\n<\/ul>\n<p><b>WARTO<\/b><b>\u015a\u0106<\/b><b> CA<\/b><b>\u0141<\/b><b>KOWITA PROJEKTU:\u00a0<\/b>419 693,75 z\u0142.<\/p>\n<p><b>WARTO<\/b><b>\u015a\u0106<\/b><b> DOFINANSOWANIA:\u00a0<\/b><span class=\"Apple-converted-space\">\u00a0<\/span>390 315,18z\u0142.<br \/>\nDofinansowanie pochodzi z\u00a0 <span class=\"Apple-converted-space\">\u00a0 \u00a0 <\/span>nast\u0119puj\u0105cych \u017ar\u00f3de\u0142:<br \/>\na) ze \u015brodk\u00f3w europejskich <span class=\"Apple-converted-space\">\u00a0 \u00a0 <\/span>\u2013 335 755,00 z\u0142.<br \/>\nb) ze \u015brodk\u00f3w dotacji celowej \u2013 <span class=\"Apple-converted-space\">\u00a0 <\/span>54 560,18 z\u0142.<\/p>\n<p><b>OKRES REALIZACJI PROJEKTU:\u00a0<\/b>od 01.01.2020 r. do 31.12.2022 r.<\/p>\n<p><b>UCZESTNICY PROJEKTU<br \/>\n<\/b>Dzia\u0142aniami projektowymi obj\u0119te zostan\u0105 osoby w wieku 60+, 2780 mieszka\u0144cy wojew\u00f3dztwa mazowieckiego ( 1529 kobiet i 1251 m\u0119\u017cczyzn), kt\u00f3rzy zadeklaruj\u0105 ch\u0119\u0107 udzia\u0142u w projekcie, wype\u0142ni\u0105 formularz zg\u0142oszeniowy oraz<span class=\"Apple-converted-space\">\u00a0 <\/span>zostan\u0105 pozytywnie zweryfikowane na podstawie z\u0142o\u017conych dokument\u00f3w.<\/p>\n<p>Do projektu zakwalifikowane zostan\u0105 osoby spe\u0142niaj\u0105ce nast\u0119puj\u0105ce wymogi:<\/p>\n<ul>\n<li>s\u0105 w wieku 60+,<\/li>\n<li>mieszkaj\u0105 w powiecie grodziskim lub m.st. Warszawa,<\/li>\n<li>s\u0105 osob\u0105 dotychczas niezdiagnozowan\u0105 w kierunku cukrzycy.<\/li>\n<\/ul>\n<p><span class=\"Apple-converted-space\">\u00a0<\/span>W przypadku du\u017cego zainteresowania o przyst\u0105pieniu do projektu zdecyduje kryterium rozstrzygaj\u0105ce, tj. stopie\u0144 niepe\u0142nosprawno\u015bci, potwierdzony orzeczeniem o niepe\u0142nosprawno\u015bci.<\/p>\n<p><b>ZAKRES<span class=\"Apple-converted-space\">\u00a0 <\/span>BADA\u0143<br \/>\n<\/b>W ramach projektu zostan\u0105 przeprowadzone badania w kierunku wykrycia cukrzycy, tj.:<\/p>\n<ul>\n<li>oznaczenie glikemii przygodnej,<\/li>\n<li>oznaczenie hemoglobiny glikowanej HbA1c u os\u00f3b z wynikiem glikemii przygodnej \u2265 200 mg\/dl ,<\/li>\n<li>pomiar wska\u017anika BMI oraz wska\u017anika WHR,<\/li>\n<li>pomiar ci\u015bnienia t\u0119tniczego krwi<\/li>\n<\/ul>\n<p>Wszystkie us\u0142ugi w ramach projektu DDOM b\u0119d\u0105 bezp\u0142atne dla uprawnionych odbiorc\u00f3w.<\/p>\n<p><b>KADRA<span class=\"Apple-converted-space\"><br \/>\n<\/span><\/b>Dzia\u0142ania projektowe<span class=\"Apple-converted-space\">\u00a0 <\/span>b\u0119dzie realizowa\u0107 nast\u0119puj\u0105ca kadra specjalist\u00f3w:<\/p>\n<ul>\n<li>lekarz ubezpieczenia zdrowotnego POZ,<\/li>\n<li>lekarz diabetolog,<\/li>\n<li>dietetyk,<\/li>\n<li>piel\u0119gniarki,<\/li>\n<li>fizjoterapeuta,<\/li>\n<li>psycholog.<\/li>\n<\/ul>\n<p><b>MIEJSCE REALIZACJI ZADANIA<br \/>\n<\/b>Projekt prowadzony jest w trzech plac\u00f3wkach medycznych Polskiego Komitetu Pomocy Spo\u0142ecznej :<\/p>\n<ol>\n<li>1. Lecznicy ROMA w Warszawie przy ul. \u015awi\u0119tokrzyskiej 30,<\/li>\n<li>2. O\u015brodku Animacji Ruchowej w Warszawie przy ul. Gr\u00f3jeckiej 118,<\/li>\n<li>3. O\u015brodku w Milan\u00f3wku przy ul. T. Ko\u015bciuszki 116<\/li>\n<\/ol>\n<p>Plac\u00f3wki medyczne s\u0105 dostosowane do potrzeb os\u00f3b niepe\u0142nosprawnych,<br \/>\nDzia\u0142ania edukacyjne prowadzone b\u0119d\u0105 dodatkowo w Klubie Seniora w Warszawie przy<span class=\"Apple-converted-space\">\u00a0\u00a0<\/span>ul. Gr\u00f3jeckiej 120.<span class=\"Apple-converted-space\">\u00a0<\/span><\/p>\n<p><b>REJESTRACJA<br \/>\n<\/b><b>Forma rejestracji:<\/b><span class=\"Apple-converted-space\">\u00a0<\/span><\/p>\n<ul>\n<li>telefonicznie pod nr tel. 501\u00a0384 049 ,<\/li>\n<li>osobi\u015bcie i przez os. trzecie,<span class=\"Apple-converted-space\">\u00a0<\/span><\/li>\n<li>adres mailowy: rada.naczelna@pkps.org.pl<br \/>\nMiejsce rejestracji: biuro projektu \u2013 Warszawa, ul. \u015awi\u0119tokrzyska 30<br \/>\nRejestracja odbywa si\u0119 wg kolejno\u015bci przyj\u0119tych skierowa\u0144: liczy si\u0119 dzie\u0144 wp\u0142ywu.<\/li>\n<\/ul>\n<p><b>Kryteria:<\/b> zgodnie z kolejno\u015bci\u0105 przyj\u0119tych skierowa\u0144, przy<span class=\"Apple-converted-space\">\u00a0 <\/span>zastosowaniu kryterium stopnia niepe\u0142nosprawno\u015bci.(w procesie rekrutacji zostanie uwzgl\u0119dniona<span class=\"Apple-converted-space\">\u00a0 <\/span>r\u00f3wno\u015bci szans i niedyskryminacji).<br \/>\nUtworzona zostanie lista rezerwowa potencjalnych uczestnik\u00f3w: wg kolejno\u015bci przyj\u0119tych skierowa\u0144 po uwzgl\u0119dnieniu listy uczestnik\u00f3w projektu-na bie\u017c\u0105co lista uczestnik\u00f3w b\u0119dzie uzupe\u0142niana z listy rezerwowej.<\/p>\n<p><b>Dokumenty<\/b> na podstawie kt\u00f3rych nast\u0105pi kwalifikacja oraz rekrutacja potencjalnych uczestnik\u00f3w projektu:<span class=\"Apple-converted-space\">\u00a0<\/span><\/p>\n<ul>\n<li><a href=\"https:\/\/pkps.org.pl\/wp-content\/uploads\/2020\/06\/FORMULARZ-ZG\u0141OSZENIOWY-DO-PROJEKTU-x.pdf\">formularz zg\u0142oszeniowy,<\/a><\/li>\n<li><a href=\"https:\/\/pkps.org.pl\/wp-content\/uploads\/2020\/06\/\u015aWIADOMA-DEKLARACJA-ZGODY-x.pdf\">druk \u015bwiadomej zgody na udzia\u0142 w projekcie,<\/a><\/li>\n<li>dow\u00f3d osobisty,<\/li>\n<li>orzeczenie o stopniu niepe\u0142nosprawno\u015bci.<\/li>\n<\/ul>\n<p>Szczeg\u00f3\u0142owych informacji udziela koordynator projektu &#8211; pani Irena Krzemi\u0144ska\u00a0\u2013 tel. 602 610 052<\/p>\n","protected":false},"excerpt":{"rendered":"<p>\u201eSENIOR BEZ CUKRU\u201d projekt realizowany przez Polski Komitet Pomocy Spo\u0142ecznej.\u00a0wsp\u00f3\u0142finansowany przez Uni\u0119 Europejsk\u0105 w ramach Europejskiego Funduszu Spo\u0142ecznego oraz bud\u017cetu pa\u0144stwa w ramach Regionalnego Program Operacyjnego Wojew\u00f3dztwa Mazowieckiego na lata 2014\u20132020, o\u015b priorytetowa IX Wspieranie w\u0142\u0105czenia spo\u0142ecznego i\u00a0\u00a0 \u00a0 \u00a0 walka z ub\u00f3stwem, dzia\u0142anie 9.2 Us\u0142ugi spo\u0142eczne i us\u0142ugi opieki zdrowotnej, poddzia\u0142anie 9.2.2 Zwi\u0119kszenie dost\u0119pno\u015bci [&hellip;]<\/p>\n","protected":false},"author":3,"featured_media":0,"parent":0,"menu_order":0,"comment_status":"closed","ping_status":"closed","template":"","meta":{"footnotes":"","_links_to":"","_links_to_target":""},"class_list":["post-1459","page","type-page","status-publish","hentry"],"yoast_head":"<!-- This site is optimized with the Yoast SEO plugin v27.4 - https:\/\/yoast.com\/product\/yoast-seo-wordpress\/ -->\n<title>SENIOR BEZ CUKRZYCY! - Polski Komitet Pomocy Spo\u0142ecznej<\/title>\n<meta name=\"robots\" content=\"index, follow, max-snippet:-1, max-image-preview:large, max-video-preview:-1\" \/>\n<link rel=\"canonical\" href=\"https:\/\/pkps.org.pl\/?page_id=1459\" \/>\n<meta property=\"og:locale\" content=\"pl_PL\" \/>\n<meta property=\"og:type\" content=\"article\" \/>\n<meta property=\"og:title\" content=\"SENIOR BEZ CUKRZYCY! - Polski Komitet Pomocy Spo\u0142ecznej\" \/>\n<meta property=\"og:description\" content=\"\u201eSENIOR BEZ CUKRU\u201d projekt realizowany przez Polski Komitet Pomocy Spo\u0142ecznej.\u00a0wsp\u00f3\u0142finansowany przez Uni\u0119 Europejsk\u0105 w ramach Europejskiego Funduszu Spo\u0142ecznego oraz bud\u017cetu pa\u0144stwa w ramach Regionalnego Program Operacyjnego Wojew\u00f3dztwa Mazowieckiego na lata 2014\u20132020, o\u015b priorytetowa IX Wspieranie w\u0142\u0105czenia spo\u0142ecznego i\u00a0\u00a0 \u00a0 \u00a0 walka z ub\u00f3stwem, dzia\u0142anie 9.2 Us\u0142ugi spo\u0142eczne i us\u0142ugi opieki zdrowotnej, poddzia\u0142anie 9.2.2 Zwi\u0119kszenie dost\u0119pno\u015bci [&hellip;]\" \/>\n<meta property=\"og:url\" content=\"https:\/\/pkps.org.pl\/?page_id=1459\" \/>\n<meta property=\"og:site_name\" content=\"Polski Komitet Pomocy Spo\u0142ecznej\" \/>\n<meta property=\"article:modified_time\" content=\"2020-06-12T09:58:37+00:00\" \/>\n<meta property=\"og:image\" content=\"https:\/\/pkps.org.pl\/wp-content\/uploads\/2020\/06\/Logo-RPO-WM-2018-nowe-1.png\" \/>\n<meta name=\"twitter:card\" content=\"summary_large_image\" \/>\n<meta name=\"twitter:label1\" content=\"Szacowany czas czytania\" \/>\n\t<meta name=\"twitter:data1\" content=\"5 minut\" \/>\n<script type=\"application\/ld+json\" class=\"yoast-schema-graph\">{\"@context\":\"https:\\\/\\\/schema.org\",\"@graph\":[{\"@type\":\"WebPage\",\"@id\":\"https:\\\/\\\/pkps.org.pl\\\/?page_id=1459\",\"url\":\"https:\\\/\\\/pkps.org.pl\\\/?page_id=1459\",\"name\":\"SENIOR BEZ CUKRZYCY! - Polski Komitet Pomocy Spo\u0142ecznej\",\"isPartOf\":{\"@id\":\"https:\\\/\\\/pkps.org.pl\\\/#website\"},\"primaryImageOfPage\":{\"@id\":\"https:\\\/\\\/pkps.org.pl\\\/?page_id=1459#primaryimage\"},\"image\":{\"@id\":\"https:\\\/\\\/pkps.org.pl\\\/?page_id=1459#primaryimage\"},\"thumbnailUrl\":\"https:\\\/\\\/pkps.org.pl\\\/wp-content\\\/uploads\\\/2020\\\/06\\\/Logo-RPO-WM-2018-nowe-1.png\",\"datePublished\":\"2020-06-12T09:53:18+00:00\",\"dateModified\":\"2020-06-12T09:58:37+00:00\",\"breadcrumb\":{\"@id\":\"https:\\\/\\\/pkps.org.pl\\\/?page_id=1459#breadcrumb\"},\"inLanguage\":\"pl-PL\",\"potentialAction\":[{\"@type\":\"ReadAction\",\"target\":[\"https:\\\/\\\/pkps.org.pl\\\/?page_id=1459\"]}]},{\"@type\":\"ImageObject\",\"inLanguage\":\"pl-PL\",\"@id\":\"https:\\\/\\\/pkps.org.pl\\\/?page_id=1459#primaryimage\",\"url\":\"https:\\\/\\\/pkps.org.pl\\\/wp-content\\\/uploads\\\/2020\\\/06\\\/Logo-RPO-WM-2018-nowe-1.png\",\"contentUrl\":\"https:\\\/\\\/pkps.org.pl\\\/wp-content\\\/uploads\\\/2020\\\/06\\\/Logo-RPO-WM-2018-nowe-1.png\",\"width\":8182,\"height\":888,\"caption\":\"LOGO RPO WM\"},{\"@type\":\"BreadcrumbList\",\"@id\":\"https:\\\/\\\/pkps.org.pl\\\/?page_id=1459#breadcrumb\",\"itemListElement\":[{\"@type\":\"ListItem\",\"position\":1,\"name\":\"Strona g\u0142\u00f3wna\",\"item\":\"https:\\\/\\\/pkps.org.pl\\\/\"},{\"@type\":\"ListItem\",\"position\":2,\"name\":\"SENIOR BEZ CUKRZYCY!\"}]},{\"@type\":\"WebSite\",\"@id\":\"https:\\\/\\\/pkps.org.pl\\\/#website\",\"url\":\"https:\\\/\\\/pkps.org.pl\\\/\",\"name\":\"Polski Komitet Pomocy Spo\u0142ecznej\",\"description\":\"Strona Polskiego Komitetu Pomocy Spo\u0142ecznej\",\"publisher\":{\"@id\":\"https:\\\/\\\/pkps.org.pl\\\/#organization\"},\"potentialAction\":[{\"@type\":\"SearchAction\",\"target\":{\"@type\":\"EntryPoint\",\"urlTemplate\":\"https:\\\/\\\/pkps.org.pl\\\/?s={search_term_string}\"},\"query-input\":{\"@type\":\"PropertyValueSpecification\",\"valueRequired\":true,\"valueName\":\"search_term_string\"}}],\"inLanguage\":\"pl-PL\"},{\"@type\":\"Organization\",\"@id\":\"https:\\\/\\\/pkps.org.pl\\\/#organization\",\"name\":\"Polski Komitet Pomocy Spo\u0142ecznej\",\"url\":\"https:\\\/\\\/pkps.org.pl\\\/\",\"logo\":{\"@type\":\"ImageObject\",\"inLanguage\":\"pl-PL\",\"@id\":\"https:\\\/\\\/pkps.org.pl\\\/#\\\/schema\\\/logo\\\/image\\\/\",\"url\":\"https:\\\/\\\/pkps.org.pl\\\/wp-content\\\/uploads\\\/2016\\\/12\\\/PKPS-Logo-1.jpg\",\"contentUrl\":\"https:\\\/\\\/pkps.org.pl\\\/wp-content\\\/uploads\\\/2016\\\/12\\\/PKPS-Logo-1.jpg\",\"width\":299,\"height\":408,\"caption\":\"Polski Komitet Pomocy Spo\u0142ecznej\"},\"image\":{\"@id\":\"https:\\\/\\\/pkps.org.pl\\\/#\\\/schema\\\/logo\\\/image\\\/\"}}]}<\/script>\n<!-- \/ Yoast SEO plugin. -->","yoast_head_json":{"title":"SENIOR BEZ CUKRZYCY! - Polski Komitet Pomocy Spo\u0142ecznej","robots":{"index":"index","follow":"follow","max-snippet":"max-snippet:-1","max-image-preview":"max-image-preview:large","max-video-preview":"max-video-preview:-1"},"canonical":"https:\/\/pkps.org.pl\/?page_id=1459","og_locale":"pl_PL","og_type":"article","og_title":"SENIOR BEZ CUKRZYCY! - Polski Komitet Pomocy Spo\u0142ecznej","og_description":"\u201eSENIOR BEZ CUKRU\u201d projekt realizowany przez Polski Komitet Pomocy Spo\u0142ecznej.\u00a0wsp\u00f3\u0142finansowany przez Uni\u0119 Europejsk\u0105 w ramach Europejskiego Funduszu Spo\u0142ecznego oraz bud\u017cetu pa\u0144stwa w ramach Regionalnego Program Operacyjnego Wojew\u00f3dztwa Mazowieckiego na lata 2014\u20132020, o\u015b priorytetowa IX Wspieranie w\u0142\u0105czenia spo\u0142ecznego i\u00a0\u00a0 \u00a0 \u00a0 walka z ub\u00f3stwem, dzia\u0142anie 9.2 Us\u0142ugi spo\u0142eczne i us\u0142ugi opieki zdrowotnej, poddzia\u0142anie 9.2.2 Zwi\u0119kszenie dost\u0119pno\u015bci [&hellip;]","og_url":"https:\/\/pkps.org.pl\/?page_id=1459","og_site_name":"Polski Komitet Pomocy Spo\u0142ecznej","article_modified_time":"2020-06-12T09:58:37+00:00","og_image":[{"url":"https:\/\/pkps.org.pl\/wp-content\/uploads\/2020\/06\/Logo-RPO-WM-2018-nowe-1.png","type":"","width":"","height":""}],"twitter_card":"summary_large_image","twitter_misc":{"Szacowany czas czytania":"5 minut"},"schema":{"@context":"https:\/\/schema.org","@graph":[{"@type":"WebPage","@id":"https:\/\/pkps.org.pl\/?page_id=1459","url":"https:\/\/pkps.org.pl\/?page_id=1459","name":"SENIOR BEZ CUKRZYCY! - Polski Komitet Pomocy Spo\u0142ecznej","isPartOf":{"@id":"https:\/\/pkps.org.pl\/#website"},"primaryImageOfPage":{"@id":"https:\/\/pkps.org.pl\/?page_id=1459#primaryimage"},"image":{"@id":"https:\/\/pkps.org.pl\/?page_id=1459#primaryimage"},"thumbnailUrl":"https:\/\/pkps.org.pl\/wp-content\/uploads\/2020\/06\/Logo-RPO-WM-2018-nowe-1.png","datePublished":"2020-06-12T09:53:18+00:00","dateModified":"2020-06-12T09:58:37+00:00","breadcrumb":{"@id":"https:\/\/pkps.org.pl\/?page_id=1459#breadcrumb"},"inLanguage":"pl-PL","potentialAction":[{"@type":"ReadAction","target":["https:\/\/pkps.org.pl\/?page_id=1459"]}]},{"@type":"ImageObject","inLanguage":"pl-PL","@id":"https:\/\/pkps.org.pl\/?page_id=1459#primaryimage","url":"https:\/\/pkps.org.pl\/wp-content\/uploads\/2020\/06\/Logo-RPO-WM-2018-nowe-1.png","contentUrl":"https:\/\/pkps.org.pl\/wp-content\/uploads\/2020\/06\/Logo-RPO-WM-2018-nowe-1.png","width":8182,"height":888,"caption":"LOGO RPO WM"},{"@type":"BreadcrumbList","@id":"https:\/\/pkps.org.pl\/?page_id=1459#breadcrumb","itemListElement":[{"@type":"ListItem","position":1,"name":"Strona g\u0142\u00f3wna","item":"https:\/\/pkps.org.pl\/"},{"@type":"ListItem","position":2,"name":"SENIOR BEZ CUKRZYCY!"}]},{"@type":"WebSite","@id":"https:\/\/pkps.org.pl\/#website","url":"https:\/\/pkps.org.pl\/","name":"Polski Komitet Pomocy Spo\u0142ecznej","description":"Strona Polskiego Komitetu Pomocy Spo\u0142ecznej","publisher":{"@id":"https:\/\/pkps.org.pl\/#organization"},"potentialAction":[{"@type":"SearchAction","target":{"@type":"EntryPoint","urlTemplate":"https:\/\/pkps.org.pl\/?s={search_term_string}"},"query-input":{"@type":"PropertyValueSpecification","valueRequired":true,"valueName":"search_term_string"}}],"inLanguage":"pl-PL"},{"@type":"Organization","@id":"https:\/\/pkps.org.pl\/#organization","name":"Polski Komitet Pomocy Spo\u0142ecznej","url":"https:\/\/pkps.org.pl\/","logo":{"@type":"ImageObject","inLanguage":"pl-PL","@id":"https:\/\/pkps.org.pl\/#\/schema\/logo\/image\/","url":"https:\/\/pkps.org.pl\/wp-content\/uploads\/2016\/12\/PKPS-Logo-1.jpg","contentUrl":"https:\/\/pkps.org.pl\/wp-content\/uploads\/2016\/12\/PKPS-Logo-1.jpg","width":299,"height":408,"caption":"Polski Komitet Pomocy Spo\u0142ecznej"},"image":{"@id":"https:\/\/pkps.org.pl\/#\/schema\/logo\/image\/"}}]}},"_links":{"self":[{"href":"https:\/\/pkps.org.pl\/index.php?rest_route=\/wp\/v2\/pages\/1459","targetHints":{"allow":["GET"]}}],"collection":[{"href":"https:\/\/pkps.org.pl\/index.php?rest_route=\/wp\/v2\/pages"}],"about":[{"href":"https:\/\/pkps.org.pl\/index.php?rest_route=\/wp\/v2\/types\/page"}],"author":[{"embeddable":true,"href":"https:\/\/pkps.org.pl\/index.php?rest_route=\/wp\/v2\/users\/3"}],"replies":[{"embeddable":true,"href":"https:\/\/pkps.org.pl\/index.php?rest_route=%2Fwp%2Fv2%2Fcomments&post=1459"}],"version-history":[{"count":4,"href":"https:\/\/pkps.org.pl\/index.php?rest_route=\/wp\/v2\/pages\/1459\/revisions"}],"predecessor-version":[{"id":1473,"href":"https:\/\/pkps.org.pl\/index.php?rest_route=\/wp\/v2\/pages\/1459\/revisions\/1473"}],"wp:attachment":[{"href":"https:\/\/pkps.org.pl\/index.php?rest_route=%2Fwp%2Fv2%2Fmedia&parent=1459"}],"curies":[{"name":"wp","href":"https:\/\/api.w.org\/{rel}","templated":true}]}}