{"id":1589,"date":"2021-02-01T11:52:04","date_gmt":"2021-02-01T11:52:04","guid":{"rendered":"https:\/\/pkps.org.pl\/?page_id=1589"},"modified":"2021-02-01T11:52:22","modified_gmt":"2021-02-01T11:52:22","slug":"dar-serca-osob-bezdomnych","status":"publish","type":"page","link":"https:\/\/pkps.org.pl\/?page_id=1589","title":{"rendered":"DAR SERCA OS\u00d3B BEZDOMNYCH"},"content":{"rendered":"<p><strong><em><u>DAR SERCA OS\u00d3B BEZDOMNYCH<\/u><\/em><\/strong><\/p>\n<p>&#8211; <em>mieszka\u0144c\u00f3w Schroniska PKPS przy ul. Polskiej 33<\/em><\/p>\n<p>Mieszka\u0144cy Schroniska 60+ Polskiego Komitetu Pomocy Spo\u0142ecznej przy ul. Polskiej 33 w Warszawie w odpowiedzi na Apel Wielkiej Orkiestry \u015awi\u0105tecznej Pomocy przy\u0142\u0105czyli si\u0119 do akcji zbierania pieni\u0119dzy z przeznaczeniem dla innych \u2013 bardziej potrzebuj\u0105cych. Przekazali w\u0142asnor\u0119cznie wykonanie m. in. figurki \u0142ab\u0119dziej rodziny do wystawienia na aukcji.<\/p>\n<p><img fetchpriority=\"high\" decoding=\"async\" class=\"alignnone size-full wp-image-1590\" src=\"https:\/\/pkps.org.pl\/wp-content\/uploads\/2021\/02\/Zrzut-ekranu-2021-02-1-o-12.49.58.png\" alt=\"\" width=\"1284\" height=\"621\" srcset=\"https:\/\/pkps.org.pl\/wp-content\/uploads\/2021\/02\/Zrzut-ekranu-2021-02-1-o-12.49.58.png 1284w, https:\/\/pkps.org.pl\/wp-content\/uploads\/2021\/02\/Zrzut-ekranu-2021-02-1-o-12.49.58-300x145.png 300w, https:\/\/pkps.org.pl\/wp-content\/uploads\/2021\/02\/Zrzut-ekranu-2021-02-1-o-12.49.58-1024x495.png 1024w, https:\/\/pkps.org.pl\/wp-content\/uploads\/2021\/02\/Zrzut-ekranu-2021-02-1-o-12.49.58-768x371.png 768w\" sizes=\"(max-width: 1284px) 100vw, 1284px\" \/><\/p>\n<p>Wyra\u017camy g\u0142\u0119bok\u0105 nadziej\u0119, \u017ce Pa\u0144stwo licytuj\u0105c \u0142ab\u0119dzi\u0105 rodzin\u0119 nie tylko wespr\u0105 Orkiestr\u0119, ale\u00a0 sprawi\u0105 ogromn\u0105 rado\u015b\u0107 jej tw\u00f3rcy i wszystkim mieszka\u0144com Schroniska.<\/p>\n<p>Przekazanie tej pracy by\u0142o poprzedzone pokonaniem w\u0142asnych, wewn\u0119trznych ogranicze\u0144, to krok do wyj\u015bcia na zewn\u0105trz przez osoby bezdomne, to wa\u017cny etap w przezwyci\u0119\u017caniu kryzysu bezdomno\u015bci.<\/p>\n<p><em>Mamy nadziej\u0119, \u017ce Pa\u0144stwo doceni\u0105 t\u0119 prac\u0119 i wezm\u0105 udzia\u0142 w licytacji, za co z g\u00f3ry dzi\u0119kujemy.<\/em><\/p>\n<p><img decoding=\"async\" class=\"alignnone size-full wp-image-1591\" src=\"https:\/\/pkps.org.pl\/wp-content\/uploads\/2021\/02\/Zrzut-ekranu-2021-02-1-o-12.50.14.png\" alt=\"\" width=\"638\" height=\"306\" srcset=\"https:\/\/pkps.org.pl\/wp-content\/uploads\/2021\/02\/Zrzut-ekranu-2021-02-1-o-12.50.14.png 638w, https:\/\/pkps.org.pl\/wp-content\/uploads\/2021\/02\/Zrzut-ekranu-2021-02-1-o-12.50.14-300x144.png 300w\" sizes=\"(max-width: 638px) 100vw, 638px\" \/><\/p>\n","protected":false},"excerpt":{"rendered":"<p>DAR SERCA OS\u00d3B BEZDOMNYCH &#8211; mieszka\u0144c\u00f3w Schroniska PKPS przy ul. Polskiej 33 Mieszka\u0144cy Schroniska 60+ Polskiego Komitetu Pomocy Spo\u0142ecznej przy ul. Polskiej 33 w Warszawie w odpowiedzi na Apel Wielkiej Orkiestry \u015awi\u0105tecznej Pomocy przy\u0142\u0105czyli si\u0119 do akcji zbierania pieni\u0119dzy z przeznaczeniem dla innych \u2013 bardziej potrzebuj\u0105cych. Przekazali w\u0142asnor\u0119cznie wykonanie m. in. figurki \u0142ab\u0119dziej rodziny do [&hellip;]<\/p>\n","protected":false},"author":3,"featured_media":0,"parent":0,"menu_order":0,"comment_status":"closed","ping_status":"closed","template":"","meta":{"footnotes":"","_links_to":"","_links_to_target":""},"class_list":["post-1589","page","type-page","status-publish","hentry"],"yoast_head":"<!-- This site is optimized with the Yoast SEO plugin v27.4 - https:\/\/yoast.com\/product\/yoast-seo-wordpress\/ -->\n<title>DAR SERCA OS\u00d3B BEZDOMNYCH - Polski Komitet Pomocy Spo\u0142ecznej<\/title>\n<meta name=\"robots\" content=\"index, follow, max-snippet:-1, max-image-preview:large, max-video-preview:-1\" \/>\n<link rel=\"canonical\" href=\"https:\/\/pkps.org.pl\/?page_id=1589\" \/>\n<meta property=\"og:locale\" content=\"pl_PL\" \/>\n<meta property=\"og:type\" content=\"article\" \/>\n<meta property=\"og:title\" content=\"DAR SERCA OS\u00d3B BEZDOMNYCH - Polski Komitet Pomocy Spo\u0142ecznej\" \/>\n<meta property=\"og:description\" content=\"DAR SERCA OS\u00d3B BEZDOMNYCH &#8211; mieszka\u0144c\u00f3w Schroniska PKPS przy ul. Polskiej 33 Mieszka\u0144cy Schroniska 60+ Polskiego Komitetu Pomocy Spo\u0142ecznej przy ul. Polskiej 33 w Warszawie w odpowiedzi na Apel Wielkiej Orkiestry \u015awi\u0105tecznej Pomocy przy\u0142\u0105czyli si\u0119 do akcji zbierania pieni\u0119dzy z przeznaczeniem dla innych \u2013 bardziej potrzebuj\u0105cych. Przekazali w\u0142asnor\u0119cznie wykonanie m. in. figurki \u0142ab\u0119dziej rodziny do [&hellip;]\" \/>\n<meta property=\"og:url\" content=\"https:\/\/pkps.org.pl\/?page_id=1589\" \/>\n<meta property=\"og:site_name\" content=\"Polski Komitet Pomocy Spo\u0142ecznej\" \/>\n<meta property=\"article:modified_time\" content=\"2021-02-01T11:52:22+00:00\" \/>\n<meta property=\"og:image\" content=\"https:\/\/pkps.org.pl\/wp-content\/uploads\/2021\/02\/Zrzut-ekranu-2021-02-1-o-12.49.58.png\" \/>\n<meta name=\"twitter:card\" content=\"summary_large_image\" \/>\n<meta name=\"twitter:label1\" content=\"Szacowany czas czytania\" \/>\n\t<meta name=\"twitter:data1\" content=\"1 minuta\" \/>\n<script type=\"application\/ld+json\" class=\"yoast-schema-graph\">{\"@context\":\"https:\\\/\\\/schema.org\",\"@graph\":[{\"@type\":\"WebPage\",\"@id\":\"https:\\\/\\\/pkps.org.pl\\\/?page_id=1589\",\"url\":\"https:\\\/\\\/pkps.org.pl\\\/?page_id=1589\",\"name\":\"DAR SERCA OS\u00d3B BEZDOMNYCH - Polski Komitet Pomocy Spo\u0142ecznej\",\"isPartOf\":{\"@id\":\"https:\\\/\\\/pkps.org.pl\\\/#website\"},\"primaryImageOfPage\":{\"@id\":\"https:\\\/\\\/pkps.org.pl\\\/?page_id=1589#primaryimage\"},\"image\":{\"@id\":\"https:\\\/\\\/pkps.org.pl\\\/?page_id=1589#primaryimage\"},\"thumbnailUrl\":\"https:\\\/\\\/pkps.org.pl\\\/wp-content\\\/uploads\\\/2021\\\/02\\\/Zrzut-ekranu-2021-02-1-o-12.49.58.png\",\"datePublished\":\"2021-02-01T11:52:04+00:00\",\"dateModified\":\"2021-02-01T11:52:22+00:00\",\"breadcrumb\":{\"@id\":\"https:\\\/\\\/pkps.org.pl\\\/?page_id=1589#breadcrumb\"},\"inLanguage\":\"pl-PL\",\"potentialAction\":[{\"@type\":\"ReadAction\",\"target\":[\"https:\\\/\\\/pkps.org.pl\\\/?page_id=1589\"]}]},{\"@type\":\"ImageObject\",\"inLanguage\":\"pl-PL\",\"@id\":\"https:\\\/\\\/pkps.org.pl\\\/?page_id=1589#primaryimage\",\"url\":\"https:\\\/\\\/pkps.org.pl\\\/wp-content\\\/uploads\\\/2021\\\/02\\\/Zrzut-ekranu-2021-02-1-o-12.49.58.png\",\"contentUrl\":\"https:\\\/\\\/pkps.org.pl\\\/wp-content\\\/uploads\\\/2021\\\/02\\\/Zrzut-ekranu-2021-02-1-o-12.49.58.png\",\"width\":1284,\"height\":621},{\"@type\":\"BreadcrumbList\",\"@id\":\"https:\\\/\\\/pkps.org.pl\\\/?page_id=1589#breadcrumb\",\"itemListElement\":[{\"@type\":\"ListItem\",\"position\":1,\"name\":\"Strona g\u0142\u00f3wna\",\"item\":\"https:\\\/\\\/pkps.org.pl\\\/\"},{\"@type\":\"ListItem\",\"position\":2,\"name\":\"DAR SERCA OS\u00d3B BEZDOMNYCH\"}]},{\"@type\":\"WebSite\",\"@id\":\"https:\\\/\\\/pkps.org.pl\\\/#website\",\"url\":\"https:\\\/\\\/pkps.org.pl\\\/\",\"name\":\"Polski Komitet Pomocy Spo\u0142ecznej\",\"description\":\"Strona Polskiego Komitetu Pomocy Spo\u0142ecznej\",\"publisher\":{\"@id\":\"https:\\\/\\\/pkps.org.pl\\\/#organization\"},\"potentialAction\":[{\"@type\":\"SearchAction\",\"target\":{\"@type\":\"EntryPoint\",\"urlTemplate\":\"https:\\\/\\\/pkps.org.pl\\\/?s={search_term_string}\"},\"query-input\":{\"@type\":\"PropertyValueSpecification\",\"valueRequired\":true,\"valueName\":\"search_term_string\"}}],\"inLanguage\":\"pl-PL\"},{\"@type\":\"Organization\",\"@id\":\"https:\\\/\\\/pkps.org.pl\\\/#organization\",\"name\":\"Polski Komitet Pomocy Spo\u0142ecznej\",\"url\":\"https:\\\/\\\/pkps.org.pl\\\/\",\"logo\":{\"@type\":\"ImageObject\",\"inLanguage\":\"pl-PL\",\"@id\":\"https:\\\/\\\/pkps.org.pl\\\/#\\\/schema\\\/logo\\\/image\\\/\",\"url\":\"https:\\\/\\\/pkps.org.pl\\\/wp-content\\\/uploads\\\/2016\\\/12\\\/PKPS-Logo-1.jpg\",\"contentUrl\":\"https:\\\/\\\/pkps.org.pl\\\/wp-content\\\/uploads\\\/2016\\\/12\\\/PKPS-Logo-1.jpg\",\"width\":299,\"height\":408,\"caption\":\"Polski Komitet Pomocy Spo\u0142ecznej\"},\"image\":{\"@id\":\"https:\\\/\\\/pkps.org.pl\\\/#\\\/schema\\\/logo\\\/image\\\/\"}}]}<\/script>\n<!-- \/ Yoast SEO plugin. -->","yoast_head_json":{"title":"DAR SERCA OS\u00d3B BEZDOMNYCH - Polski Komitet Pomocy Spo\u0142ecznej","robots":{"index":"index","follow":"follow","max-snippet":"max-snippet:-1","max-image-preview":"max-image-preview:large","max-video-preview":"max-video-preview:-1"},"canonical":"https:\/\/pkps.org.pl\/?page_id=1589","og_locale":"pl_PL","og_type":"article","og_title":"DAR SERCA OS\u00d3B BEZDOMNYCH - Polski Komitet Pomocy Spo\u0142ecznej","og_description":"DAR SERCA OS\u00d3B BEZDOMNYCH &#8211; mieszka\u0144c\u00f3w Schroniska PKPS przy ul. Polskiej 33 Mieszka\u0144cy Schroniska 60+ Polskiego Komitetu Pomocy Spo\u0142ecznej przy ul. Polskiej 33 w Warszawie w odpowiedzi na Apel Wielkiej Orkiestry \u015awi\u0105tecznej Pomocy przy\u0142\u0105czyli si\u0119 do akcji zbierania pieni\u0119dzy z przeznaczeniem dla innych \u2013 bardziej potrzebuj\u0105cych. Przekazali w\u0142asnor\u0119cznie wykonanie m. in. figurki \u0142ab\u0119dziej rodziny do [&hellip;]","og_url":"https:\/\/pkps.org.pl\/?page_id=1589","og_site_name":"Polski Komitet Pomocy Spo\u0142ecznej","article_modified_time":"2021-02-01T11:52:22+00:00","og_image":[{"url":"https:\/\/pkps.org.pl\/wp-content\/uploads\/2021\/02\/Zrzut-ekranu-2021-02-1-o-12.49.58.png","type":"","width":"","height":""}],"twitter_card":"summary_large_image","twitter_misc":{"Szacowany czas czytania":"1 minuta"},"schema":{"@context":"https:\/\/schema.org","@graph":[{"@type":"WebPage","@id":"https:\/\/pkps.org.pl\/?page_id=1589","url":"https:\/\/pkps.org.pl\/?page_id=1589","name":"DAR SERCA OS\u00d3B BEZDOMNYCH - Polski Komitet Pomocy Spo\u0142ecznej","isPartOf":{"@id":"https:\/\/pkps.org.pl\/#website"},"primaryImageOfPage":{"@id":"https:\/\/pkps.org.pl\/?page_id=1589#primaryimage"},"image":{"@id":"https:\/\/pkps.org.pl\/?page_id=1589#primaryimage"},"thumbnailUrl":"https:\/\/pkps.org.pl\/wp-content\/uploads\/2021\/02\/Zrzut-ekranu-2021-02-1-o-12.49.58.png","datePublished":"2021-02-01T11:52:04+00:00","dateModified":"2021-02-01T11:52:22+00:00","breadcrumb":{"@id":"https:\/\/pkps.org.pl\/?page_id=1589#breadcrumb"},"inLanguage":"pl-PL","potentialAction":[{"@type":"ReadAction","target":["https:\/\/pkps.org.pl\/?page_id=1589"]}]},{"@type":"ImageObject","inLanguage":"pl-PL","@id":"https:\/\/pkps.org.pl\/?page_id=1589#primaryimage","url":"https:\/\/pkps.org.pl\/wp-content\/uploads\/2021\/02\/Zrzut-ekranu-2021-02-1-o-12.49.58.png","contentUrl":"https:\/\/pkps.org.pl\/wp-content\/uploads\/2021\/02\/Zrzut-ekranu-2021-02-1-o-12.49.58.png","width":1284,"height":621},{"@type":"BreadcrumbList","@id":"https:\/\/pkps.org.pl\/?page_id=1589#breadcrumb","itemListElement":[{"@type":"ListItem","position":1,"name":"Strona g\u0142\u00f3wna","item":"https:\/\/pkps.org.pl\/"},{"@type":"ListItem","position":2,"name":"DAR SERCA OS\u00d3B BEZDOMNYCH"}]},{"@type":"WebSite","@id":"https:\/\/pkps.org.pl\/#website","url":"https:\/\/pkps.org.pl\/","name":"Polski Komitet Pomocy Spo\u0142ecznej","description":"Strona Polskiego Komitetu Pomocy Spo\u0142ecznej","publisher":{"@id":"https:\/\/pkps.org.pl\/#organization"},"potentialAction":[{"@type":"SearchAction","target":{"@type":"EntryPoint","urlTemplate":"https:\/\/pkps.org.pl\/?s={search_term_string}"},"query-input":{"@type":"PropertyValueSpecification","valueRequired":true,"valueName":"search_term_string"}}],"inLanguage":"pl-PL"},{"@type":"Organization","@id":"https:\/\/pkps.org.pl\/#organization","name":"Polski Komitet Pomocy Spo\u0142ecznej","url":"https:\/\/pkps.org.pl\/","logo":{"@type":"ImageObject","inLanguage":"pl-PL","@id":"https:\/\/pkps.org.pl\/#\/schema\/logo\/image\/","url":"https:\/\/pkps.org.pl\/wp-content\/uploads\/2016\/12\/PKPS-Logo-1.jpg","contentUrl":"https:\/\/pkps.org.pl\/wp-content\/uploads\/2016\/12\/PKPS-Logo-1.jpg","width":299,"height":408,"caption":"Polski Komitet Pomocy Spo\u0142ecznej"},"image":{"@id":"https:\/\/pkps.org.pl\/#\/schema\/logo\/image\/"}}]}},"_links":{"self":[{"href":"https:\/\/pkps.org.pl\/index.php?rest_route=\/wp\/v2\/pages\/1589","targetHints":{"allow":["GET"]}}],"collection":[{"href":"https:\/\/pkps.org.pl\/index.php?rest_route=\/wp\/v2\/pages"}],"about":[{"href":"https:\/\/pkps.org.pl\/index.php?rest_route=\/wp\/v2\/types\/page"}],"author":[{"embeddable":true,"href":"https:\/\/pkps.org.pl\/index.php?rest_route=\/wp\/v2\/users\/3"}],"replies":[{"embeddable":true,"href":"https:\/\/pkps.org.pl\/index.php?rest_route=%2Fwp%2Fv2%2Fcomments&post=1589"}],"version-history":[{"count":2,"href":"https:\/\/pkps.org.pl\/index.php?rest_route=\/wp\/v2\/pages\/1589\/revisions"}],"predecessor-version":[{"id":1593,"href":"https:\/\/pkps.org.pl\/index.php?rest_route=\/wp\/v2\/pages\/1589\/revisions\/1593"}],"wp:attachment":[{"href":"https:\/\/pkps.org.pl\/index.php?rest_route=%2Fwp%2Fv2%2Fmedia&parent=1589"}],"curies":[{"name":"wp","href":"https:\/\/api.w.org\/{rel}","templated":true}]}}