{"id":161,"date":"2016-12-20T10:41:43","date_gmt":"2016-12-20T10:41:43","guid":{"rendered":"http:\/\/klewiado1.home.pl\/autoinstalator\/wordpress\/?page_id=161"},"modified":"2016-12-22T12:47:26","modified_gmt":"2016-12-22T12:47:26","slug":"lodz","status":"publish","type":"page","link":"https:\/\/pkps.org.pl\/?page_id=161","title":{"rendered":"\u0141\u00f3d\u017a"},"content":{"rendered":"<p><strong>Zarz\u0105d Okr\u0119gowy PKPS<\/strong><\/p>\n<p><strong>ul. W\u00f3lcza\u0144ska 217\/219<\/strong><\/p>\n<p><strong>93 &#8211; 005 \u0141\u00f3d\u017a<\/strong><\/p>\n<p><strong>tel: (42) 637 45 67<\/strong><\/p>\n<p><i class=\"mdi mdi-web mdi-default\" style=\"color:black;\">&nbsp;<\/i>\u00a0<a href=\"http:\/\/www.pkpslodz.org.pl\">www.pkpslodz.org.pl<\/a><\/p>\n<p><em>Plac\u00f3wki podleg\u0142e:<\/em><\/p>\n<p>&nbsp;<\/p>\n<p>&#8211; Zarz\u0105d Rejonowy PKPS <strong>Kutno<\/strong>, ul. Narutowicza 11, 99-300 Kutno, tel. 24 254 33 69<\/p>\n<p>&#8211; Zarz\u0105d Rejonowy PKPS<strong> \u0141\u0119czyca<\/strong>, ul. Pozna\u0144ska 25, 99-100 \u0141\u0119czyca, tel. 24 368 60 57<\/p>\n<p>&#8211; Zarz\u0105d Miejsko-Gminny PKPS\u00a0<strong>Be\u0142chat\u00f3w<\/strong>, ul. Czapliniecka 19a, 97-400 Be\u0142chat\u00f3w, tel. 44 632 41 21<\/p>\n<p>&#8211; Zarz\u0105d Miejsko-Gminny PKPS <strong>Pabianice<\/strong>, ul. D\u0105browskiego 46, 95-200 Pabianice, tel. 42 215 53 17<\/p>\n<p>&#8211; Zarz\u0105d Miejsko-Gminny PKPS <strong>Opoczno<\/strong>, pl. Kili\u0144skiego 7, 26-300 Opoczno, tel. 44 755 24 37<\/p>\n<p>&#8211; Zarz\u0105d Miejsko-Gminny PKPS <strong>Zgierz<\/strong>, ul. Jana Paw\u0142a II, 19 95-100 Zgierz, tel. 42 716 31 06<\/p>\n<p>&#8211; Zarz\u0105d Miejski PKPS\u00a0<strong>Konstantyn\u00f3w \u0141\u00f3dzki<\/strong>, ul. Sucharskiego 12, 95-050 Konstantyn\u00f3w \u0141\u00f3dzki, tel.510442290<\/p>\n<p>&#8211; Zarz\u0105d Miejski PKPS\u00a0<strong>Skierniewice<\/strong>, ul. Mszczonowska 15, 96-100 Skierniewice, tel.46 833 38 27<\/p>\n<p>&#8211; Zarz\u0105d Miejski PKPS\u00a0<strong>\u017bychlin<\/strong>, ul. Barlickiego 4, 99-320 \u017bychlin, tel. 24 285 36 06<\/p>\n<p>&#8211; Zarz\u0105d Dzielnicowy PKPS\u00a0<strong>\u0141\u00f3d\u017a-Polesie<\/strong>, ul. \u017beromskiego 54, 90-626 \u0141\u00f3d\u017a, tel. 42 637 40 12<\/p>\n<p>&#8211; Zarz\u0105d Dzielnicowy PKPS\u00a0<strong>\u0141\u00f3d\u017a-\u015ar\u00f3dmie\u015bcie<\/strong>, ul. \u017beromskiego 54, 90-626 \u0141\u00f3d\u017a, tel. 42 637 01 05<\/p>\n<p>&#8211; Zarz\u0105d Dzielnicowy PKPS\u00a0<strong>\u0141\u00f3d\u017a-Widzew<\/strong>, ul. Szpitalna 12, 92-235 \u0141\u00f3d\u017a, tel. 42 674 20 29<\/p>\n","protected":false},"excerpt":{"rendered":"<p>Zarz\u0105d Okr\u0119gowy PKPS ul. W\u00f3lcza\u0144ska 217\/219 93 &#8211; 005 \u0141\u00f3d\u017a tel: (42) 637 45 67 \u00a0www.pkpslodz.org.pl Plac\u00f3wki podleg\u0142e: &nbsp; &#8211; Zarz\u0105d Rejonowy PKPS Kutno, ul. Narutowicza 11, 99-300 Kutno, tel. 24 254 33 69 &#8211; Zarz\u0105d Rejonowy PKPS \u0141\u0119czyca, ul. Pozna\u0144ska 25, 99-100 \u0141\u0119czyca, tel. 24 368 60 57 &#8211; Zarz\u0105d Miejsko-Gminny PKPS\u00a0Be\u0142chat\u00f3w, ul. Czapliniecka [&hellip;]<\/p>\n","protected":false},"author":1,"featured_media":0,"parent":0,"menu_order":0,"comment_status":"closed","ping_status":"closed","template":"","meta":{"footnotes":"","_links_to":"","_links_to_target":""},"class_list":["post-161","page","type-page","status-publish","hentry"],"yoast_head":"<!-- This site is optimized with the Yoast SEO plugin v27.4 - https:\/\/yoast.com\/product\/yoast-seo-wordpress\/ -->\n<title>\u0141\u00f3d\u017a - Polski Komitet Pomocy Spo\u0142ecznej<\/title>\n<meta name=\"robots\" content=\"index, follow, max-snippet:-1, max-image-preview:large, max-video-preview:-1\" \/>\n<link rel=\"canonical\" href=\"https:\/\/pkps.org.pl\/?page_id=161\" \/>\n<meta property=\"og:locale\" content=\"pl_PL\" \/>\n<meta property=\"og:type\" content=\"article\" \/>\n<meta property=\"og:title\" content=\"\u0141\u00f3d\u017a - Polski Komitet Pomocy Spo\u0142ecznej\" \/>\n<meta property=\"og:description\" content=\"Zarz\u0105d Okr\u0119gowy PKPS ul. W\u00f3lcza\u0144ska 217\/219 93 &#8211; 005 \u0141\u00f3d\u017a tel: (42) 637 45 67 \u00a0www.pkpslodz.org.pl Plac\u00f3wki podleg\u0142e: &nbsp; &#8211; Zarz\u0105d Rejonowy PKPS Kutno, ul. Narutowicza 11, 99-300 Kutno, tel. 24 254 33 69 &#8211; Zarz\u0105d Rejonowy PKPS \u0141\u0119czyca, ul. Pozna\u0144ska 25, 99-100 \u0141\u0119czyca, tel. 24 368 60 57 &#8211; Zarz\u0105d Miejsko-Gminny PKPS\u00a0Be\u0142chat\u00f3w, ul. Czapliniecka [&hellip;]\" \/>\n<meta property=\"og:url\" content=\"https:\/\/pkps.org.pl\/?page_id=161\" \/>\n<meta property=\"og:site_name\" content=\"Polski Komitet Pomocy Spo\u0142ecznej\" \/>\n<meta property=\"article:modified_time\" content=\"2016-12-22T12:47:26+00:00\" \/>\n<meta name=\"twitter:card\" content=\"summary_large_image\" \/>\n<meta name=\"twitter:label1\" content=\"Szacowany czas czytania\" \/>\n\t<meta name=\"twitter:data1\" content=\"1 minuta\" \/>\n<script type=\"application\/ld+json\" class=\"yoast-schema-graph\">{\"@context\":\"https:\\\/\\\/schema.org\",\"@graph\":[{\"@type\":\"WebPage\",\"@id\":\"https:\\\/\\\/pkps.org.pl\\\/?page_id=161\",\"url\":\"https:\\\/\\\/pkps.org.pl\\\/?page_id=161\",\"name\":\"\u0141\u00f3d\u017a - Polski Komitet Pomocy Spo\u0142ecznej\",\"isPartOf\":{\"@id\":\"https:\\\/\\\/pkps.org.pl\\\/#website\"},\"datePublished\":\"2016-12-20T10:41:43+00:00\",\"dateModified\":\"2016-12-22T12:47:26+00:00\",\"breadcrumb\":{\"@id\":\"https:\\\/\\\/pkps.org.pl\\\/?page_id=161#breadcrumb\"},\"inLanguage\":\"pl-PL\",\"potentialAction\":[{\"@type\":\"ReadAction\",\"target\":[\"https:\\\/\\\/pkps.org.pl\\\/?page_id=161\"]}]},{\"@type\":\"BreadcrumbList\",\"@id\":\"https:\\\/\\\/pkps.org.pl\\\/?page_id=161#breadcrumb\",\"itemListElement\":[{\"@type\":\"ListItem\",\"position\":1,\"name\":\"Strona g\u0142\u00f3wna\",\"item\":\"https:\\\/\\\/pkps.org.pl\\\/\"},{\"@type\":\"ListItem\",\"position\":2,\"name\":\"\u0141\u00f3d\u017a\"}]},{\"@type\":\"WebSite\",\"@id\":\"https:\\\/\\\/pkps.org.pl\\\/#website\",\"url\":\"https:\\\/\\\/pkps.org.pl\\\/\",\"name\":\"Polski Komitet Pomocy Spo\u0142ecznej\",\"description\":\"Strona Polskiego Komitetu Pomocy Spo\u0142ecznej\",\"publisher\":{\"@id\":\"https:\\\/\\\/pkps.org.pl\\\/#organization\"},\"potentialAction\":[{\"@type\":\"SearchAction\",\"target\":{\"@type\":\"EntryPoint\",\"urlTemplate\":\"https:\\\/\\\/pkps.org.pl\\\/?s={search_term_string}\"},\"query-input\":{\"@type\":\"PropertyValueSpecification\",\"valueRequired\":true,\"valueName\":\"search_term_string\"}}],\"inLanguage\":\"pl-PL\"},{\"@type\":\"Organization\",\"@id\":\"https:\\\/\\\/pkps.org.pl\\\/#organization\",\"name\":\"Polski Komitet Pomocy Spo\u0142ecznej\",\"url\":\"https:\\\/\\\/pkps.org.pl\\\/\",\"logo\":{\"@type\":\"ImageObject\",\"inLanguage\":\"pl-PL\",\"@id\":\"https:\\\/\\\/pkps.org.pl\\\/#\\\/schema\\\/logo\\\/image\\\/\",\"url\":\"https:\\\/\\\/pkps.org.pl\\\/wp-content\\\/uploads\\\/2016\\\/12\\\/PKPS-Logo-1.jpg\",\"contentUrl\":\"https:\\\/\\\/pkps.org.pl\\\/wp-content\\\/uploads\\\/2016\\\/12\\\/PKPS-Logo-1.jpg\",\"width\":299,\"height\":408,\"caption\":\"Polski Komitet Pomocy Spo\u0142ecznej\"},\"image\":{\"@id\":\"https:\\\/\\\/pkps.org.pl\\\/#\\\/schema\\\/logo\\\/image\\\/\"}}]}<\/script>\n<!-- \/ Yoast SEO plugin. -->","yoast_head_json":{"title":"\u0141\u00f3d\u017a - Polski Komitet Pomocy Spo\u0142ecznej","robots":{"index":"index","follow":"follow","max-snippet":"max-snippet:-1","max-image-preview":"max-image-preview:large","max-video-preview":"max-video-preview:-1"},"canonical":"https:\/\/pkps.org.pl\/?page_id=161","og_locale":"pl_PL","og_type":"article","og_title":"\u0141\u00f3d\u017a - Polski Komitet Pomocy Spo\u0142ecznej","og_description":"Zarz\u0105d Okr\u0119gowy PKPS ul. W\u00f3lcza\u0144ska 217\/219 93 &#8211; 005 \u0141\u00f3d\u017a tel: (42) 637 45 67 \u00a0www.pkpslodz.org.pl Plac\u00f3wki podleg\u0142e: &nbsp; &#8211; Zarz\u0105d Rejonowy PKPS Kutno, ul. Narutowicza 11, 99-300 Kutno, tel. 24 254 33 69 &#8211; Zarz\u0105d Rejonowy PKPS \u0141\u0119czyca, ul. Pozna\u0144ska 25, 99-100 \u0141\u0119czyca, tel. 24 368 60 57 &#8211; Zarz\u0105d Miejsko-Gminny PKPS\u00a0Be\u0142chat\u00f3w, ul. Czapliniecka [&hellip;]","og_url":"https:\/\/pkps.org.pl\/?page_id=161","og_site_name":"Polski Komitet Pomocy Spo\u0142ecznej","article_modified_time":"2016-12-22T12:47:26+00:00","twitter_card":"summary_large_image","twitter_misc":{"Szacowany czas czytania":"1 minuta"},"schema":{"@context":"https:\/\/schema.org","@graph":[{"@type":"WebPage","@id":"https:\/\/pkps.org.pl\/?page_id=161","url":"https:\/\/pkps.org.pl\/?page_id=161","name":"\u0141\u00f3d\u017a - Polski Komitet Pomocy Spo\u0142ecznej","isPartOf":{"@id":"https:\/\/pkps.org.pl\/#website"},"datePublished":"2016-12-20T10:41:43+00:00","dateModified":"2016-12-22T12:47:26+00:00","breadcrumb":{"@id":"https:\/\/pkps.org.pl\/?page_id=161#breadcrumb"},"inLanguage":"pl-PL","potentialAction":[{"@type":"ReadAction","target":["https:\/\/pkps.org.pl\/?page_id=161"]}]},{"@type":"BreadcrumbList","@id":"https:\/\/pkps.org.pl\/?page_id=161#breadcrumb","itemListElement":[{"@type":"ListItem","position":1,"name":"Strona g\u0142\u00f3wna","item":"https:\/\/pkps.org.pl\/"},{"@type":"ListItem","position":2,"name":"\u0141\u00f3d\u017a"}]},{"@type":"WebSite","@id":"https:\/\/pkps.org.pl\/#website","url":"https:\/\/pkps.org.pl\/","name":"Polski Komitet Pomocy Spo\u0142ecznej","description":"Strona Polskiego Komitetu Pomocy Spo\u0142ecznej","publisher":{"@id":"https:\/\/pkps.org.pl\/#organization"},"potentialAction":[{"@type":"SearchAction","target":{"@type":"EntryPoint","urlTemplate":"https:\/\/pkps.org.pl\/?s={search_term_string}"},"query-input":{"@type":"PropertyValueSpecification","valueRequired":true,"valueName":"search_term_string"}}],"inLanguage":"pl-PL"},{"@type":"Organization","@id":"https:\/\/pkps.org.pl\/#organization","name":"Polski Komitet Pomocy Spo\u0142ecznej","url":"https:\/\/pkps.org.pl\/","logo":{"@type":"ImageObject","inLanguage":"pl-PL","@id":"https:\/\/pkps.org.pl\/#\/schema\/logo\/image\/","url":"https:\/\/pkps.org.pl\/wp-content\/uploads\/2016\/12\/PKPS-Logo-1.jpg","contentUrl":"https:\/\/pkps.org.pl\/wp-content\/uploads\/2016\/12\/PKPS-Logo-1.jpg","width":299,"height":408,"caption":"Polski Komitet Pomocy Spo\u0142ecznej"},"image":{"@id":"https:\/\/pkps.org.pl\/#\/schema\/logo\/image\/"}}]}},"_links":{"self":[{"href":"https:\/\/pkps.org.pl\/index.php?rest_route=\/wp\/v2\/pages\/161","targetHints":{"allow":["GET"]}}],"collection":[{"href":"https:\/\/pkps.org.pl\/index.php?rest_route=\/wp\/v2\/pages"}],"about":[{"href":"https:\/\/pkps.org.pl\/index.php?rest_route=\/wp\/v2\/types\/page"}],"author":[{"embeddable":true,"href":"https:\/\/pkps.org.pl\/index.php?rest_route=\/wp\/v2\/users\/1"}],"replies":[{"embeddable":true,"href":"https:\/\/pkps.org.pl\/index.php?rest_route=%2Fwp%2Fv2%2Fcomments&post=161"}],"version-history":[{"count":0,"href":"https:\/\/pkps.org.pl\/index.php?rest_route=\/wp\/v2\/pages\/161\/revisions"}],"wp:attachment":[{"href":"https:\/\/pkps.org.pl\/index.php?rest_route=%2Fwp%2Fv2%2Fmedia&parent=161"}],"curies":[{"name":"wp","href":"https:\/\/api.w.org\/{rel}","templated":true}]}}