{"id":164,"date":"2016-12-20T10:42:07","date_gmt":"2016-12-20T10:42:07","guid":{"rendered":"http:\/\/klewiado1.home.pl\/autoinstalator\/wordpress\/?page_id=164"},"modified":"2017-10-19T09:28:01","modified_gmt":"2017-10-19T09:28:01","slug":"olsztyn","status":"publish","type":"page","link":"https:\/\/pkps.org.pl\/?page_id=164","title":{"rendered":"Warmi\u0144sko \u2013 Mazurski Zarz\u0105d Wojew\u00f3dzki"},"content":{"rendered":"<p><strong>Warmi\u0144sko &#8211; Mazurski Zarz\u0105d Wojew\u00f3dzki PKPS<\/strong><\/p>\n<p><strong>ul. D\u0105browszczak\u00f3w 34\/3<\/strong><\/p>\n<p><strong>10 &#8211; 541 Olsztyn<\/strong><\/p>\n<p><strong>tel\/fax.: (89) 527 43 87<\/strong><\/p>\n<p><i class=\"mdi mdi-web mdi-default\" style=\"color:black;\">&nbsp;<\/i>&nbsp;<a href=\"http:\/\/www.pkpsolsztyn.pl\">www.pkpsolsztyn.pl<\/a><\/p>\n<p>Zakres pomocy<\/p>\n<p>\u2013 us\u0142ugi opieku\u0144cze<br \/>\n&#8211; Jad\u0142odajnia &nbsp;(w okresie jesienno-zimowym ) adres j.w.&nbsp;od godz. 12,30 do wydania posi\u0142k\u00f3w<br \/>\n&#8211; wydawanie \u017cywno\u015bci unijnej ( ul. Gietkowska 9E) w&nbsp;godz. 9-13 &nbsp;w dni ustalone po dostawach \u017cywno\u015bci<br \/>\n&#8211; wydawanie odzie\u017cy &nbsp;od 7,30 do 15 w biurze ,lub w &nbsp;czasie&nbsp;wydawania \u017cywno\u015bci w magazynie.<\/p>\n<p>plac\u00f3wki podleg\u0142e:<\/p>\n<p><i class=\"wp-svg-stop-2 stop-2\"><\/i> Zarz\u0105d Rejonowy &#8211; <strong>Bartoszyce<\/strong>, ul. Pieni\u0119\u017cnego 10A, tel. 89 7629775<\/p>\n<p>Ul. Pieni\u0119\u017cnego 10 A<br \/>\n11-200 Bartoszyce<\/p>\n<p>tel: 89 762 97 74, 89 762 97 75<br \/>\ne-mail: pkps_bartoszyce@poczta.onet.pl<\/p>\n<p>Godziny pracy biura :<br \/>\nPoniedzia\u0142ek-Pi\u0105tek 6:00-15:30<br \/>\n<i class=\"mdi mdi-web mdi-default\" style=\"color:black;\">&nbsp;<\/i> http:\/\/pkpsbartoszyce.prv.pl<\/p>\n<p>zakres pomocy<br \/>\n&#8211; us\u0142ugi opieku\u0144cze<br \/>\n&#8211; wydawanie \u017cywno\u015bci (po dostawie od godz. 7:30-15:30)<br \/>\n&#8211; wydawanie odzie\u017cy (8-10 dni robocze)<br \/>\n&#8211; noclegownia &#8211; schronisko<br \/>\n&#8211; gor\u0105ce &nbsp;posi\u0142ki &nbsp;w okresie jesienno-zimowym (od 12 do&nbsp;wydania posi\u0142k\u00f3w)<\/p>\n<p>&nbsp;<\/p>\n<p><i class=\"wp-svg-stop-2 stop-2\"><\/i>&nbsp; Zarz\u0105d Rejonowy &#8211; <strong>Orzysz,<\/strong> ul. Rynek 5\/15,&nbsp;tel. \/87\/ 4237780<\/p>\n<p>zakres pomocy<\/p>\n<p>&#8211; wydawanie \u017cywno\u015bci (po dostawie od godz. 7:30 do 15:30)<br \/>\n&#8211; dzia\u0142alno\u015b\u0107 statutowa<\/p>\n<p>&nbsp;<\/p>\n<p><i class=\"wp-svg-stop-2 stop-2\"><\/i>&nbsp; Zarz\u0105d Rejonowy \u2013<strong> Lidzbark Warmi\u0144ski<\/strong>, ul.G\u00f3reckiego 7 &nbsp;tel. \/89\/ 7672680<\/p>\n<p>zakres pomocy<\/p>\n<p>&#8211; us\u0142ugi opieku\u0144cze<\/p>\n<p>&#8211; wydawanie \u017cywno\u015bci&nbsp;(w dni dostawy \u017cywno\u015bci &nbsp;od godz. 12:00 do wydania &nbsp;i w nast\u0119pnym dniu od 7:30 do 15:30)<\/p>\n<p>&nbsp;<\/p>\n<p><i class=\"wp-svg-stop-2 stop-2\"><\/i>&nbsp;Zarz\u0105d Rejonowy &#8211; <strong>I\u0142awa<\/strong>&nbsp;ul. Westerplatte 5, tel. \/89\/ 6484971<\/p>\n<p>zakres pomocy<\/p>\n<p>&#8211; wydawanie &nbsp;odzie\u017cy &nbsp;(codziennie w dni robocze&nbsp;od &nbsp;8 do 12).<br \/>\n&#8211; dzia\u0142alno\u015b\u0107 statutowa w ramach posiadanych \u015brodk\u00f3w<\/p>\n<p>&nbsp;<\/p>\n<p><i class=\"wp-svg-stop-2 stop-2\"><\/i>&nbsp; j Zarz\u0105d Rejonowy w Ostr\u00f3dzie:<\/p>\n<p>Sienkiewicza 15,<br \/>\n14-100 Ostr\u00f3da, Polska<\/p>\n<p>Prezes Zarz\u0105du<br \/>\nEl\u017cbieta Kozicz<\/p>\n<p>Sekretarz PKPS ZR<br \/>\nTeresa Wieczorek-Zdon<\/p>\n<p><i class=\"mdi mdi-web mdi-default\">&nbsp;<\/i>&nbsp;<a href=\"http:\/\/www.pkpsostroda.pl\/\">pkpsostroda.pl<\/a><\/p>\n<p>Zakres pomocy<\/p>\n<p>&#8211; Jad\u0142odajnia dla os\u00f3b bezdomnych i ubogich<br \/>\n&#8211; Schronisko dla bezdomnych<br \/>\n&#8211; Program PEAD \u2013 dostarczanie \u017cywno\u015bci dla najubo\u017cszej ludno\u015bci Unii Europejskiej<br \/>\n&#8211; \u015arodowiskowy Dom Samopomocy \u201eOstoja\u201d w Ostr\u00f3dzie<br \/>\n&#8211; Centrum Integracji Spo\u0142ecznej<br \/>\n&#8211; Stacja Socjalna &#8222;Johanniter&#8221; \u015arodowiskowy Dom Samopomocy w Tardzie<br \/>\n&#8211; \u015arodowiskowy Dom Samopomocy w Wygodzie<\/p>\n<p><i class=\"wp-svg-stop-2 stop-2\"><\/i>&nbsp; Zarz\u0105d Rejonowy w <strong>Szczytnie<\/strong>, &nbsp;ul. Pu\u0142askiego 10, tel. 89 6243749<\/p>\n<p>Zakres pomocy<\/p>\n<p>&#8211; Klub seniora &nbsp;i \u015bwietlica &nbsp;-czynne &nbsp;wtorki i &nbsp;czwartki w godz. od 14 &nbsp;do 17<br \/>\n&#8211; wydawanie \u017cywno\u015bci (w dni dostawy \u017cywno\u015bci &nbsp;od godz. 12:00 do wydania &nbsp;i w nast\u0119pnym dniu od 7:30 &nbsp;do 15:30)<br \/>\n&#8211; wydawanie odzie\u017cy &#8211; w godz. pracy biura &nbsp;7:30 \u2013 5:30<\/p>\n","protected":false},"excerpt":{"rendered":"<p>Warmi\u0144sko &#8211; Mazurski Zarz\u0105d Wojew\u00f3dzki PKPS ul. D\u0105browszczak\u00f3w 34\/3 10 &#8211; 541 Olsztyn tel\/fax.: (89) 527 43 87 &nbsp;www.pkpsolsztyn.pl Zakres pomocy \u2013 us\u0142ugi opieku\u0144cze &#8211; Jad\u0142odajnia &nbsp;(w okresie jesienno-zimowym ) adres j.w.&nbsp;od godz. 12,30 do wydania posi\u0142k\u00f3w &#8211; wydawanie \u017cywno\u015bci unijnej ( ul. Gietkowska 9E) w&nbsp;godz. 9-13 &nbsp;w dni ustalone po dostawach \u017cywno\u015bci &#8211; wydawanie [&hellip;]<\/p>\n","protected":false},"author":1,"featured_media":0,"parent":0,"menu_order":0,"comment_status":"closed","ping_status":"closed","template":"","meta":{"footnotes":"","_links_to":"","_links_to_target":""},"class_list":["post-164","page","type-page","status-publish","hentry"],"yoast_head":"<!-- This site is optimized with the Yoast SEO plugin v27.4 - https:\/\/yoast.com\/product\/yoast-seo-wordpress\/ -->\n<title>Warmi\u0144sko \u2013 Mazurski Zarz\u0105d Wojew\u00f3dzki - Polski Komitet Pomocy Spo\u0142ecznej<\/title>\n<meta name=\"robots\" content=\"index, follow, max-snippet:-1, max-image-preview:large, max-video-preview:-1\" \/>\n<link rel=\"canonical\" href=\"https:\/\/pkps.org.pl\/?page_id=164\" \/>\n<meta property=\"og:locale\" content=\"pl_PL\" \/>\n<meta property=\"og:type\" content=\"article\" \/>\n<meta property=\"og:title\" content=\"Warmi\u0144sko \u2013 Mazurski Zarz\u0105d Wojew\u00f3dzki - Polski Komitet Pomocy Spo\u0142ecznej\" \/>\n<meta property=\"og:description\" content=\"Warmi\u0144sko &#8211; Mazurski Zarz\u0105d Wojew\u00f3dzki PKPS ul. D\u0105browszczak\u00f3w 34\/3 10 &#8211; 541 Olsztyn tel\/fax.: (89) 527 43 87 &nbsp;www.pkpsolsztyn.pl Zakres pomocy \u2013 us\u0142ugi opieku\u0144cze &#8211; Jad\u0142odajnia &nbsp;(w okresie jesienno-zimowym ) adres j.w.&nbsp;od godz. 12,30 do wydania posi\u0142k\u00f3w &#8211; wydawanie \u017cywno\u015bci unijnej ( ul. Gietkowska 9E) w&nbsp;godz. 9-13 &nbsp;w dni ustalone po dostawach \u017cywno\u015bci &#8211; wydawanie [&hellip;]\" \/>\n<meta property=\"og:url\" content=\"https:\/\/pkps.org.pl\/?page_id=164\" \/>\n<meta property=\"og:site_name\" content=\"Polski Komitet Pomocy Spo\u0142ecznej\" \/>\n<meta property=\"article:modified_time\" content=\"2017-10-19T09:28:01+00:00\" \/>\n<meta name=\"twitter:card\" content=\"summary_large_image\" \/>\n<meta name=\"twitter:label1\" content=\"Szacowany czas czytania\" \/>\n\t<meta name=\"twitter:data1\" content=\"2 minuty\" \/>\n<script type=\"application\/ld+json\" class=\"yoast-schema-graph\">{\"@context\":\"https:\\\/\\\/schema.org\",\"@graph\":[{\"@type\":\"WebPage\",\"@id\":\"https:\\\/\\\/pkps.org.pl\\\/?page_id=164\",\"url\":\"https:\\\/\\\/pkps.org.pl\\\/?page_id=164\",\"name\":\"Warmi\u0144sko \u2013 Mazurski Zarz\u0105d Wojew\u00f3dzki - Polski Komitet Pomocy Spo\u0142ecznej\",\"isPartOf\":{\"@id\":\"https:\\\/\\\/pkps.org.pl\\\/#website\"},\"datePublished\":\"2016-12-20T10:42:07+00:00\",\"dateModified\":\"2017-10-19T09:28:01+00:00\",\"breadcrumb\":{\"@id\":\"https:\\\/\\\/pkps.org.pl\\\/?page_id=164#breadcrumb\"},\"inLanguage\":\"pl-PL\",\"potentialAction\":[{\"@type\":\"ReadAction\",\"target\":[\"https:\\\/\\\/pkps.org.pl\\\/?page_id=164\"]}]},{\"@type\":\"BreadcrumbList\",\"@id\":\"https:\\\/\\\/pkps.org.pl\\\/?page_id=164#breadcrumb\",\"itemListElement\":[{\"@type\":\"ListItem\",\"position\":1,\"name\":\"Strona g\u0142\u00f3wna\",\"item\":\"https:\\\/\\\/pkps.org.pl\\\/\"},{\"@type\":\"ListItem\",\"position\":2,\"name\":\"Warmi\u0144sko \u2013 Mazurski Zarz\u0105d Wojew\u00f3dzki\"}]},{\"@type\":\"WebSite\",\"@id\":\"https:\\\/\\\/pkps.org.pl\\\/#website\",\"url\":\"https:\\\/\\\/pkps.org.pl\\\/\",\"name\":\"Polski Komitet Pomocy Spo\u0142ecznej\",\"description\":\"Strona Polskiego Komitetu Pomocy Spo\u0142ecznej\",\"publisher\":{\"@id\":\"https:\\\/\\\/pkps.org.pl\\\/#organization\"},\"potentialAction\":[{\"@type\":\"SearchAction\",\"target\":{\"@type\":\"EntryPoint\",\"urlTemplate\":\"https:\\\/\\\/pkps.org.pl\\\/?s={search_term_string}\"},\"query-input\":{\"@type\":\"PropertyValueSpecification\",\"valueRequired\":true,\"valueName\":\"search_term_string\"}}],\"inLanguage\":\"pl-PL\"},{\"@type\":\"Organization\",\"@id\":\"https:\\\/\\\/pkps.org.pl\\\/#organization\",\"name\":\"Polski Komitet Pomocy Spo\u0142ecznej\",\"url\":\"https:\\\/\\\/pkps.org.pl\\\/\",\"logo\":{\"@type\":\"ImageObject\",\"inLanguage\":\"pl-PL\",\"@id\":\"https:\\\/\\\/pkps.org.pl\\\/#\\\/schema\\\/logo\\\/image\\\/\",\"url\":\"https:\\\/\\\/pkps.org.pl\\\/wp-content\\\/uploads\\\/2016\\\/12\\\/PKPS-Logo-1.jpg\",\"contentUrl\":\"https:\\\/\\\/pkps.org.pl\\\/wp-content\\\/uploads\\\/2016\\\/12\\\/PKPS-Logo-1.jpg\",\"width\":299,\"height\":408,\"caption\":\"Polski Komitet Pomocy Spo\u0142ecznej\"},\"image\":{\"@id\":\"https:\\\/\\\/pkps.org.pl\\\/#\\\/schema\\\/logo\\\/image\\\/\"}}]}<\/script>\n<!-- \/ Yoast SEO plugin. -->","yoast_head_json":{"title":"Warmi\u0144sko \u2013 Mazurski Zarz\u0105d Wojew\u00f3dzki - Polski Komitet Pomocy Spo\u0142ecznej","robots":{"index":"index","follow":"follow","max-snippet":"max-snippet:-1","max-image-preview":"max-image-preview:large","max-video-preview":"max-video-preview:-1"},"canonical":"https:\/\/pkps.org.pl\/?page_id=164","og_locale":"pl_PL","og_type":"article","og_title":"Warmi\u0144sko \u2013 Mazurski Zarz\u0105d Wojew\u00f3dzki - Polski Komitet Pomocy Spo\u0142ecznej","og_description":"Warmi\u0144sko &#8211; Mazurski Zarz\u0105d Wojew\u00f3dzki PKPS ul. D\u0105browszczak\u00f3w 34\/3 10 &#8211; 541 Olsztyn tel\/fax.: (89) 527 43 87 &nbsp;www.pkpsolsztyn.pl Zakres pomocy \u2013 us\u0142ugi opieku\u0144cze &#8211; Jad\u0142odajnia &nbsp;(w okresie jesienno-zimowym ) adres j.w.&nbsp;od godz. 12,30 do wydania posi\u0142k\u00f3w &#8211; wydawanie \u017cywno\u015bci unijnej ( ul. Gietkowska 9E) w&nbsp;godz. 9-13 &nbsp;w dni ustalone po dostawach \u017cywno\u015bci &#8211; wydawanie [&hellip;]","og_url":"https:\/\/pkps.org.pl\/?page_id=164","og_site_name":"Polski Komitet Pomocy Spo\u0142ecznej","article_modified_time":"2017-10-19T09:28:01+00:00","twitter_card":"summary_large_image","twitter_misc":{"Szacowany czas czytania":"2 minuty"},"schema":{"@context":"https:\/\/schema.org","@graph":[{"@type":"WebPage","@id":"https:\/\/pkps.org.pl\/?page_id=164","url":"https:\/\/pkps.org.pl\/?page_id=164","name":"Warmi\u0144sko \u2013 Mazurski Zarz\u0105d Wojew\u00f3dzki - Polski Komitet Pomocy Spo\u0142ecznej","isPartOf":{"@id":"https:\/\/pkps.org.pl\/#website"},"datePublished":"2016-12-20T10:42:07+00:00","dateModified":"2017-10-19T09:28:01+00:00","breadcrumb":{"@id":"https:\/\/pkps.org.pl\/?page_id=164#breadcrumb"},"inLanguage":"pl-PL","potentialAction":[{"@type":"ReadAction","target":["https:\/\/pkps.org.pl\/?page_id=164"]}]},{"@type":"BreadcrumbList","@id":"https:\/\/pkps.org.pl\/?page_id=164#breadcrumb","itemListElement":[{"@type":"ListItem","position":1,"name":"Strona g\u0142\u00f3wna","item":"https:\/\/pkps.org.pl\/"},{"@type":"ListItem","position":2,"name":"Warmi\u0144sko \u2013 Mazurski Zarz\u0105d Wojew\u00f3dzki"}]},{"@type":"WebSite","@id":"https:\/\/pkps.org.pl\/#website","url":"https:\/\/pkps.org.pl\/","name":"Polski Komitet Pomocy Spo\u0142ecznej","description":"Strona Polskiego Komitetu Pomocy Spo\u0142ecznej","publisher":{"@id":"https:\/\/pkps.org.pl\/#organization"},"potentialAction":[{"@type":"SearchAction","target":{"@type":"EntryPoint","urlTemplate":"https:\/\/pkps.org.pl\/?s={search_term_string}"},"query-input":{"@type":"PropertyValueSpecification","valueRequired":true,"valueName":"search_term_string"}}],"inLanguage":"pl-PL"},{"@type":"Organization","@id":"https:\/\/pkps.org.pl\/#organization","name":"Polski Komitet Pomocy Spo\u0142ecznej","url":"https:\/\/pkps.org.pl\/","logo":{"@type":"ImageObject","inLanguage":"pl-PL","@id":"https:\/\/pkps.org.pl\/#\/schema\/logo\/image\/","url":"https:\/\/pkps.org.pl\/wp-content\/uploads\/2016\/12\/PKPS-Logo-1.jpg","contentUrl":"https:\/\/pkps.org.pl\/wp-content\/uploads\/2016\/12\/PKPS-Logo-1.jpg","width":299,"height":408,"caption":"Polski Komitet Pomocy Spo\u0142ecznej"},"image":{"@id":"https:\/\/pkps.org.pl\/#\/schema\/logo\/image\/"}}]}},"_links":{"self":[{"href":"https:\/\/pkps.org.pl\/index.php?rest_route=\/wp\/v2\/pages\/164","targetHints":{"allow":["GET"]}}],"collection":[{"href":"https:\/\/pkps.org.pl\/index.php?rest_route=\/wp\/v2\/pages"}],"about":[{"href":"https:\/\/pkps.org.pl\/index.php?rest_route=\/wp\/v2\/types\/page"}],"author":[{"embeddable":true,"href":"https:\/\/pkps.org.pl\/index.php?rest_route=\/wp\/v2\/users\/1"}],"replies":[{"embeddable":true,"href":"https:\/\/pkps.org.pl\/index.php?rest_route=%2Fwp%2Fv2%2Fcomments&post=164"}],"version-history":[{"count":0,"href":"https:\/\/pkps.org.pl\/index.php?rest_route=\/wp\/v2\/pages\/164\/revisions"}],"wp:attachment":[{"href":"https:\/\/pkps.org.pl\/index.php?rest_route=%2Fwp%2Fv2%2Fmedia&parent=164"}],"curies":[{"name":"wp","href":"https:\/\/api.w.org\/{rel}","templated":true}]}}