{"id":170,"date":"2016-12-20T10:43:43","date_gmt":"2016-12-20T10:43:43","guid":{"rendered":"http:\/\/klewiado1.home.pl\/autoinstalator\/wordpress\/?page_id=170"},"modified":"2017-10-19T09:46:27","modified_gmt":"2017-10-19T09:46:27","slug":"poznan","status":"publish","type":"page","link":"https:\/\/pkps.org.pl\/?page_id=170","title":{"rendered":"Wielkopolski Zarz\u0105d Wojew\u00f3dzki"},"content":{"rendered":"<p><strong>Wielkopolski Zarz\u0105d Wojew\u00f3dzki PKPS<\/strong><\/p>\n<p><strong>ul. Krasi\u0144skiego 3\/5<\/strong><\/p>\n<p><strong>60-830 Pozna\u0144<\/strong><\/p>\n<p><strong>tel: (61) 848 19 00; 848 11 76<\/strong><\/p>\n<p><i class=\"mdi mdi-web mdi-default\" style=\"color:black;\">&nbsp;<\/i>&nbsp;<a href=\"http:\/\/www.pkps-poznan.org.pl\">www.pkps-poznan.org.pl<\/a><\/p>\n<p><em>Plac\u00f3wki podleg\u0142e:<\/em><\/p>\n<p>&#8211; Zarz\u0105d Rejonowy PKPS <strong>Kalisz<\/strong>, 62-800 Kalisz ul. G\u00f3rno\u015bl\u0105ska 6<\/p>\n<p>&#8211;&nbsp;Zarz\u0105d Rejonowy PKPS <strong>Czarnk\u00f3w<\/strong>, 64-700 Czarnk\u00f3w ul. Plac Powsta\u0144c\u00f3w Wlkp. 2<\/p>\n<p>&#8211; Zarz\u0105d Rejonowy PKPS<strong> Rawicz<\/strong>, 63-900 Rawicz ul. Ignacego Buszy 5<\/p>\n<p>&#8211; Zarz\u0105d Powiatowy PKPS <strong>Gosty\u0144<\/strong>, 63-800 Gosty\u0144 ul. Przy Dworcu 15<\/p>\n<p>&#8211; Zarz\u0105d Powiatowy PKPS <strong>\u015arem<\/strong>, 63-100 \u015arem ul. Powsta\u0144c\u00f3w Wielkopolskich 7<\/p>\n<p>&#8211;&nbsp;Zarz\u0105d Powiatowy PKPS <strong>Turek<\/strong>, 62-700 Turek ul. Sobieskiego 9<\/p>\n<p>&#8211;&nbsp;Zarz\u0105d Miejsko-Gminny PKPS <strong>Grodzisk Wielkopolski<\/strong>, 62-065 Grodzisk ul. Powst. Chocieszy\u0144skich 23D<\/p>\n<p>&#8211;&nbsp;Zarz\u0105d Miejsko-Gminny PKPS &nbsp;<strong>K\u0142odawa<\/strong>, 62-650 K\u0142odawa ul. Wyszy\u0144skiego 44<\/p>\n<p>&#8211;&nbsp;Zarz\u0105d Miejsko-Gminny PKPS&nbsp;<strong>Kostrzy\u0144<\/strong>, 62-025 Kostrzyn ul. Pozna\u0144ska 20<\/p>\n<p>&#8211;&nbsp;Zarz\u0105d Miejsko-Gminny PKPS <strong>K\u00f3rnik<\/strong>, 62-035 K\u00f3rnik ul. Plac Niepodleg\u0142o\u015bci 1<\/p>\n<p>&#8211;&nbsp;Zarz\u0105d Miejsko-Gminny PKPS&nbsp;<strong>Nowe Miasto nad Wart\u0105<\/strong>, 63-040 Nowe Miasto nad Wart\u0105 ul. Jesionowa 2A<\/p>\n<p>&#8211; Zarz\u0105d Miejsko-Gminny PKPS <strong>Oborniki Wlkp.<\/strong>, 64-600 Oborniki Wlkp. Ul. J.Pi\u0142sudskiego 76<\/p>\n<p>&#8211; Zarz\u0105d Miejsko-Gminny PKPS <strong>Pobiedziska<\/strong>, 62-010 Pobiedziska ul. Ko\u015bciuszki 7<\/p>\n<p>&#8211; Zarz\u0105d Miejsko-Gminny PKPS <strong>Swarz\u0119dz<\/strong>, 62-020 Swarz\u0119dz ul. Ko\u015bciuszkowc\u00f3w 13<\/p>\n<p>&#8211; Zarz\u0105d Miejsko-Gminny PKPS <strong>Szamotu\u0142y<\/strong>, 64-500 Szamotu\u0142y ul. Rynek 35<\/p>\n<p>&#8211; Zarz\u0105d Miejsko-Gminny PKPS <strong>\u015aroda Wielkopolska<\/strong>, 63-000 \u015arodka Wielkopolska ul. Daszy\u0144skiego 5<\/p>\n<p>&#8211; Zarz\u0105d Miejsko-Gminny PKPS <strong>Wolsztyn<\/strong>, 64-200 Wolsztyn ul. 5-go Stycznia 3<\/p>\n<p>&#8211; Zarz\u0105d Miejsko-Gminny PKPS <strong>Krzy\u017c<\/strong>, 64-761 Krzy\u017c ul. Wojska Polskiego 11<\/p>\n<p>&#8211; Zarz\u0105d Miejsko-Gminny PKPS <strong>\u0141ob\u017cenica<\/strong>, 89-310 \u0141ob\u017cenica ul. Z\u0142otowska<\/p>\n<p>&#8211; Zarz\u0105d Miejsko-Gminny PKPS <strong>Wronki<\/strong>,&nbsp;64-510 Wronki ul. Powsta\u0144c\u00f3w Wlkp. 23<\/p>\n<p>&#8211; Zarz\u0105d Miejsko-Gminny&nbsp;<strong>Wyrzysk<\/strong>, 89-300 Wyrzysk ul. Targowisko 1<\/p>\n<p>&#8211; Zarz\u0105d Miejsko-Gminny PKPS <strong>Rawicz<\/strong>, 63-900 Rawicz ul. Ignacego Buszy 5<\/p>\n<p>&#8211; Zarz\u0105d Miejsko- Gminny PKPS <strong>Bojanowo<\/strong>, 63-940 Bojanowo ul. Rynek 12<\/p>\n<p>&#8211; Zarz\u0105d Miejsko-Gminny PKPS <strong>Kobylin<\/strong>, 63-740 Kobylin ul. Rynek 1<\/p>\n<p>&#8211; Zarz\u0105d Gminny PKPS <strong>Duszniki<\/strong> , 61-541 Pozna\u0144 ul. Przemys\u0142owa 45<\/p>\n<p>&#8211; Zarz\u0105d Gminny PKPS <strong>Granowo<\/strong>, 62-066 Granowo ul. Pozna\u0144ska 17<\/p>\n<p>&#8211; Zarz\u0105d Gminny PKPS <strong>Kiszkowo<\/strong>, 62-280 Kiszkowo ul. Szkolna 2<\/p>\n<p>&#8211; Zarz\u0105d Gminny PKPS <strong>K\u0142ecko<\/strong>, 62-270 K\u0142ecko ul. Dworcowa 14<\/p>\n<p>&#8211; Zarz\u0105d Gminny PKPS&nbsp;<strong>Kwilcz<\/strong>, 64-420 Kwilcz ul. K. Wyszy\u0144skiego 23<\/p>\n<p>&#8211; Zarz\u0105d Gminny PKPS <strong>\u0141ubowie<\/strong>, 62-260 \u0141ubowo 1<\/p>\n<p>&#8211; Zarz\u0105d Gminny PKPS <strong>Mie\u015bcisku<\/strong>, 62-290 Mie\u015bcisko ul. Pl. Powsta\u0144c\u00f3w Wlkp. 13<\/p>\n<p>&#8211; Zarz\u0105d Gminny PKPS <strong>Sierakow<\/strong>, 64-410 Sierak\u00f3w ul. 8 Stycznia 38<\/p>\n<p>&#8211; Zarz\u0105d Gminny PKPS <strong>Tarnow Podg\u00f3rny<\/strong>, 62-080 Tarnowo Podg\u00f3rne ul. Pozna\u0144ska 15<\/p>\n<p>&#8211; Zarz\u0105d Gminny PKPS <strong>Jutrosin<\/strong>, 63-930 Jutrosin ul. Rynek 26<\/p>\n<p>&#8211; Zarz\u0105d Gminny PKPS <strong>Pakos\u0142aw<\/strong>, 63-920 Pakos\u0142aw ul. Kolejowa 2<\/p>\n<p>&#8211; Zarz\u0105d Gminny PKPS<strong> P\u0119powo<\/strong>, 63-830 P\u0119powo ul. Nadstawek 6<\/p>\n<p>&#8211; Zarz\u0105d Gminny PKPS <strong>Blizan\u00f3w<\/strong>, 62-814 Blizan\u00f3w.<\/p>\n<p>&#8211; Zarz\u0105d Gminny PKPS <strong>Brzeziny<\/strong>, 62-874 Brzeziny ul. 1000-lecia 8\/4<\/p>\n<p>&#8211; Zarz\u0105d Gminny PKPS <strong>Doruch\u00f3w<\/strong>, 63-505 Doruch\u00f3w ul. K\u0119pi\u0144ska 13<\/p>\n<p>&#8211; Zarz\u0105d Gminny PKPS <strong>Go\u0142uch\u00f3w<\/strong>, 63-322 Go\u0142uch\u00f3w ul. Lipowa 1<\/p>\n<p>&#8211; Zarz\u0105d Gminny PKPS <strong>Jaraczewo<\/strong>, 63-233 Jaraczewo ul. Jaroci\u0144ska 1<\/p>\n<p>&#8211; Zarz\u0105d Gminny PKPS<strong> Ko\u017aminek<\/strong>, 62-840 Ko\u017aminek ul. Ko\u015bciuszki 7<\/p>\n<p>&#8211; Zarz\u0105d Gminny PKPS <strong>Lisk\u00f3w<\/strong>, 62-850 Lisk\u00f3w ul. Ks. Blizi\u0144skiego 56<\/p>\n<p>&#8211; Zarz\u0105d Gminny PKPS <strong>Opat\u00f3wek<\/strong>, 62-860 Opat\u00f3wek ul. Plac Wolno\u015bci 14<\/p>\n<p>&#8211; Zarz\u0105d Gminny PKPS <strong>Perz\u00f3w<\/strong>, 63-642 Perz\u00f3w<\/p>\n<p>&#8211; Zarz\u0105d Gminny PKPS <strong>Szczytniki<\/strong>, 62-812 Szczytniki<\/p>\n<p>&#8211; Zarz\u0105d Miejski PKPS <strong>Chodzie\u017c<\/strong>, 64-800 Chodzie\u017c ul. Korfantego 9W<\/p>\n<p>&#8211; Zarz\u0105d Miejski PKPS <strong>Ko\u015bcian<\/strong>, 64-000 Ko\u015bcian ul. Wa\u0142y \u017begockiego 2<\/p>\n<p>&#8211; Zarz\u0105d Miejski PKPS <strong>Leszno<\/strong>, 64-100 Leszno ul. Narutowicza 6<\/p>\n<p>&#8211; Zarz\u0105d Dzielnicowy PKPS <strong>Pozna\u0144-Grunwald<\/strong>, 60- 785 Pozna\u0144, ul. Grunwaldzka 24<\/p>\n<p>&#8211; Zarz\u0105d Dzielnicowy PKPS <strong>Pozna\u0144-Je\u017cyce<\/strong>, 60-785 Pozna\u0144, ul. Grunwaldzka 24<\/p>\n<p>&#8211; Zarz\u0105d Dzielnicowy PKPS <strong>Pozna\u0144-Nowe Miasto<\/strong>, 61-218 Pozna\u0144, Os. Jagiello\u0144skie 83<\/p>\n<p>&#8211;&nbsp;Zarz\u0105d Dzielnicowy PKPS <strong>Pozna\u0144-Stare Miasto<\/strong>, 61-774 Pozna\u0144, ul. Wielka 1<\/p>\n<p>&#8211; Zarz\u0105d Dzielnicowy PKPS <strong>Pozna\u0144-Wilda<\/strong>, 61-541 Pozna\u0144 ul. Przemys\u0142owa 45<\/p>\n","protected":false},"excerpt":{"rendered":"<p>Wielkopolski Zarz\u0105d Wojew\u00f3dzki PKPS ul. Krasi\u0144skiego 3\/5 60-830 Pozna\u0144 tel: (61) 848 19 00; 848 11 76 &nbsp;www.pkps-poznan.org.pl Plac\u00f3wki podleg\u0142e: &#8211; Zarz\u0105d Rejonowy PKPS Kalisz, 62-800 Kalisz ul. G\u00f3rno\u015bl\u0105ska 6 &#8211;&nbsp;Zarz\u0105d Rejonowy PKPS Czarnk\u00f3w, 64-700 Czarnk\u00f3w ul. Plac Powsta\u0144c\u00f3w Wlkp. 2 &#8211; Zarz\u0105d Rejonowy PKPS Rawicz, 63-900 Rawicz ul. Ignacego Buszy 5 &#8211; Zarz\u0105d Powiatowy [&hellip;]<\/p>\n","protected":false},"author":1,"featured_media":0,"parent":0,"menu_order":0,"comment_status":"closed","ping_status":"closed","template":"","meta":{"footnotes":"","_links_to":"","_links_to_target":""},"class_list":["post-170","page","type-page","status-publish","hentry"],"yoast_head":"<!-- This site is optimized with the Yoast SEO plugin v27.4 - https:\/\/yoast.com\/product\/yoast-seo-wordpress\/ -->\n<title>Wielkopolski Zarz\u0105d Wojew\u00f3dzki - Polski Komitet Pomocy Spo\u0142ecznej<\/title>\n<meta name=\"robots\" content=\"index, follow, max-snippet:-1, max-image-preview:large, max-video-preview:-1\" \/>\n<link rel=\"canonical\" href=\"https:\/\/pkps.org.pl\/?page_id=170\" \/>\n<meta property=\"og:locale\" content=\"pl_PL\" \/>\n<meta property=\"og:type\" content=\"article\" \/>\n<meta property=\"og:title\" content=\"Wielkopolski Zarz\u0105d Wojew\u00f3dzki - Polski Komitet Pomocy Spo\u0142ecznej\" \/>\n<meta property=\"og:description\" content=\"Wielkopolski Zarz\u0105d Wojew\u00f3dzki PKPS ul. Krasi\u0144skiego 3\/5 60-830 Pozna\u0144 tel: (61) 848 19 00; 848 11 76 &nbsp;www.pkps-poznan.org.pl Plac\u00f3wki podleg\u0142e: &#8211; Zarz\u0105d Rejonowy PKPS Kalisz, 62-800 Kalisz ul. G\u00f3rno\u015bl\u0105ska 6 &#8211;&nbsp;Zarz\u0105d Rejonowy PKPS Czarnk\u00f3w, 64-700 Czarnk\u00f3w ul. Plac Powsta\u0144c\u00f3w Wlkp. 2 &#8211; Zarz\u0105d Rejonowy PKPS Rawicz, 63-900 Rawicz ul. Ignacego Buszy 5 &#8211; Zarz\u0105d Powiatowy [&hellip;]\" \/>\n<meta property=\"og:url\" content=\"https:\/\/pkps.org.pl\/?page_id=170\" \/>\n<meta property=\"og:site_name\" content=\"Polski Komitet Pomocy Spo\u0142ecznej\" \/>\n<meta property=\"article:modified_time\" content=\"2017-10-19T09:46:27+00:00\" \/>\n<meta name=\"twitter:card\" content=\"summary_large_image\" \/>\n<meta name=\"twitter:label1\" content=\"Szacowany czas czytania\" \/>\n\t<meta name=\"twitter:data1\" content=\"3 minuty\" \/>\n<script type=\"application\/ld+json\" class=\"yoast-schema-graph\">{\"@context\":\"https:\\\/\\\/schema.org\",\"@graph\":[{\"@type\":\"WebPage\",\"@id\":\"https:\\\/\\\/pkps.org.pl\\\/?page_id=170\",\"url\":\"https:\\\/\\\/pkps.org.pl\\\/?page_id=170\",\"name\":\"Wielkopolski Zarz\u0105d Wojew\u00f3dzki - Polski Komitet Pomocy Spo\u0142ecznej\",\"isPartOf\":{\"@id\":\"https:\\\/\\\/pkps.org.pl\\\/#website\"},\"datePublished\":\"2016-12-20T10:43:43+00:00\",\"dateModified\":\"2017-10-19T09:46:27+00:00\",\"breadcrumb\":{\"@id\":\"https:\\\/\\\/pkps.org.pl\\\/?page_id=170#breadcrumb\"},\"inLanguage\":\"pl-PL\",\"potentialAction\":[{\"@type\":\"ReadAction\",\"target\":[\"https:\\\/\\\/pkps.org.pl\\\/?page_id=170\"]}]},{\"@type\":\"BreadcrumbList\",\"@id\":\"https:\\\/\\\/pkps.org.pl\\\/?page_id=170#breadcrumb\",\"itemListElement\":[{\"@type\":\"ListItem\",\"position\":1,\"name\":\"Strona g\u0142\u00f3wna\",\"item\":\"https:\\\/\\\/pkps.org.pl\\\/\"},{\"@type\":\"ListItem\",\"position\":2,\"name\":\"Wielkopolski Zarz\u0105d Wojew\u00f3dzki\"}]},{\"@type\":\"WebSite\",\"@id\":\"https:\\\/\\\/pkps.org.pl\\\/#website\",\"url\":\"https:\\\/\\\/pkps.org.pl\\\/\",\"name\":\"Polski Komitet Pomocy Spo\u0142ecznej\",\"description\":\"Strona Polskiego Komitetu Pomocy Spo\u0142ecznej\",\"publisher\":{\"@id\":\"https:\\\/\\\/pkps.org.pl\\\/#organization\"},\"potentialAction\":[{\"@type\":\"SearchAction\",\"target\":{\"@type\":\"EntryPoint\",\"urlTemplate\":\"https:\\\/\\\/pkps.org.pl\\\/?s={search_term_string}\"},\"query-input\":{\"@type\":\"PropertyValueSpecification\",\"valueRequired\":true,\"valueName\":\"search_term_string\"}}],\"inLanguage\":\"pl-PL\"},{\"@type\":\"Organization\",\"@id\":\"https:\\\/\\\/pkps.org.pl\\\/#organization\",\"name\":\"Polski Komitet Pomocy Spo\u0142ecznej\",\"url\":\"https:\\\/\\\/pkps.org.pl\\\/\",\"logo\":{\"@type\":\"ImageObject\",\"inLanguage\":\"pl-PL\",\"@id\":\"https:\\\/\\\/pkps.org.pl\\\/#\\\/schema\\\/logo\\\/image\\\/\",\"url\":\"https:\\\/\\\/pkps.org.pl\\\/wp-content\\\/uploads\\\/2016\\\/12\\\/PKPS-Logo-1.jpg\",\"contentUrl\":\"https:\\\/\\\/pkps.org.pl\\\/wp-content\\\/uploads\\\/2016\\\/12\\\/PKPS-Logo-1.jpg\",\"width\":299,\"height\":408,\"caption\":\"Polski Komitet Pomocy Spo\u0142ecznej\"},\"image\":{\"@id\":\"https:\\\/\\\/pkps.org.pl\\\/#\\\/schema\\\/logo\\\/image\\\/\"}}]}<\/script>\n<!-- \/ Yoast SEO plugin. -->","yoast_head_json":{"title":"Wielkopolski Zarz\u0105d Wojew\u00f3dzki - Polski Komitet Pomocy Spo\u0142ecznej","robots":{"index":"index","follow":"follow","max-snippet":"max-snippet:-1","max-image-preview":"max-image-preview:large","max-video-preview":"max-video-preview:-1"},"canonical":"https:\/\/pkps.org.pl\/?page_id=170","og_locale":"pl_PL","og_type":"article","og_title":"Wielkopolski Zarz\u0105d Wojew\u00f3dzki - Polski Komitet Pomocy Spo\u0142ecznej","og_description":"Wielkopolski Zarz\u0105d Wojew\u00f3dzki PKPS ul. Krasi\u0144skiego 3\/5 60-830 Pozna\u0144 tel: (61) 848 19 00; 848 11 76 &nbsp;www.pkps-poznan.org.pl Plac\u00f3wki podleg\u0142e: &#8211; Zarz\u0105d Rejonowy PKPS Kalisz, 62-800 Kalisz ul. G\u00f3rno\u015bl\u0105ska 6 &#8211;&nbsp;Zarz\u0105d Rejonowy PKPS Czarnk\u00f3w, 64-700 Czarnk\u00f3w ul. Plac Powsta\u0144c\u00f3w Wlkp. 2 &#8211; Zarz\u0105d Rejonowy PKPS Rawicz, 63-900 Rawicz ul. Ignacego Buszy 5 &#8211; Zarz\u0105d Powiatowy [&hellip;]","og_url":"https:\/\/pkps.org.pl\/?page_id=170","og_site_name":"Polski Komitet Pomocy Spo\u0142ecznej","article_modified_time":"2017-10-19T09:46:27+00:00","twitter_card":"summary_large_image","twitter_misc":{"Szacowany czas czytania":"3 minuty"},"schema":{"@context":"https:\/\/schema.org","@graph":[{"@type":"WebPage","@id":"https:\/\/pkps.org.pl\/?page_id=170","url":"https:\/\/pkps.org.pl\/?page_id=170","name":"Wielkopolski Zarz\u0105d Wojew\u00f3dzki - Polski Komitet Pomocy Spo\u0142ecznej","isPartOf":{"@id":"https:\/\/pkps.org.pl\/#website"},"datePublished":"2016-12-20T10:43:43+00:00","dateModified":"2017-10-19T09:46:27+00:00","breadcrumb":{"@id":"https:\/\/pkps.org.pl\/?page_id=170#breadcrumb"},"inLanguage":"pl-PL","potentialAction":[{"@type":"ReadAction","target":["https:\/\/pkps.org.pl\/?page_id=170"]}]},{"@type":"BreadcrumbList","@id":"https:\/\/pkps.org.pl\/?page_id=170#breadcrumb","itemListElement":[{"@type":"ListItem","position":1,"name":"Strona g\u0142\u00f3wna","item":"https:\/\/pkps.org.pl\/"},{"@type":"ListItem","position":2,"name":"Wielkopolski Zarz\u0105d Wojew\u00f3dzki"}]},{"@type":"WebSite","@id":"https:\/\/pkps.org.pl\/#website","url":"https:\/\/pkps.org.pl\/","name":"Polski Komitet Pomocy Spo\u0142ecznej","description":"Strona Polskiego Komitetu Pomocy Spo\u0142ecznej","publisher":{"@id":"https:\/\/pkps.org.pl\/#organization"},"potentialAction":[{"@type":"SearchAction","target":{"@type":"EntryPoint","urlTemplate":"https:\/\/pkps.org.pl\/?s={search_term_string}"},"query-input":{"@type":"PropertyValueSpecification","valueRequired":true,"valueName":"search_term_string"}}],"inLanguage":"pl-PL"},{"@type":"Organization","@id":"https:\/\/pkps.org.pl\/#organization","name":"Polski Komitet Pomocy Spo\u0142ecznej","url":"https:\/\/pkps.org.pl\/","logo":{"@type":"ImageObject","inLanguage":"pl-PL","@id":"https:\/\/pkps.org.pl\/#\/schema\/logo\/image\/","url":"https:\/\/pkps.org.pl\/wp-content\/uploads\/2016\/12\/PKPS-Logo-1.jpg","contentUrl":"https:\/\/pkps.org.pl\/wp-content\/uploads\/2016\/12\/PKPS-Logo-1.jpg","width":299,"height":408,"caption":"Polski Komitet Pomocy Spo\u0142ecznej"},"image":{"@id":"https:\/\/pkps.org.pl\/#\/schema\/logo\/image\/"}}]}},"_links":{"self":[{"href":"https:\/\/pkps.org.pl\/index.php?rest_route=\/wp\/v2\/pages\/170","targetHints":{"allow":["GET"]}}],"collection":[{"href":"https:\/\/pkps.org.pl\/index.php?rest_route=\/wp\/v2\/pages"}],"about":[{"href":"https:\/\/pkps.org.pl\/index.php?rest_route=\/wp\/v2\/types\/page"}],"author":[{"embeddable":true,"href":"https:\/\/pkps.org.pl\/index.php?rest_route=\/wp\/v2\/users\/1"}],"replies":[{"embeddable":true,"href":"https:\/\/pkps.org.pl\/index.php?rest_route=%2Fwp%2Fv2%2Fcomments&post=170"}],"version-history":[{"count":0,"href":"https:\/\/pkps.org.pl\/index.php?rest_route=\/wp\/v2\/pages\/170\/revisions"}],"wp:attachment":[{"href":"https:\/\/pkps.org.pl\/index.php?rest_route=%2Fwp%2Fv2%2Fmedia&parent=170"}],"curies":[{"name":"wp","href":"https:\/\/api.w.org\/{rel}","templated":true}]}}