{"id":173,"date":"2016-12-20T10:44:01","date_gmt":"2016-12-20T10:44:01","guid":{"rendered":"http:\/\/klewiado1.home.pl\/autoinstalator\/wordpress\/?page_id=173"},"modified":"2016-12-22T12:53:13","modified_gmt":"2016-12-22T12:53:13","slug":"przemysl","status":"publish","type":"page","link":"https:\/\/pkps.org.pl\/?page_id=173","title":{"rendered":"Przemy\u015bl"},"content":{"rendered":"<div id=\"mainbody\">\n<div class=\"item-page\">\n<p><strong>Zarz\u0105d Okr\u0119gowy PKPS<\/strong><\/p>\n<p><strong>ul. S\u0142owackiego 23<\/strong><\/p>\n<p><strong>37 &#8211; 700 Przemy\u015bl<\/strong><\/p>\n<p><strong>tel\/fax: (16) 678 60 08<\/strong><\/p>\n<p><i class=\"mdi mdi-web mdi-default\" style=\"color:black;\">&nbsp;<\/i>\u00a0<a href=\"http:\/\/www.pkpsprzemysl.pl\">www.pkpsprzemysl.pl<\/a><\/p>\n<p><em>\u00a0Plac\u00f3wki podleg\u0142e:<\/em><\/p>\n<p>&#8211; Zarz\u0105d Miejsko-Gminny PKPS<strong> \u0141a\u0144cut<\/strong>, 37-100 \u00a0\u0141a\u0144cut, ul. J. Pi\u0142sudskiego 70\/4, \u00a0tel. 17 225 57 70<\/p>\n<p>&#8211; Zarz\u0105d Gminny PKPS <strong>Le\u017cajsk<\/strong>, 37-300 Le\u017cajsk, ul. Sp\u00f3\u0142dzielcza \u00a08, \u00a017 242 6141 wew.25<\/p>\n<p>&#8211; Zarz\u0105d Gminny PKPS <strong>Przemy\u015bl<\/strong>, 37-700 Przemy\u015bl, ul. Borelowskiego 1<\/p>\n<p>&#8211; Zarz\u0105d Miejski PKPS <strong>Jaros\u0142aw<\/strong>, 37-500 Jaros\u0142aw, ul. Poniatowskiego 53, tel. 16 623-29-14<\/p>\n<\/div>\n<\/div>\n","protected":false},"excerpt":{"rendered":"<p>Zarz\u0105d Okr\u0119gowy PKPS ul. S\u0142owackiego 23 37 &#8211; 700 Przemy\u015bl tel\/fax: (16) 678 60 08 \u00a0www.pkpsprzemysl.pl \u00a0Plac\u00f3wki podleg\u0142e: &#8211; Zarz\u0105d Miejsko-Gminny PKPS \u0141a\u0144cut, 37-100 \u00a0\u0141a\u0144cut, ul. J. Pi\u0142sudskiego 70\/4, \u00a0tel. 17 225 57 70 &#8211; Zarz\u0105d Gminny PKPS Le\u017cajsk, 37-300 Le\u017cajsk, ul. Sp\u00f3\u0142dzielcza \u00a08, \u00a017 242 6141 wew.25 &#8211; Zarz\u0105d Gminny PKPS Przemy\u015bl, 37-700 Przemy\u015bl, [&hellip;]<\/p>\n","protected":false},"author":1,"featured_media":0,"parent":0,"menu_order":0,"comment_status":"closed","ping_status":"closed","template":"","meta":{"footnotes":"","_links_to":"","_links_to_target":""},"class_list":["post-173","page","type-page","status-publish","hentry"],"yoast_head":"<!-- This site is optimized with the Yoast SEO plugin v27.4 - https:\/\/yoast.com\/product\/yoast-seo-wordpress\/ -->\n<title>Przemy\u015bl - Polski Komitet Pomocy Spo\u0142ecznej<\/title>\n<meta name=\"robots\" content=\"index, follow, max-snippet:-1, max-image-preview:large, max-video-preview:-1\" \/>\n<link rel=\"canonical\" href=\"https:\/\/pkps.org.pl\/?page_id=173\" \/>\n<meta property=\"og:locale\" content=\"pl_PL\" \/>\n<meta property=\"og:type\" content=\"article\" \/>\n<meta property=\"og:title\" content=\"Przemy\u015bl - Polski Komitet Pomocy Spo\u0142ecznej\" \/>\n<meta property=\"og:description\" content=\"Zarz\u0105d Okr\u0119gowy PKPS ul. S\u0142owackiego 23 37 &#8211; 700 Przemy\u015bl tel\/fax: (16) 678 60 08 \u00a0www.pkpsprzemysl.pl \u00a0Plac\u00f3wki podleg\u0142e: &#8211; Zarz\u0105d Miejsko-Gminny PKPS \u0141a\u0144cut, 37-100 \u00a0\u0141a\u0144cut, ul. J. Pi\u0142sudskiego 70\/4, \u00a0tel. 17 225 57 70 &#8211; Zarz\u0105d Gminny PKPS Le\u017cajsk, 37-300 Le\u017cajsk, ul. Sp\u00f3\u0142dzielcza \u00a08, \u00a017 242 6141 wew.25 &#8211; Zarz\u0105d Gminny PKPS Przemy\u015bl, 37-700 Przemy\u015bl, [&hellip;]\" \/>\n<meta property=\"og:url\" content=\"https:\/\/pkps.org.pl\/?page_id=173\" \/>\n<meta property=\"og:site_name\" content=\"Polski Komitet Pomocy Spo\u0142ecznej\" \/>\n<meta property=\"article:modified_time\" content=\"2016-12-22T12:53:13+00:00\" \/>\n<meta name=\"twitter:card\" content=\"summary_large_image\" \/>\n<script type=\"application\/ld+json\" class=\"yoast-schema-graph\">{\"@context\":\"https:\\\/\\\/schema.org\",\"@graph\":[{\"@type\":\"WebPage\",\"@id\":\"https:\\\/\\\/pkps.org.pl\\\/?page_id=173\",\"url\":\"https:\\\/\\\/pkps.org.pl\\\/?page_id=173\",\"name\":\"Przemy\u015bl - Polski Komitet Pomocy Spo\u0142ecznej\",\"isPartOf\":{\"@id\":\"https:\\\/\\\/pkps.org.pl\\\/#website\"},\"datePublished\":\"2016-12-20T10:44:01+00:00\",\"dateModified\":\"2016-12-22T12:53:13+00:00\",\"breadcrumb\":{\"@id\":\"https:\\\/\\\/pkps.org.pl\\\/?page_id=173#breadcrumb\"},\"inLanguage\":\"pl-PL\",\"potentialAction\":[{\"@type\":\"ReadAction\",\"target\":[\"https:\\\/\\\/pkps.org.pl\\\/?page_id=173\"]}]},{\"@type\":\"BreadcrumbList\",\"@id\":\"https:\\\/\\\/pkps.org.pl\\\/?page_id=173#breadcrumb\",\"itemListElement\":[{\"@type\":\"ListItem\",\"position\":1,\"name\":\"Strona g\u0142\u00f3wna\",\"item\":\"https:\\\/\\\/pkps.org.pl\\\/\"},{\"@type\":\"ListItem\",\"position\":2,\"name\":\"Przemy\u015bl\"}]},{\"@type\":\"WebSite\",\"@id\":\"https:\\\/\\\/pkps.org.pl\\\/#website\",\"url\":\"https:\\\/\\\/pkps.org.pl\\\/\",\"name\":\"Polski Komitet Pomocy Spo\u0142ecznej\",\"description\":\"Strona Polskiego Komitetu Pomocy Spo\u0142ecznej\",\"publisher\":{\"@id\":\"https:\\\/\\\/pkps.org.pl\\\/#organization\"},\"potentialAction\":[{\"@type\":\"SearchAction\",\"target\":{\"@type\":\"EntryPoint\",\"urlTemplate\":\"https:\\\/\\\/pkps.org.pl\\\/?s={search_term_string}\"},\"query-input\":{\"@type\":\"PropertyValueSpecification\",\"valueRequired\":true,\"valueName\":\"search_term_string\"}}],\"inLanguage\":\"pl-PL\"},{\"@type\":\"Organization\",\"@id\":\"https:\\\/\\\/pkps.org.pl\\\/#organization\",\"name\":\"Polski Komitet Pomocy Spo\u0142ecznej\",\"url\":\"https:\\\/\\\/pkps.org.pl\\\/\",\"logo\":{\"@type\":\"ImageObject\",\"inLanguage\":\"pl-PL\",\"@id\":\"https:\\\/\\\/pkps.org.pl\\\/#\\\/schema\\\/logo\\\/image\\\/\",\"url\":\"https:\\\/\\\/pkps.org.pl\\\/wp-content\\\/uploads\\\/2016\\\/12\\\/PKPS-Logo-1.jpg\",\"contentUrl\":\"https:\\\/\\\/pkps.org.pl\\\/wp-content\\\/uploads\\\/2016\\\/12\\\/PKPS-Logo-1.jpg\",\"width\":299,\"height\":408,\"caption\":\"Polski Komitet Pomocy Spo\u0142ecznej\"},\"image\":{\"@id\":\"https:\\\/\\\/pkps.org.pl\\\/#\\\/schema\\\/logo\\\/image\\\/\"}}]}<\/script>\n<!-- \/ Yoast SEO plugin. -->","yoast_head_json":{"title":"Przemy\u015bl - Polski Komitet Pomocy Spo\u0142ecznej","robots":{"index":"index","follow":"follow","max-snippet":"max-snippet:-1","max-image-preview":"max-image-preview:large","max-video-preview":"max-video-preview:-1"},"canonical":"https:\/\/pkps.org.pl\/?page_id=173","og_locale":"pl_PL","og_type":"article","og_title":"Przemy\u015bl - Polski Komitet Pomocy Spo\u0142ecznej","og_description":"Zarz\u0105d Okr\u0119gowy PKPS ul. S\u0142owackiego 23 37 &#8211; 700 Przemy\u015bl tel\/fax: (16) 678 60 08 \u00a0www.pkpsprzemysl.pl \u00a0Plac\u00f3wki podleg\u0142e: &#8211; Zarz\u0105d Miejsko-Gminny PKPS \u0141a\u0144cut, 37-100 \u00a0\u0141a\u0144cut, ul. J. Pi\u0142sudskiego 70\/4, \u00a0tel. 17 225 57 70 &#8211; Zarz\u0105d Gminny PKPS Le\u017cajsk, 37-300 Le\u017cajsk, ul. Sp\u00f3\u0142dzielcza \u00a08, \u00a017 242 6141 wew.25 &#8211; Zarz\u0105d Gminny PKPS Przemy\u015bl, 37-700 Przemy\u015bl, [&hellip;]","og_url":"https:\/\/pkps.org.pl\/?page_id=173","og_site_name":"Polski Komitet Pomocy Spo\u0142ecznej","article_modified_time":"2016-12-22T12:53:13+00:00","twitter_card":"summary_large_image","schema":{"@context":"https:\/\/schema.org","@graph":[{"@type":"WebPage","@id":"https:\/\/pkps.org.pl\/?page_id=173","url":"https:\/\/pkps.org.pl\/?page_id=173","name":"Przemy\u015bl - Polski Komitet Pomocy Spo\u0142ecznej","isPartOf":{"@id":"https:\/\/pkps.org.pl\/#website"},"datePublished":"2016-12-20T10:44:01+00:00","dateModified":"2016-12-22T12:53:13+00:00","breadcrumb":{"@id":"https:\/\/pkps.org.pl\/?page_id=173#breadcrumb"},"inLanguage":"pl-PL","potentialAction":[{"@type":"ReadAction","target":["https:\/\/pkps.org.pl\/?page_id=173"]}]},{"@type":"BreadcrumbList","@id":"https:\/\/pkps.org.pl\/?page_id=173#breadcrumb","itemListElement":[{"@type":"ListItem","position":1,"name":"Strona g\u0142\u00f3wna","item":"https:\/\/pkps.org.pl\/"},{"@type":"ListItem","position":2,"name":"Przemy\u015bl"}]},{"@type":"WebSite","@id":"https:\/\/pkps.org.pl\/#website","url":"https:\/\/pkps.org.pl\/","name":"Polski Komitet Pomocy Spo\u0142ecznej","description":"Strona Polskiego Komitetu Pomocy Spo\u0142ecznej","publisher":{"@id":"https:\/\/pkps.org.pl\/#organization"},"potentialAction":[{"@type":"SearchAction","target":{"@type":"EntryPoint","urlTemplate":"https:\/\/pkps.org.pl\/?s={search_term_string}"},"query-input":{"@type":"PropertyValueSpecification","valueRequired":true,"valueName":"search_term_string"}}],"inLanguage":"pl-PL"},{"@type":"Organization","@id":"https:\/\/pkps.org.pl\/#organization","name":"Polski Komitet Pomocy Spo\u0142ecznej","url":"https:\/\/pkps.org.pl\/","logo":{"@type":"ImageObject","inLanguage":"pl-PL","@id":"https:\/\/pkps.org.pl\/#\/schema\/logo\/image\/","url":"https:\/\/pkps.org.pl\/wp-content\/uploads\/2016\/12\/PKPS-Logo-1.jpg","contentUrl":"https:\/\/pkps.org.pl\/wp-content\/uploads\/2016\/12\/PKPS-Logo-1.jpg","width":299,"height":408,"caption":"Polski Komitet Pomocy Spo\u0142ecznej"},"image":{"@id":"https:\/\/pkps.org.pl\/#\/schema\/logo\/image\/"}}]}},"_links":{"self":[{"href":"https:\/\/pkps.org.pl\/index.php?rest_route=\/wp\/v2\/pages\/173","targetHints":{"allow":["GET"]}}],"collection":[{"href":"https:\/\/pkps.org.pl\/index.php?rest_route=\/wp\/v2\/pages"}],"about":[{"href":"https:\/\/pkps.org.pl\/index.php?rest_route=\/wp\/v2\/types\/page"}],"author":[{"embeddable":true,"href":"https:\/\/pkps.org.pl\/index.php?rest_route=\/wp\/v2\/users\/1"}],"replies":[{"embeddable":true,"href":"https:\/\/pkps.org.pl\/index.php?rest_route=%2Fwp%2Fv2%2Fcomments&post=173"}],"version-history":[{"count":0,"href":"https:\/\/pkps.org.pl\/index.php?rest_route=\/wp\/v2\/pages\/173\/revisions"}],"wp:attachment":[{"href":"https:\/\/pkps.org.pl\/index.php?rest_route=%2Fwp%2Fv2%2Fmedia&parent=173"}],"curies":[{"name":"wp","href":"https:\/\/api.w.org\/{rel}","templated":true}]}}