{"id":1822,"date":"2022-06-13T12:22:16","date_gmt":"2022-06-13T12:22:16","guid":{"rendered":"https:\/\/pkps.org.pl\/?page_id=1822"},"modified":"2024-02-16T14:35:30","modified_gmt":"2024-02-16T14:35:30","slug":"1822-2","status":"publish","type":"page","link":"https:\/\/pkps.org.pl\/?page_id=1822","title":{"rendered":"\u201eNOWA PERSPEKTYWA\u201d."},"content":{"rendered":"\n<div><iframe src=\"https:\/\/maps.google.com\/maps?q=52.1451506266742%2C+20.662812170626704&amp;z=12&amp;t=m&amp;output=embed\" style=\"border:0;height:300px;width:100%\"><\/iframe><\/div>\n\n\n<p style=\"font-weight: 400;\"><strong>Rada Naczelna Polskiego Komitetu Pomocy Spo\u0142ecznej\u00a0<\/strong><strong>uruchamia kolejny projekt w Milan\u00f3wku pn. \u201eNOWA PERSPEKTYWA<\/strong>\u201d.<\/p>\n<p><a href=\"https:\/\/pkps.org.pl\/wp-content\/uploads\/2023\/02\/ulotka-A5.pdf\">ulotka &#8211; plik pdf<\/a><br \/><a href=\"https:\/\/pkps.org.pl\/wp-content\/uploads\/2023\/02\/plakat-A3.pdf\">plakat &#8211; plik pdf<\/a><\/p>\n<p style=\"font-weight: 400;\"><a href=\"https:\/\/pkps.org.pl\/wp-content\/uploads\/2023\/03\/NOWA-PERSPEKTYWA.pdf\"><strong>POMOC PSYCHOLOGICZNA\u00a0<\/strong><strong>GRUPY WSPARCIA \u00a0<\/strong><strong>KONSULTACJE ONLINE<\/strong><\/a><\/p>\n<p style=\"font-weight: 400;\">Realizacja projektu \u00a0to szansa\u00a0 dla doros\u0142ych os\u00f3b niepe\u0142nosprawnych z terenu powiatu grodziskiego i pruszkowskiego oraz cz\u0142onk\u00f3w ich rodzin.<\/p>\n<p><blockquote class=\"wp-embedded-content\" data-secret=\"2F3PxFfN0o\"><a href=\"https:\/\/pkps.org.pl\/?page_id=2285\">FOTORELACJA -kontrola projektu &#8220;Nowa Perspektywa&#8221;<\/a><\/blockquote><iframe class=\"wp-embedded-content\" sandbox=\"allow-scripts\" security=\"restricted\" style=\"position: absolute; visibility: hidden;\" title=\"&#8222;FOTORELACJA -kontrola projektu &#8220;Nowa Perspektywa&#8221;&#8221; &#8212; Polski Komitet Pomocy Spo\u0142ecznej\" src=\"https:\/\/pkps.org.pl\/?page_id=2285&#038;embed=true#?secret=N0tdMIulXn#?secret=2F3PxFfN0o\" data-secret=\"2F3PxFfN0o\" width=\"600\" height=\"338\" frameborder=\"0\" marginwidth=\"0\" marginheight=\"0\" scrolling=\"no\"><\/iframe><\/p>\n<p>\u00a0<\/p>\n<p style=\"font-weight: 400;\"><strong>Projekt jest finansowany ze \u015brodk\u00f3w z bud\u017cetu wojew\u00f3dztwa mazowieckiego <\/strong><strong>w okresie od 23 maja 2022 do 30 listopada 2024r.<\/strong><\/p>\n<p style=\"font-weight: 400;\">Celem g\u0142\u00f3wnym zadania publicznego pt. &#8221; Nowa perspektywa &#8221; jest wyr\u00f3wnywanie szans os\u00f3b niepe\u0142nosprawnych, w tym os\u00f3b ze specjalnymi potrzebami oraz przeciwdzia\u0142anie ich wykluczeniu spo\u0142ecznemu wraz ze wsparciem rodzin i \/ lub opiekun\u00f3w tych os\u00f3b.<\/p>\n<p style=\"font-weight: 400;\">Tak sformu\u0142owany cel s\u0142u\u017cy poprawie funkcjonowania spo\u0142ecznego os\u00f3b niepe\u0142nosprawnych, w tym ze specjalnymi potrzebami. Stanowi jeden z instrument\u00f3w inkluzji spo\u0142ecznej odbiorc\u00f3w zadania. Projekt odpowiada na wyzwania Strategii Polityki Spo\u0142ecznej Wojew\u00f3dztwa Mazowieckiego, wpisuje si\u0119 w cel strategiczny Strategii. Projekt pozwala na realizacj\u0119 zespo\u0142u us\u0142ug spo\u0142ecznych o charakterze \u015brodowiskowym w ramach procesu deinstytucjonalizacji i s\u0142u\u017cy wzmocnieniu samodzielno\u015bci 45 os\u00f3b niepe\u0142nosprawnych, w tym ze specjalnymi potrzebami z Mazowsza. Umo\u017cliwia popraw\u0119 dost\u0119pno\u015bci i jako\u015bci us\u0142ug spo\u0142ecznych w lokalnym \u015brodowisku, w tym dla 45 cz\u0142onk\u00f3w rodzin i opiekun\u00f3w os\u00f3b niepe\u0142nosprawnych, w tym z specjalnymi potrzebami.<\/p>\n<p style=\"font-weight: 400;\">Cel zadania zostanie osi\u0105gni\u0119ty poprzez realizacj\u0119 dzia\u0142a\u0144 odpowiadaj\u0105cych na potrzeby \u015brodowiska os\u00f3b z niepe\u0142nosprawno\u015bci\u0105 . Nale\u017c\u0105 do nich:<\/p>\n<p>1. dzia\u0142ania zwi\u0119kszaj\u0105ce aktywno\u015b\u0107 os\u00f3b niepe\u0142nosprawnych w formie warsztat\u00f3w rozwijaj\u0105cych ich umiej\u0119tno\u015bci i pasje w tym:<\/p>\n<p>a) warsztaty komputerowe prowadzone przez specjalist\u0119 informatyka z wykorzystaniem laptop\u00f3w z oprogramowaniem zakupionych w ramach projektu, kt\u00f3re umo\u017cliwi\u0105 zdobycie umiej\u0119tno\u015bci pos\u0142ugiwania si\u0119 komputerem oraz korzystania z Internetu. Zdobyte umiej\u0119tno\u015bci zwi\u0119ksz\u0105 samodzielno\u015b\u0107 os\u00f3b z niepe\u0142nosprawno\u015bci\u0105 , pozwol\u0105 na przygotowanie pism , za\u0142atwianie spraw urz\u0119dowych , zwi\u0119ksz\u0105 dost\u0119p do informacji i zapewni\u0105 mo\u017cliwo\u015b\u0107 kontakt\u00f3w spo\u0142ecznych, zamawianie zakup\u00f3w z dostaw\u0105 do domu, kontakt z O\u015brodkami Pomocy Spo\u0142ecznej , organizacjami spo\u0142ecznymi, z lekarzem rodzinnym , dost\u0119p do bada\u0144 lekarskich<\/p>\n<p>b) warsztaty plastyczne prowadzone przez terapeut\u0119 zaj\u0119ciowego<\/p>\n<p>2. \u00a0indywidualne poradnictwo psychologiczne, spo\u0142eczno-prawne , w tym:<\/p>\n<p>a) indywidualne poradnictwo psychologiczne, prowadzone przez psychologa maj\u0105cego do\u015bwiadczenie w pracy z osobami niepe\u0142nosprawnymi<br \/>b) poradnictwo spo\u0142eczno &#8211; prawne prowadzone przez prawnika z do\u015bwiadczeniem w realizacji dzia\u0142a\u0144 na rzecz os\u00f3b niepe\u0142nosprawnych<br \/>c) udzielanie informacji nt. przys\u0142uguj\u0105cych osobom niepe\u0142nosprawnym i ich rodzin lub opiekun\u00f3w , dost\u0119pnych us\u0142ug , sprz\u0119tu rehabilitacyjnego oraz pomocy technicznej<\/p>\n<p>3. prowadzenie grup wsparcia dla cz\u0142onk\u00f3w rodzin i\/lub opiekun\u00f3w os\u00f3b niepe\u0142nosprawnych uczestnicz\u0105cych we projekcie,<\/p>\n<p>4. imprezy o charakterze rekreacyjnym ,<\/p>\n<p>5. Kawiarenka dla os\u00f3b niepe\u0142nosprawnych ,, Kawiarenka tw\u00f3rc\u00f3w&#8221;<\/p>\n<p style=\"font-weight: 400;\">\u00a0<\/p>\n<p style=\"font-weight: 400;\"><strong>Zapraszamy\u00a0 osoby zainteresowane udzia\u0142em w projekcie do kontaktu z nami:<br \/><\/strong><strong>Telefon: <u>501-384-059<br \/><\/u><\/strong><strong>e-mail:<\/strong> <strong><u>cpzs@pkps.org.pl<\/u><\/strong><\/p>\n<p style=\"font-weight: 400;\"><strong>Zapraszamy r\u00f3wnie\u017c osobi\u015bcie do zapoznania si\u0119 z Ofert\u0105.\u00a0<\/strong><strong><u>Milan\u00f3wek ul. Ko\u015bciuszki 116<\/u><\/strong><\/p>\n<p style=\"font-weight: 400;\"><u>Informujemy, \u017ce doje\u017cd\u017ca do nas autobus!<\/u><\/p>\n<p style=\"font-weight: 400;\"><strong>OCZEKUJEMY NA PA\u0143STWA!<\/strong><\/p>","protected":false},"excerpt":{"rendered":"<p>Rada Naczelna Polskiego Komitetu Pomocy Spo\u0142ecznej\u00a0uruchamia kolejny projekt w Milan\u00f3wku pn. \u201eNOWA PERSPEKTYWA\u201d. ulotka &#8211; plik pdfplakat &#8211; plik pdf POMOC PSYCHOLOGICZNA\u00a0GRUPY WSPARCIA \u00a0KONSULTACJE ONLINE Realizacja projektu \u00a0to szansa\u00a0 dla doros\u0142ych os\u00f3b niepe\u0142nosprawnych z terenu powiatu grodziskiego i pruszkowskiego oraz cz\u0142onk\u00f3w ich rodzin. \u00a0 Projekt jest finansowany ze \u015brodk\u00f3w z bud\u017cetu wojew\u00f3dztwa mazowieckiego w okresie [&hellip;]<\/p>\n","protected":false},"author":3,"featured_media":0,"parent":0,"menu_order":0,"comment_status":"closed","ping_status":"closed","template":"","meta":{"footnotes":"","_links_to":"","_links_to_target":""},"class_list":["post-1822","page","type-page","status-publish","hentry"],"yoast_head":"<!-- This site is optimized with the Yoast SEO plugin v27.4 - https:\/\/yoast.com\/product\/yoast-seo-wordpress\/ -->\n<title>\u201eNOWA PERSPEKTYWA\u201d. - Polski Komitet Pomocy Spo\u0142ecznej<\/title>\n<meta name=\"robots\" content=\"index, follow, max-snippet:-1, max-image-preview:large, max-video-preview:-1\" \/>\n<link rel=\"canonical\" href=\"https:\/\/pkps.org.pl\/?page_id=1822\" \/>\n<meta property=\"og:locale\" content=\"pl_PL\" \/>\n<meta property=\"og:type\" content=\"article\" \/>\n<meta property=\"og:title\" content=\"\u201eNOWA PERSPEKTYWA\u201d. - Polski Komitet Pomocy Spo\u0142ecznej\" \/>\n<meta property=\"og:description\" content=\"Rada Naczelna Polskiego Komitetu Pomocy Spo\u0142ecznej\u00a0uruchamia kolejny projekt w Milan\u00f3wku pn. \u201eNOWA PERSPEKTYWA\u201d. ulotka &#8211; plik pdfplakat &#8211; plik pdf POMOC PSYCHOLOGICZNA\u00a0GRUPY WSPARCIA \u00a0KONSULTACJE ONLINE Realizacja projektu \u00a0to szansa\u00a0 dla doros\u0142ych os\u00f3b niepe\u0142nosprawnych z terenu powiatu grodziskiego i pruszkowskiego oraz cz\u0142onk\u00f3w ich rodzin. \u00a0 Projekt jest finansowany ze \u015brodk\u00f3w z bud\u017cetu wojew\u00f3dztwa mazowieckiego w okresie [&hellip;]\" \/>\n<meta property=\"og:url\" content=\"https:\/\/pkps.org.pl\/?page_id=1822\" \/>\n<meta property=\"og:site_name\" content=\"Polski Komitet Pomocy Spo\u0142ecznej\" \/>\n<meta property=\"article:modified_time\" content=\"2024-02-16T14:35:30+00:00\" \/>\n<meta name=\"twitter:card\" content=\"summary_large_image\" \/>\n<meta name=\"twitter:label1\" content=\"Szacowany czas czytania\" \/>\n\t<meta name=\"twitter:data1\" content=\"3 minuty\" \/>\n<script type=\"application\/ld+json\" class=\"yoast-schema-graph\">{\"@context\":\"https:\\\/\\\/schema.org\",\"@graph\":[{\"@type\":\"WebPage\",\"@id\":\"https:\\\/\\\/pkps.org.pl\\\/?page_id=1822\",\"url\":\"https:\\\/\\\/pkps.org.pl\\\/?page_id=1822\",\"name\":\"\u201eNOWA PERSPEKTYWA\u201d. - Polski Komitet Pomocy Spo\u0142ecznej\",\"isPartOf\":{\"@id\":\"https:\\\/\\\/pkps.org.pl\\\/#website\"},\"datePublished\":\"2022-06-13T12:22:16+00:00\",\"dateModified\":\"2024-02-16T14:35:30+00:00\",\"breadcrumb\":{\"@id\":\"https:\\\/\\\/pkps.org.pl\\\/?page_id=1822#breadcrumb\"},\"inLanguage\":\"pl-PL\",\"potentialAction\":[{\"@type\":\"ReadAction\",\"target\":[\"https:\\\/\\\/pkps.org.pl\\\/?page_id=1822\"]}]},{\"@type\":\"BreadcrumbList\",\"@id\":\"https:\\\/\\\/pkps.org.pl\\\/?page_id=1822#breadcrumb\",\"itemListElement\":[{\"@type\":\"ListItem\",\"position\":1,\"name\":\"Strona g\u0142\u00f3wna\",\"item\":\"https:\\\/\\\/pkps.org.pl\\\/\"},{\"@type\":\"ListItem\",\"position\":2,\"name\":\"\u201eNOWA PERSPEKTYWA\u201d.\"}]},{\"@type\":\"WebSite\",\"@id\":\"https:\\\/\\\/pkps.org.pl\\\/#website\",\"url\":\"https:\\\/\\\/pkps.org.pl\\\/\",\"name\":\"Polski Komitet Pomocy Spo\u0142ecznej\",\"description\":\"Strona Polskiego Komitetu Pomocy Spo\u0142ecznej\",\"publisher\":{\"@id\":\"https:\\\/\\\/pkps.org.pl\\\/#organization\"},\"potentialAction\":[{\"@type\":\"SearchAction\",\"target\":{\"@type\":\"EntryPoint\",\"urlTemplate\":\"https:\\\/\\\/pkps.org.pl\\\/?s={search_term_string}\"},\"query-input\":{\"@type\":\"PropertyValueSpecification\",\"valueRequired\":true,\"valueName\":\"search_term_string\"}}],\"inLanguage\":\"pl-PL\"},{\"@type\":\"Organization\",\"@id\":\"https:\\\/\\\/pkps.org.pl\\\/#organization\",\"name\":\"Polski Komitet Pomocy Spo\u0142ecznej\",\"url\":\"https:\\\/\\\/pkps.org.pl\\\/\",\"logo\":{\"@type\":\"ImageObject\",\"inLanguage\":\"pl-PL\",\"@id\":\"https:\\\/\\\/pkps.org.pl\\\/#\\\/schema\\\/logo\\\/image\\\/\",\"url\":\"https:\\\/\\\/pkps.org.pl\\\/wp-content\\\/uploads\\\/2016\\\/12\\\/PKPS-Logo-1.jpg\",\"contentUrl\":\"https:\\\/\\\/pkps.org.pl\\\/wp-content\\\/uploads\\\/2016\\\/12\\\/PKPS-Logo-1.jpg\",\"width\":299,\"height\":408,\"caption\":\"Polski Komitet Pomocy Spo\u0142ecznej\"},\"image\":{\"@id\":\"https:\\\/\\\/pkps.org.pl\\\/#\\\/schema\\\/logo\\\/image\\\/\"}}]}<\/script>\n<!-- \/ Yoast SEO plugin. -->","yoast_head_json":{"title":"\u201eNOWA PERSPEKTYWA\u201d. - Polski Komitet Pomocy Spo\u0142ecznej","robots":{"index":"index","follow":"follow","max-snippet":"max-snippet:-1","max-image-preview":"max-image-preview:large","max-video-preview":"max-video-preview:-1"},"canonical":"https:\/\/pkps.org.pl\/?page_id=1822","og_locale":"pl_PL","og_type":"article","og_title":"\u201eNOWA PERSPEKTYWA\u201d. - Polski Komitet Pomocy Spo\u0142ecznej","og_description":"Rada Naczelna Polskiego Komitetu Pomocy Spo\u0142ecznej\u00a0uruchamia kolejny projekt w Milan\u00f3wku pn. \u201eNOWA PERSPEKTYWA\u201d. ulotka &#8211; plik pdfplakat &#8211; plik pdf POMOC PSYCHOLOGICZNA\u00a0GRUPY WSPARCIA \u00a0KONSULTACJE ONLINE Realizacja projektu \u00a0to szansa\u00a0 dla doros\u0142ych os\u00f3b niepe\u0142nosprawnych z terenu powiatu grodziskiego i pruszkowskiego oraz cz\u0142onk\u00f3w ich rodzin. \u00a0 Projekt jest finansowany ze \u015brodk\u00f3w z bud\u017cetu wojew\u00f3dztwa mazowieckiego w okresie [&hellip;]","og_url":"https:\/\/pkps.org.pl\/?page_id=1822","og_site_name":"Polski Komitet Pomocy Spo\u0142ecznej","article_modified_time":"2024-02-16T14:35:30+00:00","twitter_card":"summary_large_image","twitter_misc":{"Szacowany czas czytania":"3 minuty"},"schema":{"@context":"https:\/\/schema.org","@graph":[{"@type":"WebPage","@id":"https:\/\/pkps.org.pl\/?page_id=1822","url":"https:\/\/pkps.org.pl\/?page_id=1822","name":"\u201eNOWA PERSPEKTYWA\u201d. - Polski Komitet Pomocy Spo\u0142ecznej","isPartOf":{"@id":"https:\/\/pkps.org.pl\/#website"},"datePublished":"2022-06-13T12:22:16+00:00","dateModified":"2024-02-16T14:35:30+00:00","breadcrumb":{"@id":"https:\/\/pkps.org.pl\/?page_id=1822#breadcrumb"},"inLanguage":"pl-PL","potentialAction":[{"@type":"ReadAction","target":["https:\/\/pkps.org.pl\/?page_id=1822"]}]},{"@type":"BreadcrumbList","@id":"https:\/\/pkps.org.pl\/?page_id=1822#breadcrumb","itemListElement":[{"@type":"ListItem","position":1,"name":"Strona g\u0142\u00f3wna","item":"https:\/\/pkps.org.pl\/"},{"@type":"ListItem","position":2,"name":"\u201eNOWA PERSPEKTYWA\u201d."}]},{"@type":"WebSite","@id":"https:\/\/pkps.org.pl\/#website","url":"https:\/\/pkps.org.pl\/","name":"Polski Komitet Pomocy Spo\u0142ecznej","description":"Strona Polskiego Komitetu Pomocy Spo\u0142ecznej","publisher":{"@id":"https:\/\/pkps.org.pl\/#organization"},"potentialAction":[{"@type":"SearchAction","target":{"@type":"EntryPoint","urlTemplate":"https:\/\/pkps.org.pl\/?s={search_term_string}"},"query-input":{"@type":"PropertyValueSpecification","valueRequired":true,"valueName":"search_term_string"}}],"inLanguage":"pl-PL"},{"@type":"Organization","@id":"https:\/\/pkps.org.pl\/#organization","name":"Polski Komitet Pomocy Spo\u0142ecznej","url":"https:\/\/pkps.org.pl\/","logo":{"@type":"ImageObject","inLanguage":"pl-PL","@id":"https:\/\/pkps.org.pl\/#\/schema\/logo\/image\/","url":"https:\/\/pkps.org.pl\/wp-content\/uploads\/2016\/12\/PKPS-Logo-1.jpg","contentUrl":"https:\/\/pkps.org.pl\/wp-content\/uploads\/2016\/12\/PKPS-Logo-1.jpg","width":299,"height":408,"caption":"Polski Komitet Pomocy Spo\u0142ecznej"},"image":{"@id":"https:\/\/pkps.org.pl\/#\/schema\/logo\/image\/"}}]}},"_links":{"self":[{"href":"https:\/\/pkps.org.pl\/index.php?rest_route=\/wp\/v2\/pages\/1822","targetHints":{"allow":["GET"]}}],"collection":[{"href":"https:\/\/pkps.org.pl\/index.php?rest_route=\/wp\/v2\/pages"}],"about":[{"href":"https:\/\/pkps.org.pl\/index.php?rest_route=\/wp\/v2\/types\/page"}],"author":[{"embeddable":true,"href":"https:\/\/pkps.org.pl\/index.php?rest_route=\/wp\/v2\/users\/3"}],"replies":[{"embeddable":true,"href":"https:\/\/pkps.org.pl\/index.php?rest_route=%2Fwp%2Fv2%2Fcomments&post=1822"}],"version-history":[{"count":11,"href":"https:\/\/pkps.org.pl\/index.php?rest_route=\/wp\/v2\/pages\/1822\/revisions"}],"predecessor-version":[{"id":2450,"href":"https:\/\/pkps.org.pl\/index.php?rest_route=\/wp\/v2\/pages\/1822\/revisions\/2450"}],"wp:attachment":[{"href":"https:\/\/pkps.org.pl\/index.php?rest_route=%2Fwp%2Fv2%2Fmedia&parent=1822"}],"curies":[{"name":"wp","href":"https:\/\/api.w.org\/{rel}","templated":true}]}}