{"id":1839,"date":"2022-07-08T11:03:03","date_gmt":"2022-07-08T11:03:03","guid":{"rendered":"https:\/\/pkps.org.pl\/?page_id=1839"},"modified":"2022-07-08T11:04:51","modified_gmt":"2022-07-08T11:04:51","slug":"magazyn-wsparcia-spolecznego-w-walbrzychu","status":"publish","type":"page","link":"https:\/\/pkps.org.pl\/?page_id=1839","title":{"rendered":"\u201eMagazyn Wsparcia Spo\u0142ecznego w Wa\u0142brzychu\u201d"},"content":{"rendered":"<p style=\"font-weight: 400;\"><strong>Realizacja zadania publicznego\u00a0<\/strong><strong>\u201eMagazyn Wsparcia Spo\u0142ecznego w Wa\u0142brzychu\u201d\u00a0<\/strong><strong>wsp\u00f3\u0142finansowanego przez Prezydenta Miasta Wa\u0142brzych<br \/>\n<\/strong><strong><u>w okresie od grudnia 2021 do pa\u017adziernika 2022<\/u><\/strong><\/p>\n<p style=\"font-weight: 400;\">Celem zadania publicznego jest wspieranie dzia\u0142a\u0144\u00a0 na rzecz walki z ub\u00f3stwem poprzez udzielenie pomocy rzeczowej w formie \u017cywno\u015bci rodzinom i osobom b\u0119d\u0105cym w trudnej sytuacji \u017cyciowej z terenu miasta Wa\u0142brzycha. Instrumentem s\u0142u\u017c\u0105cym osi\u0105gni\u0119ciu tak wyznaczonego celu jest prowadzenie w 2022 r. na terenie Gminy Wa\u0142brzych Magazynu Wsparcia Spo\u0142ecznego przy\u00a0Mickiewicza 7 w Wa\u0142brzychu, w kt\u00f3rym b\u0119dzie realizowane pozyskiwanie, magazynowanie i dystrybucja\u00a0 \u017cywno\u015bci w ramach Programu Operacyjnego Pomoc \u017bywno\u015bciowa 2014-2020 wsp\u00f3\u0142finansowanego z Europejskiego Funduszu Pomocy Najbardziej Potrzebuj\u0105cym w Podprogramie 2021. Magazyn b\u0119dzie prowadzi\u0142 dzia\u0142ania przez 5 dni w tygodniu: poniedzia\u0142ek &#8211; pi\u0105tek w godzinach 8-13, og\u00f3\u0142em Magazyn b\u0119dzie funkcjonowa\u0142 przez 146 dni w trakcie realizacji zadania, w ramach 730 godzin.<\/p>\n<p style=\"font-weight: 400;\">Artyku\u0142y \u017cywno\u015bciowe s\u0105 dystrybuowane rodzinom i osobom\u00a0 b\u0119d\u0105cym w trudnej sytuacji \u017cyciowej z terenu miasta Wa\u0142brzycha na podstawie skierowa\u0144 wydawanych przez Miejski O\u015brodek Pomocy Spo\u0142ecznej\u00a0 w Wa\u0142brzychu.<\/p>\n<p style=\"font-weight: 400;\">Magazyn jest prowadzony zgodnie z zasadami higieny \u017cywno\u015bci. Polski Komitet Pomocy Spo\u0142ecznej \u00a0wsp\u00f3\u0142pracuje z MOPS w Wa\u0142brzychu m. in. w zakresie informowania o posiadanych artyku\u0142ach, zrealizowanych skierowaniach, a tak\u017ce w sprawach bie\u017c\u0105cej weryfikacji potrzeb odbiorc\u00f3w.<\/p>\n<p style=\"font-weight: 400;\">Zaproponowany w ofercie wymiar godzin funkcjonowania Magazynu umo\u017cliwia dystrybuowanie art. \u017cywno\u015bciowych do 4000 beneficjent\u00f3w oraz prowadzenie\u00a0 wystandaryzowanej dokumentacji z udzielonych \u015bwiadcze\u0144 w formie papierowej i elektronicznej. W trakcie realizacji zadania s\u0105 przestrzegane procedury bezpiecze\u0144stwa w zakresie zapewnienia w\u0142a\u015bciwych warunk\u00f3w sanitarno-higienicznych zwi\u0105zanych z pandemi\u0105 COVID-19. Realizatorzy s\u0105 wyposa\u017ceni w \u015brodki ochrony osobistej, pomieszczenie b\u0119dzie regularnie dezynfekowane.<\/p>\n<p style=\"font-weight: 400;\">Zadanie jest realizowane przez zesp\u00f3\u0142 specjalist\u00f3w legitymuj\u0105cych si\u0119 do\u015bwiadczeniem\u00a0w wykonywaniu podobnych dzia\u0142a\u0144, w tym: 2 -\u00f3ch magazynier\u00f3w, ksi\u0119gowego oraz wolontariusza do pomocy w roz\u0142adunku towar\u00f3w, sprz\u0105tania oraz do pomocy w dystrybucji art. \u017cywno\u015bciowych. Przy wykonywaniu zadania publicznego Oferent kieruje si\u0119 m. in. zasad\u0105 r\u00f3wno\u015bci, w szczeg\u00f3lno\u015bci dba\u00a0o r\u00f3wne traktowanie odbiorc\u00f3w pomocy.<\/p>\n<p style=\"font-weight: 400;\">Niniejszy projekt stanowi kontynuacj\u0119 podobnych projekt\u00f3w realizowanych w latach poprzednich. Odpowiada na lokalne potrzeby spo\u0142eczne potwierdzone przez profesjonalny podmiot pomocy spo\u0142ecznej, kt\u00f3ry zajmuje si\u0119 diagnozowaniem i ocen\u0105 potrzeb spo\u0142ecznych \u2013 Miejski O\u015brodek Pomocy Spo\u0142ecznej w Wa\u0142brzychu. Potrzeby te potwierdzaj\u0105 do\u015bwiadczenia naszej organizacji z realizacji pomocy rzeczowej na rzecz uprawnionych mieszka\u0144c\u00f3w miasta Wa\u0142brzycha.<\/p>\n<p style=\"font-weight: 400;\">Adresatami pomocy w zakresie pozyskiwania, magazynowania i dystrybucji artyku\u0142\u00f3w \u017cywno\u015bciowych s\u0105 rodziny i osoby\u00a0 b\u0119d\u0105ce w trudnej sytuacji \u017cyciowej z terenu miasta Wa\u0142brzycha, skierowane przez\u00a0 Miejski O\u015brodek Pomocy Spo\u0142ecznej w Wa\u0142brzychu. Szacujemy, \u017ce z pomocy \u201eMagazynu Wsparcia Spo\u0142ecznego PKPS w\u00a0 Wa\u0142brzychu\u201d w okresie realizacji zadania skorzysta 4000 uprawnionych os\u00f3b.<\/p>\n<p style=\"font-weight: 400;\">Zadanie publiczne s\u0142u\u017cy wspieraniu dzia\u0142a\u0144 na rzecz walki z ub\u00f3stwem poprzez udzielenie pomocy rzeczowej w formie \u017cywno\u015bci rodzinom i osobom b\u0119d\u0105cym w trudnej sytuacji \u017cyciowej\u00a0z terenu miasta Wa\u0142brzycha . Sposobem rozwi\u0105zywania przedmiotowego problemu jest dystrybucja art. \u017cywno\u015bciowych przez Oferenta. Rodziny i osoby znajduj\u0105ce si\u0119 w trudnej sytuacji \u017cyciowej\u00a0w okresie realizacji zadania cyklicznie odbieraj\u0105 dary rzeczowe z \u201eMagazynu Wsparcia Spo\u0142ecznego PKPS w\u00a0 Wa\u0142brzychu\u201d.<\/p>\n<p style=\"font-weight: 400;\">\n<p style=\"font-weight: 400;\"><strong><u>Realizacja zadania publicznego pozwoli na osi\u0105gni\u0119cie nast\u0119puj\u0105cych rezultat\u00f3w: <\/u><\/strong><\/p>\n<ol>\n<li>Wzrost dost\u0119pno\u015bci do pomocy rzeczowej w formie \u017cywno\u015bci dla rodzin i os\u00f3b b\u0119d\u0105cych w trudnej sytuacji \u017cyciowej z terenu miasta Wa\u0142brzycha<\/li>\n<\/ol>\n<ol start=\"2\">\n<li>Zmniejszenie skali wykluczenia spo\u0142ecznego rodzin i os\u00f3b b\u0119d\u0105cych w trudnej sytuacji \u017cyciowej mieszka\u0144c\u00f3w miasta Wa\u0142brzycha poprzez cykliczne wspieranie pomoc\u0105 rzeczow\u0105 w formie \u017cywno\u015bci os\u00f3b skierowanych przez Miejski O\u015brodek Pomocy Spo\u0142ecznej w Wa\u0142brzychu na podstawie skierowa\u0144 &#8211; 4000 odbiorc\u00f3w artyku\u0142\u00f3w \u017cywno\u015bciowych.<\/li>\n<li>Udzielenie jednorazowej pomocy bez skierowania z Miejskiego O\u015brodka Pomocy Spo\u0142ecznej w Wa\u0142brzychu<\/li>\n<\/ol>\n<ol start=\"6\">\n<li>Poprawa sytuacji \u017cyciowej rodzin i os\u00f3b korzystaj\u0105cych z pomocy \u201eMagazynu Wsparcia Spo\u0142ecznego PKPS w Wa\u0142brzychu\u201d<\/li>\n<li>Dalsze wzmocnienie wsp\u00f3\u0142pracy wewn\u0105trzsektorowej na rzecz wspierania dzia\u0142a\u0144 na rzecz walki z ub\u00f3stwem poprzez udzielenie pomocy rzeczowej w formie \u017cywno\u015bci rodzinom i osobom b\u0119d\u0105cym w trudnej sytuacji \u017cyciowej z terenu miasta Wa\u0142brzycha<\/li>\n<li>Zwi\u0119kszenie poczucia bezpiecze\u0144stwa socjalnego os\u00f3b i rodzin w okresie zagro\u017cenia epidemicznego<\/li>\n<\/ol>\n<p style=\"font-weight: 400;\">Realizacja zadania publicznego spowoduje popraw\u0119 funkcjonowania odbiorc\u00f3w zadania, wp\u0142ynie na zwi\u0119kszenie poczucia bezpiecze\u0144stwa socjalnego w okresie zagro\u017cenia epidemicznego.<\/p>\n<p style=\"font-weight: 400;\">Projekt s\u0142u\u017cy wspieraniu dzia\u0142a\u0144 na rzecz walki z ub\u00f3stwem poprzez udzielenie pomocy rzeczowej\u00a0w formie\u00a0 \u017cywno\u015bci rodzinom i osobom b\u0119d\u0105cym w trudnej sytuacji \u017cyciowej. Rezultaty maj\u0105 charakter trwa\u0142y. Realizacja zadania pog\u0142\u0119bi zaufanie do naszej organizacji i u\u0142atwi dost\u0119p do pomocy \u017cywno\u015bciowej w formie paczek. Wp\u0142ynie na dalsze doskonalenie jako\u015bci us\u0142ug spo\u0142ecznych PKPS na rzecz rodzin i os\u00f3b znajduj\u0105cych si\u0119 w trudnej sytuacji \u017cyciowej.\u00a0 Zwi\u0119kszy skuteczno\u015b\u0107 realizacji cel\u00f3w statutowych.<\/p>\n<p style=\"font-weight: 400;\">\n<p style=\"font-weight: 400;\"><strong>Magazyn jest czynny\u00a0 5 razy w tygodniu<\/strong><\/p>\n<p style=\"font-weight: 400;\"><strong>(poniedzia\u0142ek-pi\u0105tek) 8:00-13:00<\/strong><\/p>\n<p style=\"font-weight: 400;\"><u>Podstaw\u0105 udzielenia pomocy \u017cywno\u015bciowej jest skierowanie<\/u> z Miejskiego O\u015brodka Pomocy Spo\u0142ecznej<\/p>\n<p style=\"font-weight: 400;\"><strong><u>Spos\u00f3b\u00a0 kwalifikowania os\u00f3b do uczestnictwa w POP\u017b:<\/u><\/strong><\/p>\n<p style=\"font-weight: 400;\">&#8211; OPS-y b\u0119d\u0105 wydawa\u0107 osobom skierowania do otrzymania pomocy \u017cywno\u015bciowej\u00a0 lub przekazywa\u0107 organizacjom listy os\u00f3b zakwalifikowanych do pomocy POP\u017b, pod warunkiem uzyskania zgody tych os\u00f3b. Przy dokonywaniu kwalifikacji OPS-y powinny bra\u0107 pod uwag\u0119 fakt korzystania z form pomocy w ramach Programu \u201ePosi\u0142ek w szkole i w domu na lata 2019-2023:, tak aby zapewni\u0107 uzupe\u0142niaj\u0105cy charakter pomocy z POP\u017b. Ponadto powinny rozpowszechnia\u0107 informacje o realizacji POP\u017b i wskazywa\u0107 najbli\u017csze miejsca lub punkty wydawania art. spo\u017cywczych.<\/p>\n<p style=\"font-weight: 400;\">Za\u0142\u0105cznik Nr 5 do wytycznych stanowi\u00a0 wz\u00f3r skierowania wraz z o\u015bwiadczeniem o dochodach do otrzymania pomocy \u017cywno\u015bciowej w ramach POP\u017b, przy czym OPS wype\u0142nia skierowanie cz\u0119\u015b\u0107 5A, natomiast osoba kwalifikowana do przyznania pomocy \u017cywno\u015bciowej wype\u0142nia za\u0142\u0105cznik 5B wy\u0142\u0105cznie, gdy jej aktualna sytuacja \u017cyciowa i dochodowa nie jest znana OPS-owi i O\u015brodek dysponuje aktualnym wywiadem \u015brodowiskowym.<\/p>\n<p style=\"font-weight: 400;\"><strong>Kryteria kwalifikowalno\u015bci os\u00f3b do statusu osoby najbardziej potrzebuj\u0105cej:<\/strong><\/p>\n<p style=\"font-weight: 400;\">Pomoc\u0105 \u017cywno\u015bciow\u0105 w ramach POP\u017b mog\u0105 by\u0107 obj\u0119te osoby i rodziny znajduj\u0105ce si\u0119 w trudnej sytuacji \u017cyciowej, spe\u0142niaj\u0105ce kryteria okre\u015blone w art. 7 ustawy z dnia 12 marca 2004r. o pomocy spo\u0142ecznej (Dz. U. z 2020r. poz. 1876 i 2369 z po\u017an. zm.) i kt\u00f3rych doch\u00f3d nie przekracza 220% kryterium dochodowego uprawniaj\u0105cego do skorzystania z pomocy spo\u0142ecznej, tj. <strong><u>1\u00a0542.20 PLN dla osoby samotnie gospodaruj\u0105cej i 1\u00a0161,60 PLN dla osoby w rodzinie<\/u><\/strong><\/p>\n<p style=\"font-weight: 400;\"><strong>Grupy os\u00f3b najbardziej potrzebuj\u0105cych, do kt\u00f3rych jest skierowana pomoc \u017cywno\u015bciowa:<\/strong><\/p>\n<ul>\n<li>Bezdomni<\/li>\n<li>Niepe\u0142nosprawni<\/li>\n<li>migranci, osoby obcego pochodzenia, mniejszo\u015bci narodowe (w tym spo\u0142eczno\u015bci marginalizowane, takie jak Romowie)<\/li>\n<li>pozosta\u0142e grupy odbiorc\u00f3w spe\u0142niaj\u0105ce kryteria okre\u015blone w ust. 11<\/li>\n<\/ul>\n<p style=\"font-weight: 400;\"><strong>Wykaz art. \u017cywno\u015bciowych w ramach Programu FEAD, Edycja 2021:<\/strong><\/p>\n<ol>\n<li><strong>Artyku\u0142y warzywne i owocowe<\/strong><\/li>\n<\/ol>\n<ul>\n<li>Groszek z marchewk\u0105 \u2013 3,20 kg<\/li>\n<li>Koncentrat pomidorowy \u2013 1,12 kg<\/li>\n<li>Powid\u0142a \u015bliwkowe \u2013 1,50 kg<\/li>\n<\/ul>\n<ol start=\"2\">\n<li><strong>Artyku\u0142y skrobiowe<\/strong><\/li>\n<\/ol>\n<ul>\n<li>Makaron jajeczny \u015bwiderki \u2013 4,50 kg<\/li>\n<li>Kasza j\u0119czmienna \u2013 1 kg<\/li>\n<\/ul>\n<ol start=\"3\">\n<li><strong>Artyku\u0142y mleczne<\/strong><\/li>\n<\/ol>\n<ul>\n<li>Mleko UHT \u2013 5 l<\/li>\n<\/ul>\n<ol start=\"4\">\n<li><strong>Artyku\u0142y mi\u0119sne<\/strong><\/li>\n<\/ol>\n<ul>\n<li>Szynka drobiowa \u2013 1,80 kg<\/li>\n<li>Szynka wieprzowa mielona \u2013 1,20 kh<\/li>\n<li>Filet z makreli woleju \u2013 0,85 kg<\/li>\n<\/ul>\n<ol start=\"5\">\n<li><strong>Cukier<\/strong><\/li>\n<\/ol>\n<ul>\n<li>Cukier bia\u0142y \u2013 4,00 kg<\/li>\n<\/ul>\n<ol start=\"6\">\n<li><strong>T\u0142uszcze<\/strong><\/li>\n<\/ol>\n<ul>\n<li>Olej rzepakowy \u2013 4,00 l<\/li>\n<\/ul>\n<p style=\"font-weight: 400;\">Wszelkie niezb\u0119dne informacje s\u0105 podane na stronie MRiPS pod linkiem:<\/p>\n<p style=\"font-weight: 400;\"><a href=\"https:\/\/www.gov.pl\/web\/rodzina\/podprogram-2021\">https:\/\/www.gov.pl\/web\/rodzina\/podprogram-2021<\/a><\/p>\n<p style=\"font-weight: 400;\">\n","protected":false},"excerpt":{"rendered":"<p>Realizacja zadania publicznego\u00a0\u201eMagazyn Wsparcia Spo\u0142ecznego w Wa\u0142brzychu\u201d\u00a0wsp\u00f3\u0142finansowanego przez Prezydenta Miasta Wa\u0142brzych w okresie od grudnia 2021 do pa\u017adziernika 2022 Celem zadania publicznego jest wspieranie dzia\u0142a\u0144\u00a0 na rzecz walki z ub\u00f3stwem poprzez udzielenie pomocy rzeczowej w formie \u017cywno\u015bci rodzinom i osobom b\u0119d\u0105cym w trudnej sytuacji \u017cyciowej z terenu miasta Wa\u0142brzycha. Instrumentem s\u0142u\u017c\u0105cym osi\u0105gni\u0119ciu tak wyznaczonego celu [&hellip;]<\/p>\n","protected":false},"author":3,"featured_media":0,"parent":0,"menu_order":0,"comment_status":"closed","ping_status":"closed","template":"","meta":{"footnotes":"","_links_to":"","_links_to_target":""},"class_list":["post-1839","page","type-page","status-publish","hentry"],"yoast_head":"<!-- This site is optimized with the Yoast SEO plugin v27.4 - https:\/\/yoast.com\/product\/yoast-seo-wordpress\/ -->\n<title>\u201eMagazyn Wsparcia Spo\u0142ecznego w Wa\u0142brzychu\u201d - Polski Komitet Pomocy Spo\u0142ecznej<\/title>\n<meta name=\"robots\" content=\"index, follow, max-snippet:-1, max-image-preview:large, max-video-preview:-1\" \/>\n<link rel=\"canonical\" href=\"https:\/\/pkps.org.pl\/?page_id=1839\" \/>\n<meta property=\"og:locale\" content=\"pl_PL\" \/>\n<meta property=\"og:type\" content=\"article\" \/>\n<meta property=\"og:title\" content=\"\u201eMagazyn Wsparcia Spo\u0142ecznego w Wa\u0142brzychu\u201d - Polski Komitet Pomocy Spo\u0142ecznej\" \/>\n<meta property=\"og:description\" content=\"Realizacja zadania publicznego\u00a0\u201eMagazyn Wsparcia Spo\u0142ecznego w Wa\u0142brzychu\u201d\u00a0wsp\u00f3\u0142finansowanego przez Prezydenta Miasta Wa\u0142brzych w okresie od grudnia 2021 do pa\u017adziernika 2022 Celem zadania publicznego jest wspieranie dzia\u0142a\u0144\u00a0 na rzecz walki z ub\u00f3stwem poprzez udzielenie pomocy rzeczowej w formie \u017cywno\u015bci rodzinom i osobom b\u0119d\u0105cym w trudnej sytuacji \u017cyciowej z terenu miasta Wa\u0142brzycha. Instrumentem s\u0142u\u017c\u0105cym osi\u0105gni\u0119ciu tak wyznaczonego celu [&hellip;]\" \/>\n<meta property=\"og:url\" content=\"https:\/\/pkps.org.pl\/?page_id=1839\" \/>\n<meta property=\"og:site_name\" content=\"Polski Komitet Pomocy Spo\u0142ecznej\" \/>\n<meta property=\"article:modified_time\" content=\"2022-07-08T11:04:51+00:00\" \/>\n<meta name=\"twitter:card\" content=\"summary_large_image\" \/>\n<meta name=\"twitter:label1\" content=\"Szacowany czas czytania\" \/>\n\t<meta name=\"twitter:data1\" content=\"5 minut\" \/>\n<script type=\"application\/ld+json\" class=\"yoast-schema-graph\">{\"@context\":\"https:\\\/\\\/schema.org\",\"@graph\":[{\"@type\":\"WebPage\",\"@id\":\"https:\\\/\\\/pkps.org.pl\\\/?page_id=1839\",\"url\":\"https:\\\/\\\/pkps.org.pl\\\/?page_id=1839\",\"name\":\"\u201eMagazyn Wsparcia Spo\u0142ecznego w Wa\u0142brzychu\u201d - Polski Komitet Pomocy Spo\u0142ecznej\",\"isPartOf\":{\"@id\":\"https:\\\/\\\/pkps.org.pl\\\/#website\"},\"datePublished\":\"2022-07-08T11:03:03+00:00\",\"dateModified\":\"2022-07-08T11:04:51+00:00\",\"breadcrumb\":{\"@id\":\"https:\\\/\\\/pkps.org.pl\\\/?page_id=1839#breadcrumb\"},\"inLanguage\":\"pl-PL\",\"potentialAction\":[{\"@type\":\"ReadAction\",\"target\":[\"https:\\\/\\\/pkps.org.pl\\\/?page_id=1839\"]}]},{\"@type\":\"BreadcrumbList\",\"@id\":\"https:\\\/\\\/pkps.org.pl\\\/?page_id=1839#breadcrumb\",\"itemListElement\":[{\"@type\":\"ListItem\",\"position\":1,\"name\":\"Strona g\u0142\u00f3wna\",\"item\":\"https:\\\/\\\/pkps.org.pl\\\/\"},{\"@type\":\"ListItem\",\"position\":2,\"name\":\"\u201eMagazyn Wsparcia Spo\u0142ecznego w Wa\u0142brzychu\u201d\"}]},{\"@type\":\"WebSite\",\"@id\":\"https:\\\/\\\/pkps.org.pl\\\/#website\",\"url\":\"https:\\\/\\\/pkps.org.pl\\\/\",\"name\":\"Polski Komitet Pomocy Spo\u0142ecznej\",\"description\":\"Strona Polskiego Komitetu Pomocy Spo\u0142ecznej\",\"publisher\":{\"@id\":\"https:\\\/\\\/pkps.org.pl\\\/#organization\"},\"potentialAction\":[{\"@type\":\"SearchAction\",\"target\":{\"@type\":\"EntryPoint\",\"urlTemplate\":\"https:\\\/\\\/pkps.org.pl\\\/?s={search_term_string}\"},\"query-input\":{\"@type\":\"PropertyValueSpecification\",\"valueRequired\":true,\"valueName\":\"search_term_string\"}}],\"inLanguage\":\"pl-PL\"},{\"@type\":\"Organization\",\"@id\":\"https:\\\/\\\/pkps.org.pl\\\/#organization\",\"name\":\"Polski Komitet Pomocy Spo\u0142ecznej\",\"url\":\"https:\\\/\\\/pkps.org.pl\\\/\",\"logo\":{\"@type\":\"ImageObject\",\"inLanguage\":\"pl-PL\",\"@id\":\"https:\\\/\\\/pkps.org.pl\\\/#\\\/schema\\\/logo\\\/image\\\/\",\"url\":\"https:\\\/\\\/pkps.org.pl\\\/wp-content\\\/uploads\\\/2016\\\/12\\\/PKPS-Logo-1.jpg\",\"contentUrl\":\"https:\\\/\\\/pkps.org.pl\\\/wp-content\\\/uploads\\\/2016\\\/12\\\/PKPS-Logo-1.jpg\",\"width\":299,\"height\":408,\"caption\":\"Polski Komitet Pomocy Spo\u0142ecznej\"},\"image\":{\"@id\":\"https:\\\/\\\/pkps.org.pl\\\/#\\\/schema\\\/logo\\\/image\\\/\"}}]}<\/script>\n<!-- \/ Yoast SEO plugin. -->","yoast_head_json":{"title":"\u201eMagazyn Wsparcia Spo\u0142ecznego w Wa\u0142brzychu\u201d - Polski Komitet Pomocy Spo\u0142ecznej","robots":{"index":"index","follow":"follow","max-snippet":"max-snippet:-1","max-image-preview":"max-image-preview:large","max-video-preview":"max-video-preview:-1"},"canonical":"https:\/\/pkps.org.pl\/?page_id=1839","og_locale":"pl_PL","og_type":"article","og_title":"\u201eMagazyn Wsparcia Spo\u0142ecznego w Wa\u0142brzychu\u201d - Polski Komitet Pomocy Spo\u0142ecznej","og_description":"Realizacja zadania publicznego\u00a0\u201eMagazyn Wsparcia Spo\u0142ecznego w Wa\u0142brzychu\u201d\u00a0wsp\u00f3\u0142finansowanego przez Prezydenta Miasta Wa\u0142brzych w okresie od grudnia 2021 do pa\u017adziernika 2022 Celem zadania publicznego jest wspieranie dzia\u0142a\u0144\u00a0 na rzecz walki z ub\u00f3stwem poprzez udzielenie pomocy rzeczowej w formie \u017cywno\u015bci rodzinom i osobom b\u0119d\u0105cym w trudnej sytuacji \u017cyciowej z terenu miasta Wa\u0142brzycha. Instrumentem s\u0142u\u017c\u0105cym osi\u0105gni\u0119ciu tak wyznaczonego celu [&hellip;]","og_url":"https:\/\/pkps.org.pl\/?page_id=1839","og_site_name":"Polski Komitet Pomocy Spo\u0142ecznej","article_modified_time":"2022-07-08T11:04:51+00:00","twitter_card":"summary_large_image","twitter_misc":{"Szacowany czas czytania":"5 minut"},"schema":{"@context":"https:\/\/schema.org","@graph":[{"@type":"WebPage","@id":"https:\/\/pkps.org.pl\/?page_id=1839","url":"https:\/\/pkps.org.pl\/?page_id=1839","name":"\u201eMagazyn Wsparcia Spo\u0142ecznego w Wa\u0142brzychu\u201d - Polski Komitet Pomocy Spo\u0142ecznej","isPartOf":{"@id":"https:\/\/pkps.org.pl\/#website"},"datePublished":"2022-07-08T11:03:03+00:00","dateModified":"2022-07-08T11:04:51+00:00","breadcrumb":{"@id":"https:\/\/pkps.org.pl\/?page_id=1839#breadcrumb"},"inLanguage":"pl-PL","potentialAction":[{"@type":"ReadAction","target":["https:\/\/pkps.org.pl\/?page_id=1839"]}]},{"@type":"BreadcrumbList","@id":"https:\/\/pkps.org.pl\/?page_id=1839#breadcrumb","itemListElement":[{"@type":"ListItem","position":1,"name":"Strona g\u0142\u00f3wna","item":"https:\/\/pkps.org.pl\/"},{"@type":"ListItem","position":2,"name":"\u201eMagazyn Wsparcia Spo\u0142ecznego w Wa\u0142brzychu\u201d"}]},{"@type":"WebSite","@id":"https:\/\/pkps.org.pl\/#website","url":"https:\/\/pkps.org.pl\/","name":"Polski Komitet Pomocy Spo\u0142ecznej","description":"Strona Polskiego Komitetu Pomocy Spo\u0142ecznej","publisher":{"@id":"https:\/\/pkps.org.pl\/#organization"},"potentialAction":[{"@type":"SearchAction","target":{"@type":"EntryPoint","urlTemplate":"https:\/\/pkps.org.pl\/?s={search_term_string}"},"query-input":{"@type":"PropertyValueSpecification","valueRequired":true,"valueName":"search_term_string"}}],"inLanguage":"pl-PL"},{"@type":"Organization","@id":"https:\/\/pkps.org.pl\/#organization","name":"Polski Komitet Pomocy Spo\u0142ecznej","url":"https:\/\/pkps.org.pl\/","logo":{"@type":"ImageObject","inLanguage":"pl-PL","@id":"https:\/\/pkps.org.pl\/#\/schema\/logo\/image\/","url":"https:\/\/pkps.org.pl\/wp-content\/uploads\/2016\/12\/PKPS-Logo-1.jpg","contentUrl":"https:\/\/pkps.org.pl\/wp-content\/uploads\/2016\/12\/PKPS-Logo-1.jpg","width":299,"height":408,"caption":"Polski Komitet Pomocy Spo\u0142ecznej"},"image":{"@id":"https:\/\/pkps.org.pl\/#\/schema\/logo\/image\/"}}]}},"_links":{"self":[{"href":"https:\/\/pkps.org.pl\/index.php?rest_route=\/wp\/v2\/pages\/1839","targetHints":{"allow":["GET"]}}],"collection":[{"href":"https:\/\/pkps.org.pl\/index.php?rest_route=\/wp\/v2\/pages"}],"about":[{"href":"https:\/\/pkps.org.pl\/index.php?rest_route=\/wp\/v2\/types\/page"}],"author":[{"embeddable":true,"href":"https:\/\/pkps.org.pl\/index.php?rest_route=\/wp\/v2\/users\/3"}],"replies":[{"embeddable":true,"href":"https:\/\/pkps.org.pl\/index.php?rest_route=%2Fwp%2Fv2%2Fcomments&post=1839"}],"version-history":[{"count":3,"href":"https:\/\/pkps.org.pl\/index.php?rest_route=\/wp\/v2\/pages\/1839\/revisions"}],"predecessor-version":[{"id":1842,"href":"https:\/\/pkps.org.pl\/index.php?rest_route=\/wp\/v2\/pages\/1839\/revisions\/1842"}],"wp:attachment":[{"href":"https:\/\/pkps.org.pl\/index.php?rest_route=%2Fwp%2Fv2%2Fmedia&parent=1839"}],"curies":[{"name":"wp","href":"https:\/\/api.w.org\/{rel}","templated":true}]}}