{"id":1901,"date":"2022-07-12T12:54:15","date_gmt":"2022-07-12T12:54:15","guid":{"rendered":"https:\/\/pkps.org.pl\/?page_id=1901"},"modified":"2022-07-12T13:10:21","modified_gmt":"2022-07-12T13:10:21","slug":"magazyny-self-service","status":"publish","type":"page","link":"https:\/\/pkps.org.pl\/?page_id=1901","title":{"rendered":"Magazyny \u201eself-service\u201d\u00a0"},"content":{"rendered":"<p style=\"font-weight: 400;\"><strong><img decoding=\"async\" class=\"wp-image-1902 alignleft\" src=\"https:\/\/pkps.org.pl\/wp-content\/uploads\/2022\/07\/Zrzut-ekranu-2022-07-12-o-14.52.55-1024x573.png\" alt=\"\" width=\"230\" height=\"129\" srcset=\"https:\/\/pkps.org.pl\/wp-content\/uploads\/2022\/07\/Zrzut-ekranu-2022-07-12-o-14.52.55-1024x573.png 1024w, https:\/\/pkps.org.pl\/wp-content\/uploads\/2022\/07\/Zrzut-ekranu-2022-07-12-o-14.52.55-300x168.png 300w, https:\/\/pkps.org.pl\/wp-content\/uploads\/2022\/07\/Zrzut-ekranu-2022-07-12-o-14.52.55-768x430.png 768w, https:\/\/pkps.org.pl\/wp-content\/uploads\/2022\/07\/Zrzut-ekranu-2022-07-12-o-14.52.55-1536x860.png 1536w, https:\/\/pkps.org.pl\/wp-content\/uploads\/2022\/07\/Zrzut-ekranu-2022-07-12-o-14.52.55.png 1576w\" sizes=\"(max-width: 230px) 100vw, 230px\" \/>Magazyny \u201eself-service\u201d\u00a0 &#8211; Spf dzieli si\u0119 z nami swoimi do\u015bwiadczeniami<\/strong><\/p>\n<p style=\"font-weight: 400;\">We wtorek odby\u0142o si\u0119 zdalne spotkanie reprezentant\u00f3w PKPS z P\u0142ocka, Poznania, Przemy\u015bla i Warszawy z pracownikami francuskiej organizacji non-profit Secours populaire francais (Spf). Spotkanie zosta\u0142o zorganizowane w ramach wsp\u00f3\u0142pracy PKPS z Spf, kt\u00f3ra zosta\u0142a zawi\u0105zana tu\u017c po wybuchu wojny na Ukrainie. Od kilku miesi\u0119cy, mi\u0119dzy innymi dzi\u0119ki funduszom z Francji PKPS udziela pomocy uchod\u017acom z Ukrainy. Dzisiejsza konferencja dotyczy\u0142a rozwini\u0119cia w Polsce magazyn\u00f3w, w kt\u00f3rych osoby potrzebuj\u0105ce mog\u0142yby zaopatrzy\u0107 si\u0119 w najpotrzebniejsze produkty higieniczne lub spo\u017cywcze.<\/p>\n<p style=\"font-weight: 400;\">Koledzy z Spf dzielili si\u0119 swoim do\u015bwiadczeniem w prowadzeniu takiego wsparcia, zrobili wirtualn\u0105 wycieczk\u0119 po swoim centrum pomocy oraz odpowiedzieli na pytania. Idea tego przedsi\u0119wzi\u0119cia polega na tym, \u017ce ka\u017cdy kto znajduje si\u0119 w trudnej sytuacji finansowej mo\u017ce przyj\u015b\u0107 do Spf. Tamtejsi wolontariusze sprawdzaj\u0105 jego sytuacj\u0119 finansow\u0105 i s\u0105 w stanie ju\u017c nast\u0119pnego dnia wci\u0105gn\u0105\u0107 na list\u0119 os\u00f3b obj\u0119tych wsparciem. Pomoc jest przydzielana na okres 2-3 miesi\u0119cy. Beneficjent mo\u017ce co dwa tygodnie odwiedzi\u0107 magazyn i pobra\u0107 produkty, kt\u00f3rych potrzebuje. P\u0142aci za nie punktami, kt\u00f3re s\u0105 przyznawane przez wolontariuszy. Punkty s\u0105 pewnego rodzaju walut\u0105, a ka\u017cdy produkt w magazynie ma swoj\u0105 cen\u0119, kt\u00f3ra jest przedstawiona tak\u017ce w punktach. Beneficjenci musz\u0105 wyda\u0107 ca\u0142\u0105 pul\u0119 punkt\u00f3w podczas jednorazowych zakup\u00f3w. Nie mo\u017cna zaoszcz\u0119dzi\u0107 punkt\u00f3w na nast\u0119pne zakupy. Pracownicy Spf t\u0142umaczyli, \u017ce w ten spos\u00f3b \u0142atwiej im kontrolowa\u0107 ilo\u015b\u0107 towaru w magazynie.<\/p>\n<p style=\"font-weight: 400;\">W punkcie pomocy poza \u201emarketem\u201d znajduje si\u0119 tak\u017ce k\u0105cik kulturalny, gdzie mo\u017cna pobra\u0107 lub zostawi\u0107 ksi\u0105\u017ck\u0119 oraz miejsce z dost\u0119pem do laptop\u00f3w, gdzie mo\u017cna uzyska\u0107 pomoc w sprawach administracyjnych. Wolontariusze Spf r\u00f3wnie\u017c informuj\u0105 beneficjent\u00f3w o rodzajach wsparcia, kt\u00f3re im przys\u0142uguje oraz kieruje do specjalist\u00f3w ochrony zdrowia, je\u015bli zachodzi taka potrzeba.<\/p>\n<p style=\"font-weight: 400;\">Centrum pomocy Spf otrzymuje dodatcje z kilku \u017ar\u00f3de\u0142. Mniej ni\u017c 20% finansowania pochodzi z pieni\u0119dzy publicznych. Organizacja ma r\u00f3wnie\u017c stabilnych sponsor\u00f3w z sektora przedsi\u0119biorstw. Zdobywa pieni\u0105dze r\u00f3wnie\u017c zbieraj\u0105c u\u017cywan\u0105 odzie\u017c i odsprzedaj\u0105c j\u0105. \u017bywno\u015b\u0107 i produkty higieniczne do swoich\u00a0 \u201esamoobs\u0142ugowych market\u00f3w\u201d pozyskuje wysy\u0142aj\u0105c do hipermarket\u00f3w swoich wolontariuszy, kt\u00f3rzy zach\u0119caj\u0105 robi\u0105cych zakupy klient\u00f3w do dokupienia dodatkowych produkt\u00f3w i podarowania ich do \u201emarketu.\u201d<\/p>\n<p style=\"font-weight: 400;\">Spotkanie by\u0142o inspiruj\u0105ce i na pewno niekt\u00f3re rozwi\u0105zania zostan\u0105 wykorzystane przez pracownik\u00f3w PKPS w r\u00f3\u017cnych cz\u0119\u015bciach Polski. PKPS r\u00f3wnie\u017c m\u00f3g\u0142 si\u0119 pochwali\u0107 swoimi przedsi\u0119wzi\u0119ciami: W Przemy\u015blu na pro\u015bb\u0119 w\u0142adz lokalnych PKPS stworzy\u0142 magazyn z produktami do pobrania, w kt\u00f3rym potrzebuj\u0105cy mog\u0105 \u201ekupowa\u0107\u201d za bony. Wkr\u00f3tce powstanie tam r\u00f3wnie\u017c wypo\u017cyczalnia sprz\u0119tu rehabilitacyjnego. Natomiast PKPS w Poznaniu prowadzi darmow\u0105 gazet\u0119, w kt\u00f3re informuje osoby starsze oraz potrzebuj\u0105ce o rodzajach i sposobach wsparcia jakie mog\u0105 otrzyma\u0107 oraz miejscach, kt\u00f3re udzielaj\u0105 pomocy.<\/p>\n","protected":false},"excerpt":{"rendered":"<p>Magazyny \u201eself-service\u201d\u00a0 &#8211; Spf dzieli si\u0119 z nami swoimi do\u015bwiadczeniami We wtorek odby\u0142o si\u0119 zdalne spotkanie reprezentant\u00f3w PKPS z P\u0142ocka, Poznania, Przemy\u015bla i Warszawy z pracownikami francuskiej organizacji non-profit Secours populaire francais (Spf). Spotkanie zosta\u0142o zorganizowane w ramach wsp\u00f3\u0142pracy PKPS z Spf, kt\u00f3ra zosta\u0142a zawi\u0105zana tu\u017c po wybuchu wojny na Ukrainie. Od kilku miesi\u0119cy, mi\u0119dzy [&hellip;]<\/p>\n","protected":false},"author":3,"featured_media":0,"parent":0,"menu_order":0,"comment_status":"closed","ping_status":"closed","template":"","meta":{"footnotes":"","_links_to":"","_links_to_target":""},"class_list":["post-1901","page","type-page","status-publish","hentry"],"yoast_head":"<!-- This site is optimized with the Yoast SEO plugin v27.4 - https:\/\/yoast.com\/product\/yoast-seo-wordpress\/ -->\n<title>Magazyny \u201eself-service\u201d\u00a0 - Polski Komitet Pomocy Spo\u0142ecznej<\/title>\n<meta name=\"robots\" content=\"index, follow, max-snippet:-1, max-image-preview:large, max-video-preview:-1\" \/>\n<link rel=\"canonical\" href=\"https:\/\/pkps.org.pl\/?page_id=1901\" \/>\n<meta property=\"og:locale\" content=\"pl_PL\" \/>\n<meta property=\"og:type\" content=\"article\" \/>\n<meta property=\"og:title\" content=\"Magazyny \u201eself-service\u201d\u00a0 - Polski Komitet Pomocy Spo\u0142ecznej\" \/>\n<meta property=\"og:description\" content=\"Magazyny \u201eself-service\u201d\u00a0 &#8211; Spf dzieli si\u0119 z nami swoimi do\u015bwiadczeniami We wtorek odby\u0142o si\u0119 zdalne spotkanie reprezentant\u00f3w PKPS z P\u0142ocka, Poznania, Przemy\u015bla i Warszawy z pracownikami francuskiej organizacji non-profit Secours populaire francais (Spf). Spotkanie zosta\u0142o zorganizowane w ramach wsp\u00f3\u0142pracy PKPS z Spf, kt\u00f3ra zosta\u0142a zawi\u0105zana tu\u017c po wybuchu wojny na Ukrainie. Od kilku miesi\u0119cy, mi\u0119dzy [&hellip;]\" \/>\n<meta property=\"og:url\" content=\"https:\/\/pkps.org.pl\/?page_id=1901\" \/>\n<meta property=\"og:site_name\" content=\"Polski Komitet Pomocy Spo\u0142ecznej\" \/>\n<meta property=\"article:modified_time\" content=\"2022-07-12T13:10:21+00:00\" \/>\n<meta property=\"og:image\" content=\"https:\/\/pkps.org.pl\/wp-content\/uploads\/2022\/07\/Zrzut-ekranu-2022-07-12-o-14.52.55-1024x573.png\" \/>\n<meta name=\"twitter:card\" content=\"summary_large_image\" \/>\n<meta name=\"twitter:label1\" content=\"Szacowany czas czytania\" \/>\n\t<meta name=\"twitter:data1\" content=\"3 minuty\" \/>\n<script type=\"application\/ld+json\" class=\"yoast-schema-graph\">{\"@context\":\"https:\\\/\\\/schema.org\",\"@graph\":[{\"@type\":\"WebPage\",\"@id\":\"https:\\\/\\\/pkps.org.pl\\\/?page_id=1901\",\"url\":\"https:\\\/\\\/pkps.org.pl\\\/?page_id=1901\",\"name\":\"Magazyny \u201eself-service\u201d\u00a0 - Polski Komitet Pomocy Spo\u0142ecznej\",\"isPartOf\":{\"@id\":\"https:\\\/\\\/pkps.org.pl\\\/#website\"},\"primaryImageOfPage\":{\"@id\":\"https:\\\/\\\/pkps.org.pl\\\/?page_id=1901#primaryimage\"},\"image\":{\"@id\":\"https:\\\/\\\/pkps.org.pl\\\/?page_id=1901#primaryimage\"},\"thumbnailUrl\":\"https:\\\/\\\/pkps.org.pl\\\/wp-content\\\/uploads\\\/2022\\\/07\\\/Zrzut-ekranu-2022-07-12-o-14.52.55-1024x573.png\",\"datePublished\":\"2022-07-12T12:54:15+00:00\",\"dateModified\":\"2022-07-12T13:10:21+00:00\",\"breadcrumb\":{\"@id\":\"https:\\\/\\\/pkps.org.pl\\\/?page_id=1901#breadcrumb\"},\"inLanguage\":\"pl-PL\",\"potentialAction\":[{\"@type\":\"ReadAction\",\"target\":[\"https:\\\/\\\/pkps.org.pl\\\/?page_id=1901\"]}]},{\"@type\":\"ImageObject\",\"inLanguage\":\"pl-PL\",\"@id\":\"https:\\\/\\\/pkps.org.pl\\\/?page_id=1901#primaryimage\",\"url\":\"https:\\\/\\\/pkps.org.pl\\\/wp-content\\\/uploads\\\/2022\\\/07\\\/Zrzut-ekranu-2022-07-12-o-14.52.55.png\",\"contentUrl\":\"https:\\\/\\\/pkps.org.pl\\\/wp-content\\\/uploads\\\/2022\\\/07\\\/Zrzut-ekranu-2022-07-12-o-14.52.55.png\",\"width\":1576,\"height\":882},{\"@type\":\"BreadcrumbList\",\"@id\":\"https:\\\/\\\/pkps.org.pl\\\/?page_id=1901#breadcrumb\",\"itemListElement\":[{\"@type\":\"ListItem\",\"position\":1,\"name\":\"Strona g\u0142\u00f3wna\",\"item\":\"https:\\\/\\\/pkps.org.pl\\\/\"},{\"@type\":\"ListItem\",\"position\":2,\"name\":\"Magazyny \u201eself-service\u201d\u00a0\"}]},{\"@type\":\"WebSite\",\"@id\":\"https:\\\/\\\/pkps.org.pl\\\/#website\",\"url\":\"https:\\\/\\\/pkps.org.pl\\\/\",\"name\":\"Polski Komitet Pomocy Spo\u0142ecznej\",\"description\":\"Strona Polskiego Komitetu Pomocy Spo\u0142ecznej\",\"publisher\":{\"@id\":\"https:\\\/\\\/pkps.org.pl\\\/#organization\"},\"potentialAction\":[{\"@type\":\"SearchAction\",\"target\":{\"@type\":\"EntryPoint\",\"urlTemplate\":\"https:\\\/\\\/pkps.org.pl\\\/?s={search_term_string}\"},\"query-input\":{\"@type\":\"PropertyValueSpecification\",\"valueRequired\":true,\"valueName\":\"search_term_string\"}}],\"inLanguage\":\"pl-PL\"},{\"@type\":\"Organization\",\"@id\":\"https:\\\/\\\/pkps.org.pl\\\/#organization\",\"name\":\"Polski Komitet Pomocy Spo\u0142ecznej\",\"url\":\"https:\\\/\\\/pkps.org.pl\\\/\",\"logo\":{\"@type\":\"ImageObject\",\"inLanguage\":\"pl-PL\",\"@id\":\"https:\\\/\\\/pkps.org.pl\\\/#\\\/schema\\\/logo\\\/image\\\/\",\"url\":\"https:\\\/\\\/pkps.org.pl\\\/wp-content\\\/uploads\\\/2016\\\/12\\\/PKPS-Logo-1.jpg\",\"contentUrl\":\"https:\\\/\\\/pkps.org.pl\\\/wp-content\\\/uploads\\\/2016\\\/12\\\/PKPS-Logo-1.jpg\",\"width\":299,\"height\":408,\"caption\":\"Polski Komitet Pomocy Spo\u0142ecznej\"},\"image\":{\"@id\":\"https:\\\/\\\/pkps.org.pl\\\/#\\\/schema\\\/logo\\\/image\\\/\"}}]}<\/script>\n<!-- \/ Yoast SEO plugin. -->","yoast_head_json":{"title":"Magazyny \u201eself-service\u201d\u00a0 - Polski Komitet Pomocy Spo\u0142ecznej","robots":{"index":"index","follow":"follow","max-snippet":"max-snippet:-1","max-image-preview":"max-image-preview:large","max-video-preview":"max-video-preview:-1"},"canonical":"https:\/\/pkps.org.pl\/?page_id=1901","og_locale":"pl_PL","og_type":"article","og_title":"Magazyny \u201eself-service\u201d\u00a0 - Polski Komitet Pomocy Spo\u0142ecznej","og_description":"Magazyny \u201eself-service\u201d\u00a0 &#8211; Spf dzieli si\u0119 z nami swoimi do\u015bwiadczeniami We wtorek odby\u0142o si\u0119 zdalne spotkanie reprezentant\u00f3w PKPS z P\u0142ocka, Poznania, Przemy\u015bla i Warszawy z pracownikami francuskiej organizacji non-profit Secours populaire francais (Spf). Spotkanie zosta\u0142o zorganizowane w ramach wsp\u00f3\u0142pracy PKPS z Spf, kt\u00f3ra zosta\u0142a zawi\u0105zana tu\u017c po wybuchu wojny na Ukrainie. Od kilku miesi\u0119cy, mi\u0119dzy [&hellip;]","og_url":"https:\/\/pkps.org.pl\/?page_id=1901","og_site_name":"Polski Komitet Pomocy Spo\u0142ecznej","article_modified_time":"2022-07-12T13:10:21+00:00","og_image":[{"url":"https:\/\/pkps.org.pl\/wp-content\/uploads\/2022\/07\/Zrzut-ekranu-2022-07-12-o-14.52.55-1024x573.png","type":"","width":"","height":""}],"twitter_card":"summary_large_image","twitter_misc":{"Szacowany czas czytania":"3 minuty"},"schema":{"@context":"https:\/\/schema.org","@graph":[{"@type":"WebPage","@id":"https:\/\/pkps.org.pl\/?page_id=1901","url":"https:\/\/pkps.org.pl\/?page_id=1901","name":"Magazyny \u201eself-service\u201d\u00a0 - Polski Komitet Pomocy Spo\u0142ecznej","isPartOf":{"@id":"https:\/\/pkps.org.pl\/#website"},"primaryImageOfPage":{"@id":"https:\/\/pkps.org.pl\/?page_id=1901#primaryimage"},"image":{"@id":"https:\/\/pkps.org.pl\/?page_id=1901#primaryimage"},"thumbnailUrl":"https:\/\/pkps.org.pl\/wp-content\/uploads\/2022\/07\/Zrzut-ekranu-2022-07-12-o-14.52.55-1024x573.png","datePublished":"2022-07-12T12:54:15+00:00","dateModified":"2022-07-12T13:10:21+00:00","breadcrumb":{"@id":"https:\/\/pkps.org.pl\/?page_id=1901#breadcrumb"},"inLanguage":"pl-PL","potentialAction":[{"@type":"ReadAction","target":["https:\/\/pkps.org.pl\/?page_id=1901"]}]},{"@type":"ImageObject","inLanguage":"pl-PL","@id":"https:\/\/pkps.org.pl\/?page_id=1901#primaryimage","url":"https:\/\/pkps.org.pl\/wp-content\/uploads\/2022\/07\/Zrzut-ekranu-2022-07-12-o-14.52.55.png","contentUrl":"https:\/\/pkps.org.pl\/wp-content\/uploads\/2022\/07\/Zrzut-ekranu-2022-07-12-o-14.52.55.png","width":1576,"height":882},{"@type":"BreadcrumbList","@id":"https:\/\/pkps.org.pl\/?page_id=1901#breadcrumb","itemListElement":[{"@type":"ListItem","position":1,"name":"Strona g\u0142\u00f3wna","item":"https:\/\/pkps.org.pl\/"},{"@type":"ListItem","position":2,"name":"Magazyny \u201eself-service\u201d\u00a0"}]},{"@type":"WebSite","@id":"https:\/\/pkps.org.pl\/#website","url":"https:\/\/pkps.org.pl\/","name":"Polski Komitet Pomocy Spo\u0142ecznej","description":"Strona Polskiego Komitetu Pomocy Spo\u0142ecznej","publisher":{"@id":"https:\/\/pkps.org.pl\/#organization"},"potentialAction":[{"@type":"SearchAction","target":{"@type":"EntryPoint","urlTemplate":"https:\/\/pkps.org.pl\/?s={search_term_string}"},"query-input":{"@type":"PropertyValueSpecification","valueRequired":true,"valueName":"search_term_string"}}],"inLanguage":"pl-PL"},{"@type":"Organization","@id":"https:\/\/pkps.org.pl\/#organization","name":"Polski Komitet Pomocy Spo\u0142ecznej","url":"https:\/\/pkps.org.pl\/","logo":{"@type":"ImageObject","inLanguage":"pl-PL","@id":"https:\/\/pkps.org.pl\/#\/schema\/logo\/image\/","url":"https:\/\/pkps.org.pl\/wp-content\/uploads\/2016\/12\/PKPS-Logo-1.jpg","contentUrl":"https:\/\/pkps.org.pl\/wp-content\/uploads\/2016\/12\/PKPS-Logo-1.jpg","width":299,"height":408,"caption":"Polski Komitet Pomocy Spo\u0142ecznej"},"image":{"@id":"https:\/\/pkps.org.pl\/#\/schema\/logo\/image\/"}}]}},"_links":{"self":[{"href":"https:\/\/pkps.org.pl\/index.php?rest_route=\/wp\/v2\/pages\/1901","targetHints":{"allow":["GET"]}}],"collection":[{"href":"https:\/\/pkps.org.pl\/index.php?rest_route=\/wp\/v2\/pages"}],"about":[{"href":"https:\/\/pkps.org.pl\/index.php?rest_route=\/wp\/v2\/types\/page"}],"author":[{"embeddable":true,"href":"https:\/\/pkps.org.pl\/index.php?rest_route=\/wp\/v2\/users\/3"}],"replies":[{"embeddable":true,"href":"https:\/\/pkps.org.pl\/index.php?rest_route=%2Fwp%2Fv2%2Fcomments&post=1901"}],"version-history":[{"count":1,"href":"https:\/\/pkps.org.pl\/index.php?rest_route=\/wp\/v2\/pages\/1901\/revisions"}],"predecessor-version":[{"id":1903,"href":"https:\/\/pkps.org.pl\/index.php?rest_route=\/wp\/v2\/pages\/1901\/revisions\/1903"}],"wp:attachment":[{"href":"https:\/\/pkps.org.pl\/index.php?rest_route=%2Fwp%2Fv2%2Fmedia&parent=1901"}],"curies":[{"name":"wp","href":"https:\/\/api.w.org\/{rel}","templated":true}]}}