{"id":1990,"date":"2022-10-13T15:12:30","date_gmt":"2022-10-13T15:12:30","guid":{"rendered":"https:\/\/pkps.org.pl\/?page_id=1990"},"modified":"2023-09-05T07:14:05","modified_gmt":"2023-09-05T07:14:05","slug":"sprawozdania","status":"publish","type":"page","link":"https:\/\/pkps.org.pl\/?page_id=1990","title":{"rendered":"Sprawozdania"},"content":{"rendered":"\n<h3><strong>Sprawozdania z dzia\u0142alno\u015bci organizacji po\u017cytku publiczne<\/strong>go<\/h3>\n<p><strong>Rok 2022:<br \/><a href=\"https:\/\/pkps.org.pl\/wp-content\/uploads\/2023\/09\/Roczne_Sprawozdanie_Merytoryczne.pdf\">Roczne sprawozdanie merytoryczne z dzia\u0142ano\u015bci organizacji po\u017cytku publicznego.<\/a><br \/><a href=\"https:\/\/pkps.org.pl\/wp-content\/uploads\/2023\/09\/DODATKOWE-INFORMACJE-I-OBJASNIENIA.pdf\">Dodatkowe informacje i obja\u015bnienia.<\/a><br \/><a href=\"https:\/\/pkps.org.pl\/wp-content\/uploads\/2023\/09\/BILANS.pdf\">Bilans<\/a><br \/><a href=\"https:\/\/pkps.org.pl\/wp-content\/uploads\/2023\/09\/RACHUNEK-ZYSKOW-i-STRAT.pdf\">Rachunek zysk\u00f3w i strat<\/a><br \/><\/strong><\/p>\n<p><strong>Rok 2021:<br \/><a href=\"https:\/\/pkps.org.pl\/wp-content\/uploads\/2022\/10\/sprawozdanie-merytoryczne2021.pdf\">Roczne sprawozdanie merytoryczne z dzia\u0142ano\u015bci organizacji po\u017cytku publicznego.<\/a><br \/><a href=\"https:\/\/pkps.org.pl\/wp-content\/uploads\/2022\/10\/informacja-dodatkowa-2021.pdf\">Dodatkowe informacje i obja\u015bnienia.<\/a><br \/><a href=\"https:\/\/pkps.org.pl\/wp-content\/uploads\/2022\/10\/bilans2021.pdf\">Bilans<\/a><br \/><a href=\"https:\/\/pkps.org.pl\/wp-content\/uploads\/2022\/10\/rachunek2021.pdf\">Rachunek zysk\u00f3w i strat<\/a><br \/><\/strong><\/p>\n<p><strong>Rok 2020:<br \/><\/strong><a href=\"https:\/\/pkps.org.pl\/wp-content\/uploads\/2022\/10\/7-Sprawozdanie-merytoryczne-wydr-z-systemu-za-2020-r..pdf\">Roczne sprawozdanie merytoryczne z dzia\u0142ano\u015bci organizacji po\u017cytku publicznego.<\/a><br \/><strong><a href=\"https:\/\/pkps.org.pl\/wp-content\/uploads\/2022\/10\/6-Dodatkowe-informacje-i-objasnienia-2020-do-OPP.pdf\">Dodatkowe informacje i obja\u015bnienia.<\/a><br \/><a href=\"https:\/\/pkps.org.pl\/wp-content\/uploads\/2022\/10\/2-Bilans-2020-do-OPP.pdf\">Bilans<\/a><br \/><a href=\"https:\/\/pkps.org.pl\/wp-content\/uploads\/2022\/10\/3-Rachunek-Zyskow-i-Strat-2020-do-OPP.pdf\">Rachunek zysk\u00f3w i strat<\/a><\/strong><strong><br \/><\/strong><\/p>\n<p><strong>Rok 2019:<\/strong><\/p>\n<p><a href=\"https:\/\/pkps.org.pl\/wp-content\/uploads\/2022\/10\/SprawozdanieMerytoryczne2019.pdf\">Roczne sprawozdanie merytoryczne z dzia\u0142ano\u015bci organizacji po\u017cytku publicznego.<\/a><br \/><a href=\"https:\/\/pkps.org.pl\/wp-content\/uploads\/2022\/10\/InformacjaDodatkowa2019.pdf\">Dodatkowe informacje i obja\u015bnienia.<\/a><br \/><a href=\"https:\/\/pkps.org.pl\/wp-content\/uploads\/2022\/10\/bilans2019.pdf\">Bilans<\/a><br \/><a href=\"https:\/\/pkps.org.pl\/wp-content\/uploads\/2022\/10\/RachunekZyskowiStrat2019.pdf\">Rachunek zysk\u00f3w i strat<\/a><\/p>\n<p>\u00a0<\/p>\n<p><strong>Rok 2016:<\/strong><\/p>\n<p><a href=\"https:\/\/pkps.org.pl\/wp-content\/uploads\/2022\/10\/Sprawozdaniemerytoryczne2016.pdf\">Roczne sprawozdanie merytoryczne z dzia\u0142ano\u015bci organizacji po\u017cytku publicznego.<\/a><br \/><a href=\"https:\/\/pkps.org.pl\/wp-content\/uploads\/2022\/10\/InformacjaDodatkowa2016.pdf\">Dodatkowe informacje i obja\u015bnienia.<\/a><br \/><a href=\"https:\/\/pkps.org.pl\/wp-content\/uploads\/2022\/10\/bilans2016.pdf\">Bilans<\/a><br \/><a href=\"https:\/\/pkps.org.pl\/wp-content\/uploads\/2022\/10\/RachunekZyskowiStrat2016.pdf\">Rachunek zysk\u00f3w i strat<\/a><\/p>\n<p><strong>Rok 2015:<\/strong><\/p>\n<p><a href=\"https:\/\/pkps.org.pl\/wp-content\/uploads\/2022\/10\/SprawozdanieMerytoryczne2015.pdf\">Roczne sprawozdanie merytoryczne z dzia\u0142ano\u015bci organizacji po\u017cytku publicznego.<\/a><br \/><a href=\"https:\/\/pkps.org.pl\/wp-content\/uploads\/2022\/10\/InformacjaDodatkowa2015.pdf\">Dodatkowe informacje i obja\u015bnienia.<\/a><br \/><a href=\"https:\/\/pkps.org.pl\/wp-content\/uploads\/2022\/10\/bilans2015.pdf\">Bilans<\/a><br \/><a href=\"https:\/\/pkps.org.pl\/wp-content\/uploads\/2022\/10\/RachunekZyskowiStrat2015.pdf\">Rachunek zysk\u00f3w i strat<\/a><\/p>\n<p><strong>Rok 2014:<\/strong><\/p>\n<p><a href=\"https:\/\/pkps.org.pl\/wp-content\/uploads\/2022\/10\/sprawozdaniemerytoryczne2014.pdf\">Roczne sprawozdanie merytoryczne z dzia\u0142ano\u015bci organizacji po\u017cytku publicznego.<\/a><br \/><a href=\"https:\/\/pkps.org.pl\/wp-content\/uploads\/2022\/10\/informacjia-dodatkowa-2014.pdf\">Dodatkowe informacje i obja\u015bnienia.<\/a><br \/><a href=\"https:\/\/pkps.org.pl\/wp-content\/uploads\/2022\/10\/Bilans-2014.pdf\">Bilans<\/a><br \/><a href=\"https:\/\/pkps.org.pl\/wp-content\/uploads\/2022\/10\/rachunek-zyskow-i-strat-2014.pdf\">Rachunek zysk\u00f3w i strat<\/a><\/p>\n\n\n","protected":false},"excerpt":{"rendered":"<p>Sprawozdania z dzia\u0142alno\u015bci organizacji po\u017cytku publicznego Rok 2022:Roczne sprawozdanie merytoryczne z dzia\u0142ano\u015bci organizacji po\u017cytku publicznego.Dodatkowe informacje i obja\u015bnienia.BilansRachunek zysk\u00f3w i strat Rok 2021:Roczne sprawozdanie merytoryczne z dzia\u0142ano\u015bci organizacji po\u017cytku publicznego.Dodatkowe informacje i obja\u015bnienia.BilansRachunek zysk\u00f3w i strat Rok 2020:Roczne sprawozdanie merytoryczne z dzia\u0142ano\u015bci organizacji po\u017cytku publicznego.Dodatkowe informacje i obja\u015bnienia.BilansRachunek zysk\u00f3w i strat Rok 2019: Roczne sprawozdanie [&hellip;]<\/p>\n","protected":false},"author":1,"featured_media":0,"parent":0,"menu_order":0,"comment_status":"closed","ping_status":"closed","template":"","meta":{"footnotes":"","_links_to":"","_links_to_target":""},"class_list":["post-1990","page","type-page","status-publish","hentry"],"yoast_head":"<!-- This site is optimized with the Yoast SEO plugin v27.4 - https:\/\/yoast.com\/product\/yoast-seo-wordpress\/ -->\n<title>Sprawozdania - Polski Komitet Pomocy Spo\u0142ecznej<\/title>\n<meta name=\"robots\" content=\"index, follow, max-snippet:-1, max-image-preview:large, max-video-preview:-1\" \/>\n<link rel=\"canonical\" href=\"https:\/\/pkps.org.pl\/?page_id=1990\" \/>\n<meta property=\"og:locale\" content=\"pl_PL\" \/>\n<meta property=\"og:type\" content=\"article\" \/>\n<meta property=\"og:title\" content=\"Sprawozdania - Polski Komitet Pomocy Spo\u0142ecznej\" \/>\n<meta property=\"og:description\" content=\"Sprawozdania z dzia\u0142alno\u015bci organizacji po\u017cytku publicznego Rok 2022:Roczne sprawozdanie merytoryczne z dzia\u0142ano\u015bci organizacji po\u017cytku publicznego.Dodatkowe informacje i obja\u015bnienia.BilansRachunek zysk\u00f3w i strat Rok 2021:Roczne sprawozdanie merytoryczne z dzia\u0142ano\u015bci organizacji po\u017cytku publicznego.Dodatkowe informacje i obja\u015bnienia.BilansRachunek zysk\u00f3w i strat Rok 2020:Roczne sprawozdanie merytoryczne z dzia\u0142ano\u015bci organizacji po\u017cytku publicznego.Dodatkowe informacje i obja\u015bnienia.BilansRachunek zysk\u00f3w i strat Rok 2019: Roczne sprawozdanie [&hellip;]\" \/>\n<meta property=\"og:url\" content=\"https:\/\/pkps.org.pl\/?page_id=1990\" \/>\n<meta property=\"og:site_name\" content=\"Polski Komitet Pomocy Spo\u0142ecznej\" \/>\n<meta property=\"article:modified_time\" content=\"2023-09-05T07:14:05+00:00\" \/>\n<meta name=\"twitter:card\" content=\"summary_large_image\" \/>\n<meta name=\"twitter:label1\" content=\"Szacowany czas czytania\" \/>\n\t<meta name=\"twitter:data1\" content=\"1 minuta\" \/>\n<script type=\"application\/ld+json\" class=\"yoast-schema-graph\">{\"@context\":\"https:\\\/\\\/schema.org\",\"@graph\":[{\"@type\":\"WebPage\",\"@id\":\"https:\\\/\\\/pkps.org.pl\\\/?page_id=1990\",\"url\":\"https:\\\/\\\/pkps.org.pl\\\/?page_id=1990\",\"name\":\"Sprawozdania - Polski Komitet Pomocy Spo\u0142ecznej\",\"isPartOf\":{\"@id\":\"https:\\\/\\\/pkps.org.pl\\\/#website\"},\"datePublished\":\"2022-10-13T15:12:30+00:00\",\"dateModified\":\"2023-09-05T07:14:05+00:00\",\"breadcrumb\":{\"@id\":\"https:\\\/\\\/pkps.org.pl\\\/?page_id=1990#breadcrumb\"},\"inLanguage\":\"pl-PL\",\"potentialAction\":[{\"@type\":\"ReadAction\",\"target\":[\"https:\\\/\\\/pkps.org.pl\\\/?page_id=1990\"]}]},{\"@type\":\"BreadcrumbList\",\"@id\":\"https:\\\/\\\/pkps.org.pl\\\/?page_id=1990#breadcrumb\",\"itemListElement\":[{\"@type\":\"ListItem\",\"position\":1,\"name\":\"Strona g\u0142\u00f3wna\",\"item\":\"https:\\\/\\\/pkps.org.pl\\\/\"},{\"@type\":\"ListItem\",\"position\":2,\"name\":\"Sprawozdania\"}]},{\"@type\":\"WebSite\",\"@id\":\"https:\\\/\\\/pkps.org.pl\\\/#website\",\"url\":\"https:\\\/\\\/pkps.org.pl\\\/\",\"name\":\"Polski Komitet Pomocy Spo\u0142ecznej\",\"description\":\"Strona Polskiego Komitetu Pomocy Spo\u0142ecznej\",\"publisher\":{\"@id\":\"https:\\\/\\\/pkps.org.pl\\\/#organization\"},\"potentialAction\":[{\"@type\":\"SearchAction\",\"target\":{\"@type\":\"EntryPoint\",\"urlTemplate\":\"https:\\\/\\\/pkps.org.pl\\\/?s={search_term_string}\"},\"query-input\":{\"@type\":\"PropertyValueSpecification\",\"valueRequired\":true,\"valueName\":\"search_term_string\"}}],\"inLanguage\":\"pl-PL\"},{\"@type\":\"Organization\",\"@id\":\"https:\\\/\\\/pkps.org.pl\\\/#organization\",\"name\":\"Polski Komitet Pomocy Spo\u0142ecznej\",\"url\":\"https:\\\/\\\/pkps.org.pl\\\/\",\"logo\":{\"@type\":\"ImageObject\",\"inLanguage\":\"pl-PL\",\"@id\":\"https:\\\/\\\/pkps.org.pl\\\/#\\\/schema\\\/logo\\\/image\\\/\",\"url\":\"https:\\\/\\\/pkps.org.pl\\\/wp-content\\\/uploads\\\/2016\\\/12\\\/PKPS-Logo-1.jpg\",\"contentUrl\":\"https:\\\/\\\/pkps.org.pl\\\/wp-content\\\/uploads\\\/2016\\\/12\\\/PKPS-Logo-1.jpg\",\"width\":299,\"height\":408,\"caption\":\"Polski Komitet Pomocy Spo\u0142ecznej\"},\"image\":{\"@id\":\"https:\\\/\\\/pkps.org.pl\\\/#\\\/schema\\\/logo\\\/image\\\/\"}}]}<\/script>\n<!-- \/ Yoast SEO plugin. -->","yoast_head_json":{"title":"Sprawozdania - Polski Komitet Pomocy Spo\u0142ecznej","robots":{"index":"index","follow":"follow","max-snippet":"max-snippet:-1","max-image-preview":"max-image-preview:large","max-video-preview":"max-video-preview:-1"},"canonical":"https:\/\/pkps.org.pl\/?page_id=1990","og_locale":"pl_PL","og_type":"article","og_title":"Sprawozdania - Polski Komitet Pomocy Spo\u0142ecznej","og_description":"Sprawozdania z dzia\u0142alno\u015bci organizacji po\u017cytku publicznego Rok 2022:Roczne sprawozdanie merytoryczne z dzia\u0142ano\u015bci organizacji po\u017cytku publicznego.Dodatkowe informacje i obja\u015bnienia.BilansRachunek zysk\u00f3w i strat Rok 2021:Roczne sprawozdanie merytoryczne z dzia\u0142ano\u015bci organizacji po\u017cytku publicznego.Dodatkowe informacje i obja\u015bnienia.BilansRachunek zysk\u00f3w i strat Rok 2020:Roczne sprawozdanie merytoryczne z dzia\u0142ano\u015bci organizacji po\u017cytku publicznego.Dodatkowe informacje i obja\u015bnienia.BilansRachunek zysk\u00f3w i strat Rok 2019: Roczne sprawozdanie [&hellip;]","og_url":"https:\/\/pkps.org.pl\/?page_id=1990","og_site_name":"Polski Komitet Pomocy Spo\u0142ecznej","article_modified_time":"2023-09-05T07:14:05+00:00","twitter_card":"summary_large_image","twitter_misc":{"Szacowany czas czytania":"1 minuta"},"schema":{"@context":"https:\/\/schema.org","@graph":[{"@type":"WebPage","@id":"https:\/\/pkps.org.pl\/?page_id=1990","url":"https:\/\/pkps.org.pl\/?page_id=1990","name":"Sprawozdania - Polski Komitet Pomocy Spo\u0142ecznej","isPartOf":{"@id":"https:\/\/pkps.org.pl\/#website"},"datePublished":"2022-10-13T15:12:30+00:00","dateModified":"2023-09-05T07:14:05+00:00","breadcrumb":{"@id":"https:\/\/pkps.org.pl\/?page_id=1990#breadcrumb"},"inLanguage":"pl-PL","potentialAction":[{"@type":"ReadAction","target":["https:\/\/pkps.org.pl\/?page_id=1990"]}]},{"@type":"BreadcrumbList","@id":"https:\/\/pkps.org.pl\/?page_id=1990#breadcrumb","itemListElement":[{"@type":"ListItem","position":1,"name":"Strona g\u0142\u00f3wna","item":"https:\/\/pkps.org.pl\/"},{"@type":"ListItem","position":2,"name":"Sprawozdania"}]},{"@type":"WebSite","@id":"https:\/\/pkps.org.pl\/#website","url":"https:\/\/pkps.org.pl\/","name":"Polski Komitet Pomocy Spo\u0142ecznej","description":"Strona Polskiego Komitetu Pomocy Spo\u0142ecznej","publisher":{"@id":"https:\/\/pkps.org.pl\/#organization"},"potentialAction":[{"@type":"SearchAction","target":{"@type":"EntryPoint","urlTemplate":"https:\/\/pkps.org.pl\/?s={search_term_string}"},"query-input":{"@type":"PropertyValueSpecification","valueRequired":true,"valueName":"search_term_string"}}],"inLanguage":"pl-PL"},{"@type":"Organization","@id":"https:\/\/pkps.org.pl\/#organization","name":"Polski Komitet Pomocy Spo\u0142ecznej","url":"https:\/\/pkps.org.pl\/","logo":{"@type":"ImageObject","inLanguage":"pl-PL","@id":"https:\/\/pkps.org.pl\/#\/schema\/logo\/image\/","url":"https:\/\/pkps.org.pl\/wp-content\/uploads\/2016\/12\/PKPS-Logo-1.jpg","contentUrl":"https:\/\/pkps.org.pl\/wp-content\/uploads\/2016\/12\/PKPS-Logo-1.jpg","width":299,"height":408,"caption":"Polski Komitet Pomocy Spo\u0142ecznej"},"image":{"@id":"https:\/\/pkps.org.pl\/#\/schema\/logo\/image\/"}}]}},"_links":{"self":[{"href":"https:\/\/pkps.org.pl\/index.php?rest_route=\/wp\/v2\/pages\/1990","targetHints":{"allow":["GET"]}}],"collection":[{"href":"https:\/\/pkps.org.pl\/index.php?rest_route=\/wp\/v2\/pages"}],"about":[{"href":"https:\/\/pkps.org.pl\/index.php?rest_route=\/wp\/v2\/types\/page"}],"author":[{"embeddable":true,"href":"https:\/\/pkps.org.pl\/index.php?rest_route=\/wp\/v2\/users\/1"}],"replies":[{"embeddable":true,"href":"https:\/\/pkps.org.pl\/index.php?rest_route=%2Fwp%2Fv2%2Fcomments&post=1990"}],"version-history":[{"count":11,"href":"https:\/\/pkps.org.pl\/index.php?rest_route=\/wp\/v2\/pages\/1990\/revisions"}],"predecessor-version":[{"id":2388,"href":"https:\/\/pkps.org.pl\/index.php?rest_route=\/wp\/v2\/pages\/1990\/revisions\/2388"}],"wp:attachment":[{"href":"https:\/\/pkps.org.pl\/index.php?rest_route=%2Fwp%2Fv2%2Fmedia&parent=1990"}],"curies":[{"name":"wp","href":"https:\/\/api.w.org\/{rel}","templated":true}]}}