{"id":2436,"date":"2023-12-04T12:27:48","date_gmt":"2023-12-04T12:27:48","guid":{"rendered":"https:\/\/pkps.org.pl\/?page_id=2436"},"modified":"2023-12-04T12:28:20","modified_gmt":"2023-12-04T12:28:20","slug":"dystrybucja-zywnosci-skutecznym-instrumentem-ograniczenia-ubostwa-w-polsce","status":"publish","type":"page","link":"https:\/\/pkps.org.pl\/?page_id=2436","title":{"rendered":"Dystrybucja \u017cywno\u015bci skutecznym instrumentem ograniczenia ub\u00f3stwa w Polsce"},"content":{"rendered":"<div class=\"page\" title=\"Page 1\">\n<div class=\"layoutArea\">\n<div class=\"column\">\n<p>Za nami kolejna edycja Programu Pomocy Z\u0307ywnos\u0301ciowej FEAD Podprogram 2021. Program ma charakter solidarnos\u0301ciowy. Jest wspo\u0301\u0142finansowany przez Unie\u0328 Europejska\u0328.<\/p>\n<p>Jego odbiorcami by\u0142y osoby i rodziny dotknie\u0328te ubo\u0301stwem materialnym. Za kwalifikacje\u0328 do udzia\u0142u w Programie by\u0142y odpowiedzialne rejonowe os\u0301rodki pomocy spo\u0142ecznej.<\/p>\n<p>Z z\u0307ywnos\u0301ci magazyno\u0301w wsparcia spo\u0142ecznego Rady Naczelnej Polskiego Komitetu Pomocy Spo\u0142ecznej w okresie 01.01.-30.11.2023r. skorzysta\u0142o 8370 oso\u0301b, w tym 239 oso\u0301b bezdomnych. Polski Komitet Pomocy Spo\u0142ecznej przekaza\u0142 170,740 ton z\u0307ywnos\u0301ci. Dodatkowo 126,490 ton artyku\u0142o\u0301w z\u0307ywnos\u0301ciowych o kro\u0301tkim terminie przydatnos\u0301ci do spoz\u0307ycia, pozyskanej od dystrybutoro\u0301w i producento\u0301w zgodnie z ustawa\u0328 o przeciwdzia\u0142aniu marnotrawieniu z\u0307ywnos\u0301ci.<\/p>\n<p>Zorganizowalis\u0301my 3 zbio\u0301rki z\u0307ywnos\u0301ci, kto\u0301re umoz\u0307liwi\u0142y osobom fizycznym aktywne w\u0142a\u0328czenie sie\u0328 w proces ograniczenia ubo\u0301stwa i pomagania. Wartos\u0301cia\u0328 dodana\u0328 pozyskiwania z\u0307ywnos\u0301ci jest wzrost s\u0301wiadomos\u0301ci spo\u0142ecznej nt. przeciwdzia\u0142ania marnotrawieniu z\u0307ywnos\u0301ci.<\/p>\n<p>Polski Komitet Pomocy Spo\u0142ecznej to organizacja pozarza\u0328dowa z bogatym i pie\u0328knym rodowodem pomagania. Przekazywanie z\u0307ywnos\u0301ci osobom potrzebuja\u0328cym to jedna z kluczowych form pomocy, pomocy uniwersalnej w kaz\u0307dych warunkach i w kaz\u0307dym miejscu na mapie Polski. Mamy duz\u0307a\u0328 satysfakcje\u0328, z\u0307e w kaz\u0307dym roku docieramy z z\u0307ywnos\u0301cia\u0328 do setek tysie\u0328cy najuboz\u0307szych.<\/p>\n<p>Dane statystyczne dotycza\u0328ce rozmiaro\u0301w ubo\u0301stwa wcia\u0328z\u0307 szokuja\u0328. Obecnie \u2013 jak wynika z badan\u0301 \u2013 niespe\u0142na 2 mln Polako\u0301w dotyka ten problem. Poste\u0328p technologiczny, wzrost gospodarczy, nowoczesna rozbudowa miast i wsi, parki zieleni, markowe sklepy i otwarcie na s\u0301wiat nie niweluja\u0328 w sposo\u0301b automatyczny biedy. Rozwarstwienie dochodo\u0301w pog\u0142e\u0328bia ro\u0301z\u0307nice spo\u0142eczne i utrwala ubo\u0301stwo indywidualne.<\/p>\n<p>Warto rozejrzec\u0301 sie\u0328 dooko\u0142a, moz\u0307e w naszym sa\u0328siedztwie mieszka ktos\u0301, kto jest g\u0142odny. Moz\u0307na zg\u0142osic\u0301 takie osoby do odpowiednich instytucji i organizacji, w tym do Polskiego Komitetu Pomocy Spo\u0142ecznej. Moz\u0307na spro\u0301bowac\u0301 pomo\u0301c, dbaja\u0328c o zachowanie godnos\u0301ci beneficjenta. Pomagajmy, bo pomaganie daje rados\u0301c\u0301!<br \/>\nOtwo\u0301rzmy sie\u0328 na innych.<\/p>\n<\/div>\n<\/div>\n<\/div>\n","protected":false},"excerpt":{"rendered":"<p>Za nami kolejna edycja Programu Pomocy Z\u0307ywnos\u0301ciowej FEAD Podprogram 2021. Program ma charakter solidarnos\u0301ciowy. Jest wspo\u0301\u0142finansowany przez Unie\u0328 Europejska\u0328. Jego odbiorcami by\u0142y osoby i rodziny dotknie\u0328te ubo\u0301stwem materialnym. Za kwalifikacje\u0328 do udzia\u0142u w Programie by\u0142y odpowiedzialne rejonowe os\u0301rodki pomocy spo\u0142ecznej. Z z\u0307ywnos\u0301ci magazyno\u0301w wsparcia spo\u0142ecznego Rady Naczelnej Polskiego Komitetu Pomocy Spo\u0142ecznej w okresie 01.01.-30.11.2023r. skorzysta\u0142o [&hellip;]<\/p>\n","protected":false},"author":1,"featured_media":0,"parent":0,"menu_order":0,"comment_status":"closed","ping_status":"closed","template":"","meta":{"footnotes":"","_links_to":"","_links_to_target":""},"class_list":["post-2436","page","type-page","status-publish","hentry"],"yoast_head":"<!-- This site is optimized with the Yoast SEO plugin v27.4 - https:\/\/yoast.com\/product\/yoast-seo-wordpress\/ -->\n<title>Dystrybucja \u017cywno\u015bci skutecznym instrumentem ograniczenia ub\u00f3stwa w Polsce - Polski Komitet Pomocy Spo\u0142ecznej<\/title>\n<meta name=\"robots\" content=\"index, follow, max-snippet:-1, max-image-preview:large, max-video-preview:-1\" \/>\n<link rel=\"canonical\" href=\"https:\/\/pkps.org.pl\/?page_id=2436\" \/>\n<meta property=\"og:locale\" content=\"pl_PL\" \/>\n<meta property=\"og:type\" content=\"article\" \/>\n<meta property=\"og:title\" content=\"Dystrybucja \u017cywno\u015bci skutecznym instrumentem ograniczenia ub\u00f3stwa w Polsce - Polski Komitet Pomocy Spo\u0142ecznej\" \/>\n<meta property=\"og:description\" content=\"Za nami kolejna edycja Programu Pomocy Z\u0307ywnos\u0301ciowej FEAD Podprogram 2021. Program ma charakter solidarnos\u0301ciowy. Jest wspo\u0301\u0142finansowany przez Unie\u0328 Europejska\u0328. Jego odbiorcami by\u0142y osoby i rodziny dotknie\u0328te ubo\u0301stwem materialnym. Za kwalifikacje\u0328 do udzia\u0142u w Programie by\u0142y odpowiedzialne rejonowe os\u0301rodki pomocy spo\u0142ecznej. Z z\u0307ywnos\u0301ci magazyno\u0301w wsparcia spo\u0142ecznego Rady Naczelnej Polskiego Komitetu Pomocy Spo\u0142ecznej w okresie 01.01.-30.11.2023r. skorzysta\u0142o [&hellip;]\" \/>\n<meta property=\"og:url\" content=\"https:\/\/pkps.org.pl\/?page_id=2436\" \/>\n<meta property=\"og:site_name\" content=\"Polski Komitet Pomocy Spo\u0142ecznej\" \/>\n<meta property=\"article:modified_time\" content=\"2023-12-04T12:28:20+00:00\" \/>\n<meta name=\"twitter:card\" content=\"summary_large_image\" \/>\n<meta name=\"twitter:label1\" content=\"Szacowany czas czytania\" \/>\n\t<meta name=\"twitter:data1\" content=\"2 minuty\" \/>\n<script type=\"application\/ld+json\" class=\"yoast-schema-graph\">{\"@context\":\"https:\\\/\\\/schema.org\",\"@graph\":[{\"@type\":\"WebPage\",\"@id\":\"https:\\\/\\\/pkps.org.pl\\\/?page_id=2436\",\"url\":\"https:\\\/\\\/pkps.org.pl\\\/?page_id=2436\",\"name\":\"Dystrybucja \u017cywno\u015bci skutecznym instrumentem ograniczenia ub\u00f3stwa w Polsce - Polski Komitet Pomocy Spo\u0142ecznej\",\"isPartOf\":{\"@id\":\"https:\\\/\\\/pkps.org.pl\\\/#website\"},\"datePublished\":\"2023-12-04T12:27:48+00:00\",\"dateModified\":\"2023-12-04T12:28:20+00:00\",\"breadcrumb\":{\"@id\":\"https:\\\/\\\/pkps.org.pl\\\/?page_id=2436#breadcrumb\"},\"inLanguage\":\"pl-PL\",\"potentialAction\":[{\"@type\":\"ReadAction\",\"target\":[\"https:\\\/\\\/pkps.org.pl\\\/?page_id=2436\"]}]},{\"@type\":\"BreadcrumbList\",\"@id\":\"https:\\\/\\\/pkps.org.pl\\\/?page_id=2436#breadcrumb\",\"itemListElement\":[{\"@type\":\"ListItem\",\"position\":1,\"name\":\"Strona g\u0142\u00f3wna\",\"item\":\"https:\\\/\\\/pkps.org.pl\\\/\"},{\"@type\":\"ListItem\",\"position\":2,\"name\":\"Dystrybucja \u017cywno\u015bci skutecznym instrumentem ograniczenia ub\u00f3stwa w Polsce\"}]},{\"@type\":\"WebSite\",\"@id\":\"https:\\\/\\\/pkps.org.pl\\\/#website\",\"url\":\"https:\\\/\\\/pkps.org.pl\\\/\",\"name\":\"Polski Komitet Pomocy Spo\u0142ecznej\",\"description\":\"Strona Polskiego Komitetu Pomocy Spo\u0142ecznej\",\"publisher\":{\"@id\":\"https:\\\/\\\/pkps.org.pl\\\/#organization\"},\"potentialAction\":[{\"@type\":\"SearchAction\",\"target\":{\"@type\":\"EntryPoint\",\"urlTemplate\":\"https:\\\/\\\/pkps.org.pl\\\/?s={search_term_string}\"},\"query-input\":{\"@type\":\"PropertyValueSpecification\",\"valueRequired\":true,\"valueName\":\"search_term_string\"}}],\"inLanguage\":\"pl-PL\"},{\"@type\":\"Organization\",\"@id\":\"https:\\\/\\\/pkps.org.pl\\\/#organization\",\"name\":\"Polski Komitet Pomocy Spo\u0142ecznej\",\"url\":\"https:\\\/\\\/pkps.org.pl\\\/\",\"logo\":{\"@type\":\"ImageObject\",\"inLanguage\":\"pl-PL\",\"@id\":\"https:\\\/\\\/pkps.org.pl\\\/#\\\/schema\\\/logo\\\/image\\\/\",\"url\":\"https:\\\/\\\/pkps.org.pl\\\/wp-content\\\/uploads\\\/2016\\\/12\\\/PKPS-Logo-1.jpg\",\"contentUrl\":\"https:\\\/\\\/pkps.org.pl\\\/wp-content\\\/uploads\\\/2016\\\/12\\\/PKPS-Logo-1.jpg\",\"width\":299,\"height\":408,\"caption\":\"Polski Komitet Pomocy Spo\u0142ecznej\"},\"image\":{\"@id\":\"https:\\\/\\\/pkps.org.pl\\\/#\\\/schema\\\/logo\\\/image\\\/\"}}]}<\/script>\n<!-- \/ Yoast SEO plugin. -->","yoast_head_json":{"title":"Dystrybucja \u017cywno\u015bci skutecznym instrumentem ograniczenia ub\u00f3stwa w Polsce - Polski Komitet Pomocy Spo\u0142ecznej","robots":{"index":"index","follow":"follow","max-snippet":"max-snippet:-1","max-image-preview":"max-image-preview:large","max-video-preview":"max-video-preview:-1"},"canonical":"https:\/\/pkps.org.pl\/?page_id=2436","og_locale":"pl_PL","og_type":"article","og_title":"Dystrybucja \u017cywno\u015bci skutecznym instrumentem ograniczenia ub\u00f3stwa w Polsce - Polski Komitet Pomocy Spo\u0142ecznej","og_description":"Za nami kolejna edycja Programu Pomocy Z\u0307ywnos\u0301ciowej FEAD Podprogram 2021. Program ma charakter solidarnos\u0301ciowy. Jest wspo\u0301\u0142finansowany przez Unie\u0328 Europejska\u0328. Jego odbiorcami by\u0142y osoby i rodziny dotknie\u0328te ubo\u0301stwem materialnym. Za kwalifikacje\u0328 do udzia\u0142u w Programie by\u0142y odpowiedzialne rejonowe os\u0301rodki pomocy spo\u0142ecznej. Z z\u0307ywnos\u0301ci magazyno\u0301w wsparcia spo\u0142ecznego Rady Naczelnej Polskiego Komitetu Pomocy Spo\u0142ecznej w okresie 01.01.-30.11.2023r. skorzysta\u0142o [&hellip;]","og_url":"https:\/\/pkps.org.pl\/?page_id=2436","og_site_name":"Polski Komitet Pomocy Spo\u0142ecznej","article_modified_time":"2023-12-04T12:28:20+00:00","twitter_card":"summary_large_image","twitter_misc":{"Szacowany czas czytania":"2 minuty"},"schema":{"@context":"https:\/\/schema.org","@graph":[{"@type":"WebPage","@id":"https:\/\/pkps.org.pl\/?page_id=2436","url":"https:\/\/pkps.org.pl\/?page_id=2436","name":"Dystrybucja \u017cywno\u015bci skutecznym instrumentem ograniczenia ub\u00f3stwa w Polsce - Polski Komitet Pomocy Spo\u0142ecznej","isPartOf":{"@id":"https:\/\/pkps.org.pl\/#website"},"datePublished":"2023-12-04T12:27:48+00:00","dateModified":"2023-12-04T12:28:20+00:00","breadcrumb":{"@id":"https:\/\/pkps.org.pl\/?page_id=2436#breadcrumb"},"inLanguage":"pl-PL","potentialAction":[{"@type":"ReadAction","target":["https:\/\/pkps.org.pl\/?page_id=2436"]}]},{"@type":"BreadcrumbList","@id":"https:\/\/pkps.org.pl\/?page_id=2436#breadcrumb","itemListElement":[{"@type":"ListItem","position":1,"name":"Strona g\u0142\u00f3wna","item":"https:\/\/pkps.org.pl\/"},{"@type":"ListItem","position":2,"name":"Dystrybucja \u017cywno\u015bci skutecznym instrumentem ograniczenia ub\u00f3stwa w Polsce"}]},{"@type":"WebSite","@id":"https:\/\/pkps.org.pl\/#website","url":"https:\/\/pkps.org.pl\/","name":"Polski Komitet Pomocy Spo\u0142ecznej","description":"Strona Polskiego Komitetu Pomocy Spo\u0142ecznej","publisher":{"@id":"https:\/\/pkps.org.pl\/#organization"},"potentialAction":[{"@type":"SearchAction","target":{"@type":"EntryPoint","urlTemplate":"https:\/\/pkps.org.pl\/?s={search_term_string}"},"query-input":{"@type":"PropertyValueSpecification","valueRequired":true,"valueName":"search_term_string"}}],"inLanguage":"pl-PL"},{"@type":"Organization","@id":"https:\/\/pkps.org.pl\/#organization","name":"Polski Komitet Pomocy Spo\u0142ecznej","url":"https:\/\/pkps.org.pl\/","logo":{"@type":"ImageObject","inLanguage":"pl-PL","@id":"https:\/\/pkps.org.pl\/#\/schema\/logo\/image\/","url":"https:\/\/pkps.org.pl\/wp-content\/uploads\/2016\/12\/PKPS-Logo-1.jpg","contentUrl":"https:\/\/pkps.org.pl\/wp-content\/uploads\/2016\/12\/PKPS-Logo-1.jpg","width":299,"height":408,"caption":"Polski Komitet Pomocy Spo\u0142ecznej"},"image":{"@id":"https:\/\/pkps.org.pl\/#\/schema\/logo\/image\/"}}]}},"_links":{"self":[{"href":"https:\/\/pkps.org.pl\/index.php?rest_route=\/wp\/v2\/pages\/2436","targetHints":{"allow":["GET"]}}],"collection":[{"href":"https:\/\/pkps.org.pl\/index.php?rest_route=\/wp\/v2\/pages"}],"about":[{"href":"https:\/\/pkps.org.pl\/index.php?rest_route=\/wp\/v2\/types\/page"}],"author":[{"embeddable":true,"href":"https:\/\/pkps.org.pl\/index.php?rest_route=\/wp\/v2\/users\/1"}],"replies":[{"embeddable":true,"href":"https:\/\/pkps.org.pl\/index.php?rest_route=%2Fwp%2Fv2%2Fcomments&post=2436"}],"version-history":[{"count":1,"href":"https:\/\/pkps.org.pl\/index.php?rest_route=\/wp\/v2\/pages\/2436\/revisions"}],"predecessor-version":[{"id":2437,"href":"https:\/\/pkps.org.pl\/index.php?rest_route=\/wp\/v2\/pages\/2436\/revisions\/2437"}],"wp:attachment":[{"href":"https:\/\/pkps.org.pl\/index.php?rest_route=%2Fwp%2Fv2%2Fmedia&parent=2436"}],"curies":[{"name":"wp","href":"https:\/\/api.w.org\/{rel}","templated":true}]}}