{"id":2493,"date":"2024-04-24T09:26:57","date_gmt":"2024-04-24T09:26:57","guid":{"rendered":"https:\/\/pkps.org.pl\/?page_id=2493"},"modified":"2024-04-24T09:26:57","modified_gmt":"2024-04-24T09:26:57","slug":"warsztaty-edukacyjne-dotyczace-ekologii-i-ochrony-bioroznorodnosci-przyrodniczej","status":"publish","type":"page","link":"https:\/\/pkps.org.pl\/?page_id=2493","title":{"rendered":"Warsztaty edukacyjne dotycz\u0105ce ekologii i ochrony bior\u00f3\u017cnorodno\u015bci przyrodniczej"},"content":{"rendered":"<div><b>Serdecznie zapraszamy na warsztaty edukacyjne dotycz\u0105ce ekologii i ochrony bior\u00f3\u017cnorodno\u015bci przyrodniczej. Wi\u0119cej informacji w Centrum Promocji Zdrowia Senior\u00f3w PKPS przy ul. Ko\u015bciuszki 116 w Milan\u00f3wku i pod nr telefonu 501 384 059.<br \/>\n<\/b><\/div>\n<div><b>\u00a0<\/b><\/div>\n<div>Informujemy, \u017ce warsztaty edukacyjne s\u0105 przeprowadzane w ramach zadania publicznego pt. <i>EKO hodowla PKPS 2024 &#8222;Piejo kury piejo&#8221; <\/i>, kt\u00f3ry jest wsp\u00f3\u0142finansowany ze \u015brodk\u00f3w otrzymanych od\u00a0 Gminy Milan\u00f3wek.<\/div>\n<div>\n<div class=\"wp-block-image\"><img fetchpriority=\"high\" decoding=\"async\" class=\"alignnone size-large wp-image-2494\" src=\"https:\/\/pkps.org.pl\/wp-content\/uploads\/2024\/04\/Piejo-kury-3-724x1024.png\" alt=\"\" width=\"634\" height=\"897\" srcset=\"https:\/\/pkps.org.pl\/wp-content\/uploads\/2024\/04\/Piejo-kury-3-724x1024.png 724w, https:\/\/pkps.org.pl\/wp-content\/uploads\/2024\/04\/Piejo-kury-3-212x300.png 212w, https:\/\/pkps.org.pl\/wp-content\/uploads\/2024\/04\/Piejo-kury-3-768x1086.png 768w, https:\/\/pkps.org.pl\/wp-content\/uploads\/2024\/04\/Piejo-kury-3-1086x1536.png 1086w, https:\/\/pkps.org.pl\/wp-content\/uploads\/2024\/04\/Piejo-kury-3-1448x2048.png 1448w, https:\/\/pkps.org.pl\/wp-content\/uploads\/2024\/04\/Piejo-kury-3.png 1587w\" sizes=\"(max-width: 634px) 100vw, 634px\" \/><\/div>\n<\/div>\n","protected":false},"excerpt":{"rendered":"<p>Serdecznie zapraszamy na warsztaty edukacyjne dotycz\u0105ce ekologii i ochrony bior\u00f3\u017cnorodno\u015bci przyrodniczej. Wi\u0119cej informacji w Centrum Promocji Zdrowia Senior\u00f3w PKPS przy ul. Ko\u015bciuszki 116 w Milan\u00f3wku i pod nr telefonu 501 384 059. \u00a0 Informujemy, \u017ce warsztaty edukacyjne s\u0105 przeprowadzane w ramach zadania publicznego pt. EKO hodowla PKPS 2024 &#8222;Piejo kury piejo&#8221; , kt\u00f3ry jest wsp\u00f3\u0142finansowany [&hellip;]<\/p>\n","protected":false},"author":3,"featured_media":0,"parent":0,"menu_order":0,"comment_status":"closed","ping_status":"closed","template":"","meta":{"footnotes":"","_links_to":"","_links_to_target":""},"class_list":["post-2493","page","type-page","status-publish","hentry"],"yoast_head":"<!-- This site is optimized with the Yoast SEO plugin v27.4 - https:\/\/yoast.com\/product\/yoast-seo-wordpress\/ -->\n<title>Warsztaty edukacyjne dotycz\u0105ce ekologii i ochrony bior\u00f3\u017cnorodno\u015bci przyrodniczej - Polski Komitet Pomocy Spo\u0142ecznej<\/title>\n<meta name=\"robots\" content=\"index, follow, max-snippet:-1, max-image-preview:large, max-video-preview:-1\" \/>\n<link rel=\"canonical\" href=\"https:\/\/pkps.org.pl\/?page_id=2493\" \/>\n<meta property=\"og:locale\" content=\"pl_PL\" \/>\n<meta property=\"og:type\" content=\"article\" \/>\n<meta property=\"og:title\" content=\"Warsztaty edukacyjne dotycz\u0105ce ekologii i ochrony bior\u00f3\u017cnorodno\u015bci przyrodniczej - Polski Komitet Pomocy Spo\u0142ecznej\" \/>\n<meta property=\"og:description\" content=\"Serdecznie zapraszamy na warsztaty edukacyjne dotycz\u0105ce ekologii i ochrony bior\u00f3\u017cnorodno\u015bci przyrodniczej. Wi\u0119cej informacji w Centrum Promocji Zdrowia Senior\u00f3w PKPS przy ul. Ko\u015bciuszki 116 w Milan\u00f3wku i pod nr telefonu 501 384 059. \u00a0 Informujemy, \u017ce warsztaty edukacyjne s\u0105 przeprowadzane w ramach zadania publicznego pt. EKO hodowla PKPS 2024 &#8222;Piejo kury piejo&#8221; , kt\u00f3ry jest wsp\u00f3\u0142finansowany [&hellip;]\" \/>\n<meta property=\"og:url\" content=\"https:\/\/pkps.org.pl\/?page_id=2493\" \/>\n<meta property=\"og:site_name\" content=\"Polski Komitet Pomocy Spo\u0142ecznej\" \/>\n<meta property=\"og:image\" content=\"https:\/\/pkps.org.pl\/wp-content\/uploads\/2024\/04\/Piejo-kury-3-724x1024.png\" \/>\n<meta name=\"twitter:card\" content=\"summary_large_image\" \/>\n<meta name=\"twitter:label1\" content=\"Szacowany czas czytania\" \/>\n\t<meta name=\"twitter:data1\" content=\"1 minuta\" \/>\n<script type=\"application\/ld+json\" class=\"yoast-schema-graph\">{\"@context\":\"https:\\\/\\\/schema.org\",\"@graph\":[{\"@type\":\"WebPage\",\"@id\":\"https:\\\/\\\/pkps.org.pl\\\/?page_id=2493\",\"url\":\"https:\\\/\\\/pkps.org.pl\\\/?page_id=2493\",\"name\":\"Warsztaty edukacyjne dotycz\u0105ce ekologii i ochrony bior\u00f3\u017cnorodno\u015bci przyrodniczej - Polski Komitet Pomocy Spo\u0142ecznej\",\"isPartOf\":{\"@id\":\"https:\\\/\\\/pkps.org.pl\\\/#website\"},\"primaryImageOfPage\":{\"@id\":\"https:\\\/\\\/pkps.org.pl\\\/?page_id=2493#primaryimage\"},\"image\":{\"@id\":\"https:\\\/\\\/pkps.org.pl\\\/?page_id=2493#primaryimage\"},\"thumbnailUrl\":\"https:\\\/\\\/pkps.org.pl\\\/wp-content\\\/uploads\\\/2024\\\/04\\\/Piejo-kury-3-724x1024.png\",\"datePublished\":\"2024-04-24T09:26:57+00:00\",\"breadcrumb\":{\"@id\":\"https:\\\/\\\/pkps.org.pl\\\/?page_id=2493#breadcrumb\"},\"inLanguage\":\"pl-PL\",\"potentialAction\":[{\"@type\":\"ReadAction\",\"target\":[\"https:\\\/\\\/pkps.org.pl\\\/?page_id=2493\"]}]},{\"@type\":\"ImageObject\",\"inLanguage\":\"pl-PL\",\"@id\":\"https:\\\/\\\/pkps.org.pl\\\/?page_id=2493#primaryimage\",\"url\":\"https:\\\/\\\/pkps.org.pl\\\/wp-content\\\/uploads\\\/2024\\\/04\\\/Piejo-kury-3.png\",\"contentUrl\":\"https:\\\/\\\/pkps.org.pl\\\/wp-content\\\/uploads\\\/2024\\\/04\\\/Piejo-kury-3.png\",\"width\":1587,\"height\":2245},{\"@type\":\"BreadcrumbList\",\"@id\":\"https:\\\/\\\/pkps.org.pl\\\/?page_id=2493#breadcrumb\",\"itemListElement\":[{\"@type\":\"ListItem\",\"position\":1,\"name\":\"Strona g\u0142\u00f3wna\",\"item\":\"https:\\\/\\\/pkps.org.pl\\\/\"},{\"@type\":\"ListItem\",\"position\":2,\"name\":\"Warsztaty edukacyjne dotycz\u0105ce ekologii i ochrony bior\u00f3\u017cnorodno\u015bci przyrodniczej\"}]},{\"@type\":\"WebSite\",\"@id\":\"https:\\\/\\\/pkps.org.pl\\\/#website\",\"url\":\"https:\\\/\\\/pkps.org.pl\\\/\",\"name\":\"Polski Komitet Pomocy Spo\u0142ecznej\",\"description\":\"Strona Polskiego Komitetu Pomocy Spo\u0142ecznej\",\"publisher\":{\"@id\":\"https:\\\/\\\/pkps.org.pl\\\/#organization\"},\"potentialAction\":[{\"@type\":\"SearchAction\",\"target\":{\"@type\":\"EntryPoint\",\"urlTemplate\":\"https:\\\/\\\/pkps.org.pl\\\/?s={search_term_string}\"},\"query-input\":{\"@type\":\"PropertyValueSpecification\",\"valueRequired\":true,\"valueName\":\"search_term_string\"}}],\"inLanguage\":\"pl-PL\"},{\"@type\":\"Organization\",\"@id\":\"https:\\\/\\\/pkps.org.pl\\\/#organization\",\"name\":\"Polski Komitet Pomocy Spo\u0142ecznej\",\"url\":\"https:\\\/\\\/pkps.org.pl\\\/\",\"logo\":{\"@type\":\"ImageObject\",\"inLanguage\":\"pl-PL\",\"@id\":\"https:\\\/\\\/pkps.org.pl\\\/#\\\/schema\\\/logo\\\/image\\\/\",\"url\":\"https:\\\/\\\/pkps.org.pl\\\/wp-content\\\/uploads\\\/2016\\\/12\\\/PKPS-Logo-1.jpg\",\"contentUrl\":\"https:\\\/\\\/pkps.org.pl\\\/wp-content\\\/uploads\\\/2016\\\/12\\\/PKPS-Logo-1.jpg\",\"width\":299,\"height\":408,\"caption\":\"Polski Komitet Pomocy Spo\u0142ecznej\"},\"image\":{\"@id\":\"https:\\\/\\\/pkps.org.pl\\\/#\\\/schema\\\/logo\\\/image\\\/\"}}]}<\/script>\n<!-- \/ Yoast SEO plugin. -->","yoast_head_json":{"title":"Warsztaty edukacyjne dotycz\u0105ce ekologii i ochrony bior\u00f3\u017cnorodno\u015bci przyrodniczej - Polski Komitet Pomocy Spo\u0142ecznej","robots":{"index":"index","follow":"follow","max-snippet":"max-snippet:-1","max-image-preview":"max-image-preview:large","max-video-preview":"max-video-preview:-1"},"canonical":"https:\/\/pkps.org.pl\/?page_id=2493","og_locale":"pl_PL","og_type":"article","og_title":"Warsztaty edukacyjne dotycz\u0105ce ekologii i ochrony bior\u00f3\u017cnorodno\u015bci przyrodniczej - Polski Komitet Pomocy Spo\u0142ecznej","og_description":"Serdecznie zapraszamy na warsztaty edukacyjne dotycz\u0105ce ekologii i ochrony bior\u00f3\u017cnorodno\u015bci przyrodniczej. Wi\u0119cej informacji w Centrum Promocji Zdrowia Senior\u00f3w PKPS przy ul. Ko\u015bciuszki 116 w Milan\u00f3wku i pod nr telefonu 501 384 059. \u00a0 Informujemy, \u017ce warsztaty edukacyjne s\u0105 przeprowadzane w ramach zadania publicznego pt. EKO hodowla PKPS 2024 &#8222;Piejo kury piejo&#8221; , kt\u00f3ry jest wsp\u00f3\u0142finansowany [&hellip;]","og_url":"https:\/\/pkps.org.pl\/?page_id=2493","og_site_name":"Polski Komitet Pomocy Spo\u0142ecznej","og_image":[{"url":"https:\/\/pkps.org.pl\/wp-content\/uploads\/2024\/04\/Piejo-kury-3-724x1024.png","type":"","width":"","height":""}],"twitter_card":"summary_large_image","twitter_misc":{"Szacowany czas czytania":"1 minuta"},"schema":{"@context":"https:\/\/schema.org","@graph":[{"@type":"WebPage","@id":"https:\/\/pkps.org.pl\/?page_id=2493","url":"https:\/\/pkps.org.pl\/?page_id=2493","name":"Warsztaty edukacyjne dotycz\u0105ce ekologii i ochrony bior\u00f3\u017cnorodno\u015bci przyrodniczej - Polski Komitet Pomocy Spo\u0142ecznej","isPartOf":{"@id":"https:\/\/pkps.org.pl\/#website"},"primaryImageOfPage":{"@id":"https:\/\/pkps.org.pl\/?page_id=2493#primaryimage"},"image":{"@id":"https:\/\/pkps.org.pl\/?page_id=2493#primaryimage"},"thumbnailUrl":"https:\/\/pkps.org.pl\/wp-content\/uploads\/2024\/04\/Piejo-kury-3-724x1024.png","datePublished":"2024-04-24T09:26:57+00:00","breadcrumb":{"@id":"https:\/\/pkps.org.pl\/?page_id=2493#breadcrumb"},"inLanguage":"pl-PL","potentialAction":[{"@type":"ReadAction","target":["https:\/\/pkps.org.pl\/?page_id=2493"]}]},{"@type":"ImageObject","inLanguage":"pl-PL","@id":"https:\/\/pkps.org.pl\/?page_id=2493#primaryimage","url":"https:\/\/pkps.org.pl\/wp-content\/uploads\/2024\/04\/Piejo-kury-3.png","contentUrl":"https:\/\/pkps.org.pl\/wp-content\/uploads\/2024\/04\/Piejo-kury-3.png","width":1587,"height":2245},{"@type":"BreadcrumbList","@id":"https:\/\/pkps.org.pl\/?page_id=2493#breadcrumb","itemListElement":[{"@type":"ListItem","position":1,"name":"Strona g\u0142\u00f3wna","item":"https:\/\/pkps.org.pl\/"},{"@type":"ListItem","position":2,"name":"Warsztaty edukacyjne dotycz\u0105ce ekologii i ochrony bior\u00f3\u017cnorodno\u015bci przyrodniczej"}]},{"@type":"WebSite","@id":"https:\/\/pkps.org.pl\/#website","url":"https:\/\/pkps.org.pl\/","name":"Polski Komitet Pomocy Spo\u0142ecznej","description":"Strona Polskiego Komitetu Pomocy Spo\u0142ecznej","publisher":{"@id":"https:\/\/pkps.org.pl\/#organization"},"potentialAction":[{"@type":"SearchAction","target":{"@type":"EntryPoint","urlTemplate":"https:\/\/pkps.org.pl\/?s={search_term_string}"},"query-input":{"@type":"PropertyValueSpecification","valueRequired":true,"valueName":"search_term_string"}}],"inLanguage":"pl-PL"},{"@type":"Organization","@id":"https:\/\/pkps.org.pl\/#organization","name":"Polski Komitet Pomocy Spo\u0142ecznej","url":"https:\/\/pkps.org.pl\/","logo":{"@type":"ImageObject","inLanguage":"pl-PL","@id":"https:\/\/pkps.org.pl\/#\/schema\/logo\/image\/","url":"https:\/\/pkps.org.pl\/wp-content\/uploads\/2016\/12\/PKPS-Logo-1.jpg","contentUrl":"https:\/\/pkps.org.pl\/wp-content\/uploads\/2016\/12\/PKPS-Logo-1.jpg","width":299,"height":408,"caption":"Polski Komitet Pomocy Spo\u0142ecznej"},"image":{"@id":"https:\/\/pkps.org.pl\/#\/schema\/logo\/image\/"}}]}},"_links":{"self":[{"href":"https:\/\/pkps.org.pl\/index.php?rest_route=\/wp\/v2\/pages\/2493","targetHints":{"allow":["GET"]}}],"collection":[{"href":"https:\/\/pkps.org.pl\/index.php?rest_route=\/wp\/v2\/pages"}],"about":[{"href":"https:\/\/pkps.org.pl\/index.php?rest_route=\/wp\/v2\/types\/page"}],"author":[{"embeddable":true,"href":"https:\/\/pkps.org.pl\/index.php?rest_route=\/wp\/v2\/users\/3"}],"replies":[{"embeddable":true,"href":"https:\/\/pkps.org.pl\/index.php?rest_route=%2Fwp%2Fv2%2Fcomments&post=2493"}],"version-history":[{"count":1,"href":"https:\/\/pkps.org.pl\/index.php?rest_route=\/wp\/v2\/pages\/2493\/revisions"}],"predecessor-version":[{"id":2495,"href":"https:\/\/pkps.org.pl\/index.php?rest_route=\/wp\/v2\/pages\/2493\/revisions\/2495"}],"wp:attachment":[{"href":"https:\/\/pkps.org.pl\/index.php?rest_route=%2Fwp%2Fv2%2Fmedia&parent=2493"}],"curies":[{"name":"wp","href":"https:\/\/api.w.org\/{rel}","templated":true}]}}