{"id":2893,"date":"2025-05-03T08:04:20","date_gmt":"2025-05-03T08:04:20","guid":{"rendered":"https:\/\/pkps.org.pl\/?page_id=2893"},"modified":"2025-05-03T08:04:20","modified_gmt":"2025-05-03T08:04:20","slug":"schronisko-60-polskiego-komitetu-pomocy-spolecznej","status":"publish","type":"page","link":"https:\/\/pkps.org.pl\/?page_id=2893","title":{"rendered":"Schronisko 60 + Polskiego Komitetu Pomocy Spo\u0142ecznej"},"content":{"rendered":"<p style=\"font-weight: 400;\">Schronisko jest plac\u00f3wk\u0105 o charakterze stacjonarnym prowadzon\u0105 w ramach dzia\u0142alno\u015bci statutowej PKPS, jest wpisane do rejestru wojewody mazowieckiego. Zapewnia pomoc i opiek\u0119 m\u0119\u017cczyznom w kryzysie bezdomno\u015bci po 60 roku \u017cycia. Na prowadzenie plac\u00f3wki PKPS nie otrzymuje \u017cadnych dotacji. Fundacja Totalizatora Sportowego udzieli\u0142a wsparcia w postaci darowizny pieni\u0119\u017cnej na pokrycie koszt\u00f3w eksploatacji oraz dofinansowanie zakupu \u017cywno\u015bci w ramach projektu Schronisko 60 + PKPS, kt\u00f3ry jest realizowany od 1 listopada 2024 do 30 kwietnia 2025 r.<\/p>\n<p style=\"font-weight: 400;\">Projekt ma bardzo wa\u017cne znaczenie spo\u0142eczne. Jest ukierunkowany na 40 os\u00f3b funkcjonuj\u0105cych na marginesie \u017cycia spo\u0142ecznego, ubogich dotkni\u0119tych wieloma problemami. Stwarza namiastk\u0119 DOMU poprzez zapewnienie pomocy socjalnej, opieki i aktywizacji. B\u0119dzie realizowany przez zesp\u00f3\u0142 specjalist\u00f3w: pracownika socjalnego, koordynatora (specjalist\u0119 pracy socjalnej), specjalist\u0119 ds. zarz\u0105dzania polityk\u0105 spo\u0142eczn\u0105, kierowc\u0119, pracownika gospodarczego, opiekun\u00f3w i wolontariuszy. Pracownik socjalny b\u0119dzie prowadzi\u0142 prac\u0119 socjaln\u0105, udziela\u0142 porad socjalnych oraz informacji, w szczeg\u00f3lno\u015bci w zakresie przys\u0142uguj\u0105cych uprawnie\u0144, aktywizowa\u0142 mieszka\u0144c\u00f3w . Koordynator zarz\u0105dza plac\u00f3wk\u0105 , rekrutuje podopiecznych\u00a0 ustala menu, zabezpiecza \u017cywno\u015b\u0107 i \u015brodki czysto\u015bci , dba o w\u0142a\u015bciwe funkcjonowanie plac\u00f3wki, aktywizuje i motywuje mieszka\u0144c\u00f3w. Opiekunowie zapewniaj\u0105 24 godz. opiek\u0119 nad schroniskiem.<\/p>\n<p style=\"font-weight: 400;\">Zak\u0142adane efekty projektu:<\/p>\n<ol>\n<li>Poprawa funkcjonowania 40 odbiorc\u00f3w projektu.<\/li>\n<li>Umo\u017cliwienie prowadzenia schroniska poprzez zapewnienie \u015brodk\u00f3w na pokrycie koszt\u00f3w eksploatacji.<\/li>\n<li>Przeciwdzia\u0142anie wykluczeniu spo\u0142ecznemu 40 os\u00f3b.<\/li>\n<li>Aktywizacja spo\u0142eczna i zawodowa 40 uczestnik\u00f3w projektu.<\/li>\n<\/ol>\n<p style=\"font-weight: 400;\">W ramach projektu planujemy prowadzenie dzia\u0142a\u0144 s\u0142u\u017c\u0105cych osi\u0105gni\u0119ciu zak\u0142adanego celu i osi\u0105gni\u0119ciu planowanych rezultat\u00f3w:<\/p>\n<ol>\n<li>Zapewnienie schronienia dla 40 m\u0119\u017cczyzn po 60 r.\u017c. w pokojach 2-4 osobowych z dost\u0119pem do \u0142azienki.<\/li>\n<li>Zapewnienie 3 posi\u0142k\u00f3w dziennie , w tym 1 ciep\u0142ego oraz sta\u0142ego dost\u0119pu do pieczywa, d\u017cemu, owoc\u00f3w , jogurt\u00f3w lub innych produkt\u00f3w w zale\u017cno\u015bci od posiadanych zasob\u00f3w PKPS pochodz\u0105cych z darowizn.<\/li>\n<li>Poradnictwo socjalne, praca socjalna.<\/li>\n<li>Udzielanie informacji.<\/li>\n<li>Zapewnienie \u015brodk\u00f3w czysto\u015bciowo-higienicznych.<\/li>\n<li>Zapewnienie odzie\u017cy i obuwia.<\/li>\n<li>Zapewnienie dost\u0119pu do pralki suszarki i \u015brodk\u00f3w pior\u0105cych.<\/li>\n<li>Aktywizacja spo\u0142eczna i zawodowa odbiorc\u00f3w projektu.<\/li>\n<\/ol>\n<p style=\"font-weight: 400;\">Wymienione dzia\u0142ania s\u0142u\u017c\u0105 poprawie funkcjonowania uczestnik\u00f3w projektu i prowadz\u0105 do w\u0142\u0105czenia spo\u0142ecznego.<br \/>\nProjekt odpowiada na potrzeby spo\u0142eczne. Jest adresowany dla os\u00f3b starszych marginalizowanych, dla kt\u00f3rych nie ma dedykowanych plac\u00f3wek. Domy Pomocy Spo\u0142ecznej nie maj\u0105 oferty dla tej grupy spo\u0142ecznej. PKPS ma du\u017ce do\u015bwiadczenie w pracy z osobami wykluczeniem spo\u0142ecznym i w prowadzeniu takich plac\u00f3wek.<br \/>\nPlanowana liczba odbiorc\u00f3w 40 m\u0119\u017cczyzn po 60 r. \u017cycia dotkni\u0119tych ub\u00f3stwem, bez w\u0142asnego dachu nad g\u0142ow\u0105, borykaj\u0105cych si\u0119 z r\u00f3\u017cnymi problemami gotowych do zmiany stylu \u017cycia utrzymuj\u0105cych abstynencj\u0119.<\/p>\n<p style=\"font-weight: 400;\">Wi\u0119kszo\u015b\u0107 odbiorc\u00f3w projektu to podopieczni PKPS, kt\u00f3rzy korzystaj\u0105 z naszego wsparcia w formie schronienia. Po zako\u0144czeniu 2 letniego projektu nie mamy \u015brodk\u00f3w na pokrycie \u015brodk\u00f3w eksploatacji obiektu. Nasi podopieczni to osoby, kt\u00f3re nie mog\u0105 wr\u00f3ci\u0107 do przestrzeni publicznej. Pokonuj\u0105 wiele ogranicze\u0144 i trudno\u015bci. S\u0105 na drodze w\u0142\u0105czenia spo\u0142ecznego dzi\u0119ki prowadzonym dzia\u0142aniom przez specjalist\u00f3w i determinacji uczestnik\u00f3w.<\/p>\n","protected":false},"excerpt":{"rendered":"<p>Schronisko jest plac\u00f3wk\u0105 o charakterze stacjonarnym prowadzon\u0105 w ramach dzia\u0142alno\u015bci statutowej PKPS, jest wpisane do rejestru wojewody mazowieckiego. Zapewnia pomoc i opiek\u0119 m\u0119\u017cczyznom w kryzysie bezdomno\u015bci po 60 roku \u017cycia. Na prowadzenie plac\u00f3wki PKPS nie otrzymuje \u017cadnych dotacji. Fundacja Totalizatora Sportowego udzieli\u0142a wsparcia w postaci darowizny pieni\u0119\u017cnej na pokrycie koszt\u00f3w eksploatacji oraz dofinansowanie zakupu \u017cywno\u015bci [&hellip;]<\/p>\n","protected":false},"author":3,"featured_media":0,"parent":0,"menu_order":0,"comment_status":"closed","ping_status":"closed","template":"","meta":{"footnotes":"","_links_to":"","_links_to_target":""},"class_list":["post-2893","page","type-page","status-publish","hentry"],"yoast_head":"<!-- This site is optimized with the Yoast SEO plugin v27.4 - https:\/\/yoast.com\/product\/yoast-seo-wordpress\/ -->\n<title>Schronisko 60 + Polskiego Komitetu Pomocy Spo\u0142ecznej - Polski Komitet Pomocy Spo\u0142ecznej<\/title>\n<meta name=\"robots\" content=\"index, follow, max-snippet:-1, max-image-preview:large, max-video-preview:-1\" \/>\n<link rel=\"canonical\" href=\"https:\/\/pkps.org.pl\/?page_id=2893\" \/>\n<meta property=\"og:locale\" content=\"pl_PL\" \/>\n<meta property=\"og:type\" content=\"article\" \/>\n<meta property=\"og:title\" content=\"Schronisko 60 + Polskiego Komitetu Pomocy Spo\u0142ecznej - Polski Komitet Pomocy Spo\u0142ecznej\" \/>\n<meta property=\"og:description\" content=\"Schronisko jest plac\u00f3wk\u0105 o charakterze stacjonarnym prowadzon\u0105 w ramach dzia\u0142alno\u015bci statutowej PKPS, jest wpisane do rejestru wojewody mazowieckiego. Zapewnia pomoc i opiek\u0119 m\u0119\u017cczyznom w kryzysie bezdomno\u015bci po 60 roku \u017cycia. Na prowadzenie plac\u00f3wki PKPS nie otrzymuje \u017cadnych dotacji. Fundacja Totalizatora Sportowego udzieli\u0142a wsparcia w postaci darowizny pieni\u0119\u017cnej na pokrycie koszt\u00f3w eksploatacji oraz dofinansowanie zakupu \u017cywno\u015bci [&hellip;]\" \/>\n<meta property=\"og:url\" content=\"https:\/\/pkps.org.pl\/?page_id=2893\" \/>\n<meta property=\"og:site_name\" content=\"Polski Komitet Pomocy Spo\u0142ecznej\" \/>\n<meta name=\"twitter:card\" content=\"summary_large_image\" \/>\n<meta name=\"twitter:label1\" content=\"Szacowany czas czytania\" \/>\n\t<meta name=\"twitter:data1\" content=\"3 minuty\" \/>\n<script type=\"application\/ld+json\" class=\"yoast-schema-graph\">{\"@context\":\"https:\\\/\\\/schema.org\",\"@graph\":[{\"@type\":\"WebPage\",\"@id\":\"https:\\\/\\\/pkps.org.pl\\\/?page_id=2893\",\"url\":\"https:\\\/\\\/pkps.org.pl\\\/?page_id=2893\",\"name\":\"Schronisko 60 + Polskiego Komitetu Pomocy Spo\u0142ecznej - Polski Komitet Pomocy Spo\u0142ecznej\",\"isPartOf\":{\"@id\":\"https:\\\/\\\/pkps.org.pl\\\/#website\"},\"datePublished\":\"2025-05-03T08:04:20+00:00\",\"breadcrumb\":{\"@id\":\"https:\\\/\\\/pkps.org.pl\\\/?page_id=2893#breadcrumb\"},\"inLanguage\":\"pl-PL\",\"potentialAction\":[{\"@type\":\"ReadAction\",\"target\":[\"https:\\\/\\\/pkps.org.pl\\\/?page_id=2893\"]}]},{\"@type\":\"BreadcrumbList\",\"@id\":\"https:\\\/\\\/pkps.org.pl\\\/?page_id=2893#breadcrumb\",\"itemListElement\":[{\"@type\":\"ListItem\",\"position\":1,\"name\":\"Strona g\u0142\u00f3wna\",\"item\":\"https:\\\/\\\/pkps.org.pl\\\/\"},{\"@type\":\"ListItem\",\"position\":2,\"name\":\"Schronisko 60 + Polskiego Komitetu Pomocy Spo\u0142ecznej\"}]},{\"@type\":\"WebSite\",\"@id\":\"https:\\\/\\\/pkps.org.pl\\\/#website\",\"url\":\"https:\\\/\\\/pkps.org.pl\\\/\",\"name\":\"Polski Komitet Pomocy Spo\u0142ecznej\",\"description\":\"Strona Polskiego Komitetu Pomocy Spo\u0142ecznej\",\"publisher\":{\"@id\":\"https:\\\/\\\/pkps.org.pl\\\/#organization\"},\"potentialAction\":[{\"@type\":\"SearchAction\",\"target\":{\"@type\":\"EntryPoint\",\"urlTemplate\":\"https:\\\/\\\/pkps.org.pl\\\/?s={search_term_string}\"},\"query-input\":{\"@type\":\"PropertyValueSpecification\",\"valueRequired\":true,\"valueName\":\"search_term_string\"}}],\"inLanguage\":\"pl-PL\"},{\"@type\":\"Organization\",\"@id\":\"https:\\\/\\\/pkps.org.pl\\\/#organization\",\"name\":\"Polski Komitet Pomocy Spo\u0142ecznej\",\"url\":\"https:\\\/\\\/pkps.org.pl\\\/\",\"logo\":{\"@type\":\"ImageObject\",\"inLanguage\":\"pl-PL\",\"@id\":\"https:\\\/\\\/pkps.org.pl\\\/#\\\/schema\\\/logo\\\/image\\\/\",\"url\":\"https:\\\/\\\/pkps.org.pl\\\/wp-content\\\/uploads\\\/2016\\\/12\\\/PKPS-Logo-1.jpg\",\"contentUrl\":\"https:\\\/\\\/pkps.org.pl\\\/wp-content\\\/uploads\\\/2016\\\/12\\\/PKPS-Logo-1.jpg\",\"width\":299,\"height\":408,\"caption\":\"Polski Komitet Pomocy Spo\u0142ecznej\"},\"image\":{\"@id\":\"https:\\\/\\\/pkps.org.pl\\\/#\\\/schema\\\/logo\\\/image\\\/\"}}]}<\/script>\n<!-- \/ Yoast SEO plugin. -->","yoast_head_json":{"title":"Schronisko 60 + Polskiego Komitetu Pomocy Spo\u0142ecznej - Polski Komitet Pomocy Spo\u0142ecznej","robots":{"index":"index","follow":"follow","max-snippet":"max-snippet:-1","max-image-preview":"max-image-preview:large","max-video-preview":"max-video-preview:-1"},"canonical":"https:\/\/pkps.org.pl\/?page_id=2893","og_locale":"pl_PL","og_type":"article","og_title":"Schronisko 60 + Polskiego Komitetu Pomocy Spo\u0142ecznej - Polski Komitet Pomocy Spo\u0142ecznej","og_description":"Schronisko jest plac\u00f3wk\u0105 o charakterze stacjonarnym prowadzon\u0105 w ramach dzia\u0142alno\u015bci statutowej PKPS, jest wpisane do rejestru wojewody mazowieckiego. Zapewnia pomoc i opiek\u0119 m\u0119\u017cczyznom w kryzysie bezdomno\u015bci po 60 roku \u017cycia. Na prowadzenie plac\u00f3wki PKPS nie otrzymuje \u017cadnych dotacji. Fundacja Totalizatora Sportowego udzieli\u0142a wsparcia w postaci darowizny pieni\u0119\u017cnej na pokrycie koszt\u00f3w eksploatacji oraz dofinansowanie zakupu \u017cywno\u015bci [&hellip;]","og_url":"https:\/\/pkps.org.pl\/?page_id=2893","og_site_name":"Polski Komitet Pomocy Spo\u0142ecznej","twitter_card":"summary_large_image","twitter_misc":{"Szacowany czas czytania":"3 minuty"},"schema":{"@context":"https:\/\/schema.org","@graph":[{"@type":"WebPage","@id":"https:\/\/pkps.org.pl\/?page_id=2893","url":"https:\/\/pkps.org.pl\/?page_id=2893","name":"Schronisko 60 + Polskiego Komitetu Pomocy Spo\u0142ecznej - Polski Komitet Pomocy Spo\u0142ecznej","isPartOf":{"@id":"https:\/\/pkps.org.pl\/#website"},"datePublished":"2025-05-03T08:04:20+00:00","breadcrumb":{"@id":"https:\/\/pkps.org.pl\/?page_id=2893#breadcrumb"},"inLanguage":"pl-PL","potentialAction":[{"@type":"ReadAction","target":["https:\/\/pkps.org.pl\/?page_id=2893"]}]},{"@type":"BreadcrumbList","@id":"https:\/\/pkps.org.pl\/?page_id=2893#breadcrumb","itemListElement":[{"@type":"ListItem","position":1,"name":"Strona g\u0142\u00f3wna","item":"https:\/\/pkps.org.pl\/"},{"@type":"ListItem","position":2,"name":"Schronisko 60 + Polskiego Komitetu Pomocy Spo\u0142ecznej"}]},{"@type":"WebSite","@id":"https:\/\/pkps.org.pl\/#website","url":"https:\/\/pkps.org.pl\/","name":"Polski Komitet Pomocy Spo\u0142ecznej","description":"Strona Polskiego Komitetu Pomocy Spo\u0142ecznej","publisher":{"@id":"https:\/\/pkps.org.pl\/#organization"},"potentialAction":[{"@type":"SearchAction","target":{"@type":"EntryPoint","urlTemplate":"https:\/\/pkps.org.pl\/?s={search_term_string}"},"query-input":{"@type":"PropertyValueSpecification","valueRequired":true,"valueName":"search_term_string"}}],"inLanguage":"pl-PL"},{"@type":"Organization","@id":"https:\/\/pkps.org.pl\/#organization","name":"Polski Komitet Pomocy Spo\u0142ecznej","url":"https:\/\/pkps.org.pl\/","logo":{"@type":"ImageObject","inLanguage":"pl-PL","@id":"https:\/\/pkps.org.pl\/#\/schema\/logo\/image\/","url":"https:\/\/pkps.org.pl\/wp-content\/uploads\/2016\/12\/PKPS-Logo-1.jpg","contentUrl":"https:\/\/pkps.org.pl\/wp-content\/uploads\/2016\/12\/PKPS-Logo-1.jpg","width":299,"height":408,"caption":"Polski Komitet Pomocy Spo\u0142ecznej"},"image":{"@id":"https:\/\/pkps.org.pl\/#\/schema\/logo\/image\/"}}]}},"_links":{"self":[{"href":"https:\/\/pkps.org.pl\/index.php?rest_route=\/wp\/v2\/pages\/2893","targetHints":{"allow":["GET"]}}],"collection":[{"href":"https:\/\/pkps.org.pl\/index.php?rest_route=\/wp\/v2\/pages"}],"about":[{"href":"https:\/\/pkps.org.pl\/index.php?rest_route=\/wp\/v2\/types\/page"}],"author":[{"embeddable":true,"href":"https:\/\/pkps.org.pl\/index.php?rest_route=\/wp\/v2\/users\/3"}],"replies":[{"embeddable":true,"href":"https:\/\/pkps.org.pl\/index.php?rest_route=%2Fwp%2Fv2%2Fcomments&post=2893"}],"version-history":[{"count":2,"href":"https:\/\/pkps.org.pl\/index.php?rest_route=\/wp\/v2\/pages\/2893\/revisions"}],"predecessor-version":[{"id":2898,"href":"https:\/\/pkps.org.pl\/index.php?rest_route=\/wp\/v2\/pages\/2893\/revisions\/2898"}],"wp:attachment":[{"href":"https:\/\/pkps.org.pl\/index.php?rest_route=%2Fwp%2Fv2%2Fmedia&parent=2893"}],"curies":[{"name":"wp","href":"https:\/\/api.w.org\/{rel}","templated":true}]}}