{"id":2909,"date":"2025-05-13T17:01:32","date_gmt":"2025-05-13T17:01:32","guid":{"rendered":"https:\/\/pkps.org.pl\/?page_id=2909"},"modified":"2025-05-13T17:01:32","modified_gmt":"2025-05-13T17:01:32","slug":"edukacja-pkps-w-zakresie-przeciwdzialania-marnowaniu-zywnosci","status":"publish","type":"page","link":"https:\/\/pkps.org.pl\/?page_id=2909","title":{"rendered":"Edukacja PKPS w zakresie przeciwdzia\u0142ania marnowaniu \u017cywno\u015bci."},"content":{"rendered":"<div class=\"wp-block-image\"><img fetchpriority=\"high\" decoding=\"async\" class=\"wpa-warning wpa-image-missing-alt alignnone size-full wp-image-2910\" src=\"https:\/\/pkps.org.pl\/wp-content\/uploads\/2025\/05\/Laga.png\" alt=\"\" width=\"1928\" height=\"258\" data-warning=\"Missing alt text\" srcset=\"https:\/\/pkps.org.pl\/wp-content\/uploads\/2025\/05\/Laga.png 1928w, https:\/\/pkps.org.pl\/wp-content\/uploads\/2025\/05\/Laga-300x40.png 300w, https:\/\/pkps.org.pl\/wp-content\/uploads\/2025\/05\/Laga-1024x137.png 1024w, https:\/\/pkps.org.pl\/wp-content\/uploads\/2025\/05\/Laga-768x103.png 768w, https:\/\/pkps.org.pl\/wp-content\/uploads\/2025\/05\/Laga-1536x206.png 1536w\" sizes=\"(max-width: 1928px) 100vw, 1928px\" \/><\/div>\n<p style=\"font-weight: 400;\"><strong>Edukacja PKPS w zakresie przeciwdzia\u0142ania marnowaniu \u017cywno\u015bci.<\/strong><\/p>\n<p style=\"font-weight: 400;\">\u00a0PKPS w ramach Zadania Publicznego \u201eMagazyny Wsparcia Spo\u0142ecznego PKPS 2024.- 2026\u201d finansowanego ze \u015brodk\u00f3w Samorz\u0105du Wojew\u00f3dztwa Mazowieckiego, prowadzi dzia\u0142ania edukacyjne dla kadry.<\/p>\n<p style=\"font-weight: 400;\">W dniu 9 kwietnia 2025 odby\u0142o si\u0119 kolejne ju\u017c w ramach cyklicznych szkole\u0144.<\/p>\n<p style=\"font-weight: 400;\">Celem szkolenia by\u0142o zwi\u0119kszenie kompetencji kadry PKPS, kt\u00f3ra uczestniczy w procesie pozyskiwania i dystrybucji \u017cywno\u015bci. W programie mi\u0119dzy innymi: przedstawienie celu i przedmiotu zadania publicznego, istota i skala zjawiska marnowania \u017cywno\u015bci, sposoby minimalizacji marnowania \u017cywno\u015bci w gospodarstwach domowych, zasady zero waste.<\/p>\n<p style=\"font-weight: 400;\">Warsztaty sprzyja\u0142y wymianie do\u015bwiadcze\u0144 z realizacji projektu, wsp\u00f3\u0142pracy ze sklepami wielkopowierzchniowymi. Uczestnicy mieli tak\u017ce mo\u017cliwo\u015b\u0107 weryfikacji wiedzy, jak\u0105 uzyskali w trakcie szkolenia poprzez rozwi\u0105zywanie kazus\u00f3w przygotowanych przez prowadz\u0105cego. Praca grupowa wzmocni\u0142a integracj\u0119 uczestnik\u00f3w.<\/p>\n<p style=\"font-weight: 400;\">Warsztaty by\u0142y przez uczestnik\u00f3w rekomendowane jako przyk\u0142ad dobrych praktyk do implementowania w jednostkach terenowych PKPS<\/p>\n","protected":false},"excerpt":{"rendered":"<p>Edukacja PKPS w zakresie przeciwdzia\u0142ania marnowaniu \u017cywno\u015bci. \u00a0PKPS w ramach Zadania Publicznego \u201eMagazyny Wsparcia Spo\u0142ecznego PKPS 2024.- 2026\u201d finansowanego ze \u015brodk\u00f3w Samorz\u0105du Wojew\u00f3dztwa Mazowieckiego, prowadzi dzia\u0142ania edukacyjne dla kadry. W dniu 9 kwietnia 2025 odby\u0142o si\u0119 kolejne ju\u017c w ramach cyklicznych szkole\u0144. Celem szkolenia by\u0142o zwi\u0119kszenie kompetencji kadry PKPS, kt\u00f3ra uczestniczy w procesie pozyskiwania i [&hellip;]<\/p>\n","protected":false},"author":3,"featured_media":0,"parent":0,"menu_order":0,"comment_status":"closed","ping_status":"closed","template":"","meta":{"footnotes":"","_links_to":"","_links_to_target":""},"class_list":["post-2909","page","type-page","status-publish","hentry"],"yoast_head":"<!-- This site is optimized with the Yoast SEO plugin v27.4 - https:\/\/yoast.com\/product\/yoast-seo-wordpress\/ -->\n<title>Edukacja PKPS w zakresie przeciwdzia\u0142ania marnowaniu \u017cywno\u015bci. - Polski Komitet Pomocy Spo\u0142ecznej<\/title>\n<meta name=\"robots\" content=\"index, follow, max-snippet:-1, max-image-preview:large, max-video-preview:-1\" \/>\n<link rel=\"canonical\" href=\"https:\/\/pkps.org.pl\/?page_id=2909\" \/>\n<meta property=\"og:locale\" content=\"pl_PL\" \/>\n<meta property=\"og:type\" content=\"article\" \/>\n<meta property=\"og:title\" content=\"Edukacja PKPS w zakresie przeciwdzia\u0142ania marnowaniu \u017cywno\u015bci. - Polski Komitet Pomocy Spo\u0142ecznej\" \/>\n<meta property=\"og:description\" content=\"Edukacja PKPS w zakresie przeciwdzia\u0142ania marnowaniu \u017cywno\u015bci. \u00a0PKPS w ramach Zadania Publicznego \u201eMagazyny Wsparcia Spo\u0142ecznego PKPS 2024.- 2026\u201d finansowanego ze \u015brodk\u00f3w Samorz\u0105du Wojew\u00f3dztwa Mazowieckiego, prowadzi dzia\u0142ania edukacyjne dla kadry. W dniu 9 kwietnia 2025 odby\u0142o si\u0119 kolejne ju\u017c w ramach cyklicznych szkole\u0144. Celem szkolenia by\u0142o zwi\u0119kszenie kompetencji kadry PKPS, kt\u00f3ra uczestniczy w procesie pozyskiwania i [&hellip;]\" \/>\n<meta property=\"og:url\" content=\"https:\/\/pkps.org.pl\/?page_id=2909\" \/>\n<meta property=\"og:site_name\" content=\"Polski Komitet Pomocy Spo\u0142ecznej\" \/>\n<meta property=\"og:image\" content=\"https:\/\/pkps.org.pl\/wp-content\/uploads\/2025\/05\/Laga.png\" \/>\n\t<meta property=\"og:image:width\" content=\"1928\" \/>\n\t<meta property=\"og:image:height\" content=\"258\" \/>\n\t<meta property=\"og:image:type\" content=\"image\/png\" \/>\n<meta name=\"twitter:card\" content=\"summary_large_image\" \/>\n<meta name=\"twitter:label1\" content=\"Szacowany czas czytania\" \/>\n\t<meta name=\"twitter:data1\" content=\"1 minuta\" \/>\n<script type=\"application\/ld+json\" class=\"yoast-schema-graph\">{\"@context\":\"https:\\\/\\\/schema.org\",\"@graph\":[{\"@type\":\"WebPage\",\"@id\":\"https:\\\/\\\/pkps.org.pl\\\/?page_id=2909\",\"url\":\"https:\\\/\\\/pkps.org.pl\\\/?page_id=2909\",\"name\":\"Edukacja PKPS w zakresie przeciwdzia\u0142ania marnowaniu \u017cywno\u015bci. - Polski Komitet Pomocy Spo\u0142ecznej\",\"isPartOf\":{\"@id\":\"https:\\\/\\\/pkps.org.pl\\\/#website\"},\"primaryImageOfPage\":{\"@id\":\"https:\\\/\\\/pkps.org.pl\\\/?page_id=2909#primaryimage\"},\"image\":{\"@id\":\"https:\\\/\\\/pkps.org.pl\\\/?page_id=2909#primaryimage\"},\"thumbnailUrl\":\"https:\\\/\\\/pkps.org.pl\\\/wp-content\\\/uploads\\\/2025\\\/05\\\/Laga.png\",\"datePublished\":\"2025-05-13T17:01:32+00:00\",\"breadcrumb\":{\"@id\":\"https:\\\/\\\/pkps.org.pl\\\/?page_id=2909#breadcrumb\"},\"inLanguage\":\"pl-PL\",\"potentialAction\":[{\"@type\":\"ReadAction\",\"target\":[\"https:\\\/\\\/pkps.org.pl\\\/?page_id=2909\"]}]},{\"@type\":\"ImageObject\",\"inLanguage\":\"pl-PL\",\"@id\":\"https:\\\/\\\/pkps.org.pl\\\/?page_id=2909#primaryimage\",\"url\":\"https:\\\/\\\/pkps.org.pl\\\/wp-content\\\/uploads\\\/2025\\\/05\\\/Laga.png\",\"contentUrl\":\"https:\\\/\\\/pkps.org.pl\\\/wp-content\\\/uploads\\\/2025\\\/05\\\/Laga.png\",\"width\":1928,\"height\":258},{\"@type\":\"BreadcrumbList\",\"@id\":\"https:\\\/\\\/pkps.org.pl\\\/?page_id=2909#breadcrumb\",\"itemListElement\":[{\"@type\":\"ListItem\",\"position\":1,\"name\":\"Strona g\u0142\u00f3wna\",\"item\":\"https:\\\/\\\/pkps.org.pl\\\/\"},{\"@type\":\"ListItem\",\"position\":2,\"name\":\"Edukacja PKPS w zakresie przeciwdzia\u0142ania marnowaniu \u017cywno\u015bci.\"}]},{\"@type\":\"WebSite\",\"@id\":\"https:\\\/\\\/pkps.org.pl\\\/#website\",\"url\":\"https:\\\/\\\/pkps.org.pl\\\/\",\"name\":\"Polski Komitet Pomocy Spo\u0142ecznej\",\"description\":\"Strona Polskiego Komitetu Pomocy Spo\u0142ecznej\",\"publisher\":{\"@id\":\"https:\\\/\\\/pkps.org.pl\\\/#organization\"},\"potentialAction\":[{\"@type\":\"SearchAction\",\"target\":{\"@type\":\"EntryPoint\",\"urlTemplate\":\"https:\\\/\\\/pkps.org.pl\\\/?s={search_term_string}\"},\"query-input\":{\"@type\":\"PropertyValueSpecification\",\"valueRequired\":true,\"valueName\":\"search_term_string\"}}],\"inLanguage\":\"pl-PL\"},{\"@type\":\"Organization\",\"@id\":\"https:\\\/\\\/pkps.org.pl\\\/#organization\",\"name\":\"Polski Komitet Pomocy Spo\u0142ecznej\",\"url\":\"https:\\\/\\\/pkps.org.pl\\\/\",\"logo\":{\"@type\":\"ImageObject\",\"inLanguage\":\"pl-PL\",\"@id\":\"https:\\\/\\\/pkps.org.pl\\\/#\\\/schema\\\/logo\\\/image\\\/\",\"url\":\"https:\\\/\\\/pkps.org.pl\\\/wp-content\\\/uploads\\\/2016\\\/12\\\/PKPS-Logo-1.jpg\",\"contentUrl\":\"https:\\\/\\\/pkps.org.pl\\\/wp-content\\\/uploads\\\/2016\\\/12\\\/PKPS-Logo-1.jpg\",\"width\":299,\"height\":408,\"caption\":\"Polski Komitet Pomocy Spo\u0142ecznej\"},\"image\":{\"@id\":\"https:\\\/\\\/pkps.org.pl\\\/#\\\/schema\\\/logo\\\/image\\\/\"}}]}<\/script>\n<!-- \/ Yoast SEO plugin. -->","yoast_head_json":{"title":"Edukacja PKPS w zakresie przeciwdzia\u0142ania marnowaniu \u017cywno\u015bci. - Polski Komitet Pomocy Spo\u0142ecznej","robots":{"index":"index","follow":"follow","max-snippet":"max-snippet:-1","max-image-preview":"max-image-preview:large","max-video-preview":"max-video-preview:-1"},"canonical":"https:\/\/pkps.org.pl\/?page_id=2909","og_locale":"pl_PL","og_type":"article","og_title":"Edukacja PKPS w zakresie przeciwdzia\u0142ania marnowaniu \u017cywno\u015bci. - Polski Komitet Pomocy Spo\u0142ecznej","og_description":"Edukacja PKPS w zakresie przeciwdzia\u0142ania marnowaniu \u017cywno\u015bci. \u00a0PKPS w ramach Zadania Publicznego \u201eMagazyny Wsparcia Spo\u0142ecznego PKPS 2024.- 2026\u201d finansowanego ze \u015brodk\u00f3w Samorz\u0105du Wojew\u00f3dztwa Mazowieckiego, prowadzi dzia\u0142ania edukacyjne dla kadry. W dniu 9 kwietnia 2025 odby\u0142o si\u0119 kolejne ju\u017c w ramach cyklicznych szkole\u0144. Celem szkolenia by\u0142o zwi\u0119kszenie kompetencji kadry PKPS, kt\u00f3ra uczestniczy w procesie pozyskiwania i [&hellip;]","og_url":"https:\/\/pkps.org.pl\/?page_id=2909","og_site_name":"Polski Komitet Pomocy Spo\u0142ecznej","og_image":[{"width":1928,"height":258,"url":"https:\/\/pkps.org.pl\/wp-content\/uploads\/2025\/05\/Laga.png","type":"image\/png"}],"twitter_card":"summary_large_image","twitter_misc":{"Szacowany czas czytania":"1 minuta"},"schema":{"@context":"https:\/\/schema.org","@graph":[{"@type":"WebPage","@id":"https:\/\/pkps.org.pl\/?page_id=2909","url":"https:\/\/pkps.org.pl\/?page_id=2909","name":"Edukacja PKPS w zakresie przeciwdzia\u0142ania marnowaniu \u017cywno\u015bci. - Polski Komitet Pomocy Spo\u0142ecznej","isPartOf":{"@id":"https:\/\/pkps.org.pl\/#website"},"primaryImageOfPage":{"@id":"https:\/\/pkps.org.pl\/?page_id=2909#primaryimage"},"image":{"@id":"https:\/\/pkps.org.pl\/?page_id=2909#primaryimage"},"thumbnailUrl":"https:\/\/pkps.org.pl\/wp-content\/uploads\/2025\/05\/Laga.png","datePublished":"2025-05-13T17:01:32+00:00","breadcrumb":{"@id":"https:\/\/pkps.org.pl\/?page_id=2909#breadcrumb"},"inLanguage":"pl-PL","potentialAction":[{"@type":"ReadAction","target":["https:\/\/pkps.org.pl\/?page_id=2909"]}]},{"@type":"ImageObject","inLanguage":"pl-PL","@id":"https:\/\/pkps.org.pl\/?page_id=2909#primaryimage","url":"https:\/\/pkps.org.pl\/wp-content\/uploads\/2025\/05\/Laga.png","contentUrl":"https:\/\/pkps.org.pl\/wp-content\/uploads\/2025\/05\/Laga.png","width":1928,"height":258},{"@type":"BreadcrumbList","@id":"https:\/\/pkps.org.pl\/?page_id=2909#breadcrumb","itemListElement":[{"@type":"ListItem","position":1,"name":"Strona g\u0142\u00f3wna","item":"https:\/\/pkps.org.pl\/"},{"@type":"ListItem","position":2,"name":"Edukacja PKPS w zakresie przeciwdzia\u0142ania marnowaniu \u017cywno\u015bci."}]},{"@type":"WebSite","@id":"https:\/\/pkps.org.pl\/#website","url":"https:\/\/pkps.org.pl\/","name":"Polski Komitet Pomocy Spo\u0142ecznej","description":"Strona Polskiego Komitetu Pomocy Spo\u0142ecznej","publisher":{"@id":"https:\/\/pkps.org.pl\/#organization"},"potentialAction":[{"@type":"SearchAction","target":{"@type":"EntryPoint","urlTemplate":"https:\/\/pkps.org.pl\/?s={search_term_string}"},"query-input":{"@type":"PropertyValueSpecification","valueRequired":true,"valueName":"search_term_string"}}],"inLanguage":"pl-PL"},{"@type":"Organization","@id":"https:\/\/pkps.org.pl\/#organization","name":"Polski Komitet Pomocy Spo\u0142ecznej","url":"https:\/\/pkps.org.pl\/","logo":{"@type":"ImageObject","inLanguage":"pl-PL","@id":"https:\/\/pkps.org.pl\/#\/schema\/logo\/image\/","url":"https:\/\/pkps.org.pl\/wp-content\/uploads\/2016\/12\/PKPS-Logo-1.jpg","contentUrl":"https:\/\/pkps.org.pl\/wp-content\/uploads\/2016\/12\/PKPS-Logo-1.jpg","width":299,"height":408,"caption":"Polski Komitet Pomocy Spo\u0142ecznej"},"image":{"@id":"https:\/\/pkps.org.pl\/#\/schema\/logo\/image\/"}}]}},"_links":{"self":[{"href":"https:\/\/pkps.org.pl\/index.php?rest_route=\/wp\/v2\/pages\/2909","targetHints":{"allow":["GET"]}}],"collection":[{"href":"https:\/\/pkps.org.pl\/index.php?rest_route=\/wp\/v2\/pages"}],"about":[{"href":"https:\/\/pkps.org.pl\/index.php?rest_route=\/wp\/v2\/types\/page"}],"author":[{"embeddable":true,"href":"https:\/\/pkps.org.pl\/index.php?rest_route=\/wp\/v2\/users\/3"}],"replies":[{"embeddable":true,"href":"https:\/\/pkps.org.pl\/index.php?rest_route=%2Fwp%2Fv2%2Fcomments&post=2909"}],"version-history":[{"count":1,"href":"https:\/\/pkps.org.pl\/index.php?rest_route=\/wp\/v2\/pages\/2909\/revisions"}],"predecessor-version":[{"id":2911,"href":"https:\/\/pkps.org.pl\/index.php?rest_route=\/wp\/v2\/pages\/2909\/revisions\/2911"}],"wp:attachment":[{"href":"https:\/\/pkps.org.pl\/index.php?rest_route=%2Fwp%2Fv2%2Fmedia&parent=2909"}],"curies":[{"name":"wp","href":"https:\/\/api.w.org\/{rel}","templated":true}]}}