{"id":2931,"date":"2025-06-05T10:17:38","date_gmt":"2025-06-05T10:17:38","guid":{"rendered":"https:\/\/pkps.org.pl\/?page_id=2931"},"modified":"2026-01-28T11:00:00","modified_gmt":"2026-01-28T11:00:00","slug":"po-sasiedzku","status":"publish","type":"page","link":"https:\/\/pkps.org.pl\/?page_id=2931","title":{"rendered":"Rozw\u00f3j potencja\u0142u Centrum Promocji Zdrowia PKPS &#8211; &#8222;Po s\u0105siedzku&#8221;"},"content":{"rendered":"<div class=\"wp-block-image\"><img fetchpriority=\"high\" decoding=\"async\" class=\"wpa-warning wpa-image-missing-alt alignnone size-full wp-image-2932\" src=\"https:\/\/pkps.org.pl\/wp-content\/uploads\/2025\/06\/po_sasiedzku.png\" alt=\"\" width=\"1542\" height=\"190\" data-warning=\"Missing alt text\" srcset=\"https:\/\/pkps.org.pl\/wp-content\/uploads\/2025\/06\/po_sasiedzku.png 1542w, https:\/\/pkps.org.pl\/wp-content\/uploads\/2025\/06\/po_sasiedzku-300x37.png 300w, https:\/\/pkps.org.pl\/wp-content\/uploads\/2025\/06\/po_sasiedzku-1024x126.png 1024w, https:\/\/pkps.org.pl\/wp-content\/uploads\/2025\/06\/po_sasiedzku-768x95.png 768w, https:\/\/pkps.org.pl\/wp-content\/uploads\/2025\/06\/po_sasiedzku-1536x189.png 1536w\" sizes=\"(max-width: 1542px) 100vw, 1542px\" \/><\/div>\n<p style=\"font-weight: 400;\">Polski Komitet Pomocy Spo\u0142ecznej jest realizatorem zadania publicznego w ramach otwartego konkursu ofert Zarz\u0105du Wojew\u00f3dztwa Mazowieckiego na rozw\u00f3j potencja\u0142u ekonomii spo\u0142ecznej i przedsi\u0119biorstw spo\u0142ecznych w dniach: 19.06 \u2013 31.12.2025 r.<\/p>\n<p style=\"font-weight: 400;\">Celem zadania jest wzrost potencja\u0142u PKPS jako podmiotu ekonomii spo\u0142ecznej w zakresie realizacji us\u0142ug spo\u0142ecznych na rzecz mieszka\u0144c\u00f3w wojew\u00f3dztwa mazowieckiego.<\/p>\n<p style=\"font-weight: 400;\"><strong>Wyznaczony cel zadania zostanie osi\u0105gni\u0119ty poprzez: <\/strong><\/p>\n<ol>\n<li>przystosowanie sali wielofunkcyjnej obiektu PKPS w Milan\u00f3wku do realizacji us\u0142ug spo\u0142ecznych na rzecz mieszka\u0144c\u00f3w wojew\u00f3dztwa mazowieckiego.<\/li>\n<li>przygotowanie i uruchomienie gabinetu piel\u0119gnacji st\u00f3p dla os\u00f3b starszych<\/li>\n<li>zwi\u0119kszenie kompetencji kadry pracownik\u00f3w i wolontariuszy oraz podniesienie standard\u00f3w zarz\u0105dzania plac\u00f3wk\u0105 poprzez realizacj\u0119 wyk\u0142ad\u00f3w i warsztat\u00f3w<\/li>\n<li>podwy\u017cszenie standardu us\u0142ug plac\u00f3wki opieki wytchnieniowej poprzez wymian\u0119 \u0142\u00f3\u017cek i szaf<\/li>\n<\/ol>\n<p style=\"font-weight: 400;\"><strong>Grupa docelowa zadania:<\/strong><\/p>\n<p style=\"font-weight: 400;\">Odbiorcami bezpo\u015brednimi zadania publicznego b\u0119d\u0105 pracownicy i wolontariusze PKPS.<\/p>\n<p style=\"font-weight: 400;\"><strong>Odbiorcami po\u015brednimi b\u0119d\u0105: <\/strong><\/p>\n<ul>\n<li>osoby starsze korzystaj\u0105ce z us\u0142ug opieki wytchnienowej.<\/li>\n<li>osoby starsze, niesamodzielne, niepe\u0142nosprawne z terenu wojew\u00f3dztwa mazowieckiego, g\u0142\u00f3wnie z Milan\u00f3wka, Grodziska Mazowieckiego, Brwinowa, Podkowy Le\u015bnej, \u017babiej Woli, Jaktorowa &#8211; osoby z s\u0105siedztwa.<\/li>\n<li>odbiorcy us\u0142ug integracyjnych, edukacyjnych, aktywizuj\u0105cych, usprawniaj\u0105cych, psychologicznych, us\u0142ug piel\u0119gnacji st\u00f3p i klubu filmowego.<\/li>\n<\/ul>\n<p style=\"font-weight: 400;\">Projekt umo\u017cliwi rozw\u00f3j potencja\u0142u Centrum Promocji Zdrowia Seniora PKPS w Milan\u00f3wku i pozwoli na dalszy rozw\u00f3j us\u0142ug spo\u0142ecznych na rzecz os\u00f3b starszych z terenu wojew\u00f3dztwa mazowieckiego. Uruchomienie gabinetu piel\u0119gnacji st\u00f3p pozwoli na wykonywanie niszowych us\u0142ug na rzecz senior\u00f3w.<\/p>\n<p style=\"font-weight: 400;\">Zadanie publiczne jest wa\u017cnym instrumentem wzmacniaj\u0105cym sektor pozarz\u0105dowy Mazowsza, umo\u017cliwia zwi\u0119kszenie dost\u0119pu do us\u0142ug spo\u0142ecznych o szerokim spektrum. Zadanie przyczyni si\u0119 tak\u017ce do zwi\u0119kszenia kompetencji kadry oraz do podniesienia standard\u00f3w zarz\u0105dzania plac\u00f3wk\u0105. B\u0119dzie instrumentem doskonalenia us\u0142ug spo\u0142ecznych<\/p>\n<h3>Zadanie publiczne sfinansowane ze \u015brodk\u00f3w Samorz\u0105du Wojew\u00f3dztwa Mazowieckiego.<\/h3>\n<p style=\"font-weight: 400;\">\n","protected":false},"excerpt":{"rendered":"<p>Polski Komitet Pomocy Spo\u0142ecznej jest realizatorem zadania publicznego w ramach otwartego konkursu ofert Zarz\u0105du Wojew\u00f3dztwa Mazowieckiego na rozw\u00f3j potencja\u0142u ekonomii spo\u0142ecznej i przedsi\u0119biorstw spo\u0142ecznych w dniach: 19.06 \u2013 31.12.2025 r. Celem zadania jest wzrost potencja\u0142u PKPS jako podmiotu ekonomii spo\u0142ecznej w zakresie realizacji us\u0142ug spo\u0142ecznych na rzecz mieszka\u0144c\u00f3w wojew\u00f3dztwa mazowieckiego. Wyznaczony cel zadania zostanie osi\u0105gni\u0119ty [&hellip;]<\/p>\n","protected":false},"author":3,"featured_media":0,"parent":0,"menu_order":0,"comment_status":"closed","ping_status":"closed","template":"","meta":{"footnotes":"","_links_to":"","_links_to_target":""},"class_list":["post-2931","page","type-page","status-publish","hentry"],"yoast_head":"<!-- This site is optimized with the Yoast SEO plugin v27.4 - https:\/\/yoast.com\/product\/yoast-seo-wordpress\/ -->\n<title>Rozw\u00f3j potencja\u0142u Centrum Promocji Zdrowia PKPS - &quot;Po s\u0105siedzku&quot; - Polski Komitet Pomocy Spo\u0142ecznej<\/title>\n<meta name=\"robots\" content=\"index, follow, max-snippet:-1, max-image-preview:large, max-video-preview:-1\" \/>\n<link rel=\"canonical\" href=\"https:\/\/pkps.org.pl\/?page_id=2931\" \/>\n<meta property=\"og:locale\" content=\"pl_PL\" \/>\n<meta property=\"og:type\" content=\"article\" \/>\n<meta property=\"og:title\" content=\"Rozw\u00f3j potencja\u0142u Centrum Promocji Zdrowia PKPS - &quot;Po s\u0105siedzku&quot; - Polski Komitet Pomocy Spo\u0142ecznej\" \/>\n<meta property=\"og:description\" content=\"Polski Komitet Pomocy Spo\u0142ecznej jest realizatorem zadania publicznego w ramach otwartego konkursu ofert Zarz\u0105du Wojew\u00f3dztwa Mazowieckiego na rozw\u00f3j potencja\u0142u ekonomii spo\u0142ecznej i przedsi\u0119biorstw spo\u0142ecznych w dniach: 19.06 \u2013 31.12.2025 r. Celem zadania jest wzrost potencja\u0142u PKPS jako podmiotu ekonomii spo\u0142ecznej w zakresie realizacji us\u0142ug spo\u0142ecznych na rzecz mieszka\u0144c\u00f3w wojew\u00f3dztwa mazowieckiego. Wyznaczony cel zadania zostanie osi\u0105gni\u0119ty [&hellip;]\" \/>\n<meta property=\"og:url\" content=\"https:\/\/pkps.org.pl\/?page_id=2931\" \/>\n<meta property=\"og:site_name\" content=\"Polski Komitet Pomocy Spo\u0142ecznej\" \/>\n<meta property=\"article:modified_time\" content=\"2026-01-28T11:00:00+00:00\" \/>\n<meta property=\"og:image\" content=\"https:\/\/pkps.org.pl\/wp-content\/uploads\/2025\/06\/po_sasiedzku.png\" \/>\n\t<meta property=\"og:image:width\" content=\"1542\" \/>\n\t<meta property=\"og:image:height\" content=\"190\" \/>\n\t<meta property=\"og:image:type\" content=\"image\/png\" \/>\n<meta name=\"twitter:card\" content=\"summary_large_image\" \/>\n<meta name=\"twitter:label1\" content=\"Szacowany czas czytania\" \/>\n\t<meta name=\"twitter:data1\" content=\"2 minuty\" \/>\n<script type=\"application\/ld+json\" class=\"yoast-schema-graph\">{\"@context\":\"https:\\\/\\\/schema.org\",\"@graph\":[{\"@type\":\"WebPage\",\"@id\":\"https:\\\/\\\/pkps.org.pl\\\/?page_id=2931\",\"url\":\"https:\\\/\\\/pkps.org.pl\\\/?page_id=2931\",\"name\":\"Rozw\u00f3j potencja\u0142u Centrum Promocji Zdrowia PKPS - \\\"Po s\u0105siedzku\\\" - Polski Komitet Pomocy Spo\u0142ecznej\",\"isPartOf\":{\"@id\":\"https:\\\/\\\/pkps.org.pl\\\/#website\"},\"primaryImageOfPage\":{\"@id\":\"https:\\\/\\\/pkps.org.pl\\\/?page_id=2931#primaryimage\"},\"image\":{\"@id\":\"https:\\\/\\\/pkps.org.pl\\\/?page_id=2931#primaryimage\"},\"thumbnailUrl\":\"https:\\\/\\\/pkps.org.pl\\\/wp-content\\\/uploads\\\/2025\\\/06\\\/po_sasiedzku.png\",\"datePublished\":\"2025-06-05T10:17:38+00:00\",\"dateModified\":\"2026-01-28T11:00:00+00:00\",\"breadcrumb\":{\"@id\":\"https:\\\/\\\/pkps.org.pl\\\/?page_id=2931#breadcrumb\"},\"inLanguage\":\"pl-PL\",\"potentialAction\":[{\"@type\":\"ReadAction\",\"target\":[\"https:\\\/\\\/pkps.org.pl\\\/?page_id=2931\"]}]},{\"@type\":\"ImageObject\",\"inLanguage\":\"pl-PL\",\"@id\":\"https:\\\/\\\/pkps.org.pl\\\/?page_id=2931#primaryimage\",\"url\":\"https:\\\/\\\/pkps.org.pl\\\/wp-content\\\/uploads\\\/2025\\\/06\\\/po_sasiedzku.png\",\"contentUrl\":\"https:\\\/\\\/pkps.org.pl\\\/wp-content\\\/uploads\\\/2025\\\/06\\\/po_sasiedzku.png\",\"width\":1542,\"height\":190},{\"@type\":\"BreadcrumbList\",\"@id\":\"https:\\\/\\\/pkps.org.pl\\\/?page_id=2931#breadcrumb\",\"itemListElement\":[{\"@type\":\"ListItem\",\"position\":1,\"name\":\"Strona g\u0142\u00f3wna\",\"item\":\"https:\\\/\\\/pkps.org.pl\\\/\"},{\"@type\":\"ListItem\",\"position\":2,\"name\":\"Rozw\u00f3j potencja\u0142u Centrum Promocji Zdrowia PKPS &#8211; &#8222;Po s\u0105siedzku&#8221;\"}]},{\"@type\":\"WebSite\",\"@id\":\"https:\\\/\\\/pkps.org.pl\\\/#website\",\"url\":\"https:\\\/\\\/pkps.org.pl\\\/\",\"name\":\"Polski Komitet Pomocy Spo\u0142ecznej\",\"description\":\"Strona Polskiego Komitetu Pomocy Spo\u0142ecznej\",\"publisher\":{\"@id\":\"https:\\\/\\\/pkps.org.pl\\\/#organization\"},\"potentialAction\":[{\"@type\":\"SearchAction\",\"target\":{\"@type\":\"EntryPoint\",\"urlTemplate\":\"https:\\\/\\\/pkps.org.pl\\\/?s={search_term_string}\"},\"query-input\":{\"@type\":\"PropertyValueSpecification\",\"valueRequired\":true,\"valueName\":\"search_term_string\"}}],\"inLanguage\":\"pl-PL\"},{\"@type\":\"Organization\",\"@id\":\"https:\\\/\\\/pkps.org.pl\\\/#organization\",\"name\":\"Polski Komitet Pomocy Spo\u0142ecznej\",\"url\":\"https:\\\/\\\/pkps.org.pl\\\/\",\"logo\":{\"@type\":\"ImageObject\",\"inLanguage\":\"pl-PL\",\"@id\":\"https:\\\/\\\/pkps.org.pl\\\/#\\\/schema\\\/logo\\\/image\\\/\",\"url\":\"https:\\\/\\\/pkps.org.pl\\\/wp-content\\\/uploads\\\/2016\\\/12\\\/PKPS-Logo-1.jpg\",\"contentUrl\":\"https:\\\/\\\/pkps.org.pl\\\/wp-content\\\/uploads\\\/2016\\\/12\\\/PKPS-Logo-1.jpg\",\"width\":299,\"height\":408,\"caption\":\"Polski Komitet Pomocy Spo\u0142ecznej\"},\"image\":{\"@id\":\"https:\\\/\\\/pkps.org.pl\\\/#\\\/schema\\\/logo\\\/image\\\/\"}}]}<\/script>\n<!-- \/ Yoast SEO plugin. -->","yoast_head_json":{"title":"Rozw\u00f3j potencja\u0142u Centrum Promocji Zdrowia PKPS - \"Po s\u0105siedzku\" - Polski Komitet Pomocy Spo\u0142ecznej","robots":{"index":"index","follow":"follow","max-snippet":"max-snippet:-1","max-image-preview":"max-image-preview:large","max-video-preview":"max-video-preview:-1"},"canonical":"https:\/\/pkps.org.pl\/?page_id=2931","og_locale":"pl_PL","og_type":"article","og_title":"Rozw\u00f3j potencja\u0142u Centrum Promocji Zdrowia PKPS - \"Po s\u0105siedzku\" - Polski Komitet Pomocy Spo\u0142ecznej","og_description":"Polski Komitet Pomocy Spo\u0142ecznej jest realizatorem zadania publicznego w ramach otwartego konkursu ofert Zarz\u0105du Wojew\u00f3dztwa Mazowieckiego na rozw\u00f3j potencja\u0142u ekonomii spo\u0142ecznej i przedsi\u0119biorstw spo\u0142ecznych w dniach: 19.06 \u2013 31.12.2025 r. Celem zadania jest wzrost potencja\u0142u PKPS jako podmiotu ekonomii spo\u0142ecznej w zakresie realizacji us\u0142ug spo\u0142ecznych na rzecz mieszka\u0144c\u00f3w wojew\u00f3dztwa mazowieckiego. Wyznaczony cel zadania zostanie osi\u0105gni\u0119ty [&hellip;]","og_url":"https:\/\/pkps.org.pl\/?page_id=2931","og_site_name":"Polski Komitet Pomocy Spo\u0142ecznej","article_modified_time":"2026-01-28T11:00:00+00:00","og_image":[{"width":1542,"height":190,"url":"https:\/\/pkps.org.pl\/wp-content\/uploads\/2025\/06\/po_sasiedzku.png","type":"image\/png"}],"twitter_card":"summary_large_image","twitter_misc":{"Szacowany czas czytania":"2 minuty"},"schema":{"@context":"https:\/\/schema.org","@graph":[{"@type":"WebPage","@id":"https:\/\/pkps.org.pl\/?page_id=2931","url":"https:\/\/pkps.org.pl\/?page_id=2931","name":"Rozw\u00f3j potencja\u0142u Centrum Promocji Zdrowia PKPS - \"Po s\u0105siedzku\" - Polski Komitet Pomocy Spo\u0142ecznej","isPartOf":{"@id":"https:\/\/pkps.org.pl\/#website"},"primaryImageOfPage":{"@id":"https:\/\/pkps.org.pl\/?page_id=2931#primaryimage"},"image":{"@id":"https:\/\/pkps.org.pl\/?page_id=2931#primaryimage"},"thumbnailUrl":"https:\/\/pkps.org.pl\/wp-content\/uploads\/2025\/06\/po_sasiedzku.png","datePublished":"2025-06-05T10:17:38+00:00","dateModified":"2026-01-28T11:00:00+00:00","breadcrumb":{"@id":"https:\/\/pkps.org.pl\/?page_id=2931#breadcrumb"},"inLanguage":"pl-PL","potentialAction":[{"@type":"ReadAction","target":["https:\/\/pkps.org.pl\/?page_id=2931"]}]},{"@type":"ImageObject","inLanguage":"pl-PL","@id":"https:\/\/pkps.org.pl\/?page_id=2931#primaryimage","url":"https:\/\/pkps.org.pl\/wp-content\/uploads\/2025\/06\/po_sasiedzku.png","contentUrl":"https:\/\/pkps.org.pl\/wp-content\/uploads\/2025\/06\/po_sasiedzku.png","width":1542,"height":190},{"@type":"BreadcrumbList","@id":"https:\/\/pkps.org.pl\/?page_id=2931#breadcrumb","itemListElement":[{"@type":"ListItem","position":1,"name":"Strona g\u0142\u00f3wna","item":"https:\/\/pkps.org.pl\/"},{"@type":"ListItem","position":2,"name":"Rozw\u00f3j potencja\u0142u Centrum Promocji Zdrowia PKPS &#8211; &#8222;Po s\u0105siedzku&#8221;"}]},{"@type":"WebSite","@id":"https:\/\/pkps.org.pl\/#website","url":"https:\/\/pkps.org.pl\/","name":"Polski Komitet Pomocy Spo\u0142ecznej","description":"Strona Polskiego Komitetu Pomocy Spo\u0142ecznej","publisher":{"@id":"https:\/\/pkps.org.pl\/#organization"},"potentialAction":[{"@type":"SearchAction","target":{"@type":"EntryPoint","urlTemplate":"https:\/\/pkps.org.pl\/?s={search_term_string}"},"query-input":{"@type":"PropertyValueSpecification","valueRequired":true,"valueName":"search_term_string"}}],"inLanguage":"pl-PL"},{"@type":"Organization","@id":"https:\/\/pkps.org.pl\/#organization","name":"Polski Komitet Pomocy Spo\u0142ecznej","url":"https:\/\/pkps.org.pl\/","logo":{"@type":"ImageObject","inLanguage":"pl-PL","@id":"https:\/\/pkps.org.pl\/#\/schema\/logo\/image\/","url":"https:\/\/pkps.org.pl\/wp-content\/uploads\/2016\/12\/PKPS-Logo-1.jpg","contentUrl":"https:\/\/pkps.org.pl\/wp-content\/uploads\/2016\/12\/PKPS-Logo-1.jpg","width":299,"height":408,"caption":"Polski Komitet Pomocy Spo\u0142ecznej"},"image":{"@id":"https:\/\/pkps.org.pl\/#\/schema\/logo\/image\/"}}]}},"_links":{"self":[{"href":"https:\/\/pkps.org.pl\/index.php?rest_route=\/wp\/v2\/pages\/2931","targetHints":{"allow":["GET"]}}],"collection":[{"href":"https:\/\/pkps.org.pl\/index.php?rest_route=\/wp\/v2\/pages"}],"about":[{"href":"https:\/\/pkps.org.pl\/index.php?rest_route=\/wp\/v2\/types\/page"}],"author":[{"embeddable":true,"href":"https:\/\/pkps.org.pl\/index.php?rest_route=\/wp\/v2\/users\/3"}],"replies":[{"embeddable":true,"href":"https:\/\/pkps.org.pl\/index.php?rest_route=%2Fwp%2Fv2%2Fcomments&post=2931"}],"version-history":[{"count":3,"href":"https:\/\/pkps.org.pl\/index.php?rest_route=\/wp\/v2\/pages\/2931\/revisions"}],"predecessor-version":[{"id":3055,"href":"https:\/\/pkps.org.pl\/index.php?rest_route=\/wp\/v2\/pages\/2931\/revisions\/3055"}],"wp:attachment":[{"href":"https:\/\/pkps.org.pl\/index.php?rest_route=%2Fwp%2Fv2%2Fmedia&parent=2931"}],"curies":[{"name":"wp","href":"https:\/\/api.w.org\/{rel}","templated":true}]}}