{"id":2972,"date":"2025-09-11T15:38:13","date_gmt":"2025-09-11T15:38:13","guid":{"rendered":"https:\/\/pkps.org.pl\/?page_id=2972"},"modified":"2025-09-18T16:35:54","modified_gmt":"2025-09-18T16:35:54","slug":"2972-2","status":"publish","type":"page","link":"https:\/\/pkps.org.pl\/?page_id=2972","title":{"rendered":"ZAPYTANIE OFERTOWE &#8211; remont sali o powierzchni 284 m2"},"content":{"rendered":"<p><a href=\"https:\/\/pkps.org.pl\/wp-content\/uploads\/2025\/09\/skan_20250918_144740.pdf\">KOMUNIKAT DOT. ZAPYTANIA OFERTOWEGO N A REMONT SALI O POWIERZCHNI 284M2 W RAMACH ZADANIA \u201eREMONT SALI PRZYSTOSOWANIE DO PROWADZENIA DZIA\u0141ALNO\u015aCI EDUKACYJNEJ PKPS NA RZECZ ROZWOJU OBSZAR\u00d3W WIEJSKICH WOJEW\u00d3DZTWA MAZOWIECKIEGO&#8221;<\/a><\/p>\n<p class=\"p1\">Warszawa, 11.09.2025r.<\/p>\n<p class=\"p1\">ZAPYTANIE OFERTOWE<\/p>\n<p class=\"p1\">1. Zamawiaj\u0105cy: Polski Komitet Pomocy Spo\u0142ecznej ul.Wiejska 18\/20, 00-490 Warszawa.<\/p>\n<p class=\"p1\">2. Przedmiot zam\u00f3wienia:<\/p>\n<p class=\"p1\">Przedmiotem zam\u00f3wienia jest remont sali o powierzchni 284 m2 w ramach zadania: ,,Remont sali przystosowanie do prowadzenia dzia\u0142alno\u015bci edukacyjnej PKPS na rzecz rozwoju obszar\u00f3w wiejskich wojew\u00f3dztwa mazowieckiego.\u201d<\/p>\n<p class=\"p1\"><a href=\"https:\/\/pkps.org.pl\/wp-content\/uploads\/2025\/09\/Zapytanie-ofertowe-z-zalacznikami.pdf\">ZAPYTANIE OFERTOWE z za\u0142\u0105cznikami.<\/a><\/p>\n<p class=\"p1\"><a href=\"https:\/\/pkps.org.pl\/wp-content\/uploads\/2025\/09\/PRZEDMIAR-25.09-PKPS-Milanowek_edukacja.pdf\"><b>PRZEDMIAR ROB\u00d3T<\/b><\/a><\/p>\n<p>https:\/\/pkps.org.pl\/wp-content\/uploads\/2025\/09\/Zapytanie-ofertowe-z-zalacznikami.pdf<\/p>\n","protected":false},"excerpt":{"rendered":"<p>KOMUNIKAT DOT. ZAPYTANIA OFERTOWEGO N A REMONT SALI O POWIERZCHNI 284M2 W RAMACH ZADANIA \u201eREMONT SALI PRZYSTOSOWANIE DO PROWADZENIA DZIA\u0141ALNO\u015aCI EDUKACYJNEJ PKPS NA RZECZ ROZWOJU OBSZAR\u00d3W WIEJSKICH WOJEW\u00d3DZTWA MAZOWIECKIEGO&#8221; Warszawa, 11.09.2025r. ZAPYTANIE OFERTOWE 1. Zamawiaj\u0105cy: Polski Komitet Pomocy Spo\u0142ecznej ul.Wiejska 18\/20, 00-490 Warszawa. 2. Przedmiot zam\u00f3wienia: Przedmiotem zam\u00f3wienia jest remont sali o powierzchni 284 m2 [&hellip;]<\/p>\n","protected":false},"author":3,"featured_media":0,"parent":0,"menu_order":0,"comment_status":"closed","ping_status":"closed","template":"","meta":{"footnotes":"","_links_to":"","_links_to_target":""},"class_list":["post-2972","page","type-page","status-publish","hentry"],"yoast_head":"<!-- This site is optimized with the Yoast SEO plugin v27.4 - https:\/\/yoast.com\/product\/yoast-seo-wordpress\/ -->\n<title>ZAPYTANIE OFERTOWE - remont sali o powierzchni 284 m2 - Polski Komitet Pomocy Spo\u0142ecznej<\/title>\n<meta name=\"robots\" content=\"index, follow, max-snippet:-1, max-image-preview:large, max-video-preview:-1\" \/>\n<link rel=\"canonical\" href=\"https:\/\/pkps.org.pl\/?page_id=2972\" \/>\n<meta property=\"og:locale\" content=\"pl_PL\" \/>\n<meta property=\"og:type\" content=\"article\" \/>\n<meta property=\"og:title\" content=\"ZAPYTANIE OFERTOWE - remont sali o powierzchni 284 m2 - Polski Komitet Pomocy Spo\u0142ecznej\" \/>\n<meta property=\"og:description\" content=\"KOMUNIKAT DOT. ZAPYTANIA OFERTOWEGO N A REMONT SALI O POWIERZCHNI 284M2 W RAMACH ZADANIA \u201eREMONT SALI PRZYSTOSOWANIE DO PROWADZENIA DZIA\u0141ALNO\u015aCI EDUKACYJNEJ PKPS NA RZECZ ROZWOJU OBSZAR\u00d3W WIEJSKICH WOJEW\u00d3DZTWA MAZOWIECKIEGO&#8221; Warszawa, 11.09.2025r. ZAPYTANIE OFERTOWE 1. Zamawiaj\u0105cy: Polski Komitet Pomocy Spo\u0142ecznej ul.Wiejska 18\/20, 00-490 Warszawa. 2. Przedmiot zam\u00f3wienia: Przedmiotem zam\u00f3wienia jest remont sali o powierzchni 284 m2 [&hellip;]\" \/>\n<meta property=\"og:url\" content=\"https:\/\/pkps.org.pl\/?page_id=2972\" \/>\n<meta property=\"og:site_name\" content=\"Polski Komitet Pomocy Spo\u0142ecznej\" \/>\n<meta property=\"article:modified_time\" content=\"2025-09-18T16:35:54+00:00\" \/>\n<meta name=\"twitter:card\" content=\"summary_large_image\" \/>\n<meta name=\"twitter:label1\" content=\"Szacowany czas czytania\" \/>\n\t<meta name=\"twitter:data1\" content=\"1 minuta\" \/>\n<script type=\"application\/ld+json\" class=\"yoast-schema-graph\">{\"@context\":\"https:\\\/\\\/schema.org\",\"@graph\":[{\"@type\":\"WebPage\",\"@id\":\"https:\\\/\\\/pkps.org.pl\\\/?page_id=2972\",\"url\":\"https:\\\/\\\/pkps.org.pl\\\/?page_id=2972\",\"name\":\"ZAPYTANIE OFERTOWE - remont sali o powierzchni 284 m2 - Polski Komitet Pomocy Spo\u0142ecznej\",\"isPartOf\":{\"@id\":\"https:\\\/\\\/pkps.org.pl\\\/#website\"},\"datePublished\":\"2025-09-11T15:38:13+00:00\",\"dateModified\":\"2025-09-18T16:35:54+00:00\",\"breadcrumb\":{\"@id\":\"https:\\\/\\\/pkps.org.pl\\\/?page_id=2972#breadcrumb\"},\"inLanguage\":\"pl-PL\",\"potentialAction\":[{\"@type\":\"ReadAction\",\"target\":[\"https:\\\/\\\/pkps.org.pl\\\/?page_id=2972\"]}]},{\"@type\":\"BreadcrumbList\",\"@id\":\"https:\\\/\\\/pkps.org.pl\\\/?page_id=2972#breadcrumb\",\"itemListElement\":[{\"@type\":\"ListItem\",\"position\":1,\"name\":\"Strona g\u0142\u00f3wna\",\"item\":\"https:\\\/\\\/pkps.org.pl\\\/\"},{\"@type\":\"ListItem\",\"position\":2,\"name\":\"ZAPYTANIE OFERTOWE &#8211; remont sali o powierzchni 284 m2\"}]},{\"@type\":\"WebSite\",\"@id\":\"https:\\\/\\\/pkps.org.pl\\\/#website\",\"url\":\"https:\\\/\\\/pkps.org.pl\\\/\",\"name\":\"Polski Komitet Pomocy Spo\u0142ecznej\",\"description\":\"Strona Polskiego Komitetu Pomocy Spo\u0142ecznej\",\"publisher\":{\"@id\":\"https:\\\/\\\/pkps.org.pl\\\/#organization\"},\"potentialAction\":[{\"@type\":\"SearchAction\",\"target\":{\"@type\":\"EntryPoint\",\"urlTemplate\":\"https:\\\/\\\/pkps.org.pl\\\/?s={search_term_string}\"},\"query-input\":{\"@type\":\"PropertyValueSpecification\",\"valueRequired\":true,\"valueName\":\"search_term_string\"}}],\"inLanguage\":\"pl-PL\"},{\"@type\":\"Organization\",\"@id\":\"https:\\\/\\\/pkps.org.pl\\\/#organization\",\"name\":\"Polski Komitet Pomocy Spo\u0142ecznej\",\"url\":\"https:\\\/\\\/pkps.org.pl\\\/\",\"logo\":{\"@type\":\"ImageObject\",\"inLanguage\":\"pl-PL\",\"@id\":\"https:\\\/\\\/pkps.org.pl\\\/#\\\/schema\\\/logo\\\/image\\\/\",\"url\":\"https:\\\/\\\/pkps.org.pl\\\/wp-content\\\/uploads\\\/2016\\\/12\\\/PKPS-Logo-1.jpg\",\"contentUrl\":\"https:\\\/\\\/pkps.org.pl\\\/wp-content\\\/uploads\\\/2016\\\/12\\\/PKPS-Logo-1.jpg\",\"width\":299,\"height\":408,\"caption\":\"Polski Komitet Pomocy Spo\u0142ecznej\"},\"image\":{\"@id\":\"https:\\\/\\\/pkps.org.pl\\\/#\\\/schema\\\/logo\\\/image\\\/\"}}]}<\/script>\n<!-- \/ Yoast SEO plugin. -->","yoast_head_json":{"title":"ZAPYTANIE OFERTOWE - remont sali o powierzchni 284 m2 - Polski Komitet Pomocy Spo\u0142ecznej","robots":{"index":"index","follow":"follow","max-snippet":"max-snippet:-1","max-image-preview":"max-image-preview:large","max-video-preview":"max-video-preview:-1"},"canonical":"https:\/\/pkps.org.pl\/?page_id=2972","og_locale":"pl_PL","og_type":"article","og_title":"ZAPYTANIE OFERTOWE - remont sali o powierzchni 284 m2 - Polski Komitet Pomocy Spo\u0142ecznej","og_description":"KOMUNIKAT DOT. ZAPYTANIA OFERTOWEGO N A REMONT SALI O POWIERZCHNI 284M2 W RAMACH ZADANIA \u201eREMONT SALI PRZYSTOSOWANIE DO PROWADZENIA DZIA\u0141ALNO\u015aCI EDUKACYJNEJ PKPS NA RZECZ ROZWOJU OBSZAR\u00d3W WIEJSKICH WOJEW\u00d3DZTWA MAZOWIECKIEGO&#8221; Warszawa, 11.09.2025r. ZAPYTANIE OFERTOWE 1. Zamawiaj\u0105cy: Polski Komitet Pomocy Spo\u0142ecznej ul.Wiejska 18\/20, 00-490 Warszawa. 2. Przedmiot zam\u00f3wienia: Przedmiotem zam\u00f3wienia jest remont sali o powierzchni 284 m2 [&hellip;]","og_url":"https:\/\/pkps.org.pl\/?page_id=2972","og_site_name":"Polski Komitet Pomocy Spo\u0142ecznej","article_modified_time":"2025-09-18T16:35:54+00:00","twitter_card":"summary_large_image","twitter_misc":{"Szacowany czas czytania":"1 minuta"},"schema":{"@context":"https:\/\/schema.org","@graph":[{"@type":"WebPage","@id":"https:\/\/pkps.org.pl\/?page_id=2972","url":"https:\/\/pkps.org.pl\/?page_id=2972","name":"ZAPYTANIE OFERTOWE - remont sali o powierzchni 284 m2 - Polski Komitet Pomocy Spo\u0142ecznej","isPartOf":{"@id":"https:\/\/pkps.org.pl\/#website"},"datePublished":"2025-09-11T15:38:13+00:00","dateModified":"2025-09-18T16:35:54+00:00","breadcrumb":{"@id":"https:\/\/pkps.org.pl\/?page_id=2972#breadcrumb"},"inLanguage":"pl-PL","potentialAction":[{"@type":"ReadAction","target":["https:\/\/pkps.org.pl\/?page_id=2972"]}]},{"@type":"BreadcrumbList","@id":"https:\/\/pkps.org.pl\/?page_id=2972#breadcrumb","itemListElement":[{"@type":"ListItem","position":1,"name":"Strona g\u0142\u00f3wna","item":"https:\/\/pkps.org.pl\/"},{"@type":"ListItem","position":2,"name":"ZAPYTANIE OFERTOWE &#8211; remont sali o powierzchni 284 m2"}]},{"@type":"WebSite","@id":"https:\/\/pkps.org.pl\/#website","url":"https:\/\/pkps.org.pl\/","name":"Polski Komitet Pomocy Spo\u0142ecznej","description":"Strona Polskiego Komitetu Pomocy Spo\u0142ecznej","publisher":{"@id":"https:\/\/pkps.org.pl\/#organization"},"potentialAction":[{"@type":"SearchAction","target":{"@type":"EntryPoint","urlTemplate":"https:\/\/pkps.org.pl\/?s={search_term_string}"},"query-input":{"@type":"PropertyValueSpecification","valueRequired":true,"valueName":"search_term_string"}}],"inLanguage":"pl-PL"},{"@type":"Organization","@id":"https:\/\/pkps.org.pl\/#organization","name":"Polski Komitet Pomocy Spo\u0142ecznej","url":"https:\/\/pkps.org.pl\/","logo":{"@type":"ImageObject","inLanguage":"pl-PL","@id":"https:\/\/pkps.org.pl\/#\/schema\/logo\/image\/","url":"https:\/\/pkps.org.pl\/wp-content\/uploads\/2016\/12\/PKPS-Logo-1.jpg","contentUrl":"https:\/\/pkps.org.pl\/wp-content\/uploads\/2016\/12\/PKPS-Logo-1.jpg","width":299,"height":408,"caption":"Polski Komitet Pomocy Spo\u0142ecznej"},"image":{"@id":"https:\/\/pkps.org.pl\/#\/schema\/logo\/image\/"}}]}},"_links":{"self":[{"href":"https:\/\/pkps.org.pl\/index.php?rest_route=\/wp\/v2\/pages\/2972","targetHints":{"allow":["GET"]}}],"collection":[{"href":"https:\/\/pkps.org.pl\/index.php?rest_route=\/wp\/v2\/pages"}],"about":[{"href":"https:\/\/pkps.org.pl\/index.php?rest_route=\/wp\/v2\/types\/page"}],"author":[{"embeddable":true,"href":"https:\/\/pkps.org.pl\/index.php?rest_route=\/wp\/v2\/users\/3"}],"replies":[{"embeddable":true,"href":"https:\/\/pkps.org.pl\/index.php?rest_route=%2Fwp%2Fv2%2Fcomments&post=2972"}],"version-history":[{"count":3,"href":"https:\/\/pkps.org.pl\/index.php?rest_route=\/wp\/v2\/pages\/2972\/revisions"}],"predecessor-version":[{"id":2986,"href":"https:\/\/pkps.org.pl\/index.php?rest_route=\/wp\/v2\/pages\/2972\/revisions\/2986"}],"wp:attachment":[{"href":"https:\/\/pkps.org.pl\/index.php?rest_route=%2Fwp%2Fv2%2Fmedia&parent=2972"}],"curies":[{"name":"wp","href":"https:\/\/api.w.org\/{rel}","templated":true}]}}