{"id":3030,"date":"2026-01-21T11:48:51","date_gmt":"2026-01-21T11:48:51","guid":{"rendered":"https:\/\/pkps.org.pl\/?page_id=3030"},"modified":"2026-01-21T11:48:51","modified_gmt":"2026-01-21T11:48:51","slug":"podpisanie-umowy-umowy-pfepz-podprogram-2025","status":"publish","type":"page","link":"https:\/\/pkps.org.pl\/?page_id=3030","title":{"rendered":"Podpisanie umowy umowy &#8211; PFEP\u017b &#8211; Podprogram 2025"},"content":{"rendered":"<p style=\"font-weight: 400;\"><img fetchpriority=\"high\" decoding=\"async\" class=\"wpa-warning wpa-image-missing-alt  wp-image-3031 alignnone\" style=\"outline-color: #b32d2e; outline-width: 4px;\" src=\"https:\/\/pkps.org.pl\/wp-content\/uploads\/2026\/01\/FEPZ.png\" alt=\"\" width=\"1223\" height=\"172\" data-warning=\"Missing alt text\" srcset=\"https:\/\/pkps.org.pl\/wp-content\/uploads\/2026\/01\/FEPZ.png 1386w, https:\/\/pkps.org.pl\/wp-content\/uploads\/2026\/01\/FEPZ-300x42.png 300w, https:\/\/pkps.org.pl\/wp-content\/uploads\/2026\/01\/FEPZ-1024x144.png 1024w, https:\/\/pkps.org.pl\/wp-content\/uploads\/2026\/01\/FEPZ-768x108.png 768w\" sizes=\"(max-width: 1223px) 100vw, 1223px\" \/><\/p>\n<p style=\"font-weight: 400;\">We wtorek 20 stycznia Polski Komitet Pomocy Spo\u0142ecznej podpisywa\u0142 umowy z KOWR na Podprogram 2025 w ramach\u00a0Programu Fundusze Europejskie na Pomoc \u017bywno\u015bciow\u0105 2021-2027.<\/p>\n<p style=\"font-weight: 400;\">W ramach umowy PKPS b\u0119dzie po\u015bredniczy\u0107 w dostarczeniu prawie 11 ton \u017cywno\u015bci dla ponad 230 tysi\u0119cy beneficjent\u00f3w oraz przeprowadzi co najmniej 1350 dzia\u0142a\u0144 towarzysz\u0105cych.<\/p>\n<div class=\"wp-block-image\"><img decoding=\"async\" class=\"wpa-warning wpa-image-missing-alt alignnone  wp-image-3032\" src=\"https:\/\/pkps.org.pl\/wp-content\/uploads\/2026\/01\/fepz_umowa.jpeg\" alt=\"\" width=\"1317\" height=\"878\" data-warning=\"Missing alt text\" srcset=\"https:\/\/pkps.org.pl\/wp-content\/uploads\/2026\/01\/fepz_umowa.jpeg 1620w, https:\/\/pkps.org.pl\/wp-content\/uploads\/2026\/01\/fepz_umowa-300x200.jpeg 300w, https:\/\/pkps.org.pl\/wp-content\/uploads\/2026\/01\/fepz_umowa-1024x683.jpeg 1024w, https:\/\/pkps.org.pl\/wp-content\/uploads\/2026\/01\/fepz_umowa-768x512.jpeg 768w, https:\/\/pkps.org.pl\/wp-content\/uploads\/2026\/01\/fepz_umowa-1536x1024.jpeg 1536w, https:\/\/pkps.org.pl\/wp-content\/uploads\/2026\/01\/fepz_umowa-272x182.jpeg 272w\" sizes=\"(max-width: 1317px) 100vw, 1317px\" \/><\/div>\n<div>\n<p style=\"font-weight: 400;\">\u0179r\u00f3d\u0142o pochodzenia zdj\u0119\u0107:<br \/>\n<strong>Krajowy O\u015brodek Wsparcia Rolnictwa<\/strong>.<\/p>\n<\/div>\n<div><\/div>\n","protected":false},"excerpt":{"rendered":"<p>We wtorek 20 stycznia Polski Komitet Pomocy Spo\u0142ecznej podpisywa\u0142 umowy z KOWR na Podprogram 2025 w ramach\u00a0Programu Fundusze Europejskie na Pomoc \u017bywno\u015bciow\u0105 2021-2027. W ramach umowy PKPS b\u0119dzie po\u015bredniczy\u0107 w dostarczeniu prawie 11 ton \u017cywno\u015bci dla ponad 230 tysi\u0119cy beneficjent\u00f3w oraz przeprowadzi co najmniej 1350 dzia\u0142a\u0144 towarzysz\u0105cych. \u0179r\u00f3d\u0142o pochodzenia zdj\u0119\u0107: Krajowy O\u015brodek Wsparcia Rolnictwa.<\/p>\n","protected":false},"author":3,"featured_media":0,"parent":0,"menu_order":0,"comment_status":"closed","ping_status":"closed","template":"","meta":{"footnotes":"","_links_to":"","_links_to_target":""},"class_list":["post-3030","page","type-page","status-publish","hentry"],"yoast_head":"<!-- This site is optimized with the Yoast SEO plugin v27.4 - https:\/\/yoast.com\/product\/yoast-seo-wordpress\/ -->\n<title>Podpisanie umowy umowy - PFEP\u017b - Podprogram 2025 - Polski Komitet Pomocy Spo\u0142ecznej<\/title>\n<meta name=\"robots\" content=\"index, follow, max-snippet:-1, max-image-preview:large, max-video-preview:-1\" \/>\n<link rel=\"canonical\" href=\"https:\/\/pkps.org.pl\/?page_id=3030\" \/>\n<meta property=\"og:locale\" content=\"pl_PL\" \/>\n<meta property=\"og:type\" content=\"article\" \/>\n<meta property=\"og:title\" content=\"Podpisanie umowy umowy - PFEP\u017b - Podprogram 2025 - Polski Komitet Pomocy Spo\u0142ecznej\" \/>\n<meta property=\"og:description\" content=\"We wtorek 20 stycznia Polski Komitet Pomocy Spo\u0142ecznej podpisywa\u0142 umowy z KOWR na Podprogram 2025 w ramach\u00a0Programu Fundusze Europejskie na Pomoc \u017bywno\u015bciow\u0105 2021-2027. W ramach umowy PKPS b\u0119dzie po\u015bredniczy\u0107 w dostarczeniu prawie 11 ton \u017cywno\u015bci dla ponad 230 tysi\u0119cy beneficjent\u00f3w oraz przeprowadzi co najmniej 1350 dzia\u0142a\u0144 towarzysz\u0105cych. \u0179r\u00f3d\u0142o pochodzenia zdj\u0119\u0107: Krajowy O\u015brodek Wsparcia Rolnictwa.\" \/>\n<meta property=\"og:url\" content=\"https:\/\/pkps.org.pl\/?page_id=3030\" \/>\n<meta property=\"og:site_name\" content=\"Polski Komitet Pomocy Spo\u0142ecznej\" \/>\n<meta property=\"og:image\" content=\"https:\/\/pkps.org.pl\/wp-content\/uploads\/2026\/01\/FEPZ.png\" \/>\n\t<meta property=\"og:image:width\" content=\"1386\" \/>\n\t<meta property=\"og:image:height\" content=\"195\" \/>\n\t<meta property=\"og:image:type\" content=\"image\/png\" \/>\n<meta name=\"twitter:card\" content=\"summary_large_image\" \/>\n<meta name=\"twitter:label1\" content=\"Szacowany czas czytania\" \/>\n\t<meta name=\"twitter:data1\" content=\"1 minuta\" \/>\n<script type=\"application\/ld+json\" class=\"yoast-schema-graph\">{\"@context\":\"https:\\\/\\\/schema.org\",\"@graph\":[{\"@type\":\"WebPage\",\"@id\":\"https:\\\/\\\/pkps.org.pl\\\/?page_id=3030\",\"url\":\"https:\\\/\\\/pkps.org.pl\\\/?page_id=3030\",\"name\":\"Podpisanie umowy umowy - PFEP\u017b - Podprogram 2025 - Polski Komitet Pomocy Spo\u0142ecznej\",\"isPartOf\":{\"@id\":\"https:\\\/\\\/pkps.org.pl\\\/#website\"},\"primaryImageOfPage\":{\"@id\":\"https:\\\/\\\/pkps.org.pl\\\/?page_id=3030#primaryimage\"},\"image\":{\"@id\":\"https:\\\/\\\/pkps.org.pl\\\/?page_id=3030#primaryimage\"},\"thumbnailUrl\":\"https:\\\/\\\/pkps.org.pl\\\/wp-content\\\/uploads\\\/2026\\\/01\\\/FEPZ.png\",\"datePublished\":\"2026-01-21T11:48:51+00:00\",\"breadcrumb\":{\"@id\":\"https:\\\/\\\/pkps.org.pl\\\/?page_id=3030#breadcrumb\"},\"inLanguage\":\"pl-PL\",\"potentialAction\":[{\"@type\":\"ReadAction\",\"target\":[\"https:\\\/\\\/pkps.org.pl\\\/?page_id=3030\"]}]},{\"@type\":\"ImageObject\",\"inLanguage\":\"pl-PL\",\"@id\":\"https:\\\/\\\/pkps.org.pl\\\/?page_id=3030#primaryimage\",\"url\":\"https:\\\/\\\/pkps.org.pl\\\/wp-content\\\/uploads\\\/2026\\\/01\\\/FEPZ.png\",\"contentUrl\":\"https:\\\/\\\/pkps.org.pl\\\/wp-content\\\/uploads\\\/2026\\\/01\\\/FEPZ.png\",\"width\":1386,\"height\":195},{\"@type\":\"BreadcrumbList\",\"@id\":\"https:\\\/\\\/pkps.org.pl\\\/?page_id=3030#breadcrumb\",\"itemListElement\":[{\"@type\":\"ListItem\",\"position\":1,\"name\":\"Strona g\u0142\u00f3wna\",\"item\":\"https:\\\/\\\/pkps.org.pl\\\/\"},{\"@type\":\"ListItem\",\"position\":2,\"name\":\"Podpisanie umowy umowy &#8211; PFEP\u017b &#8211; Podprogram 2025\"}]},{\"@type\":\"WebSite\",\"@id\":\"https:\\\/\\\/pkps.org.pl\\\/#website\",\"url\":\"https:\\\/\\\/pkps.org.pl\\\/\",\"name\":\"Polski Komitet Pomocy Spo\u0142ecznej\",\"description\":\"Strona Polskiego Komitetu Pomocy Spo\u0142ecznej\",\"publisher\":{\"@id\":\"https:\\\/\\\/pkps.org.pl\\\/#organization\"},\"potentialAction\":[{\"@type\":\"SearchAction\",\"target\":{\"@type\":\"EntryPoint\",\"urlTemplate\":\"https:\\\/\\\/pkps.org.pl\\\/?s={search_term_string}\"},\"query-input\":{\"@type\":\"PropertyValueSpecification\",\"valueRequired\":true,\"valueName\":\"search_term_string\"}}],\"inLanguage\":\"pl-PL\"},{\"@type\":\"Organization\",\"@id\":\"https:\\\/\\\/pkps.org.pl\\\/#organization\",\"name\":\"Polski Komitet Pomocy Spo\u0142ecznej\",\"url\":\"https:\\\/\\\/pkps.org.pl\\\/\",\"logo\":{\"@type\":\"ImageObject\",\"inLanguage\":\"pl-PL\",\"@id\":\"https:\\\/\\\/pkps.org.pl\\\/#\\\/schema\\\/logo\\\/image\\\/\",\"url\":\"https:\\\/\\\/pkps.org.pl\\\/wp-content\\\/uploads\\\/2016\\\/12\\\/PKPS-Logo-1.jpg\",\"contentUrl\":\"https:\\\/\\\/pkps.org.pl\\\/wp-content\\\/uploads\\\/2016\\\/12\\\/PKPS-Logo-1.jpg\",\"width\":299,\"height\":408,\"caption\":\"Polski Komitet Pomocy Spo\u0142ecznej\"},\"image\":{\"@id\":\"https:\\\/\\\/pkps.org.pl\\\/#\\\/schema\\\/logo\\\/image\\\/\"}}]}<\/script>\n<!-- \/ Yoast SEO plugin. -->","yoast_head_json":{"title":"Podpisanie umowy umowy - PFEP\u017b - Podprogram 2025 - Polski Komitet Pomocy Spo\u0142ecznej","robots":{"index":"index","follow":"follow","max-snippet":"max-snippet:-1","max-image-preview":"max-image-preview:large","max-video-preview":"max-video-preview:-1"},"canonical":"https:\/\/pkps.org.pl\/?page_id=3030","og_locale":"pl_PL","og_type":"article","og_title":"Podpisanie umowy umowy - PFEP\u017b - Podprogram 2025 - Polski Komitet Pomocy Spo\u0142ecznej","og_description":"We wtorek 20 stycznia Polski Komitet Pomocy Spo\u0142ecznej podpisywa\u0142 umowy z KOWR na Podprogram 2025 w ramach\u00a0Programu Fundusze Europejskie na Pomoc \u017bywno\u015bciow\u0105 2021-2027. W ramach umowy PKPS b\u0119dzie po\u015bredniczy\u0107 w dostarczeniu prawie 11 ton \u017cywno\u015bci dla ponad 230 tysi\u0119cy beneficjent\u00f3w oraz przeprowadzi co najmniej 1350 dzia\u0142a\u0144 towarzysz\u0105cych. \u0179r\u00f3d\u0142o pochodzenia zdj\u0119\u0107: Krajowy O\u015brodek Wsparcia Rolnictwa.","og_url":"https:\/\/pkps.org.pl\/?page_id=3030","og_site_name":"Polski Komitet Pomocy Spo\u0142ecznej","og_image":[{"width":1386,"height":195,"url":"https:\/\/pkps.org.pl\/wp-content\/uploads\/2026\/01\/FEPZ.png","type":"image\/png"}],"twitter_card":"summary_large_image","twitter_misc":{"Szacowany czas czytania":"1 minuta"},"schema":{"@context":"https:\/\/schema.org","@graph":[{"@type":"WebPage","@id":"https:\/\/pkps.org.pl\/?page_id=3030","url":"https:\/\/pkps.org.pl\/?page_id=3030","name":"Podpisanie umowy umowy - PFEP\u017b - Podprogram 2025 - Polski Komitet Pomocy Spo\u0142ecznej","isPartOf":{"@id":"https:\/\/pkps.org.pl\/#website"},"primaryImageOfPage":{"@id":"https:\/\/pkps.org.pl\/?page_id=3030#primaryimage"},"image":{"@id":"https:\/\/pkps.org.pl\/?page_id=3030#primaryimage"},"thumbnailUrl":"https:\/\/pkps.org.pl\/wp-content\/uploads\/2026\/01\/FEPZ.png","datePublished":"2026-01-21T11:48:51+00:00","breadcrumb":{"@id":"https:\/\/pkps.org.pl\/?page_id=3030#breadcrumb"},"inLanguage":"pl-PL","potentialAction":[{"@type":"ReadAction","target":["https:\/\/pkps.org.pl\/?page_id=3030"]}]},{"@type":"ImageObject","inLanguage":"pl-PL","@id":"https:\/\/pkps.org.pl\/?page_id=3030#primaryimage","url":"https:\/\/pkps.org.pl\/wp-content\/uploads\/2026\/01\/FEPZ.png","contentUrl":"https:\/\/pkps.org.pl\/wp-content\/uploads\/2026\/01\/FEPZ.png","width":1386,"height":195},{"@type":"BreadcrumbList","@id":"https:\/\/pkps.org.pl\/?page_id=3030#breadcrumb","itemListElement":[{"@type":"ListItem","position":1,"name":"Strona g\u0142\u00f3wna","item":"https:\/\/pkps.org.pl\/"},{"@type":"ListItem","position":2,"name":"Podpisanie umowy umowy &#8211; PFEP\u017b &#8211; Podprogram 2025"}]},{"@type":"WebSite","@id":"https:\/\/pkps.org.pl\/#website","url":"https:\/\/pkps.org.pl\/","name":"Polski Komitet Pomocy Spo\u0142ecznej","description":"Strona Polskiego Komitetu Pomocy Spo\u0142ecznej","publisher":{"@id":"https:\/\/pkps.org.pl\/#organization"},"potentialAction":[{"@type":"SearchAction","target":{"@type":"EntryPoint","urlTemplate":"https:\/\/pkps.org.pl\/?s={search_term_string}"},"query-input":{"@type":"PropertyValueSpecification","valueRequired":true,"valueName":"search_term_string"}}],"inLanguage":"pl-PL"},{"@type":"Organization","@id":"https:\/\/pkps.org.pl\/#organization","name":"Polski Komitet Pomocy Spo\u0142ecznej","url":"https:\/\/pkps.org.pl\/","logo":{"@type":"ImageObject","inLanguage":"pl-PL","@id":"https:\/\/pkps.org.pl\/#\/schema\/logo\/image\/","url":"https:\/\/pkps.org.pl\/wp-content\/uploads\/2016\/12\/PKPS-Logo-1.jpg","contentUrl":"https:\/\/pkps.org.pl\/wp-content\/uploads\/2016\/12\/PKPS-Logo-1.jpg","width":299,"height":408,"caption":"Polski Komitet Pomocy Spo\u0142ecznej"},"image":{"@id":"https:\/\/pkps.org.pl\/#\/schema\/logo\/image\/"}}]}},"_links":{"self":[{"href":"https:\/\/pkps.org.pl\/index.php?rest_route=\/wp\/v2\/pages\/3030","targetHints":{"allow":["GET"]}}],"collection":[{"href":"https:\/\/pkps.org.pl\/index.php?rest_route=\/wp\/v2\/pages"}],"about":[{"href":"https:\/\/pkps.org.pl\/index.php?rest_route=\/wp\/v2\/types\/page"}],"author":[{"embeddable":true,"href":"https:\/\/pkps.org.pl\/index.php?rest_route=\/wp\/v2\/users\/3"}],"replies":[{"embeddable":true,"href":"https:\/\/pkps.org.pl\/index.php?rest_route=%2Fwp%2Fv2%2Fcomments&post=3030"}],"version-history":[{"count":2,"href":"https:\/\/pkps.org.pl\/index.php?rest_route=\/wp\/v2\/pages\/3030\/revisions"}],"predecessor-version":[{"id":3035,"href":"https:\/\/pkps.org.pl\/index.php?rest_route=\/wp\/v2\/pages\/3030\/revisions\/3035"}],"wp:attachment":[{"href":"https:\/\/pkps.org.pl\/index.php?rest_route=%2Fwp%2Fv2%2Fmedia&parent=3030"}],"curies":[{"name":"wp","href":"https:\/\/api.w.org\/{rel}","templated":true}]}}