{"id":3046,"date":"2026-01-28T10:53:31","date_gmt":"2026-01-28T10:53:31","guid":{"rendered":"https:\/\/pkps.org.pl\/?page_id=3046"},"modified":"2026-01-28T10:53:31","modified_gmt":"2026-01-28T10:53:31","slug":"po-sasiedzku-raport-podsumowujacy","status":"publish","type":"page","link":"https:\/\/pkps.org.pl\/?page_id=3046","title":{"rendered":"&#8222;Po s\u0105siedzku&#8221;-raport podsumowuj\u0105cy"},"content":{"rendered":"<div class=\"wp-block-image\"><img fetchpriority=\"high\" decoding=\"async\" class=\"wpa-warning wpa-image-missing-alt alignnone size-full wp-image-2932\" src=\"https:\/\/pkps.org.pl\/wp-content\/uploads\/2025\/06\/po_sasiedzku.png\" alt=\"\" width=\"1542\" height=\"190\" data-warning=\"Missing alt text\" srcset=\"https:\/\/pkps.org.pl\/wp-content\/uploads\/2025\/06\/po_sasiedzku.png 1542w, https:\/\/pkps.org.pl\/wp-content\/uploads\/2025\/06\/po_sasiedzku-300x37.png 300w, https:\/\/pkps.org.pl\/wp-content\/uploads\/2025\/06\/po_sasiedzku-1024x126.png 1024w, https:\/\/pkps.org.pl\/wp-content\/uploads\/2025\/06\/po_sasiedzku-768x95.png 768w, https:\/\/pkps.org.pl\/wp-content\/uploads\/2025\/06\/po_sasiedzku-1536x189.png 1536w\" sizes=\"(max-width: 1542px) 100vw, 1542px\" \/><\/div>\n<p style=\"font-weight: 400;\"><strong>Raport podsumowuj\u0105cy <\/strong><strong>z realizacji zadania publicznego.<\/strong><\/p>\n<p style=\"font-weight: 400;\"><strong>Rozw\u00f3j potencja\u0142u Centrum Promocji Zdrowia Seniora PKPS <\/strong><strong>\u201ePo S\u0105siedzku\u201d<\/strong><\/p>\n<p style=\"font-weight: 400;\"><strong>Zadanie publiczne sfinansowane ze \u015brodk\u00f3w Samorz\u0105du Wojew\u00f3dztwa Mazowieckiego. \u00a0<\/strong><strong style=\"font-size: revert;\">Us\u0142ugi spo\u0142eczne na rzecz rodzin<\/strong><\/p>\n<div class=\"wp-block-image\"><img decoding=\"async\" class=\"wpa-warning wpa-image-missing-alt alignnone  wp-image-3047\" src=\"https:\/\/pkps.org.pl\/wp-content\/uploads\/2026\/01\/milan.jpg\" alt=\"\" width=\"967\" height=\"724\" data-warning=\"Missing alt text\" srcset=\"https:\/\/pkps.org.pl\/wp-content\/uploads\/2026\/01\/milan.jpg 1390w, https:\/\/pkps.org.pl\/wp-content\/uploads\/2026\/01\/milan-300x225.jpg 300w, https:\/\/pkps.org.pl\/wp-content\/uploads\/2026\/01\/milan-1024x767.jpg 1024w, https:\/\/pkps.org.pl\/wp-content\/uploads\/2026\/01\/milan-768x575.jpg 768w\" sizes=\"(max-width: 967px) 100vw, 967px\" \/><\/div>\n<p style=\"font-weight: 400;\">Celem raportu jest podsumowanie realizacji zadania publicznego Rozw\u00f3j potencja\u0142u Centrum Promocji Zdrowia Seniora PKPS \u201ePo S\u0105siedzku\u201d, finansowanego ze \u015brodk\u00f3w Samorz\u0105du Wojew\u00f3dztwa Mazowieckiego, kt\u00f3re by\u0142o realizowane w okresie od 19 maja 2025 r. do 31 grudnia 2025 r.<\/p>\n<p style=\"font-weight: 400;\">Raport zostanie przekazany do Mazowieckiego Centrum Polityki Spo\u0142ecznej, do Rady Naczelnej PKPS oraz zostanie umieszczony na stronie internetowej PKPS w celu promocji zadania publicznego i jego popularyzacji.<\/p>\n<p style=\"font-weight: 400;\">Celem zadania by\u0142 wzrost potencja\u0142u PKPS jako podmiotu ekonomii spo\u0142ecznej w zakresie realizacji us\u0142ug spo\u0142ecznych na rzecz mieszka\u0144c\u00f3w wojew\u00f3dztwa mazowieckiego.<\/p>\n<p style=\"font-weight: 400;\">Do instrument\u00f3w, kt\u00f3re zosta\u0142y wykorzystane do osi\u0105gni\u0119cia tak wyznaczonego celu, nale\u017ca\u0142y:<\/p>\n<ul style=\"font-weight: 400;\">\n<li>wykonanie drobnych napraw i adaptacji pomieszczenia o powierzchni oko\u0142o 70 m\u00b2 w obiekcie PKPS w Milan\u00f3wku,<\/li>\n<li>zakup sprz\u0119tu do gabinetu piel\u0119gnacji st\u00f3p dla os\u00f3b starszych,<\/li>\n<li>zakup wyposa\u017cenia do trzech pokoi plac\u00f3wki opieki wytchnieniowej,<\/li>\n<li>podniesienie kompetencji kadry PKPS \u2013 pracownik\u00f3w i wolontariuszy realizuj\u0105cych us\u0142ugi spo\u0142eczne w Centrum Promocji Zdrowia Seniora,<\/li>\n<li>podniesienie standard\u00f3w zarz\u0105dzania plac\u00f3wk\u0105 realizuj\u0105c\u0105 us\u0142ugi spo\u0142eczne.<\/li>\n<\/ul>\n<p style=\"font-weight: 400;\">Realizacja zadania publicznego umo\u017cliwi\u0142a stworzenie warunk\u00f3w do rozszerzenia zakresu us\u0142ug spo\u0142ecznych \u015bwiadczonych w obiekcie PKPS w Milan\u00f3wku oraz dalsze doskonalenie jako\u015bci tych us\u0142ug. Cel zadania zosta\u0142 w pe\u0142ni osi\u0105gni\u0119ty.<\/p>\n<p style=\"font-weight: 400;\">W ramach realizacji zadania:<\/p>\n<ol style=\"font-weight: 400;\">\n<li>Wykonano naprawy i adaptacj\u0119 sali wielofunkcyjnej. Zakupiono i zainstalowano \u017caluzje w oknach.<\/li>\n<\/ol>\n<p style=\"font-weight: 400;\">Wyremontowana sala pozwoli na prowadzenie zaj\u0119\u0107 edukacyjnych i wspieraj\u0105cych dla os\u00f3b starszych, spotka\u0144 integracyjnych i okoliczno\u015bciowych, a tak\u017ce szkole\u0144 dla kadry PKPS.<\/p>\n<ol style=\"font-weight: 400;\">\n<li>Zakupiono sprz\u0119t do gabinetu us\u0142ug podologicznych.<\/li>\n<li>Zakupiono wyposa\u017cenie do trzech pokoi w plac\u00f3wce opieki wytchnieniowej.<\/li>\n<li>Przeprowadzono szkolenia dla kadry, zwi\u0119kszaj\u0105ce kompetencje poprzez poszerzenie wiedzy na temat potrzeb i oczekiwa\u0144 os\u00f3b starszych oraz w zakresie zarz\u0105dzania. Szkolenia mia\u0142y form\u0119 wyk\u0142ad\u00f3w i warsztat\u00f3w i zosta\u0142y przeprowadzone przez specjalist\u00f3w posiadaj\u0105cych du\u017c\u0105 wiedz\u0119 oraz do\u015bwiadczenie zawodowe i naukowe.<\/li>\n<\/ol>\n<p style=\"font-weight: 400;\">Realizacja zadania umo\u017cliwi\u0142a osi\u0105gni\u0119cie planowanych rezultat\u00f3w.<\/p>\n<p style=\"font-weight: 400;\">Zadanie publiczne zwi\u0119kszy\u0142o potencja\u0142 jednej z plac\u00f3wek PKPS \u2013 Centrum Promocji Zdrowia Seniora w Milan\u00f3wku przy ul. Ko\u015bciuszki 116. Przyczyni\u0142o si\u0119 do poprawy jako\u015bci \u015bwiadczonych us\u0142ug spo\u0142ecznych oraz do zwi\u0119kszenia ich dost\u0119pno\u015bci.<\/p>\n<p style=\"font-weight: 400;\">Zadanie publiczne by\u0142o jednym z narz\u0119dzi \u0142agodzenia skutk\u00f3w problem\u00f3w spo\u0142ecznych os\u00f3b starszych na Mazowszu. Odpowiada\u0142o na potrzeby spo\u0142eczne regionu, a jego realizacja pozwoli\u0142a na dalszy rozw\u00f3j naszego stowarzyszenia oraz oferty us\u0142ugowej adresowanej do os\u00f3b starszych.<\/p>\n<p style=\"font-weight: 400;\">Metodologia realizacji zadania publicznego zosta\u0142a oparta na procesie realizacji projektu i obejmowa\u0142a:<\/p>\n<ol style=\"font-weight: 400;\">\n<li>diagnoz\u0119 lokalnych potrzeb spo\u0142ecznych,<\/li>\n<li>diagnoz\u0119 potrzeb Polskiego Komitetu Pomocy Spo\u0142ecznej,<\/li>\n<li>planowanie dzia\u0142a\u0144 projektowych,<\/li>\n<li>rekrutacj\u0119 realizator\u00f3w zadania publicznego,<\/li>\n<li>rekrutacj\u0119 odbiorc\u00f3w zadania publicznego,<\/li>\n<li>monitorowanie rezultat\u00f3w zadania,<\/li>\n<li>przygotowanie dokumentacji do opracowania sprawozdania finansowego i merytorycznego z realizacji zadania.<\/li>\n<\/ol>\n<p style=\"font-weight: 400;\"><strong>Polski Komitet Pomocy Spo\u0142ecznej rekomenduje zadanie publiczne jako wa\u017cne narz\u0119dzie s\u0142u\u017c\u0105ce zwi\u0119kszaniu potencja\u0142u plac\u00f3wek pomocy spo\u0142ecznej, kt\u00f3re \u015bwiadcz\u0105 us\u0142ugi spo\u0142eczne na rzecz mieszka\u0144c\u00f3w Mazowsza.<\/strong><\/p>\n<p style=\"font-weight: 400;\">\n","protected":false},"excerpt":{"rendered":"<p>Raport podsumowuj\u0105cy z realizacji zadania publicznego. Rozw\u00f3j potencja\u0142u Centrum Promocji Zdrowia Seniora PKPS \u201ePo S\u0105siedzku\u201d Zadanie publiczne sfinansowane ze \u015brodk\u00f3w Samorz\u0105du Wojew\u00f3dztwa Mazowieckiego. \u00a0Us\u0142ugi spo\u0142eczne na rzecz rodzin Celem raportu jest podsumowanie realizacji zadania publicznego Rozw\u00f3j potencja\u0142u Centrum Promocji Zdrowia Seniora PKPS \u201ePo S\u0105siedzku\u201d, finansowanego ze \u015brodk\u00f3w Samorz\u0105du Wojew\u00f3dztwa Mazowieckiego, kt\u00f3re by\u0142o realizowane w okresie [&hellip;]<\/p>\n","protected":false},"author":3,"featured_media":0,"parent":0,"menu_order":0,"comment_status":"closed","ping_status":"closed","template":"","meta":{"footnotes":"","_links_to":"","_links_to_target":""},"class_list":["post-3046","page","type-page","status-publish","hentry"],"yoast_head":"<!-- This site is optimized with the Yoast SEO plugin v27.4 - https:\/\/yoast.com\/product\/yoast-seo-wordpress\/ -->\n<title>&quot;Po s\u0105siedzku&quot;-raport podsumowuj\u0105cy - Polski Komitet Pomocy Spo\u0142ecznej<\/title>\n<meta name=\"robots\" content=\"index, follow, max-snippet:-1, max-image-preview:large, max-video-preview:-1\" \/>\n<link rel=\"canonical\" href=\"https:\/\/pkps.org.pl\/?page_id=3046\" \/>\n<meta property=\"og:locale\" content=\"pl_PL\" \/>\n<meta property=\"og:type\" content=\"article\" \/>\n<meta property=\"og:title\" content=\"&quot;Po s\u0105siedzku&quot;-raport podsumowuj\u0105cy - Polski Komitet Pomocy Spo\u0142ecznej\" \/>\n<meta property=\"og:description\" content=\"Raport podsumowuj\u0105cy z realizacji zadania publicznego. Rozw\u00f3j potencja\u0142u Centrum Promocji Zdrowia Seniora PKPS \u201ePo S\u0105siedzku\u201d Zadanie publiczne sfinansowane ze \u015brodk\u00f3w Samorz\u0105du Wojew\u00f3dztwa Mazowieckiego. \u00a0Us\u0142ugi spo\u0142eczne na rzecz rodzin Celem raportu jest podsumowanie realizacji zadania publicznego Rozw\u00f3j potencja\u0142u Centrum Promocji Zdrowia Seniora PKPS \u201ePo S\u0105siedzku\u201d, finansowanego ze \u015brodk\u00f3w Samorz\u0105du Wojew\u00f3dztwa Mazowieckiego, kt\u00f3re by\u0142o realizowane w okresie [&hellip;]\" \/>\n<meta property=\"og:url\" content=\"https:\/\/pkps.org.pl\/?page_id=3046\" \/>\n<meta property=\"og:site_name\" content=\"Polski Komitet Pomocy Spo\u0142ecznej\" \/>\n<meta property=\"og:image\" content=\"https:\/\/pkps.org.pl\/wp-content\/uploads\/2025\/06\/po_sasiedzku.png\" \/>\n\t<meta property=\"og:image:width\" content=\"1542\" \/>\n\t<meta property=\"og:image:height\" content=\"190\" \/>\n\t<meta property=\"og:image:type\" content=\"image\/png\" \/>\n<meta name=\"twitter:card\" content=\"summary_large_image\" \/>\n<meta name=\"twitter:label1\" content=\"Szacowany czas czytania\" \/>\n\t<meta name=\"twitter:data1\" content=\"4 minuty\" \/>\n<script type=\"application\/ld+json\" class=\"yoast-schema-graph\">{\"@context\":\"https:\\\/\\\/schema.org\",\"@graph\":[{\"@type\":\"WebPage\",\"@id\":\"https:\\\/\\\/pkps.org.pl\\\/?page_id=3046\",\"url\":\"https:\\\/\\\/pkps.org.pl\\\/?page_id=3046\",\"name\":\"\\\"Po s\u0105siedzku\\\"-raport podsumowuj\u0105cy - Polski Komitet Pomocy Spo\u0142ecznej\",\"isPartOf\":{\"@id\":\"https:\\\/\\\/pkps.org.pl\\\/#website\"},\"primaryImageOfPage\":{\"@id\":\"https:\\\/\\\/pkps.org.pl\\\/?page_id=3046#primaryimage\"},\"image\":{\"@id\":\"https:\\\/\\\/pkps.org.pl\\\/?page_id=3046#primaryimage\"},\"thumbnailUrl\":\"https:\\\/\\\/pkps.org.pl\\\/wp-content\\\/uploads\\\/2025\\\/06\\\/po_sasiedzku.png\",\"datePublished\":\"2026-01-28T10:53:31+00:00\",\"breadcrumb\":{\"@id\":\"https:\\\/\\\/pkps.org.pl\\\/?page_id=3046#breadcrumb\"},\"inLanguage\":\"pl-PL\",\"potentialAction\":[{\"@type\":\"ReadAction\",\"target\":[\"https:\\\/\\\/pkps.org.pl\\\/?page_id=3046\"]}]},{\"@type\":\"ImageObject\",\"inLanguage\":\"pl-PL\",\"@id\":\"https:\\\/\\\/pkps.org.pl\\\/?page_id=3046#primaryimage\",\"url\":\"https:\\\/\\\/pkps.org.pl\\\/wp-content\\\/uploads\\\/2025\\\/06\\\/po_sasiedzku.png\",\"contentUrl\":\"https:\\\/\\\/pkps.org.pl\\\/wp-content\\\/uploads\\\/2025\\\/06\\\/po_sasiedzku.png\",\"width\":1542,\"height\":190},{\"@type\":\"BreadcrumbList\",\"@id\":\"https:\\\/\\\/pkps.org.pl\\\/?page_id=3046#breadcrumb\",\"itemListElement\":[{\"@type\":\"ListItem\",\"position\":1,\"name\":\"Strona g\u0142\u00f3wna\",\"item\":\"https:\\\/\\\/pkps.org.pl\\\/\"},{\"@type\":\"ListItem\",\"position\":2,\"name\":\"&#8222;Po s\u0105siedzku&#8221;-raport podsumowuj\u0105cy\"}]},{\"@type\":\"WebSite\",\"@id\":\"https:\\\/\\\/pkps.org.pl\\\/#website\",\"url\":\"https:\\\/\\\/pkps.org.pl\\\/\",\"name\":\"Polski Komitet Pomocy Spo\u0142ecznej\",\"description\":\"Strona Polskiego Komitetu Pomocy Spo\u0142ecznej\",\"publisher\":{\"@id\":\"https:\\\/\\\/pkps.org.pl\\\/#organization\"},\"potentialAction\":[{\"@type\":\"SearchAction\",\"target\":{\"@type\":\"EntryPoint\",\"urlTemplate\":\"https:\\\/\\\/pkps.org.pl\\\/?s={search_term_string}\"},\"query-input\":{\"@type\":\"PropertyValueSpecification\",\"valueRequired\":true,\"valueName\":\"search_term_string\"}}],\"inLanguage\":\"pl-PL\"},{\"@type\":\"Organization\",\"@id\":\"https:\\\/\\\/pkps.org.pl\\\/#organization\",\"name\":\"Polski Komitet Pomocy Spo\u0142ecznej\",\"url\":\"https:\\\/\\\/pkps.org.pl\\\/\",\"logo\":{\"@type\":\"ImageObject\",\"inLanguage\":\"pl-PL\",\"@id\":\"https:\\\/\\\/pkps.org.pl\\\/#\\\/schema\\\/logo\\\/image\\\/\",\"url\":\"https:\\\/\\\/pkps.org.pl\\\/wp-content\\\/uploads\\\/2016\\\/12\\\/PKPS-Logo-1.jpg\",\"contentUrl\":\"https:\\\/\\\/pkps.org.pl\\\/wp-content\\\/uploads\\\/2016\\\/12\\\/PKPS-Logo-1.jpg\",\"width\":299,\"height\":408,\"caption\":\"Polski Komitet Pomocy Spo\u0142ecznej\"},\"image\":{\"@id\":\"https:\\\/\\\/pkps.org.pl\\\/#\\\/schema\\\/logo\\\/image\\\/\"}}]}<\/script>\n<!-- \/ Yoast SEO plugin. -->","yoast_head_json":{"title":"\"Po s\u0105siedzku\"-raport podsumowuj\u0105cy - Polski Komitet Pomocy Spo\u0142ecznej","robots":{"index":"index","follow":"follow","max-snippet":"max-snippet:-1","max-image-preview":"max-image-preview:large","max-video-preview":"max-video-preview:-1"},"canonical":"https:\/\/pkps.org.pl\/?page_id=3046","og_locale":"pl_PL","og_type":"article","og_title":"\"Po s\u0105siedzku\"-raport podsumowuj\u0105cy - Polski Komitet Pomocy Spo\u0142ecznej","og_description":"Raport podsumowuj\u0105cy z realizacji zadania publicznego. Rozw\u00f3j potencja\u0142u Centrum Promocji Zdrowia Seniora PKPS \u201ePo S\u0105siedzku\u201d Zadanie publiczne sfinansowane ze \u015brodk\u00f3w Samorz\u0105du Wojew\u00f3dztwa Mazowieckiego. \u00a0Us\u0142ugi spo\u0142eczne na rzecz rodzin Celem raportu jest podsumowanie realizacji zadania publicznego Rozw\u00f3j potencja\u0142u Centrum Promocji Zdrowia Seniora PKPS \u201ePo S\u0105siedzku\u201d, finansowanego ze \u015brodk\u00f3w Samorz\u0105du Wojew\u00f3dztwa Mazowieckiego, kt\u00f3re by\u0142o realizowane w okresie [&hellip;]","og_url":"https:\/\/pkps.org.pl\/?page_id=3046","og_site_name":"Polski Komitet Pomocy Spo\u0142ecznej","og_image":[{"width":1542,"height":190,"url":"https:\/\/pkps.org.pl\/wp-content\/uploads\/2025\/06\/po_sasiedzku.png","type":"image\/png"}],"twitter_card":"summary_large_image","twitter_misc":{"Szacowany czas czytania":"4 minuty"},"schema":{"@context":"https:\/\/schema.org","@graph":[{"@type":"WebPage","@id":"https:\/\/pkps.org.pl\/?page_id=3046","url":"https:\/\/pkps.org.pl\/?page_id=3046","name":"\"Po s\u0105siedzku\"-raport podsumowuj\u0105cy - Polski Komitet Pomocy Spo\u0142ecznej","isPartOf":{"@id":"https:\/\/pkps.org.pl\/#website"},"primaryImageOfPage":{"@id":"https:\/\/pkps.org.pl\/?page_id=3046#primaryimage"},"image":{"@id":"https:\/\/pkps.org.pl\/?page_id=3046#primaryimage"},"thumbnailUrl":"https:\/\/pkps.org.pl\/wp-content\/uploads\/2025\/06\/po_sasiedzku.png","datePublished":"2026-01-28T10:53:31+00:00","breadcrumb":{"@id":"https:\/\/pkps.org.pl\/?page_id=3046#breadcrumb"},"inLanguage":"pl-PL","potentialAction":[{"@type":"ReadAction","target":["https:\/\/pkps.org.pl\/?page_id=3046"]}]},{"@type":"ImageObject","inLanguage":"pl-PL","@id":"https:\/\/pkps.org.pl\/?page_id=3046#primaryimage","url":"https:\/\/pkps.org.pl\/wp-content\/uploads\/2025\/06\/po_sasiedzku.png","contentUrl":"https:\/\/pkps.org.pl\/wp-content\/uploads\/2025\/06\/po_sasiedzku.png","width":1542,"height":190},{"@type":"BreadcrumbList","@id":"https:\/\/pkps.org.pl\/?page_id=3046#breadcrumb","itemListElement":[{"@type":"ListItem","position":1,"name":"Strona g\u0142\u00f3wna","item":"https:\/\/pkps.org.pl\/"},{"@type":"ListItem","position":2,"name":"&#8222;Po s\u0105siedzku&#8221;-raport podsumowuj\u0105cy"}]},{"@type":"WebSite","@id":"https:\/\/pkps.org.pl\/#website","url":"https:\/\/pkps.org.pl\/","name":"Polski Komitet Pomocy Spo\u0142ecznej","description":"Strona Polskiego Komitetu Pomocy Spo\u0142ecznej","publisher":{"@id":"https:\/\/pkps.org.pl\/#organization"},"potentialAction":[{"@type":"SearchAction","target":{"@type":"EntryPoint","urlTemplate":"https:\/\/pkps.org.pl\/?s={search_term_string}"},"query-input":{"@type":"PropertyValueSpecification","valueRequired":true,"valueName":"search_term_string"}}],"inLanguage":"pl-PL"},{"@type":"Organization","@id":"https:\/\/pkps.org.pl\/#organization","name":"Polski Komitet Pomocy Spo\u0142ecznej","url":"https:\/\/pkps.org.pl\/","logo":{"@type":"ImageObject","inLanguage":"pl-PL","@id":"https:\/\/pkps.org.pl\/#\/schema\/logo\/image\/","url":"https:\/\/pkps.org.pl\/wp-content\/uploads\/2016\/12\/PKPS-Logo-1.jpg","contentUrl":"https:\/\/pkps.org.pl\/wp-content\/uploads\/2016\/12\/PKPS-Logo-1.jpg","width":299,"height":408,"caption":"Polski Komitet Pomocy Spo\u0142ecznej"},"image":{"@id":"https:\/\/pkps.org.pl\/#\/schema\/logo\/image\/"}}]}},"_links":{"self":[{"href":"https:\/\/pkps.org.pl\/index.php?rest_route=\/wp\/v2\/pages\/3046","targetHints":{"allow":["GET"]}}],"collection":[{"href":"https:\/\/pkps.org.pl\/index.php?rest_route=\/wp\/v2\/pages"}],"about":[{"href":"https:\/\/pkps.org.pl\/index.php?rest_route=\/wp\/v2\/types\/page"}],"author":[{"embeddable":true,"href":"https:\/\/pkps.org.pl\/index.php?rest_route=\/wp\/v2\/users\/3"}],"replies":[{"embeddable":true,"href":"https:\/\/pkps.org.pl\/index.php?rest_route=%2Fwp%2Fv2%2Fcomments&post=3046"}],"version-history":[{"count":2,"href":"https:\/\/pkps.org.pl\/index.php?rest_route=\/wp\/v2\/pages\/3046\/revisions"}],"predecessor-version":[{"id":3049,"href":"https:\/\/pkps.org.pl\/index.php?rest_route=\/wp\/v2\/pages\/3046\/revisions\/3049"}],"wp:attachment":[{"href":"https:\/\/pkps.org.pl\/index.php?rest_route=%2Fwp%2Fv2%2Fmedia&parent=3046"}],"curies":[{"name":"wp","href":"https:\/\/api.w.org\/{rel}","templated":true}]}}