{"id":3081,"date":"2026-03-19T20:49:21","date_gmt":"2026-03-19T20:49:21","guid":{"rendered":"https:\/\/pkps.org.pl\/?page_id=3081"},"modified":"2026-03-19T20:55:41","modified_gmt":"2026-03-19T20:55:41","slug":"bezpieczna-przystan-wsparcie-i-zrozumienie-w-kryzysie","status":"publish","type":"page","link":"https:\/\/pkps.org.pl\/?page_id=3081","title":{"rendered":"Bezpieczna przysta\u0144 \u2013 wsparcie i zrozumienie w kryzysie"},"content":{"rendered":"\n<figure class=\"wp-block-image size-large\"><img fetchpriority=\"high\" decoding=\"async\" width=\"1024\" height=\"116\" src=\"https:\/\/pkps.org.pl\/wp-content\/uploads\/2026\/03\/image-2-1024x116.png\" alt=\"\" class=\"wp-image-3086\" srcset=\"https:\/\/pkps.org.pl\/wp-content\/uploads\/2026\/03\/image-2-1024x116.png 1024w, https:\/\/pkps.org.pl\/wp-content\/uploads\/2026\/03\/image-2-300x34.png 300w, https:\/\/pkps.org.pl\/wp-content\/uploads\/2026\/03\/image-2-768x87.png 768w, https:\/\/pkps.org.pl\/wp-content\/uploads\/2026\/03\/image-2-1536x174.png 1536w, https:\/\/pkps.org.pl\/wp-content\/uploads\/2026\/03\/image-2.png 1682w\" sizes=\"(max-width: 1024px) 100vw, 1024px\" \/><\/figure>\n\n\n<p>\u00a0<\/p>\n<p>Polski Komitet Pomocy Spo\u0142ecznej \u00a0realizuje projekt pod nazw\u0105:<br \/><strong>\u201eBezpieczna przysta\u0144 \u2013 wsparcie i zrozumienie w kryzysie\u201d<\/strong><br \/>Utworzenie O\u015brodka Interwencji Kryzysowej dla wsparcia rodzin i os\u00f3b pozostaj\u0105cych w kryzysie z terenu powiatu p\u0142ockiego i powiatu gostyni\u0144skiego<\/p>\n<p><strong>Informacje podstawowe<\/strong><br \/>Numer projektu: FEMA.08.06-IP.01-05EV\/24<br \/>Program: Dzia\u0142anie 8.6 \u2013 Us\u0142ugi spo\u0142eczne na rzecz rodzin<\/p>\n<p><strong>Cel projektu<\/strong><br \/>Celem projektu jest zapewnienie kompleksowego wsparcia osobom i rodzinom znajduj\u0105cym si\u0119 w kryzysie psychospo\u0142ecznym poprzez utworzenie O\u015brodka Interwencji Kryzysowej, hostelu oraz dw\u00f3ch punkt\u00f3w konsultacyjnych.<\/p>\n<p><strong>Grupa docelowa<\/strong><br \/>Projekt skierowany jest do os\u00f3b i rodzin do\u015bwiadczaj\u0105cych kryzysu, w szczeg\u00f3lno\u015bci: przemocy w rodzinie, konflikt\u00f3w w ma\u0142\u017ce\u0144stwie lub zwi\u0105zkach partnerskich, trudno\u015bci wychowawczych, uzale\u017cnie\u0144, przeci\u0105\u017ce\u0144 psychicznych i przewlek\u0142ego stresu, zdarze\u0144 losowych i katastrof. Adresatami s\u0105 osoby zamieszkuj\u0105ce lub przebywaj\u0105ce (zgodnie z Kodeksem cywilnym) na obszarze wojew\u00f3dztwa mazowieckiego (region mazowiecki regionalny), powiatu p\u0142ockiego oraz powiatu gostyni\u0144skiego.<\/p>\n<p><strong>Infrastruktura projektu<\/strong><br \/>O\u015brodek Interwencji Kryzysowej \u2013 ul. Misjonarska 22, 09-402 P\u0142ock<br \/>Hostel \u2013 ul. Obej\u015bcie 9, P\u0142ock<br \/>Punkty konsultacyjne:<br \/>Gostynin \u2013 ul. Ozdowskiego 1A (dla beneficjent\u00f3w z powiatu gostyni\u0144skiego)<br \/>Bielsk \u2013 ul. Glinki 3 (dla beneficjent\u00f3w z powiatu p\u0142ockiego)<\/p>\n<p><strong>Rekrutacja<\/strong><br \/>Nab\u00f3r do projektu prowadzony jest w systemie ci\u0105g\u0142ym do dnia 30.09.2027 r.<\/p>\n<p>Dane kontaktowe<br \/>Adres: ul. Misjonarska 22, 09-402 P\u0142ock<br \/>Telefon: 24 364 76 05<br \/>E-mail: mazowsze@pkps.org.pl, grazyna.cieslik7@gmail.com<\/p>\n<p><strong>Finansowanie<\/strong><br \/>Projekt wsp\u00f3\u0142finansowany z Europejskiego Funduszu Spo\u0142ecznego Plus (EFS+) w ramach programu Fundusze Europejskie dla Mazowsza 2021\u20132027.<br \/>Warto\u015b\u0107 projektu: 2 667 494,00 z\u0142<br \/>Dofinansowanie EFS+: 2 534 069,00 z\u0142<\/p>\n<p><strong>Zasady realizacji<\/strong><br \/>Projekt realizowany z zachowaniem zasad r\u00f3wno\u015bci szans, niedyskryminacji oraz dost\u0119pno\u015bci dla os\u00f3b z niepe\u0142nosprawno\u015bciami.<\/p>","protected":false},"excerpt":{"rendered":"<p>\u00a0 Polski Komitet Pomocy Spo\u0142ecznej \u00a0realizuje projekt pod nazw\u0105:\u201eBezpieczna przysta\u0144 \u2013 wsparcie i zrozumienie w kryzysie\u201dUtworzenie O\u015brodka Interwencji Kryzysowej dla wsparcia rodzin i os\u00f3b pozostaj\u0105cych w kryzysie z terenu powiatu p\u0142ockiego i powiatu gostyni\u0144skiego Informacje podstawoweNumer projektu: FEMA.08.06-IP.01-05EV\/24Program: Dzia\u0142anie 8.6 \u2013 Us\u0142ugi spo\u0142eczne na rzecz rodzin Cel projektuCelem projektu jest zapewnienie kompleksowego wsparcia osobom i [&hellip;]<\/p>\n","protected":false},"author":3,"featured_media":0,"parent":0,"menu_order":0,"comment_status":"closed","ping_status":"closed","template":"","meta":{"footnotes":"","_links_to":"","_links_to_target":""},"class_list":["post-3081","page","type-page","status-publish","hentry"],"yoast_head":"<!-- This site is optimized with the Yoast SEO plugin v27.4 - https:\/\/yoast.com\/product\/yoast-seo-wordpress\/ -->\n<title>Bezpieczna przysta\u0144 \u2013 wsparcie i zrozumienie w kryzysie - Polski Komitet Pomocy Spo\u0142ecznej<\/title>\n<meta name=\"robots\" content=\"index, follow, max-snippet:-1, max-image-preview:large, max-video-preview:-1\" \/>\n<link rel=\"canonical\" href=\"https:\/\/pkps.org.pl\/?page_id=3081\" \/>\n<meta property=\"og:locale\" content=\"pl_PL\" \/>\n<meta property=\"og:type\" content=\"article\" \/>\n<meta property=\"og:title\" content=\"Bezpieczna przysta\u0144 \u2013 wsparcie i zrozumienie w kryzysie - Polski Komitet Pomocy Spo\u0142ecznej\" \/>\n<meta property=\"og:description\" content=\"\u00a0 Polski Komitet Pomocy Spo\u0142ecznej \u00a0realizuje projekt pod nazw\u0105:\u201eBezpieczna przysta\u0144 \u2013 wsparcie i zrozumienie w kryzysie\u201dUtworzenie O\u015brodka Interwencji Kryzysowej dla wsparcia rodzin i os\u00f3b pozostaj\u0105cych w kryzysie z terenu powiatu p\u0142ockiego i powiatu gostyni\u0144skiego Informacje podstawoweNumer projektu: FEMA.08.06-IP.01-05EV\/24Program: Dzia\u0142anie 8.6 \u2013 Us\u0142ugi spo\u0142eczne na rzecz rodzin Cel projektuCelem projektu jest zapewnienie kompleksowego wsparcia osobom i [&hellip;]\" \/>\n<meta property=\"og:url\" content=\"https:\/\/pkps.org.pl\/?page_id=3081\" \/>\n<meta property=\"og:site_name\" content=\"Polski Komitet Pomocy Spo\u0142ecznej\" \/>\n<meta property=\"article:modified_time\" content=\"2026-03-19T20:55:41+00:00\" \/>\n<meta property=\"og:image\" content=\"https:\/\/pkps.org.pl\/wp-content\/uploads\/2026\/03\/image-2.png\" \/>\n\t<meta property=\"og:image:width\" content=\"1682\" \/>\n\t<meta property=\"og:image:height\" content=\"190\" \/>\n\t<meta property=\"og:image:type\" content=\"image\/png\" \/>\n<meta name=\"twitter:card\" content=\"summary_large_image\" \/>\n<meta name=\"twitter:label1\" content=\"Szacowany czas czytania\" \/>\n\t<meta name=\"twitter:data1\" content=\"2 minuty\" \/>\n<script type=\"application\/ld+json\" class=\"yoast-schema-graph\">{\"@context\":\"https:\\\/\\\/schema.org\",\"@graph\":[{\"@type\":\"WebPage\",\"@id\":\"https:\\\/\\\/pkps.org.pl\\\/?page_id=3081\",\"url\":\"https:\\\/\\\/pkps.org.pl\\\/?page_id=3081\",\"name\":\"Bezpieczna przysta\u0144 \u2013 wsparcie i zrozumienie w kryzysie - Polski Komitet Pomocy Spo\u0142ecznej\",\"isPartOf\":{\"@id\":\"https:\\\/\\\/pkps.org.pl\\\/#website\"},\"primaryImageOfPage\":{\"@id\":\"https:\\\/\\\/pkps.org.pl\\\/?page_id=3081#primaryimage\"},\"image\":{\"@id\":\"https:\\\/\\\/pkps.org.pl\\\/?page_id=3081#primaryimage\"},\"thumbnailUrl\":\"https:\\\/\\\/pkps.org.pl\\\/wp-content\\\/uploads\\\/2026\\\/03\\\/image-2-1024x116.png\",\"datePublished\":\"2026-03-19T20:49:21+00:00\",\"dateModified\":\"2026-03-19T20:55:41+00:00\",\"breadcrumb\":{\"@id\":\"https:\\\/\\\/pkps.org.pl\\\/?page_id=3081#breadcrumb\"},\"inLanguage\":\"pl-PL\",\"potentialAction\":[{\"@type\":\"ReadAction\",\"target\":[\"https:\\\/\\\/pkps.org.pl\\\/?page_id=3081\"]}]},{\"@type\":\"ImageObject\",\"inLanguage\":\"pl-PL\",\"@id\":\"https:\\\/\\\/pkps.org.pl\\\/?page_id=3081#primaryimage\",\"url\":\"https:\\\/\\\/pkps.org.pl\\\/wp-content\\\/uploads\\\/2026\\\/03\\\/image-2.png\",\"contentUrl\":\"https:\\\/\\\/pkps.org.pl\\\/wp-content\\\/uploads\\\/2026\\\/03\\\/image-2.png\",\"width\":1682,\"height\":190},{\"@type\":\"BreadcrumbList\",\"@id\":\"https:\\\/\\\/pkps.org.pl\\\/?page_id=3081#breadcrumb\",\"itemListElement\":[{\"@type\":\"ListItem\",\"position\":1,\"name\":\"Strona g\u0142\u00f3wna\",\"item\":\"https:\\\/\\\/pkps.org.pl\\\/\"},{\"@type\":\"ListItem\",\"position\":2,\"name\":\"Bezpieczna przysta\u0144 \u2013 wsparcie i zrozumienie w kryzysie\"}]},{\"@type\":\"WebSite\",\"@id\":\"https:\\\/\\\/pkps.org.pl\\\/#website\",\"url\":\"https:\\\/\\\/pkps.org.pl\\\/\",\"name\":\"Polski Komitet Pomocy Spo\u0142ecznej\",\"description\":\"Strona Polskiego Komitetu Pomocy Spo\u0142ecznej\",\"publisher\":{\"@id\":\"https:\\\/\\\/pkps.org.pl\\\/#organization\"},\"potentialAction\":[{\"@type\":\"SearchAction\",\"target\":{\"@type\":\"EntryPoint\",\"urlTemplate\":\"https:\\\/\\\/pkps.org.pl\\\/?s={search_term_string}\"},\"query-input\":{\"@type\":\"PropertyValueSpecification\",\"valueRequired\":true,\"valueName\":\"search_term_string\"}}],\"inLanguage\":\"pl-PL\"},{\"@type\":\"Organization\",\"@id\":\"https:\\\/\\\/pkps.org.pl\\\/#organization\",\"name\":\"Polski Komitet Pomocy Spo\u0142ecznej\",\"url\":\"https:\\\/\\\/pkps.org.pl\\\/\",\"logo\":{\"@type\":\"ImageObject\",\"inLanguage\":\"pl-PL\",\"@id\":\"https:\\\/\\\/pkps.org.pl\\\/#\\\/schema\\\/logo\\\/image\\\/\",\"url\":\"https:\\\/\\\/pkps.org.pl\\\/wp-content\\\/uploads\\\/2016\\\/12\\\/PKPS-Logo-1.jpg\",\"contentUrl\":\"https:\\\/\\\/pkps.org.pl\\\/wp-content\\\/uploads\\\/2016\\\/12\\\/PKPS-Logo-1.jpg\",\"width\":299,\"height\":408,\"caption\":\"Polski Komitet Pomocy Spo\u0142ecznej\"},\"image\":{\"@id\":\"https:\\\/\\\/pkps.org.pl\\\/#\\\/schema\\\/logo\\\/image\\\/\"}}]}<\/script>\n<!-- \/ Yoast SEO plugin. -->","yoast_head_json":{"title":"Bezpieczna przysta\u0144 \u2013 wsparcie i zrozumienie w kryzysie - Polski Komitet Pomocy Spo\u0142ecznej","robots":{"index":"index","follow":"follow","max-snippet":"max-snippet:-1","max-image-preview":"max-image-preview:large","max-video-preview":"max-video-preview:-1"},"canonical":"https:\/\/pkps.org.pl\/?page_id=3081","og_locale":"pl_PL","og_type":"article","og_title":"Bezpieczna przysta\u0144 \u2013 wsparcie i zrozumienie w kryzysie - Polski Komitet Pomocy Spo\u0142ecznej","og_description":"\u00a0 Polski Komitet Pomocy Spo\u0142ecznej \u00a0realizuje projekt pod nazw\u0105:\u201eBezpieczna przysta\u0144 \u2013 wsparcie i zrozumienie w kryzysie\u201dUtworzenie O\u015brodka Interwencji Kryzysowej dla wsparcia rodzin i os\u00f3b pozostaj\u0105cych w kryzysie z terenu powiatu p\u0142ockiego i powiatu gostyni\u0144skiego Informacje podstawoweNumer projektu: FEMA.08.06-IP.01-05EV\/24Program: Dzia\u0142anie 8.6 \u2013 Us\u0142ugi spo\u0142eczne na rzecz rodzin Cel projektuCelem projektu jest zapewnienie kompleksowego wsparcia osobom i [&hellip;]","og_url":"https:\/\/pkps.org.pl\/?page_id=3081","og_site_name":"Polski Komitet Pomocy Spo\u0142ecznej","article_modified_time":"2026-03-19T20:55:41+00:00","og_image":[{"width":1682,"height":190,"url":"https:\/\/pkps.org.pl\/wp-content\/uploads\/2026\/03\/image-2.png","type":"image\/png"}],"twitter_card":"summary_large_image","twitter_misc":{"Szacowany czas czytania":"2 minuty"},"schema":{"@context":"https:\/\/schema.org","@graph":[{"@type":"WebPage","@id":"https:\/\/pkps.org.pl\/?page_id=3081","url":"https:\/\/pkps.org.pl\/?page_id=3081","name":"Bezpieczna przysta\u0144 \u2013 wsparcie i zrozumienie w kryzysie - Polski Komitet Pomocy Spo\u0142ecznej","isPartOf":{"@id":"https:\/\/pkps.org.pl\/#website"},"primaryImageOfPage":{"@id":"https:\/\/pkps.org.pl\/?page_id=3081#primaryimage"},"image":{"@id":"https:\/\/pkps.org.pl\/?page_id=3081#primaryimage"},"thumbnailUrl":"https:\/\/pkps.org.pl\/wp-content\/uploads\/2026\/03\/image-2-1024x116.png","datePublished":"2026-03-19T20:49:21+00:00","dateModified":"2026-03-19T20:55:41+00:00","breadcrumb":{"@id":"https:\/\/pkps.org.pl\/?page_id=3081#breadcrumb"},"inLanguage":"pl-PL","potentialAction":[{"@type":"ReadAction","target":["https:\/\/pkps.org.pl\/?page_id=3081"]}]},{"@type":"ImageObject","inLanguage":"pl-PL","@id":"https:\/\/pkps.org.pl\/?page_id=3081#primaryimage","url":"https:\/\/pkps.org.pl\/wp-content\/uploads\/2026\/03\/image-2.png","contentUrl":"https:\/\/pkps.org.pl\/wp-content\/uploads\/2026\/03\/image-2.png","width":1682,"height":190},{"@type":"BreadcrumbList","@id":"https:\/\/pkps.org.pl\/?page_id=3081#breadcrumb","itemListElement":[{"@type":"ListItem","position":1,"name":"Strona g\u0142\u00f3wna","item":"https:\/\/pkps.org.pl\/"},{"@type":"ListItem","position":2,"name":"Bezpieczna przysta\u0144 \u2013 wsparcie i zrozumienie w kryzysie"}]},{"@type":"WebSite","@id":"https:\/\/pkps.org.pl\/#website","url":"https:\/\/pkps.org.pl\/","name":"Polski Komitet Pomocy Spo\u0142ecznej","description":"Strona Polskiego Komitetu Pomocy Spo\u0142ecznej","publisher":{"@id":"https:\/\/pkps.org.pl\/#organization"},"potentialAction":[{"@type":"SearchAction","target":{"@type":"EntryPoint","urlTemplate":"https:\/\/pkps.org.pl\/?s={search_term_string}"},"query-input":{"@type":"PropertyValueSpecification","valueRequired":true,"valueName":"search_term_string"}}],"inLanguage":"pl-PL"},{"@type":"Organization","@id":"https:\/\/pkps.org.pl\/#organization","name":"Polski Komitet Pomocy Spo\u0142ecznej","url":"https:\/\/pkps.org.pl\/","logo":{"@type":"ImageObject","inLanguage":"pl-PL","@id":"https:\/\/pkps.org.pl\/#\/schema\/logo\/image\/","url":"https:\/\/pkps.org.pl\/wp-content\/uploads\/2016\/12\/PKPS-Logo-1.jpg","contentUrl":"https:\/\/pkps.org.pl\/wp-content\/uploads\/2016\/12\/PKPS-Logo-1.jpg","width":299,"height":408,"caption":"Polski Komitet Pomocy Spo\u0142ecznej"},"image":{"@id":"https:\/\/pkps.org.pl\/#\/schema\/logo\/image\/"}}]}},"_links":{"self":[{"href":"https:\/\/pkps.org.pl\/index.php?rest_route=\/wp\/v2\/pages\/3081","targetHints":{"allow":["GET"]}}],"collection":[{"href":"https:\/\/pkps.org.pl\/index.php?rest_route=\/wp\/v2\/pages"}],"about":[{"href":"https:\/\/pkps.org.pl\/index.php?rest_route=\/wp\/v2\/types\/page"}],"author":[{"embeddable":true,"href":"https:\/\/pkps.org.pl\/index.php?rest_route=\/wp\/v2\/users\/3"}],"replies":[{"embeddable":true,"href":"https:\/\/pkps.org.pl\/index.php?rest_route=%2Fwp%2Fv2%2Fcomments&post=3081"}],"version-history":[{"count":2,"href":"https:\/\/pkps.org.pl\/index.php?rest_route=\/wp\/v2\/pages\/3081\/revisions"}],"predecessor-version":[{"id":3087,"href":"https:\/\/pkps.org.pl\/index.php?rest_route=\/wp\/v2\/pages\/3081\/revisions\/3087"}],"wp:attachment":[{"href":"https:\/\/pkps.org.pl\/index.php?rest_route=%2Fwp%2Fv2%2Fmedia&parent=3081"}],"curies":[{"name":"wp","href":"https:\/\/api.w.org\/{rel}","templated":true}]}}