{"id":3114,"date":"2026-04-21T12:19:07","date_gmt":"2026-04-21T12:19:07","guid":{"rendered":"https:\/\/pkps.org.pl\/?page_id=3114"},"modified":"2026-04-21T12:19:07","modified_gmt":"2026-04-21T12:19:07","slug":"twoj-drugi-dom","status":"publish","type":"page","link":"https:\/\/pkps.org.pl\/?page_id=3114","title":{"rendered":"Tw\u00f3j drugi dom"},"content":{"rendered":"<div style=\"text-align: center;\"><\/div>\n<div style=\"text-align: center;\"><b>POLSKI KOMITET POMOCY SPO\u0141ECZNEJ<\/b><\/div>\n<div style=\"text-align: center;\"><b>realizuje projekt<\/b><\/div>\n<div style=\"text-align: center;\">wsp\u00f3\u0142finansowany z \u015brodk\u00f3w Unii Europejskiej w ramach Europejskiego Funduszu Spo\u0142ecznego + oraz bud\u017cetu pa\u0144stwa, w ramach Priorytetu\u00a0 VIII \u201eFundusze Europejskie dla aktywnej integracji oraz rozwoju us\u0142ug spo\u0142ecznych i zdrowotnych na\u00a0 Mazowszu\u201d, w ramach programu Fundusze Europejskie dla Mazowsza 2021 \u2013 2027<\/div>\n<div style=\"text-align: center;\"><b>\u201e<i>Tw\u00f3j drugi dom \u2013 utworzenie utworzenie MDOM dla mieszka\u0144c\u00f3w <\/i><\/b><b><i>powiatu pruszkowskiego i grodziskiego.<\/i><\/b><b>\u201d<\/b><\/div>\n<div style=\"text-align: center;\">Celem projektu jest\u00a0 wsparcie procesu deinstytucjonalizacji, zwi\u0119kszaj\u0105c r\u00f3wny dost\u0119p do wysokiej jako\u015bci miejsc us\u0142ug spo\u0142ecznych i zdrowotnych oraz wzmocnienie potencja\u0142u us\u0142ug opieki d\u0142ugoterminowej i r\u00f3wnego dost\u0119pu do adekwatnej terapii os\u00f3b<br \/>\npo 60 r.\u017c. zagro\u017conych ub\u00f3stwem lub wykluczeniem spo\u0142ecznym z zespo\u0142em ot\u0119piennym, spe\u0142niaj\u0105cych kryteria w\u0142\u0105czenia,<br \/>\nz powiat\u00f3w grodziskiego i pruszkowskiego<\/div>\n<div style=\"text-align: center;\">w okresie od 01.07.2026 r. \u2013 31.12.2028 r.<\/div>\n<div style=\"text-align: center;\"><\/div>\n<div style=\"text-align: center;\"><b>Dofinansowanie projektu z UE: 1\u00a0799 181,57 PLN<\/b><\/div>\n<div style=\"text-align: center;\"><b><u>Wi\u0119cej informacji:<\/u><\/b><\/div>\n<div style=\"text-align: center;\"><a href=\"http:\/\/www.pkps.org.pl\/\"><span class=\"Internetlink\"><b>www.pkps.org.pl<\/b><\/span><\/a><b>\u00a0\u00a0 zak\u0142adka MDOM<\/b><\/div>\n<div style=\"text-align: center;\"><b>tel. 501\u00a0384\u00a0059<\/b><\/div>\n<div style=\"text-align: center;\"><b>lub w biurze projektu:\u00a0 \u201e<\/b><b><i>Tw\u00f3j drugi dom \u2013 utworzenie utworzenie MDOM dla mieszka\u0144c\u00f3w<\/i><\/b><b><\/b><\/div>\n<div style=\"text-align: center;\"><b><i>powiatu pruszkowskiego i grodziskiego.\u201d<\/i><\/b><b><\/b><\/div>\n<div style=\"text-align: center;\"><b>Milan\u00f3wek, ul. Ko\u015bciuszki 116<\/b><\/div>\n<div>\n<p class=\"Standard\"><b>\u00a0<\/b><\/p>\n<\/div>\n<div>\n<p class=\"Standard\">\n<\/div>\n<div>\n<p class=\"Standard\">\n<\/div>\n<div>\n<p class=\"Standard\">\n<\/div>\n","protected":false},"excerpt":{"rendered":"<p>POLSKI KOMITET POMOCY SPO\u0141ECZNEJ realizuje projekt wsp\u00f3\u0142finansowany z \u015brodk\u00f3w Unii Europejskiej w ramach Europejskiego Funduszu Spo\u0142ecznego + oraz bud\u017cetu pa\u0144stwa, w ramach Priorytetu\u00a0 VIII \u201eFundusze Europejskie dla aktywnej integracji oraz rozwoju us\u0142ug spo\u0142ecznych i zdrowotnych na\u00a0 Mazowszu\u201d, w ramach programu Fundusze Europejskie dla Mazowsza 2021 \u2013 2027 \u201eTw\u00f3j drugi dom \u2013 utworzenie utworzenie MDOM dla [&hellip;]<\/p>\n","protected":false},"author":3,"featured_media":0,"parent":0,"menu_order":0,"comment_status":"closed","ping_status":"closed","template":"","meta":{"footnotes":"","_links_to":"","_links_to_target":""},"class_list":["post-3114","page","type-page","status-publish","hentry"],"yoast_head":"<!-- This site is optimized with the Yoast SEO plugin v27.4 - https:\/\/yoast.com\/product\/yoast-seo-wordpress\/ -->\n<title>Tw\u00f3j drugi dom - Polski Komitet Pomocy Spo\u0142ecznej<\/title>\n<meta name=\"robots\" content=\"index, follow, max-snippet:-1, max-image-preview:large, max-video-preview:-1\" \/>\n<link rel=\"canonical\" href=\"https:\/\/pkps.org.pl\/?page_id=3114\" \/>\n<meta property=\"og:locale\" content=\"pl_PL\" \/>\n<meta property=\"og:type\" content=\"article\" \/>\n<meta property=\"og:title\" content=\"Tw\u00f3j drugi dom - Polski Komitet Pomocy Spo\u0142ecznej\" \/>\n<meta property=\"og:description\" content=\"POLSKI KOMITET POMOCY SPO\u0141ECZNEJ realizuje projekt wsp\u00f3\u0142finansowany z \u015brodk\u00f3w Unii Europejskiej w ramach Europejskiego Funduszu Spo\u0142ecznego + oraz bud\u017cetu pa\u0144stwa, w ramach Priorytetu\u00a0 VIII \u201eFundusze Europejskie dla aktywnej integracji oraz rozwoju us\u0142ug spo\u0142ecznych i zdrowotnych na\u00a0 Mazowszu\u201d, w ramach programu Fundusze Europejskie dla Mazowsza 2021 \u2013 2027 \u201eTw\u00f3j drugi dom \u2013 utworzenie utworzenie MDOM dla [&hellip;]\" \/>\n<meta property=\"og:url\" content=\"https:\/\/pkps.org.pl\/?page_id=3114\" \/>\n<meta property=\"og:site_name\" content=\"Polski Komitet Pomocy Spo\u0142ecznej\" \/>\n<meta name=\"twitter:card\" content=\"summary_large_image\" \/>\n<meta name=\"twitter:label1\" content=\"Szacowany czas czytania\" \/>\n\t<meta name=\"twitter:data1\" content=\"1 minuta\" \/>\n<script type=\"application\/ld+json\" class=\"yoast-schema-graph\">{\"@context\":\"https:\\\/\\\/schema.org\",\"@graph\":[{\"@type\":\"WebPage\",\"@id\":\"https:\\\/\\\/pkps.org.pl\\\/?page_id=3114\",\"url\":\"https:\\\/\\\/pkps.org.pl\\\/?page_id=3114\",\"name\":\"Tw\u00f3j drugi dom - Polski Komitet Pomocy Spo\u0142ecznej\",\"isPartOf\":{\"@id\":\"https:\\\/\\\/pkps.org.pl\\\/#website\"},\"datePublished\":\"2026-04-21T12:19:07+00:00\",\"breadcrumb\":{\"@id\":\"https:\\\/\\\/pkps.org.pl\\\/?page_id=3114#breadcrumb\"},\"inLanguage\":\"pl-PL\",\"potentialAction\":[{\"@type\":\"ReadAction\",\"target\":[\"https:\\\/\\\/pkps.org.pl\\\/?page_id=3114\"]}]},{\"@type\":\"BreadcrumbList\",\"@id\":\"https:\\\/\\\/pkps.org.pl\\\/?page_id=3114#breadcrumb\",\"itemListElement\":[{\"@type\":\"ListItem\",\"position\":1,\"name\":\"Strona g\u0142\u00f3wna\",\"item\":\"https:\\\/\\\/pkps.org.pl\\\/\"},{\"@type\":\"ListItem\",\"position\":2,\"name\":\"Tw\u00f3j drugi dom\"}]},{\"@type\":\"WebSite\",\"@id\":\"https:\\\/\\\/pkps.org.pl\\\/#website\",\"url\":\"https:\\\/\\\/pkps.org.pl\\\/\",\"name\":\"Polski Komitet Pomocy Spo\u0142ecznej\",\"description\":\"Strona Polskiego Komitetu Pomocy Spo\u0142ecznej\",\"publisher\":{\"@id\":\"https:\\\/\\\/pkps.org.pl\\\/#organization\"},\"potentialAction\":[{\"@type\":\"SearchAction\",\"target\":{\"@type\":\"EntryPoint\",\"urlTemplate\":\"https:\\\/\\\/pkps.org.pl\\\/?s={search_term_string}\"},\"query-input\":{\"@type\":\"PropertyValueSpecification\",\"valueRequired\":true,\"valueName\":\"search_term_string\"}}],\"inLanguage\":\"pl-PL\"},{\"@type\":\"Organization\",\"@id\":\"https:\\\/\\\/pkps.org.pl\\\/#organization\",\"name\":\"Polski Komitet Pomocy Spo\u0142ecznej\",\"url\":\"https:\\\/\\\/pkps.org.pl\\\/\",\"logo\":{\"@type\":\"ImageObject\",\"inLanguage\":\"pl-PL\",\"@id\":\"https:\\\/\\\/pkps.org.pl\\\/#\\\/schema\\\/logo\\\/image\\\/\",\"url\":\"https:\\\/\\\/pkps.org.pl\\\/wp-content\\\/uploads\\\/2016\\\/12\\\/PKPS-Logo-1.jpg\",\"contentUrl\":\"https:\\\/\\\/pkps.org.pl\\\/wp-content\\\/uploads\\\/2016\\\/12\\\/PKPS-Logo-1.jpg\",\"width\":299,\"height\":408,\"caption\":\"Polski Komitet Pomocy Spo\u0142ecznej\"},\"image\":{\"@id\":\"https:\\\/\\\/pkps.org.pl\\\/#\\\/schema\\\/logo\\\/image\\\/\"}}]}<\/script>\n<!-- \/ Yoast SEO plugin. -->","yoast_head_json":{"title":"Tw\u00f3j drugi dom - Polski Komitet Pomocy Spo\u0142ecznej","robots":{"index":"index","follow":"follow","max-snippet":"max-snippet:-1","max-image-preview":"max-image-preview:large","max-video-preview":"max-video-preview:-1"},"canonical":"https:\/\/pkps.org.pl\/?page_id=3114","og_locale":"pl_PL","og_type":"article","og_title":"Tw\u00f3j drugi dom - Polski Komitet Pomocy Spo\u0142ecznej","og_description":"POLSKI KOMITET POMOCY SPO\u0141ECZNEJ realizuje projekt wsp\u00f3\u0142finansowany z \u015brodk\u00f3w Unii Europejskiej w ramach Europejskiego Funduszu Spo\u0142ecznego + oraz bud\u017cetu pa\u0144stwa, w ramach Priorytetu\u00a0 VIII \u201eFundusze Europejskie dla aktywnej integracji oraz rozwoju us\u0142ug spo\u0142ecznych i zdrowotnych na\u00a0 Mazowszu\u201d, w ramach programu Fundusze Europejskie dla Mazowsza 2021 \u2013 2027 \u201eTw\u00f3j drugi dom \u2013 utworzenie utworzenie MDOM dla [&hellip;]","og_url":"https:\/\/pkps.org.pl\/?page_id=3114","og_site_name":"Polski Komitet Pomocy Spo\u0142ecznej","twitter_card":"summary_large_image","twitter_misc":{"Szacowany czas czytania":"1 minuta"},"schema":{"@context":"https:\/\/schema.org","@graph":[{"@type":"WebPage","@id":"https:\/\/pkps.org.pl\/?page_id=3114","url":"https:\/\/pkps.org.pl\/?page_id=3114","name":"Tw\u00f3j drugi dom - Polski Komitet Pomocy Spo\u0142ecznej","isPartOf":{"@id":"https:\/\/pkps.org.pl\/#website"},"datePublished":"2026-04-21T12:19:07+00:00","breadcrumb":{"@id":"https:\/\/pkps.org.pl\/?page_id=3114#breadcrumb"},"inLanguage":"pl-PL","potentialAction":[{"@type":"ReadAction","target":["https:\/\/pkps.org.pl\/?page_id=3114"]}]},{"@type":"BreadcrumbList","@id":"https:\/\/pkps.org.pl\/?page_id=3114#breadcrumb","itemListElement":[{"@type":"ListItem","position":1,"name":"Strona g\u0142\u00f3wna","item":"https:\/\/pkps.org.pl\/"},{"@type":"ListItem","position":2,"name":"Tw\u00f3j drugi dom"}]},{"@type":"WebSite","@id":"https:\/\/pkps.org.pl\/#website","url":"https:\/\/pkps.org.pl\/","name":"Polski Komitet Pomocy Spo\u0142ecznej","description":"Strona Polskiego Komitetu Pomocy Spo\u0142ecznej","publisher":{"@id":"https:\/\/pkps.org.pl\/#organization"},"potentialAction":[{"@type":"SearchAction","target":{"@type":"EntryPoint","urlTemplate":"https:\/\/pkps.org.pl\/?s={search_term_string}"},"query-input":{"@type":"PropertyValueSpecification","valueRequired":true,"valueName":"search_term_string"}}],"inLanguage":"pl-PL"},{"@type":"Organization","@id":"https:\/\/pkps.org.pl\/#organization","name":"Polski Komitet Pomocy Spo\u0142ecznej","url":"https:\/\/pkps.org.pl\/","logo":{"@type":"ImageObject","inLanguage":"pl-PL","@id":"https:\/\/pkps.org.pl\/#\/schema\/logo\/image\/","url":"https:\/\/pkps.org.pl\/wp-content\/uploads\/2016\/12\/PKPS-Logo-1.jpg","contentUrl":"https:\/\/pkps.org.pl\/wp-content\/uploads\/2016\/12\/PKPS-Logo-1.jpg","width":299,"height":408,"caption":"Polski Komitet Pomocy Spo\u0142ecznej"},"image":{"@id":"https:\/\/pkps.org.pl\/#\/schema\/logo\/image\/"}}]}},"_links":{"self":[{"href":"https:\/\/pkps.org.pl\/index.php?rest_route=\/wp\/v2\/pages\/3114","targetHints":{"allow":["GET"]}}],"collection":[{"href":"https:\/\/pkps.org.pl\/index.php?rest_route=\/wp\/v2\/pages"}],"about":[{"href":"https:\/\/pkps.org.pl\/index.php?rest_route=\/wp\/v2\/types\/page"}],"author":[{"embeddable":true,"href":"https:\/\/pkps.org.pl\/index.php?rest_route=\/wp\/v2\/users\/3"}],"replies":[{"embeddable":true,"href":"https:\/\/pkps.org.pl\/index.php?rest_route=%2Fwp%2Fv2%2Fcomments&post=3114"}],"version-history":[{"count":2,"href":"https:\/\/pkps.org.pl\/index.php?rest_route=\/wp\/v2\/pages\/3114\/revisions"}],"predecessor-version":[{"id":3119,"href":"https:\/\/pkps.org.pl\/index.php?rest_route=\/wp\/v2\/pages\/3114\/revisions\/3119"}],"wp:attachment":[{"href":"https:\/\/pkps.org.pl\/index.php?rest_route=%2Fwp%2Fv2%2Fmedia&parent=3114"}],"curies":[{"name":"wp","href":"https:\/\/api.w.org\/{rel}","templated":true}]}}