{"id":3120,"date":"2026-05-06T09:41:43","date_gmt":"2026-05-06T09:41:43","guid":{"rendered":"https:\/\/pkps.org.pl\/?page_id=3120"},"modified":"2026-05-06T09:48:47","modified_gmt":"2026-05-06T09:48:47","slug":"w-dobrych-rekach-utworzenie-mazowieckiego-domu-opieki-medycznej-mdom","status":"publish","type":"page","link":"https:\/\/pkps.org.pl\/?page_id=3120","title":{"rendered":"W dobrych r\u0119kach \u2013 utworzenie Mazowieckiego Domu Opieki Medycznej (MDOM)"},"content":{"rendered":"<p><img fetchpriority=\"high\" decoding=\"async\" class=\"wpa-warning wpa-image-missing-alt size-full wp-image-3127\" src=\"https:\/\/pkps.org.pl\/wp-content\/uploads\/2026\/05\/IMG_4289.jpeg\" alt=\"\" width=\"1987\" height=\"187\" data-warning=\"Missing alt text\" srcset=\"https:\/\/pkps.org.pl\/wp-content\/uploads\/2026\/05\/IMG_4289.jpeg 1987w, https:\/\/pkps.org.pl\/wp-content\/uploads\/2026\/05\/IMG_4289-300x28.jpeg 300w, https:\/\/pkps.org.pl\/wp-content\/uploads\/2026\/05\/IMG_4289-1024x96.jpeg 1024w, https:\/\/pkps.org.pl\/wp-content\/uploads\/2026\/05\/IMG_4289-768x72.jpeg 768w, https:\/\/pkps.org.pl\/wp-content\/uploads\/2026\/05\/IMG_4289-1536x145.jpeg 1536w\" sizes=\"(max-width: 1987px) 100vw, 1987px\" \/><\/p>\n<h5>W dobrych r\u0119kach \u2013 utworzenie Mazowieckiego Domu Opieki Medycznej (MDOM) dla mieszka\u0144c\u00f3w Warszawy<\/h5>\n<p>Projekt realizowany przez\u00a0Polski Komitet Pomocy Spo\u0142ecznej\u00a0w ramach programu\u00a0Fundusze Europejskie dla Mazowsza 2021\u20132027, wsp\u00f3\u0142finansowanego ze \u015brodk\u00f3w\u00a0Europejskiego Funduszu Spo\u0142ecznego Plus (EFS+).<\/p>\n<p><strong>O projekcie<\/strong><\/p>\n<p>Projekt \u201eW dobrych r\u0119kach \u2013 utworzenie MDOM dla mieszka\u0144c\u00f3w Warszawy\u201d odpowiada na rosn\u0105ce potrzeby w zakresie opieki nad osobami starszymi, w szczeg\u00f3lno\u015bci osobami z zespo\u0142ami ot\u0119piennymi. Jego celem jest utworzenie i prowadzenie Mazowieckiego Domu Opieki Medycznej (MDOM), kt\u00f3ry b\u0119dzie \u015bwiadczy\u0142 dzienn\u0105, kompleksow\u0105 opiek\u0119 medyczn\u0105, opieku\u0144cz\u0105 i terapeutyczn\u0105 dla mieszka\u0144c\u00f3w Warszawy, g\u0142\u00f3wnie z obszaru Ochoty.<\/p>\n<p>Projekt zak\u0142ada utworzenie 16 nowych, trwa\u0142ych i bezp\u0142atnych miejsc opieki w spo\u0142eczno\u015bci lokalnej oraz obj\u0119cie wsparciem nie tylko uczestnik\u00f3w MDOM, ale r\u00f3wnie\u017c ich opiekun\u00f3w faktycznych. Dzi\u0119ki temu mo\u017cliwe b\u0119dzie odci\u0105\u017cenie rodzin, poprawa jako\u015bci \u017cycia os\u00f3b starszych, ograniczenie ryzyka hospitalizacji oraz rozw\u00f3j us\u0142ug \u015brodowiskowych i dziennych zgodnych z ide\u0105 deinstytucjonalizacji opieki.<\/p>\n<p><strong>Cel projektu<\/strong><\/p>\n<p>Celem projektu jest zwi\u0119kszenie dost\u0119pno\u015bci i jako\u015bci us\u0142ug zdrowotnych, opieku\u0144czych i terapeutycznych dla os\u00f3b w wieku 60+ z zespo\u0142ami ot\u0119piennymi w fazie \u0142agodnej lub \u015bredniozaawansowanej oraz zapewnienie wsparcia ich opiekunom faktycznym. Projekt ma wzmacnia\u0107 potencja\u0142 opieki d\u0142ugoterminowej na Mazowszu poprzez utworzenie i prowadzenie nowego MDOM w Warszawie.<\/p>\n<p><strong>Dla kogo jest projekt<\/strong><\/p>\n<p>Projekt skierowany jest do:<\/p>\n<ul>\n<li>os\u00f3b w wieku\u00a060+, w szczeg\u00f3lno\u015bci z zespo\u0142ami ot\u0119piennymi, wymagaj\u0105cych wsparcia w codziennym funkcjonowaniu,<\/li>\n<li>opiekun\u00f3w faktycznych\u00a0tych os\u00f3b.<\/li>\n<\/ul>\n<p>Wsparciem obj\u0119tych zostanie minimum\u00a016 uczestnik\u00f3w MDOM\u00a0oraz minimum\u00a016 opiekun\u00f3w faktycznych.<\/p>\n<p><strong>Zakres wsparcia<\/strong><\/p>\n<p>W ramach projektu uczestnicy b\u0119d\u0105 mogli korzysta\u0107 z kompleksowych us\u0142ug obejmuj\u0105cych m.in.:<\/p>\n<ul>\n<li>opiek\u0119 piel\u0119gniarsk\u0105 i medyczn\u0105,<\/li>\n<li>rehabilitacj\u0119 i fizjoterapi\u0119,<\/li>\n<li>terapi\u0119 zaj\u0119ciow\u0105 i aktywizacj\u0119 spo\u0142eczn\u0105,<\/li>\n<li>wsparcie psychologiczne,<\/li>\n<li>konsultacje dietetyczne i logopedyczne,<\/li>\n<li>zaj\u0119cia wspieraj\u0105ce funkcje poznawcze, samodzielno\u015b\u0107 i codzienne funkcjonowanie.<\/li>\n<\/ul>\n<p>Opiekunowie faktyczni otrzymaj\u0105 m.in.:<\/p>\n<ul>\n<li>wsparcie psychologiczne,<\/li>\n<li>poradnictwo specjalistyczne, w tym prawne i spo\u0142eczne,<\/li>\n<li>edukacj\u0119 w zakresie opieki nad osob\u0105 z ot\u0119pieniem,<\/li>\n<li>wsparcie w radzeniu sobie ze stresem i obci\u0105\u017ceniem opieku\u0144czym.<\/li>\n<\/ul>\n<p><strong>Efekty projektu<\/strong><\/p>\n<p>Efektem projektu b\u0119dzie utworzenie i prowadzenie Mazowieckiego Domu Opieki Medycznej na Ochocie, zwi\u0119kszenie dost\u0119pno\u015bci dziennej opieki d\u0142ugoterminowej dla os\u00f3b starszych z ot\u0119pieniem oraz poprawa jako\u015bci \u017cycia uczestnik\u00f3w i ich rodzin. Projekt ma r\u00f3wnie\u017c ogranicza\u0107 potrzeb\u0119 opieki instytucjonalnej oraz wspiera\u0107 rozw\u00f3j nowoczesnych us\u0142ug \u015brodowiskowych i zdrowotnych na Mazowszu.<\/p>\n<p><strong>MIEJSCE REALIZACJI<\/strong><\/p>\n<p>Mazowiecki Dom Opieki Medycznej (MDOM)<br \/>\nul. Gr\u00f3jecka 118<br \/>\n02-367 Warszawa<\/p>\n<p><strong>OKRES REALIZACJI<\/strong><\/p>\n<p>01.04.2026 \u2013 31.12.2028<\/p>\n<p><strong>WARTO\u015a\u0106 PROJEKTU<\/strong><\/p>\n<p>3 829 474,70 z\u0142<\/p>\n<p>WYSOKO\u015a\u0106 WK\u0141ADU FUNDUSZY EUROPEJSKICH<\/p>\n<p>1 914 737,35 z\u0142<\/p>\n<p>Rekrutacja<\/p>\n<p>Rekrutacja do projektu b\u0119dzie prowadzona w spos\u00f3b otwarty, zgodny z zasad\u0105 r\u00f3wnego dost\u0119pu, niedyskryminacji i dost\u0119pno\u015bci dla os\u00f3b ze szczeg\u00f3lnymi potrzebami. Szczeg\u00f3\u0142owe informacje dotycz\u0105ce zasad naboru, dokument\u00f3w rekrutacyjnych i termin\u00f3w b\u0119d\u0105 publikowane na bie\u017c\u0105co na stronie internetowej.<\/p>\n<p>Realizator projektu<\/p>\n<p>Polski Komitet Pomocy Spo\u0142ecznej<br \/>\nul. Wiejska 18 lok. 20<br \/>\n00-490 Warszawa<br \/>\ntel.: (22) 621 58 77, (22) 629 37 43, (22) 629 63 26<br \/>\ne-mail: rada.naczelna@pkps.org.pl<\/p>\n<p>Projekt wsp\u00f3\u0142finansowany ze \u015brodk\u00f3w Europejskiego Funduszu Spo\u0142ecznego Plus w ramach programu Fundusze Europejskie dla Mazowsza 2021\u20132027.<\/p>\n<p>#FunduszeUE #FunduszeEuropejskie<\/p>\n","protected":false},"excerpt":{"rendered":"<p>W dobrych r\u0119kach \u2013 utworzenie Mazowieckiego Domu Opieki Medycznej (MDOM) dla mieszka\u0144c\u00f3w Warszawy Projekt realizowany przez\u00a0Polski Komitet Pomocy Spo\u0142ecznej\u00a0w ramach programu\u00a0Fundusze Europejskie dla Mazowsza 2021\u20132027, wsp\u00f3\u0142finansowanego ze \u015brodk\u00f3w\u00a0Europejskiego Funduszu Spo\u0142ecznego Plus (EFS+). O projekcie Projekt \u201eW dobrych r\u0119kach \u2013 utworzenie MDOM dla mieszka\u0144c\u00f3w Warszawy\u201d odpowiada na rosn\u0105ce potrzeby w zakresie opieki nad osobami starszymi, w [&hellip;]<\/p>\n","protected":false},"author":3,"featured_media":0,"parent":0,"menu_order":0,"comment_status":"closed","ping_status":"closed","template":"","meta":{"footnotes":"","_links_to":"","_links_to_target":""},"class_list":["post-3120","page","type-page","status-publish","hentry"],"yoast_head":"<!-- This site is optimized with the Yoast SEO plugin v27.4 - https:\/\/yoast.com\/product\/yoast-seo-wordpress\/ -->\n<title>W dobrych r\u0119kach \u2013 utworzenie Mazowieckiego Domu Opieki Medycznej (MDOM) - Polski Komitet Pomocy Spo\u0142ecznej<\/title>\n<meta name=\"robots\" content=\"index, follow, max-snippet:-1, max-image-preview:large, max-video-preview:-1\" \/>\n<link rel=\"canonical\" href=\"https:\/\/pkps.org.pl\/?page_id=3120\" \/>\n<meta property=\"og:locale\" content=\"pl_PL\" \/>\n<meta property=\"og:type\" content=\"article\" \/>\n<meta property=\"og:title\" content=\"W dobrych r\u0119kach \u2013 utworzenie Mazowieckiego Domu Opieki Medycznej (MDOM) - Polski Komitet Pomocy Spo\u0142ecznej\" \/>\n<meta property=\"og:description\" content=\"W dobrych r\u0119kach \u2013 utworzenie Mazowieckiego Domu Opieki Medycznej (MDOM) dla mieszka\u0144c\u00f3w Warszawy Projekt realizowany przez\u00a0Polski Komitet Pomocy Spo\u0142ecznej\u00a0w ramach programu\u00a0Fundusze Europejskie dla Mazowsza 2021\u20132027, wsp\u00f3\u0142finansowanego ze \u015brodk\u00f3w\u00a0Europejskiego Funduszu Spo\u0142ecznego Plus (EFS+). O projekcie Projekt \u201eW dobrych r\u0119kach \u2013 utworzenie MDOM dla mieszka\u0144c\u00f3w Warszawy\u201d odpowiada na rosn\u0105ce potrzeby w zakresie opieki nad osobami starszymi, w [&hellip;]\" \/>\n<meta property=\"og:url\" content=\"https:\/\/pkps.org.pl\/?page_id=3120\" \/>\n<meta property=\"og:site_name\" content=\"Polski Komitet Pomocy Spo\u0142ecznej\" \/>\n<meta property=\"article:modified_time\" content=\"2026-05-06T09:48:47+00:00\" \/>\n<meta property=\"og:image\" content=\"https:\/\/pkps.org.pl\/wp-content\/uploads\/2026\/05\/IMG_4289.jpeg\" \/>\n\t<meta property=\"og:image:width\" content=\"1987\" \/>\n\t<meta property=\"og:image:height\" content=\"187\" \/>\n\t<meta property=\"og:image:type\" content=\"image\/jpeg\" \/>\n<meta name=\"twitter:card\" content=\"summary_large_image\" \/>\n<meta name=\"twitter:label1\" content=\"Szacowany czas czytania\" \/>\n\t<meta name=\"twitter:data1\" content=\"3 minuty\" \/>\n<script type=\"application\/ld+json\" class=\"yoast-schema-graph\">{\"@context\":\"https:\\\/\\\/schema.org\",\"@graph\":[{\"@type\":\"WebPage\",\"@id\":\"https:\\\/\\\/pkps.org.pl\\\/?page_id=3120\",\"url\":\"https:\\\/\\\/pkps.org.pl\\\/?page_id=3120\",\"name\":\"W dobrych r\u0119kach \u2013 utworzenie Mazowieckiego Domu Opieki Medycznej (MDOM) - Polski Komitet Pomocy Spo\u0142ecznej\",\"isPartOf\":{\"@id\":\"https:\\\/\\\/pkps.org.pl\\\/#website\"},\"primaryImageOfPage\":{\"@id\":\"https:\\\/\\\/pkps.org.pl\\\/?page_id=3120#primaryimage\"},\"image\":{\"@id\":\"https:\\\/\\\/pkps.org.pl\\\/?page_id=3120#primaryimage\"},\"thumbnailUrl\":\"https:\\\/\\\/pkps.org.pl\\\/wp-content\\\/uploads\\\/2026\\\/05\\\/IMG_4289.jpeg\",\"datePublished\":\"2026-05-06T09:41:43+00:00\",\"dateModified\":\"2026-05-06T09:48:47+00:00\",\"breadcrumb\":{\"@id\":\"https:\\\/\\\/pkps.org.pl\\\/?page_id=3120#breadcrumb\"},\"inLanguage\":\"pl-PL\",\"potentialAction\":[{\"@type\":\"ReadAction\",\"target\":[\"https:\\\/\\\/pkps.org.pl\\\/?page_id=3120\"]}]},{\"@type\":\"ImageObject\",\"inLanguage\":\"pl-PL\",\"@id\":\"https:\\\/\\\/pkps.org.pl\\\/?page_id=3120#primaryimage\",\"url\":\"https:\\\/\\\/pkps.org.pl\\\/wp-content\\\/uploads\\\/2026\\\/05\\\/IMG_4289.jpeg\",\"contentUrl\":\"https:\\\/\\\/pkps.org.pl\\\/wp-content\\\/uploads\\\/2026\\\/05\\\/IMG_4289.jpeg\",\"width\":1987,\"height\":187,\"caption\":\"Screenshot\"},{\"@type\":\"BreadcrumbList\",\"@id\":\"https:\\\/\\\/pkps.org.pl\\\/?page_id=3120#breadcrumb\",\"itemListElement\":[{\"@type\":\"ListItem\",\"position\":1,\"name\":\"Strona g\u0142\u00f3wna\",\"item\":\"https:\\\/\\\/pkps.org.pl\\\/\"},{\"@type\":\"ListItem\",\"position\":2,\"name\":\"W dobrych r\u0119kach \u2013 utworzenie Mazowieckiego Domu Opieki Medycznej (MDOM)\"}]},{\"@type\":\"WebSite\",\"@id\":\"https:\\\/\\\/pkps.org.pl\\\/#website\",\"url\":\"https:\\\/\\\/pkps.org.pl\\\/\",\"name\":\"Polski Komitet Pomocy Spo\u0142ecznej\",\"description\":\"Strona Polskiego Komitetu Pomocy Spo\u0142ecznej\",\"publisher\":{\"@id\":\"https:\\\/\\\/pkps.org.pl\\\/#organization\"},\"potentialAction\":[{\"@type\":\"SearchAction\",\"target\":{\"@type\":\"EntryPoint\",\"urlTemplate\":\"https:\\\/\\\/pkps.org.pl\\\/?s={search_term_string}\"},\"query-input\":{\"@type\":\"PropertyValueSpecification\",\"valueRequired\":true,\"valueName\":\"search_term_string\"}}],\"inLanguage\":\"pl-PL\"},{\"@type\":\"Organization\",\"@id\":\"https:\\\/\\\/pkps.org.pl\\\/#organization\",\"name\":\"Polski Komitet Pomocy Spo\u0142ecznej\",\"url\":\"https:\\\/\\\/pkps.org.pl\\\/\",\"logo\":{\"@type\":\"ImageObject\",\"inLanguage\":\"pl-PL\",\"@id\":\"https:\\\/\\\/pkps.org.pl\\\/#\\\/schema\\\/logo\\\/image\\\/\",\"url\":\"https:\\\/\\\/pkps.org.pl\\\/wp-content\\\/uploads\\\/2016\\\/12\\\/PKPS-Logo-1.jpg\",\"contentUrl\":\"https:\\\/\\\/pkps.org.pl\\\/wp-content\\\/uploads\\\/2016\\\/12\\\/PKPS-Logo-1.jpg\",\"width\":299,\"height\":408,\"caption\":\"Polski Komitet Pomocy Spo\u0142ecznej\"},\"image\":{\"@id\":\"https:\\\/\\\/pkps.org.pl\\\/#\\\/schema\\\/logo\\\/image\\\/\"}}]}<\/script>\n<!-- \/ Yoast SEO plugin. -->","yoast_head_json":{"title":"W dobrych r\u0119kach \u2013 utworzenie Mazowieckiego Domu Opieki Medycznej (MDOM) - Polski Komitet Pomocy Spo\u0142ecznej","robots":{"index":"index","follow":"follow","max-snippet":"max-snippet:-1","max-image-preview":"max-image-preview:large","max-video-preview":"max-video-preview:-1"},"canonical":"https:\/\/pkps.org.pl\/?page_id=3120","og_locale":"pl_PL","og_type":"article","og_title":"W dobrych r\u0119kach \u2013 utworzenie Mazowieckiego Domu Opieki Medycznej (MDOM) - Polski Komitet Pomocy Spo\u0142ecznej","og_description":"W dobrych r\u0119kach \u2013 utworzenie Mazowieckiego Domu Opieki Medycznej (MDOM) dla mieszka\u0144c\u00f3w Warszawy Projekt realizowany przez\u00a0Polski Komitet Pomocy Spo\u0142ecznej\u00a0w ramach programu\u00a0Fundusze Europejskie dla Mazowsza 2021\u20132027, wsp\u00f3\u0142finansowanego ze \u015brodk\u00f3w\u00a0Europejskiego Funduszu Spo\u0142ecznego Plus (EFS+). O projekcie Projekt \u201eW dobrych r\u0119kach \u2013 utworzenie MDOM dla mieszka\u0144c\u00f3w Warszawy\u201d odpowiada na rosn\u0105ce potrzeby w zakresie opieki nad osobami starszymi, w [&hellip;]","og_url":"https:\/\/pkps.org.pl\/?page_id=3120","og_site_name":"Polski Komitet Pomocy Spo\u0142ecznej","article_modified_time":"2026-05-06T09:48:47+00:00","og_image":[{"width":1987,"height":187,"url":"https:\/\/pkps.org.pl\/wp-content\/uploads\/2026\/05\/IMG_4289.jpeg","type":"image\/jpeg"}],"twitter_card":"summary_large_image","twitter_misc":{"Szacowany czas czytania":"3 minuty"},"schema":{"@context":"https:\/\/schema.org","@graph":[{"@type":"WebPage","@id":"https:\/\/pkps.org.pl\/?page_id=3120","url":"https:\/\/pkps.org.pl\/?page_id=3120","name":"W dobrych r\u0119kach \u2013 utworzenie Mazowieckiego Domu Opieki Medycznej (MDOM) - Polski Komitet Pomocy Spo\u0142ecznej","isPartOf":{"@id":"https:\/\/pkps.org.pl\/#website"},"primaryImageOfPage":{"@id":"https:\/\/pkps.org.pl\/?page_id=3120#primaryimage"},"image":{"@id":"https:\/\/pkps.org.pl\/?page_id=3120#primaryimage"},"thumbnailUrl":"https:\/\/pkps.org.pl\/wp-content\/uploads\/2026\/05\/IMG_4289.jpeg","datePublished":"2026-05-06T09:41:43+00:00","dateModified":"2026-05-06T09:48:47+00:00","breadcrumb":{"@id":"https:\/\/pkps.org.pl\/?page_id=3120#breadcrumb"},"inLanguage":"pl-PL","potentialAction":[{"@type":"ReadAction","target":["https:\/\/pkps.org.pl\/?page_id=3120"]}]},{"@type":"ImageObject","inLanguage":"pl-PL","@id":"https:\/\/pkps.org.pl\/?page_id=3120#primaryimage","url":"https:\/\/pkps.org.pl\/wp-content\/uploads\/2026\/05\/IMG_4289.jpeg","contentUrl":"https:\/\/pkps.org.pl\/wp-content\/uploads\/2026\/05\/IMG_4289.jpeg","width":1987,"height":187,"caption":"Screenshot"},{"@type":"BreadcrumbList","@id":"https:\/\/pkps.org.pl\/?page_id=3120#breadcrumb","itemListElement":[{"@type":"ListItem","position":1,"name":"Strona g\u0142\u00f3wna","item":"https:\/\/pkps.org.pl\/"},{"@type":"ListItem","position":2,"name":"W dobrych r\u0119kach \u2013 utworzenie Mazowieckiego Domu Opieki Medycznej (MDOM)"}]},{"@type":"WebSite","@id":"https:\/\/pkps.org.pl\/#website","url":"https:\/\/pkps.org.pl\/","name":"Polski Komitet Pomocy Spo\u0142ecznej","description":"Strona Polskiego Komitetu Pomocy Spo\u0142ecznej","publisher":{"@id":"https:\/\/pkps.org.pl\/#organization"},"potentialAction":[{"@type":"SearchAction","target":{"@type":"EntryPoint","urlTemplate":"https:\/\/pkps.org.pl\/?s={search_term_string}"},"query-input":{"@type":"PropertyValueSpecification","valueRequired":true,"valueName":"search_term_string"}}],"inLanguage":"pl-PL"},{"@type":"Organization","@id":"https:\/\/pkps.org.pl\/#organization","name":"Polski Komitet Pomocy Spo\u0142ecznej","url":"https:\/\/pkps.org.pl\/","logo":{"@type":"ImageObject","inLanguage":"pl-PL","@id":"https:\/\/pkps.org.pl\/#\/schema\/logo\/image\/","url":"https:\/\/pkps.org.pl\/wp-content\/uploads\/2016\/12\/PKPS-Logo-1.jpg","contentUrl":"https:\/\/pkps.org.pl\/wp-content\/uploads\/2016\/12\/PKPS-Logo-1.jpg","width":299,"height":408,"caption":"Polski Komitet Pomocy Spo\u0142ecznej"},"image":{"@id":"https:\/\/pkps.org.pl\/#\/schema\/logo\/image\/"}}]}},"_links":{"self":[{"href":"https:\/\/pkps.org.pl\/index.php?rest_route=\/wp\/v2\/pages\/3120","targetHints":{"allow":["GET"]}}],"collection":[{"href":"https:\/\/pkps.org.pl\/index.php?rest_route=\/wp\/v2\/pages"}],"about":[{"href":"https:\/\/pkps.org.pl\/index.php?rest_route=\/wp\/v2\/types\/page"}],"author":[{"embeddable":true,"href":"https:\/\/pkps.org.pl\/index.php?rest_route=\/wp\/v2\/users\/3"}],"replies":[{"embeddable":true,"href":"https:\/\/pkps.org.pl\/index.php?rest_route=%2Fwp%2Fv2%2Fcomments&post=3120"}],"version-history":[{"count":4,"href":"https:\/\/pkps.org.pl\/index.php?rest_route=\/wp\/v2\/pages\/3120\/revisions"}],"predecessor-version":[{"id":3131,"href":"https:\/\/pkps.org.pl\/index.php?rest_route=\/wp\/v2\/pages\/3120\/revisions\/3131"}],"wp:attachment":[{"href":"https:\/\/pkps.org.pl\/index.php?rest_route=%2Fwp%2Fv2%2Fmedia&parent=3120"}],"curies":[{"name":"wp","href":"https:\/\/api.w.org\/{rel}","templated":true}]}}