{"id":343,"date":"2017-01-25T09:37:00","date_gmt":"2017-01-25T09:37:00","guid":{"rendered":"http:\/\/klewiado1.home.pl\/autoinstalator\/wordpress\/?page_id=343"},"modified":"2019-06-06T13:59:16","modified_gmt":"2019-06-06T13:59:16","slug":"punkty-dystrybucji-zywnosci-w-podprogramie-2016-po-pz-2014-2020","status":"publish","type":"page","link":"https:\/\/pkps.org.pl\/?page_id=343","title":{"rendered":"Punkty dystrybucji \u017cywno\u015bci w Podprogramie 2016 PO P\u017b 2014-2020"},"content":{"rendered":"<p><strong>RADA NACZELNA\u00a0 POLSKIEGO KOMITETU POMOCY SPO\u0141ECZNEJ<\/strong><\/p>\n<p><strong>\u00a0\u00a0\u00a0\u00a0\u00a0\u00a0 punkty dystrybucji \u017cywno\u015bci w Podprogramie 2016 PO P\u017b 2014-2020<\/strong><\/p>\n<p><strong>\u00a0<\/strong><\/p>\n<p>1.Centrum Pomocy Rady Naczelnej PKPS, ul. Polska 33, 00-703 Warszawa<br \/>\n(posi\u0142ki dla os\u00f3b bezdomnych w schronisku i noclegowni), tel. (22) 651 05 71.<\/p>\n<p>2.Magazyn Centrum Pomocy RN PKPS, ul. \u015arodkowa 14, 03-430 Warszawa,<br \/>\ntel. (22) 651 05 71 (Praga P\u00f3\u0142noc, Targ\u00f3wek).<\/p>\n<p>3.Magazyn Centrum Pomocy RN PKPS, ul. Kordeckiego 7\/9 lok. U2,<br \/>\ntel. (22) 651 05 71 (Praga Po\u0142udnie).<\/p>\n<p>4.Zarz\u0105d Dzielnicowy PKPS Warszawa-Bielany, ul. Perzy\u0144skiego 14,<br \/>\n01-817 Warszawa, tel. 509\u00a0228\u00a0788.<\/p>\n<p>5.Zarz\u0105d Dzielnicowy PKPS Warszawa-Ochota, ul. Gr\u00f3jecka 120,<br \/>\n02-367 Warszawa, tel. (22) 659 74 45.<\/p>\n<p>6.Zarz\u0105d Dzielnicowy PKPS Warszawa-Weso\u0142a, ul. Praskiego Pu\u0142ku 31,<br \/>\n05-075 Warszawa, tel. (22) 773 54 44.<\/p>\n<p>7.Zarz\u0105d Dzielnicowy PKPS Warszawa-Wola, ul. Siedmiogrodzka 5,<br \/>\n01-204 Warszawa, tel. 502\u00a0057\u00a0881 (Bemowo, Bia\u0142o\u0142\u0119ka).<\/p>\n<p>8.Mazowiecki Zarz\u0105d Wojew\u00f3dzki PKPS, ul. Ho\u017ca 62, 00-682 Warszawa<br \/>\ntel. (22) 621 08 19 (\u015ar\u00f3dmie\u015bcie).<\/p>\n<p>9.Zarz\u0105d Miejski PKPS w Pruszkowie, ul. Ks. J\u00f3zefa 1, 05-800 Pruszk\u00f3w,<br \/>\ntel. (22) 758 74 71.<\/p>\n<p>10.Zarz\u0105d Rejonowy PKPS w Nowym Dworze Maz., ul. Partyzant\u00f3w 7,<br \/>\n05-100 Nowy Dw\u00f3r Mazowiecki, tel. 506\u00a0114\u00a0738.<\/p>\n<p>11.Zarz\u0105d Rejonowy PKPS w Ostro\u0142\u0119ce, ul. Przemys\u0142owa 1,<br \/>\n07-400 Ostro\u0142\u0119ka, tel. (29) 760 60 18 (m. Ostro\u0142\u0119ka, Czerwin, Goworowo,<br \/>\nKadzid\u0142o, Lelis, Olszewo-Borki, Rzeku\u0144, Troszyn).<\/p>\n<p>12.Zarz\u0105d Rejonowy PKPS w Przasnyszu, ul. Stanis\u0142awa Kostki 5,<br \/>\n06-300 Przasnysz, tel. (29) 752 20 00.<\/p>\n<p>13.Zarz\u0105d Rejonowy PKPS w Radomiu, ul. Lubo\u0144skiego 2, 26-600 Radom,<br \/>\ntel. (48) 385 83 85.<\/p>\n<p>14.OPS, ul. Szkolna 2A, 05-085 Kampinos, tel. (22) 725 00 05.<\/p>\n<p>15.Gminny OPS, ul. Regucka 3, 05-430 Celestyn\u00f3w, tel. (22) 789 70 54.<\/p>\n<p>16.Fundacja SOS Obrony Pocz\u0119tego \u017bycia, 05-088 Broch\u00f3w, tel. (22) 796 53 52.<\/p>\n","protected":false},"excerpt":{"rendered":"<p>RADA NACZELNA\u00a0 POLSKIEGO KOMITETU POMOCY SPO\u0141ECZNEJ \u00a0\u00a0\u00a0\u00a0\u00a0\u00a0 punkty dystrybucji \u017cywno\u015bci w Podprogramie 2016 PO P\u017b 2014-2020 \u00a0 1.Centrum Pomocy Rady Naczelnej PKPS, ul. Polska 33, 00-703 Warszawa (posi\u0142ki dla os\u00f3b bezdomnych w schronisku i noclegowni), tel. (22) 651 05 71. 2.Magazyn Centrum Pomocy RN PKPS, ul. \u015arodkowa 14, 03-430 Warszawa, tel. (22) 651 05 71 [&hellip;]<\/p>\n","protected":false},"author":1,"featured_media":0,"parent":0,"menu_order":0,"comment_status":"closed","ping_status":"closed","template":"","meta":{"footnotes":"","_links_to":"","_links_to_target":""},"class_list":["post-343","page","type-page","status-publish","hentry"],"yoast_head":"<!-- This site is optimized with the Yoast SEO plugin v27.4 - https:\/\/yoast.com\/product\/yoast-seo-wordpress\/ -->\n<title>Punkty dystrybucji \u017cywno\u015bci w Podprogramie 2016 PO P\u017b 2014-2020 - Polski Komitet Pomocy Spo\u0142ecznej<\/title>\n<meta name=\"robots\" content=\"index, follow, max-snippet:-1, max-image-preview:large, max-video-preview:-1\" \/>\n<link rel=\"canonical\" href=\"https:\/\/pkps.org.pl\/?page_id=343\" \/>\n<meta property=\"og:locale\" content=\"pl_PL\" \/>\n<meta property=\"og:type\" content=\"article\" \/>\n<meta property=\"og:title\" content=\"Punkty dystrybucji \u017cywno\u015bci w Podprogramie 2016 PO P\u017b 2014-2020 - Polski Komitet Pomocy Spo\u0142ecznej\" \/>\n<meta property=\"og:description\" content=\"RADA NACZELNA\u00a0 POLSKIEGO KOMITETU POMOCY SPO\u0141ECZNEJ \u00a0\u00a0\u00a0\u00a0\u00a0\u00a0 punkty dystrybucji \u017cywno\u015bci w Podprogramie 2016 PO P\u017b 2014-2020 \u00a0 1.Centrum Pomocy Rady Naczelnej PKPS, ul. Polska 33, 00-703 Warszawa (posi\u0142ki dla os\u00f3b bezdomnych w schronisku i noclegowni), tel. (22) 651 05 71. 2.Magazyn Centrum Pomocy RN PKPS, ul. \u015arodkowa 14, 03-430 Warszawa, tel. (22) 651 05 71 [&hellip;]\" \/>\n<meta property=\"og:url\" content=\"https:\/\/pkps.org.pl\/?page_id=343\" \/>\n<meta property=\"og:site_name\" content=\"Polski Komitet Pomocy Spo\u0142ecznej\" \/>\n<meta property=\"article:modified_time\" content=\"2019-06-06T13:59:16+00:00\" \/>\n<meta name=\"twitter:card\" content=\"summary_large_image\" \/>\n<meta name=\"twitter:label1\" content=\"Szacowany czas czytania\" \/>\n\t<meta name=\"twitter:data1\" content=\"1 minuta\" \/>\n<script type=\"application\/ld+json\" class=\"yoast-schema-graph\">{\"@context\":\"https:\\\/\\\/schema.org\",\"@graph\":[{\"@type\":\"WebPage\",\"@id\":\"https:\\\/\\\/pkps.org.pl\\\/?page_id=343\",\"url\":\"https:\\\/\\\/pkps.org.pl\\\/?page_id=343\",\"name\":\"Punkty dystrybucji \u017cywno\u015bci w Podprogramie 2016 PO P\u017b 2014-2020 - Polski Komitet Pomocy Spo\u0142ecznej\",\"isPartOf\":{\"@id\":\"https:\\\/\\\/pkps.org.pl\\\/#website\"},\"datePublished\":\"2017-01-25T09:37:00+00:00\",\"dateModified\":\"2019-06-06T13:59:16+00:00\",\"breadcrumb\":{\"@id\":\"https:\\\/\\\/pkps.org.pl\\\/?page_id=343#breadcrumb\"},\"inLanguage\":\"pl-PL\",\"potentialAction\":[{\"@type\":\"ReadAction\",\"target\":[\"https:\\\/\\\/pkps.org.pl\\\/?page_id=343\"]}]},{\"@type\":\"BreadcrumbList\",\"@id\":\"https:\\\/\\\/pkps.org.pl\\\/?page_id=343#breadcrumb\",\"itemListElement\":[{\"@type\":\"ListItem\",\"position\":1,\"name\":\"Strona g\u0142\u00f3wna\",\"item\":\"https:\\\/\\\/pkps.org.pl\\\/\"},{\"@type\":\"ListItem\",\"position\":2,\"name\":\"Punkty dystrybucji \u017cywno\u015bci w Podprogramie 2016 PO P\u017b 2014-2020\"}]},{\"@type\":\"WebSite\",\"@id\":\"https:\\\/\\\/pkps.org.pl\\\/#website\",\"url\":\"https:\\\/\\\/pkps.org.pl\\\/\",\"name\":\"Polski Komitet Pomocy Spo\u0142ecznej\",\"description\":\"Strona Polskiego Komitetu Pomocy Spo\u0142ecznej\",\"publisher\":{\"@id\":\"https:\\\/\\\/pkps.org.pl\\\/#organization\"},\"potentialAction\":[{\"@type\":\"SearchAction\",\"target\":{\"@type\":\"EntryPoint\",\"urlTemplate\":\"https:\\\/\\\/pkps.org.pl\\\/?s={search_term_string}\"},\"query-input\":{\"@type\":\"PropertyValueSpecification\",\"valueRequired\":true,\"valueName\":\"search_term_string\"}}],\"inLanguage\":\"pl-PL\"},{\"@type\":\"Organization\",\"@id\":\"https:\\\/\\\/pkps.org.pl\\\/#organization\",\"name\":\"Polski Komitet Pomocy Spo\u0142ecznej\",\"url\":\"https:\\\/\\\/pkps.org.pl\\\/\",\"logo\":{\"@type\":\"ImageObject\",\"inLanguage\":\"pl-PL\",\"@id\":\"https:\\\/\\\/pkps.org.pl\\\/#\\\/schema\\\/logo\\\/image\\\/\",\"url\":\"https:\\\/\\\/pkps.org.pl\\\/wp-content\\\/uploads\\\/2016\\\/12\\\/PKPS-Logo-1.jpg\",\"contentUrl\":\"https:\\\/\\\/pkps.org.pl\\\/wp-content\\\/uploads\\\/2016\\\/12\\\/PKPS-Logo-1.jpg\",\"width\":299,\"height\":408,\"caption\":\"Polski Komitet Pomocy Spo\u0142ecznej\"},\"image\":{\"@id\":\"https:\\\/\\\/pkps.org.pl\\\/#\\\/schema\\\/logo\\\/image\\\/\"}}]}<\/script>\n<!-- \/ Yoast SEO plugin. -->","yoast_head_json":{"title":"Punkty dystrybucji \u017cywno\u015bci w Podprogramie 2016 PO P\u017b 2014-2020 - Polski Komitet Pomocy Spo\u0142ecznej","robots":{"index":"index","follow":"follow","max-snippet":"max-snippet:-1","max-image-preview":"max-image-preview:large","max-video-preview":"max-video-preview:-1"},"canonical":"https:\/\/pkps.org.pl\/?page_id=343","og_locale":"pl_PL","og_type":"article","og_title":"Punkty dystrybucji \u017cywno\u015bci w Podprogramie 2016 PO P\u017b 2014-2020 - Polski Komitet Pomocy Spo\u0142ecznej","og_description":"RADA NACZELNA\u00a0 POLSKIEGO KOMITETU POMOCY SPO\u0141ECZNEJ \u00a0\u00a0\u00a0\u00a0\u00a0\u00a0 punkty dystrybucji \u017cywno\u015bci w Podprogramie 2016 PO P\u017b 2014-2020 \u00a0 1.Centrum Pomocy Rady Naczelnej PKPS, ul. Polska 33, 00-703 Warszawa (posi\u0142ki dla os\u00f3b bezdomnych w schronisku i noclegowni), tel. (22) 651 05 71. 2.Magazyn Centrum Pomocy RN PKPS, ul. \u015arodkowa 14, 03-430 Warszawa, tel. (22) 651 05 71 [&hellip;]","og_url":"https:\/\/pkps.org.pl\/?page_id=343","og_site_name":"Polski Komitet Pomocy Spo\u0142ecznej","article_modified_time":"2019-06-06T13:59:16+00:00","twitter_card":"summary_large_image","twitter_misc":{"Szacowany czas czytania":"1 minuta"},"schema":{"@context":"https:\/\/schema.org","@graph":[{"@type":"WebPage","@id":"https:\/\/pkps.org.pl\/?page_id=343","url":"https:\/\/pkps.org.pl\/?page_id=343","name":"Punkty dystrybucji \u017cywno\u015bci w Podprogramie 2016 PO P\u017b 2014-2020 - Polski Komitet Pomocy Spo\u0142ecznej","isPartOf":{"@id":"https:\/\/pkps.org.pl\/#website"},"datePublished":"2017-01-25T09:37:00+00:00","dateModified":"2019-06-06T13:59:16+00:00","breadcrumb":{"@id":"https:\/\/pkps.org.pl\/?page_id=343#breadcrumb"},"inLanguage":"pl-PL","potentialAction":[{"@type":"ReadAction","target":["https:\/\/pkps.org.pl\/?page_id=343"]}]},{"@type":"BreadcrumbList","@id":"https:\/\/pkps.org.pl\/?page_id=343#breadcrumb","itemListElement":[{"@type":"ListItem","position":1,"name":"Strona g\u0142\u00f3wna","item":"https:\/\/pkps.org.pl\/"},{"@type":"ListItem","position":2,"name":"Punkty dystrybucji \u017cywno\u015bci w Podprogramie 2016 PO P\u017b 2014-2020"}]},{"@type":"WebSite","@id":"https:\/\/pkps.org.pl\/#website","url":"https:\/\/pkps.org.pl\/","name":"Polski Komitet Pomocy Spo\u0142ecznej","description":"Strona Polskiego Komitetu Pomocy Spo\u0142ecznej","publisher":{"@id":"https:\/\/pkps.org.pl\/#organization"},"potentialAction":[{"@type":"SearchAction","target":{"@type":"EntryPoint","urlTemplate":"https:\/\/pkps.org.pl\/?s={search_term_string}"},"query-input":{"@type":"PropertyValueSpecification","valueRequired":true,"valueName":"search_term_string"}}],"inLanguage":"pl-PL"},{"@type":"Organization","@id":"https:\/\/pkps.org.pl\/#organization","name":"Polski Komitet Pomocy Spo\u0142ecznej","url":"https:\/\/pkps.org.pl\/","logo":{"@type":"ImageObject","inLanguage":"pl-PL","@id":"https:\/\/pkps.org.pl\/#\/schema\/logo\/image\/","url":"https:\/\/pkps.org.pl\/wp-content\/uploads\/2016\/12\/PKPS-Logo-1.jpg","contentUrl":"https:\/\/pkps.org.pl\/wp-content\/uploads\/2016\/12\/PKPS-Logo-1.jpg","width":299,"height":408,"caption":"Polski Komitet Pomocy Spo\u0142ecznej"},"image":{"@id":"https:\/\/pkps.org.pl\/#\/schema\/logo\/image\/"}}]}},"_links":{"self":[{"href":"https:\/\/pkps.org.pl\/index.php?rest_route=\/wp\/v2\/pages\/343","targetHints":{"allow":["GET"]}}],"collection":[{"href":"https:\/\/pkps.org.pl\/index.php?rest_route=\/wp\/v2\/pages"}],"about":[{"href":"https:\/\/pkps.org.pl\/index.php?rest_route=\/wp\/v2\/types\/page"}],"author":[{"embeddable":true,"href":"https:\/\/pkps.org.pl\/index.php?rest_route=\/wp\/v2\/users\/1"}],"replies":[{"embeddable":true,"href":"https:\/\/pkps.org.pl\/index.php?rest_route=%2Fwp%2Fv2%2Fcomments&post=343"}],"version-history":[{"count":1,"href":"https:\/\/pkps.org.pl\/index.php?rest_route=\/wp\/v2\/pages\/343\/revisions"}],"predecessor-version":[{"id":1373,"href":"https:\/\/pkps.org.pl\/index.php?rest_route=\/wp\/v2\/pages\/343\/revisions\/1373"}],"wp:attachment":[{"href":"https:\/\/pkps.org.pl\/index.php?rest_route=%2Fwp%2Fv2%2Fmedia&parent=343"}],"curies":[{"name":"wp","href":"https:\/\/api.w.org\/{rel}","templated":true}]}}