{"id":44,"date":"2016-12-19T10:58:40","date_gmt":"2016-12-19T10:58:40","guid":{"rendered":"http:\/\/klewiado1.home.pl\/autoinstalator\/wordpress\/?page_id=44"},"modified":"2021-02-01T11:58:06","modified_gmt":"2021-02-01T11:58:06","slug":"centrum-pomocy","status":"publish","type":"page","link":"https:\/\/pkps.org.pl\/?page_id=44","title":{"rendered":"CENTRUM POMOCY"},"content":{"rendered":"<p><strong>\u00a0<\/strong><\/p>\n<blockquote class=\"wp-embedded-content\" data-secret=\"ax81Da37Lt\"><p><a href=\"https:\/\/pkps.org.pl\/?page_id=1589\">DAR SERCA OS\u00d3B BEZDOMNYCH<\/a><\/p><\/blockquote>\n<p><iframe class=\"wp-embedded-content\" sandbox=\"allow-scripts\" security=\"restricted\" style=\"position: absolute; visibility: hidden;\" title=\"&#8222;DAR SERCA OS\u00d3B BEZDOMNYCH&#8221; &#8212; Polski Komitet Pomocy Spo\u0142ecznej\" src=\"https:\/\/pkps.org.pl\/?page_id=1589&#038;embed=true#?secret=oFTXwKruZU#?secret=ax81Da37Lt\" data-secret=\"ax81Da37Lt\" width=\"600\" height=\"338\" frameborder=\"0\" marginwidth=\"0\" marginheight=\"0\" scrolling=\"no\"><\/iframe><\/p>\n<p><strong>\u00a0<\/strong><\/p>\n<hr \/>\n<p><span style=\"font-family: arial, helvetica, sans-serif; font-size: 10pt;\"><strong><span style=\"font-size: 8pt;\"><a href=\"http:\/\/pkps.org.pl\/wp-content\/uploads\/2016\/12\/europe-flag-1-Copy.jpg\"><img decoding=\"async\" class=\"wp-image-409 alignleft\" src=\"http:\/\/pkps.org.pl\/wp-content\/uploads\/2016\/12\/europe-flag-1-Copy-150x150.jpg\" alt=\"\" width=\"25\" height=\"25\" \/><\/a><span style=\"color: #000000;\"><a href=\"http:\/\/pkps.org.pl\/?page_id=753\">FEAD 2017 &#8211; Realizacja dzia\u0142a\u0144 w ramach \u015brodk\u00f3w towarzysz\u0105cych do\u00a0<\/a><\/span><\/span><\/strong><span style=\"font-size: 8pt;\"><a href=\"http:\/\/pkps.org.pl\/?page_id=753\"><span style=\"color: #000000;\"><strong>Programu Operacyjnego\u00a0 Pomocy \u017bywno\u015bciowej Podprogram 2017\u00a0 \u00a0<\/strong><strong>przez Centrum Pomocy Rady Naczelnej PKPS<\/strong><\/span><\/a><\/span><\/span><\/p>\n<hr \/>\n<p><strong>CENTRUM POMOCY\u00a0<\/strong><\/p>\n<p><strong>Rady Naczelnej Polskiego Komitetu Pomocy Spo\u0142ecznej\u00a0\u00a0<\/strong><br \/>\n<strong>przy ul. Polskiej 33 w Warszawie.\u00a0\u00a0\u00a0\u00a0\u00a0<\/strong><\/p>\n<p>Centrum Pomocy jest plac\u00f3wk\u0105 Rady Naczelnej Polskiego Komitetu Pomocy Spo\u0142ecznej, kt\u00f3ra realizuje zadania statutowe na rzecz os\u00f3b wykluczonych spo\u0142ecznie, w szczeg\u00f3lno\u015bci z powodu bezdomno\u015bci.<\/p>\n<p>Celem plac\u00f3wki jest pomoc w reintegracji spo\u0142ecznej os\u00f3b dotkni\u0119tych tym zjawiskiem poprzez udzielanie profesjonalnej pomocy stacjonarnej, p\u00f3\u0142stacjonarnej oraz r\u00f3\u017cnych form pomocy interwencyjnej, w szczeg\u00f3lno\u015bci dla os\u00f3b bezdomnych w sytuacji kryzysowej.<\/p>\n<p>Centrum realizuje autorskie programy spo\u0142eczne finansowane ze \u015brodk\u00f3w w\u0142asnych stowarzyszenia, jak r\u00f3wnie\u017c wsp\u00f3\u0142finansowane ze \u015brodk\u00f3w publicznych.<\/p>\n<p><strong>Biuro Centrum Pomocy funkcjonuje od poniedzia\u0142ku do pi\u0105tku w godz. 8.00 \u2013 16.00<\/strong><\/p>\n<p>Tel.: \/22\/ 651-05-71<br \/>\nE \u2013mail: <span id=\"cloak7e216e35b87457fc62cb2f26733248da\"><a href=\"mailto:centrum.pomocy.rnpkps@interia.pl\">centrum.pomocy.rnpkps@interia.pl<\/a><\/span><\/p>\n<p><strong><a href=\"http:\/\/pkps.org.pl\/?page_id=512\">\u201eWsparcie system\u00f3w pozyskiwania, magazynowania, dystrybucji \u017cywno\u015bci dla organizacji pozarz\u0105dowych i innych podmiot\u00f3w realizuj\u0105cych dzia\u0142ania na rzecz os\u00f3b ubogich i zagro\u017conych wykluczeniem spo\u0142ecznym\u201d<\/a>\u00a0\u00a0<\/strong><\/p>\n<p><strong>PKPS wobec bezdomno\u015bci\u2026<\/strong><\/p>\n<p>Przeciwdzia\u0142anie bezdomno\u015bci nale\u017cy do zada\u0144 statutowych naszej organizacji i stanowi jeden z kluczowych obszar\u00f3w zdywersyfikowanej dzia\u0142alno\u015bci Polskiego Komitetu Pomocy Spo\u0142ecznej. Jak wynika z do\u015bwiadcze\u0144 naszej organizacji popartych wynikami dost\u0119pnych bada\u0144, na przestrzeni lat zmieni\u0142a si\u0119 zar\u00f3wno struktura os\u00f3b bezdomnych, jak i przyczyny tego zjawiska. Bezdomni z wyboru, kt\u00f3rzy dominowali w przesz\u0142o\u015bci obecnie stanowi\u0105 najmniej liczn\u0105 grup\u0119.<\/p>\n<p>Obecnie do najcz\u0119stszych przyczyn bezdomno\u015bci\u00a0 nale\u017c\u0105 m.in. uzale\u017cnienia od alkoholu, \u015brodk\u00f3w odurzaj\u0105cych, rozpad ma\u0142\u017ce\u0144stwa, konflikty rodzinne, powa\u017cne choroby, a tak\u017ce pobyty w zak\u0142adach karnych. Skuteczno\u015b\u0107 \u015bwiadczonych us\u0142ug interwencyjnych w du\u017cej mierze determinowana jest profesjonaln\u0105\u00a0 diagnoz\u0105 przyczyn bezdomno\u015bci u poszczeg\u00f3lnych os\u00f3b ni\u0105 dotkni\u0119tych.<\/p>\n<p>Opracowane i wdro\u017cone w 2015r. w PKPS us\u0142ugi diagnostyczne wykorzystuj\u0105ce narz\u0119dzia i instrumenty Modelu GSWB zwi\u0119kszaj\u0105 t\u0119 skuteczno\u015b\u0107 i podnosz\u0105 jako\u015b\u0107 us\u0142ug interwencyjnych. W naszej organizacji z sukcesem podj\u0119li\u015bmy si\u0119 nie\u0142atwego zadania uporz\u0105dkowania us\u0142ug interwencyjnych w oparciu o Model GSWB. Wdra\u017canie rozwi\u0105za\u0144 tego Modelu traktujemy jako proces, kt\u00f3ry \u015bwiadomie podzielony zosta\u0142 na etapy.<\/p>\n<p>W I etapie przeprowadzili\u015bmy realizacj\u0119\u00a0 dzia\u0142a\u0144 w celu wystandaryzowania funkcji w poszczeg\u00f3lnych typach plac\u00f3wek Centrum Pomocy: Noclegowni, Schronisku oraz Domu dla os\u00f3b bezdomnych. Opracowali\u015bmy oraz wdro\u017cyli\u015bmy minimalne standardy dokumentacji dla ka\u017cdej z wymienionych funkcji pobytu. Drugim bardzo wa\u017cnym elementem rozwi\u0105za\u0144 Modelu GSWB, kt\u00f3ry zosta\u0142 wdro\u017cony w Centrum Pomocy, by\u0142o wprowadzenie do praktyki nowatorskich w sektorze pomocy spo\u0142ecznej, modelowych narz\u0119dzi aktywizacji spo\u0142ecznej, jakimi s\u0105: autodiagnoza i profilowanie.<\/p>\n<p>Badaniami autodiagnozy zosta\u0142o obj\u0119tych 100 os\u00f3b oraz\u00a0 podopieczni\u00a0 Centrum Pomocy. Narz\u0119dzie stanowi zestaw 10 kart ilustracyjnych opracowanych przez specjalist\u0119 psychologa w oparciu o cechy osobowo\u015bci\u00a0 i ich opozycj\u0119, wyr\u00f3\u017cnione w jednej teorii osobowo\u015bci, tzw. Wielkiej Pi\u0105tce. Wyniki autodiagnozy stanowi\u0142y podstaw\u0119 do zastosowania kolejnego instrumentu diagnostycznego-profilowania: kart profilu os\u00f3b bezdomnych-nowego w pomocy spo\u0142ecznej dokumentu informacyjnego. Okre\u015blenie profilu umo\u017cliwi\u0142o zakwalifikowanie os\u00f3b bezdomnych do jednej grup pomocy: grupy pomocy dora\u017anej lub grupy reintegracji spo\u0142ecznej.<\/p>\n<p>Przeprowadzili\u015bmy tak\u017ce standaryzacj\u0119 pobytu wg 3-ch rodzaj\u00f3w: pobyt dora\u017any, tymczasowy oraz stacjonarny, zgodnie z Modelem GSWB. Nadali\u015bmy du\u017c\u0105 wag\u0119 dzia\u0142aniom poradniczym, informacyjnym i integracyjnym poprzez realizacj\u0119 sytemu us\u0142ug z wykorzystaniem niekt\u00f3rych instrument\u00f3w GSWB tj. treningu ekonomicznego, asystentury, warsztat\u00f3w edukacyjnych, czy grup wsparcia. Zastosowali\u015bmy 5 krok\u00f3w post\u0119powania z osobami bezdomnymi rekomendowanych w cyt. Modelu: pierwszy kontakt, diagnoza sytuacji klienta, informowanie o uprawnieniach i mo\u017cliwo\u015bciach uzyskania wsparcia, opracowanie i realizacja plan\u00f3w pomocy z wykorzystaniem kontraktu socjalnego jako pierwszego etapu aktywizacji spo\u0142ecznej.<\/p>\n<p>Wymienione dzia\u0142ania doprowadzi\u0142y do rozszerzenia pakietu us\u0142ug interwencyjnych oraz\u00a0 usystematyzowania gospodarki miejscami mieszkaniowymi. Zmiana jako\u015bciowa us\u0142ug wobec os\u00f3b bezdomnych dokona\u0142a si\u0119 tak\u017ce dzi\u0119ki dzia\u0142aniom edukacyjnym na rzecz kadry Centrum Pomocy. Nasza organizacja jest przygotowana do kolejnych etap\u00f3w podnoszenia jako\u015bci us\u0142ug zgodnie z kierunkami polityki spo\u0142ecznej oraz do rozszerzenia ich zakresu o nowe, dotychczas niezrealizowane us\u0142ugi.<\/p>\n<p>Zapotrzebowanie na rozw\u00f3j specjalistycznych us\u0142ug pomocy interwencyjnej, potwierdzaj\u0105 r\u00f3wnie\u017c nasze\u00a0 2-letnie do\u015bwiadczenia z realizacji zada\u0144 publicznych we wsp\u00f3\u0142pracy z Wydzia\u0142em Polityki Spo\u0142ecznej Mazowieckiego Urz\u0119du Wojew\u00f3dzkiego w Warszawie o nazwie \u201eTwoja szansa\u201d ukierunkowanych na przeciwdzia\u0142anie bezdomno\u015bci m.in. poprzez realizacj\u0119 specjalistycznych us\u0142ug poradniczych.<\/p>\n<p>Zmiana specyfiki problemu bezdomno\u015bci determinuje r\u00f3wnie\u017c zapotrzebowanie na miejsca noclegowe. Osoby bezdomne, kt\u00f3re trafi\u0105 do plac\u00f3wek pomocy instytucjonalnej (co potwierdzaj\u0105 nasze do\u015bwiadczenia) rzadko decyduj\u0105 si\u0119 na powr\u00f3t do nocowania poza tymi plac\u00f3wkami. S\u0105 cz\u0119\u015bciej ni\u017c pozosta\u0142e otwarte na wsparcie instytucjonalne i z tego wsparcia coraz odwa\u017cniej korzystaj\u0105, jak wynika z do\u015bwiadcze\u0144 z realizacji projekt\u00f3w w latach poprzednich, ukierunkowanych na r\u00f3\u017cnorodne poradnictwo i aktywizacj\u0119 spo\u0142eczn\u0105. Oznacza to, \u017ce pomimo zako\u0144czenia okresu zimowego liczba os\u00f3b bezdomnych korzystaj\u0105cych z noclegowni PKPS nie zmniejsza si\u0119 znacz\u0105co.<\/p>\n<p>Bezdomno\u015b\u0107-co potwierdza literatura przedmiotu, w tym raporty z bada\u0144 m.in. \u201eBezdomno\u015b\u0107 na Mazowszu\u201d pod kier. p. M Piekut-Brodzkiej z 2013r.-jest problemem wielowymiarowym: psychologicznym, spo\u0142ecznym, etnicznym, kulturowym i ekonomicznym.<\/p>\n<p>Bezdomni to osoby do\u015bwiadczaj\u0105ce nie tylko braku mieszkania, odczuwaj\u0105ce dyskomfort w zaspokajaniu potrzeb materialnych, ale tak\u017ce pozbawione interakcji spo\u0142ecznych, w szczeg\u00f3lno\u015bci w rodzinie.<\/p>\n<p><strong>Oferta Centrum Pomocy<\/strong> odpowiada na opisane deficyty os\u00f3b bezdomnych oraz ich skutki.\u00a0 Tworz\u0105 j\u0105 w szczeg\u00f3lno\u015bci:<\/p>\n<p>a) <strong>us\u0142ugi pomocy o charakterze interwencyjnym<\/strong> w postaci niskoprogowego zakwaterowania,<br \/>\n\u2022\u00a0posi\u0142k\u00f3w,<br \/>\n\u2022\u00a0pomocy rzeczowej \/\u017cywno\u015b\u0107, odzie\u017c\/<br \/>\n\u2022\u00a0mo\u017cliwo\u015b\u0107 k\u0105pieli, odka\u017cania, dezynfekcji<br \/>\n\u2022\u00a0pomocy w sytuacji kryzysowej<\/p>\n<p>b) \u00a0<strong>pomoc stacjonarna<\/strong><strong> w ca\u0142odobowym schronisku <\/strong>dla bezdomnych m\u0119\u017cczyzn z pe\u0142n\u0105 ofert\u0105 pomocy i pracy socjalnej<\/p>\n<p>c) \u00a0<strong>pomoc o charakterze \u015brodowiskowym<\/strong> dla os\u00f3b bezdomnych m.in. w postaci \u017cywno\u015bci, poradnictwa, dost\u0119pu do informacji, r\u00f3wnie\u017c dla cz\u0142onk\u00f3w rodzin, opiekun\u00f3w os\u00f3b bezdomnych.<\/p>\n","protected":false},"excerpt":{"rendered":"<p>\u00a0 \u00a0 FEAD 2017 &#8211; Realizacja dzia\u0142a\u0144 w ramach \u015brodk\u00f3w towarzysz\u0105cych do\u00a0Programu Operacyjnego\u00a0 Pomocy \u017bywno\u015bciowej Podprogram 2017\u00a0 \u00a0przez Centrum Pomocy Rady Naczelnej PKPS CENTRUM POMOCY\u00a0 Rady Naczelnej Polskiego Komitetu Pomocy Spo\u0142ecznej\u00a0\u00a0 przy ul. Polskiej 33 w Warszawie.\u00a0\u00a0\u00a0\u00a0\u00a0 Centrum Pomocy jest plac\u00f3wk\u0105 Rady Naczelnej Polskiego Komitetu Pomocy Spo\u0142ecznej, kt\u00f3ra realizuje zadania statutowe na rzecz os\u00f3b wykluczonych [&hellip;]<\/p>\n","protected":false},"author":1,"featured_media":0,"parent":0,"menu_order":0,"comment_status":"closed","ping_status":"closed","template":"","meta":{"footnotes":"","_links_to":"","_links_to_target":""},"class_list":["post-44","page","type-page","status-publish","hentry"],"yoast_head":"<!-- This site is optimized with the Yoast SEO plugin v27.4 - https:\/\/yoast.com\/product\/yoast-seo-wordpress\/ -->\n<title>CENTRUM POMOCY - Polski Komitet Pomocy Spo\u0142ecznej<\/title>\n<meta name=\"robots\" content=\"index, follow, max-snippet:-1, max-image-preview:large, max-video-preview:-1\" \/>\n<link rel=\"canonical\" href=\"https:\/\/pkps.org.pl\/?page_id=44\" \/>\n<meta property=\"og:locale\" content=\"pl_PL\" \/>\n<meta property=\"og:type\" content=\"article\" \/>\n<meta property=\"og:title\" content=\"CENTRUM POMOCY - Polski Komitet Pomocy Spo\u0142ecznej\" \/>\n<meta property=\"og:description\" content=\"\u00a0 \u00a0 FEAD 2017 &#8211; Realizacja dzia\u0142a\u0144 w ramach \u015brodk\u00f3w towarzysz\u0105cych do\u00a0Programu Operacyjnego\u00a0 Pomocy \u017bywno\u015bciowej Podprogram 2017\u00a0 \u00a0przez Centrum Pomocy Rady Naczelnej PKPS CENTRUM POMOCY\u00a0 Rady Naczelnej Polskiego Komitetu Pomocy Spo\u0142ecznej\u00a0\u00a0 przy ul. Polskiej 33 w Warszawie.\u00a0\u00a0\u00a0\u00a0\u00a0 Centrum Pomocy jest plac\u00f3wk\u0105 Rady Naczelnej Polskiego Komitetu Pomocy Spo\u0142ecznej, kt\u00f3ra realizuje zadania statutowe na rzecz os\u00f3b wykluczonych [&hellip;]\" \/>\n<meta property=\"og:url\" content=\"https:\/\/pkps.org.pl\/?page_id=44\" \/>\n<meta property=\"og:site_name\" content=\"Polski Komitet Pomocy Spo\u0142ecznej\" \/>\n<meta property=\"article:modified_time\" content=\"2021-02-01T11:58:06+00:00\" \/>\n<meta property=\"og:image\" content=\"http:\/\/pkps.org.pl\/wp-content\/uploads\/2016\/12\/europe-flag-1-Copy-150x150.jpg\" \/>\n<meta name=\"twitter:card\" content=\"summary_large_image\" \/>\n<meta name=\"twitter:label1\" content=\"Szacowany czas czytania\" \/>\n\t<meta name=\"twitter:data1\" content=\"5 minut\" \/>\n<script type=\"application\/ld+json\" class=\"yoast-schema-graph\">{\"@context\":\"https:\\\/\\\/schema.org\",\"@graph\":[{\"@type\":\"WebPage\",\"@id\":\"https:\\\/\\\/pkps.org.pl\\\/?page_id=44\",\"url\":\"https:\\\/\\\/pkps.org.pl\\\/?page_id=44\",\"name\":\"CENTRUM POMOCY - Polski Komitet Pomocy Spo\u0142ecznej\",\"isPartOf\":{\"@id\":\"https:\\\/\\\/pkps.org.pl\\\/#website\"},\"primaryImageOfPage\":{\"@id\":\"https:\\\/\\\/pkps.org.pl\\\/?page_id=44#primaryimage\"},\"image\":{\"@id\":\"https:\\\/\\\/pkps.org.pl\\\/?page_id=44#primaryimage\"},\"thumbnailUrl\":\"http:\\\/\\\/pkps.org.pl\\\/wp-content\\\/uploads\\\/2016\\\/12\\\/europe-flag-1-Copy-150x150.jpg\",\"datePublished\":\"2016-12-19T10:58:40+00:00\",\"dateModified\":\"2021-02-01T11:58:06+00:00\",\"breadcrumb\":{\"@id\":\"https:\\\/\\\/pkps.org.pl\\\/?page_id=44#breadcrumb\"},\"inLanguage\":\"pl-PL\",\"potentialAction\":[{\"@type\":\"ReadAction\",\"target\":[\"https:\\\/\\\/pkps.org.pl\\\/?page_id=44\"]}]},{\"@type\":\"ImageObject\",\"inLanguage\":\"pl-PL\",\"@id\":\"https:\\\/\\\/pkps.org.pl\\\/?page_id=44#primaryimage\",\"url\":\"http:\\\/\\\/pkps.org.pl\\\/wp-content\\\/uploads\\\/2016\\\/12\\\/europe-flag-1-Copy-150x150.jpg\",\"contentUrl\":\"http:\\\/\\\/pkps.org.pl\\\/wp-content\\\/uploads\\\/2016\\\/12\\\/europe-flag-1-Copy-150x150.jpg\"},{\"@type\":\"BreadcrumbList\",\"@id\":\"https:\\\/\\\/pkps.org.pl\\\/?page_id=44#breadcrumb\",\"itemListElement\":[{\"@type\":\"ListItem\",\"position\":1,\"name\":\"Strona g\u0142\u00f3wna\",\"item\":\"https:\\\/\\\/pkps.org.pl\\\/\"},{\"@type\":\"ListItem\",\"position\":2,\"name\":\"CENTRUM POMOCY\"}]},{\"@type\":\"WebSite\",\"@id\":\"https:\\\/\\\/pkps.org.pl\\\/#website\",\"url\":\"https:\\\/\\\/pkps.org.pl\\\/\",\"name\":\"Polski Komitet Pomocy Spo\u0142ecznej\",\"description\":\"Strona Polskiego Komitetu Pomocy Spo\u0142ecznej\",\"publisher\":{\"@id\":\"https:\\\/\\\/pkps.org.pl\\\/#organization\"},\"potentialAction\":[{\"@type\":\"SearchAction\",\"target\":{\"@type\":\"EntryPoint\",\"urlTemplate\":\"https:\\\/\\\/pkps.org.pl\\\/?s={search_term_string}\"},\"query-input\":{\"@type\":\"PropertyValueSpecification\",\"valueRequired\":true,\"valueName\":\"search_term_string\"}}],\"inLanguage\":\"pl-PL\"},{\"@type\":\"Organization\",\"@id\":\"https:\\\/\\\/pkps.org.pl\\\/#organization\",\"name\":\"Polski Komitet Pomocy Spo\u0142ecznej\",\"url\":\"https:\\\/\\\/pkps.org.pl\\\/\",\"logo\":{\"@type\":\"ImageObject\",\"inLanguage\":\"pl-PL\",\"@id\":\"https:\\\/\\\/pkps.org.pl\\\/#\\\/schema\\\/logo\\\/image\\\/\",\"url\":\"https:\\\/\\\/pkps.org.pl\\\/wp-content\\\/uploads\\\/2016\\\/12\\\/PKPS-Logo-1.jpg\",\"contentUrl\":\"https:\\\/\\\/pkps.org.pl\\\/wp-content\\\/uploads\\\/2016\\\/12\\\/PKPS-Logo-1.jpg\",\"width\":299,\"height\":408,\"caption\":\"Polski Komitet Pomocy Spo\u0142ecznej\"},\"image\":{\"@id\":\"https:\\\/\\\/pkps.org.pl\\\/#\\\/schema\\\/logo\\\/image\\\/\"}}]}<\/script>\n<!-- \/ Yoast SEO plugin. -->","yoast_head_json":{"title":"CENTRUM POMOCY - Polski Komitet Pomocy Spo\u0142ecznej","robots":{"index":"index","follow":"follow","max-snippet":"max-snippet:-1","max-image-preview":"max-image-preview:large","max-video-preview":"max-video-preview:-1"},"canonical":"https:\/\/pkps.org.pl\/?page_id=44","og_locale":"pl_PL","og_type":"article","og_title":"CENTRUM POMOCY - Polski Komitet Pomocy Spo\u0142ecznej","og_description":"\u00a0 \u00a0 FEAD 2017 &#8211; Realizacja dzia\u0142a\u0144 w ramach \u015brodk\u00f3w towarzysz\u0105cych do\u00a0Programu Operacyjnego\u00a0 Pomocy \u017bywno\u015bciowej Podprogram 2017\u00a0 \u00a0przez Centrum Pomocy Rady Naczelnej PKPS CENTRUM POMOCY\u00a0 Rady Naczelnej Polskiego Komitetu Pomocy Spo\u0142ecznej\u00a0\u00a0 przy ul. Polskiej 33 w Warszawie.\u00a0\u00a0\u00a0\u00a0\u00a0 Centrum Pomocy jest plac\u00f3wk\u0105 Rady Naczelnej Polskiego Komitetu Pomocy Spo\u0142ecznej, kt\u00f3ra realizuje zadania statutowe na rzecz os\u00f3b wykluczonych [&hellip;]","og_url":"https:\/\/pkps.org.pl\/?page_id=44","og_site_name":"Polski Komitet Pomocy Spo\u0142ecznej","article_modified_time":"2021-02-01T11:58:06+00:00","og_image":[{"url":"http:\/\/pkps.org.pl\/wp-content\/uploads\/2016\/12\/europe-flag-1-Copy-150x150.jpg","type":"","width":"","height":""}],"twitter_card":"summary_large_image","twitter_misc":{"Szacowany czas czytania":"5 minut"},"schema":{"@context":"https:\/\/schema.org","@graph":[{"@type":"WebPage","@id":"https:\/\/pkps.org.pl\/?page_id=44","url":"https:\/\/pkps.org.pl\/?page_id=44","name":"CENTRUM POMOCY - Polski Komitet Pomocy Spo\u0142ecznej","isPartOf":{"@id":"https:\/\/pkps.org.pl\/#website"},"primaryImageOfPage":{"@id":"https:\/\/pkps.org.pl\/?page_id=44#primaryimage"},"image":{"@id":"https:\/\/pkps.org.pl\/?page_id=44#primaryimage"},"thumbnailUrl":"http:\/\/pkps.org.pl\/wp-content\/uploads\/2016\/12\/europe-flag-1-Copy-150x150.jpg","datePublished":"2016-12-19T10:58:40+00:00","dateModified":"2021-02-01T11:58:06+00:00","breadcrumb":{"@id":"https:\/\/pkps.org.pl\/?page_id=44#breadcrumb"},"inLanguage":"pl-PL","potentialAction":[{"@type":"ReadAction","target":["https:\/\/pkps.org.pl\/?page_id=44"]}]},{"@type":"ImageObject","inLanguage":"pl-PL","@id":"https:\/\/pkps.org.pl\/?page_id=44#primaryimage","url":"http:\/\/pkps.org.pl\/wp-content\/uploads\/2016\/12\/europe-flag-1-Copy-150x150.jpg","contentUrl":"http:\/\/pkps.org.pl\/wp-content\/uploads\/2016\/12\/europe-flag-1-Copy-150x150.jpg"},{"@type":"BreadcrumbList","@id":"https:\/\/pkps.org.pl\/?page_id=44#breadcrumb","itemListElement":[{"@type":"ListItem","position":1,"name":"Strona g\u0142\u00f3wna","item":"https:\/\/pkps.org.pl\/"},{"@type":"ListItem","position":2,"name":"CENTRUM POMOCY"}]},{"@type":"WebSite","@id":"https:\/\/pkps.org.pl\/#website","url":"https:\/\/pkps.org.pl\/","name":"Polski Komitet Pomocy Spo\u0142ecznej","description":"Strona Polskiego Komitetu Pomocy Spo\u0142ecznej","publisher":{"@id":"https:\/\/pkps.org.pl\/#organization"},"potentialAction":[{"@type":"SearchAction","target":{"@type":"EntryPoint","urlTemplate":"https:\/\/pkps.org.pl\/?s={search_term_string}"},"query-input":{"@type":"PropertyValueSpecification","valueRequired":true,"valueName":"search_term_string"}}],"inLanguage":"pl-PL"},{"@type":"Organization","@id":"https:\/\/pkps.org.pl\/#organization","name":"Polski Komitet Pomocy Spo\u0142ecznej","url":"https:\/\/pkps.org.pl\/","logo":{"@type":"ImageObject","inLanguage":"pl-PL","@id":"https:\/\/pkps.org.pl\/#\/schema\/logo\/image\/","url":"https:\/\/pkps.org.pl\/wp-content\/uploads\/2016\/12\/PKPS-Logo-1.jpg","contentUrl":"https:\/\/pkps.org.pl\/wp-content\/uploads\/2016\/12\/PKPS-Logo-1.jpg","width":299,"height":408,"caption":"Polski Komitet Pomocy Spo\u0142ecznej"},"image":{"@id":"https:\/\/pkps.org.pl\/#\/schema\/logo\/image\/"}}]}},"_links":{"self":[{"href":"https:\/\/pkps.org.pl\/index.php?rest_route=\/wp\/v2\/pages\/44","targetHints":{"allow":["GET"]}}],"collection":[{"href":"https:\/\/pkps.org.pl\/index.php?rest_route=\/wp\/v2\/pages"}],"about":[{"href":"https:\/\/pkps.org.pl\/index.php?rest_route=\/wp\/v2\/types\/page"}],"author":[{"embeddable":true,"href":"https:\/\/pkps.org.pl\/index.php?rest_route=\/wp\/v2\/users\/1"}],"replies":[{"embeddable":true,"href":"https:\/\/pkps.org.pl\/index.php?rest_route=%2Fwp%2Fv2%2Fcomments&post=44"}],"version-history":[{"count":1,"href":"https:\/\/pkps.org.pl\/index.php?rest_route=\/wp\/v2\/pages\/44\/revisions"}],"predecessor-version":[{"id":1605,"href":"https:\/\/pkps.org.pl\/index.php?rest_route=\/wp\/v2\/pages\/44\/revisions\/1605"}],"wp:attachment":[{"href":"https:\/\/pkps.org.pl\/index.php?rest_route=%2Fwp%2Fv2%2Fmedia&parent=44"}],"curies":[{"name":"wp","href":"https:\/\/api.w.org\/{rel}","templated":true}]}}