{"id":753,"date":"2017-11-20T12:46:47","date_gmt":"2017-11-20T12:46:47","guid":{"rendered":"http:\/\/klewiado1.home.pl\/autoinstalator\/wordpress\/?page_id=753"},"modified":"2017-11-20T13:14:34","modified_gmt":"2017-11-20T13:14:34","slug":"realizacja-dzialan-w-ramach-srodkow-towarzyszacych-fead-2017","status":"publish","type":"page","link":"https:\/\/pkps.org.pl\/?page_id=753","title":{"rendered":"Realizacja dzia\u0142a\u0144 w ramach \u015brodk\u00f3w towarzysz\u0105cych &#8211; FEAD 2017"},"content":{"rendered":"<p><span style=\"font-family: arial, helvetica, sans-serif; font-size: 10pt;\"><strong><i class=\"wp-svg-stop-2 stop-2\"><\/i>&nbsp; <a href=\"http:\/\/pkps.org.pl\/?page_id=768\">Zrealizowane dzia\u0142ania towarzysz\u0105ce wrzesie\u0144 \u2013 pa\u017adziernik 2017 <\/a><br \/>\n<i class=\"wp-svg-stop-2 stop-2\"><\/i>&nbsp; <a href=\"http:\/\/pkps.org.pl\/?page_id=771\">Planowane dzia\u0142ania towarzysz\u0105ce listopad \u2013 grudzie\u0144 2017&nbsp;<\/a><\/strong><\/span><\/p>\n<p><strong>Realizacja dzia\u0142a\u0144 w ramach \u015brodk\u00f3w towarzysz\u0105cych do&nbsp;<\/strong><strong>Programu Operacyjnego&nbsp; Pomocy \u017bywno\u015bciowej Podprogram 2017&nbsp; &nbsp;<\/strong><strong>przez Centrum Pomocy Rady Naczelnej PKPS<\/strong><\/p>\n<p>&nbsp;<\/p>\n<p>W ramach realizacji Programu Operacyjnego&nbsp; Pomocy \u017bywno\u015bciowej Podprogram 2017&nbsp; Centrum Pomocy Rady Naczelnej Polskiego Komitetu Pomocy Spo\u0142ecznej &nbsp;prowadzi cykliczne dzia\u0142ania towarzysz\u0105ce oferowane wszystkim odbiorcom pomocy \u017cywno\u015bciowej.&nbsp;<\/p>\n<p>Dzia\u0142ania towarzysz\u0105ce stanowi\u0105 jedno z narz\u0119dzi Programu Operacyjnego Pomoc \u017bywno\u015bciowa 2014 \u2013 2020. S\u0105 definiowane jako \u201ecykliczne dzia\u0142ania oferowane wszystkim odbiorcom pomocy \u017cywno\u015bciowej, kt\u00f3re maj\u0105 na celu w\u0142\u0105czenie spo\u0142eczne tych os\u00f3b m.in. poprzez:<\/p>\n<ul>\n<li>zaj\u0119cia edukacyjne i wsp\u00f3lne inicjatywy na rzecz spo\u0142eczno\u015bci lokalnej, zmierzaj\u0105ce do wyj\u015bcia z ub\u00f3stwa.<\/li>\n<li>grupy wsparcia dla r\u00f3\u017cnych kategorii os\u00f3b w trudnej sytuacji.<\/li>\n<li>pomoc towarzysz\u0105ca niezb\u0119dne do zaspokojenia podstawowych potrzeb \u017cyciowych os\u00f3b korzystaj\u0105cych z pomocy \u017cywno\u015bciowej, w tym: pomoc w utrzymaniu higieny osobistej os\u00f3b bezdomnych, wsparcie psychologiczna\/ terapeutyczna, os\u00f3b zagro\u017conych wykluczeniem spo\u0142ecznym.<\/li>\n<\/ul>\n<p><a href=\"http:\/\/pkps.org.pl\/wp-content\/uploads\/2017\/11\/dzialania_tow.jpg\"><img fetchpriority=\"high\" decoding=\"async\" class=\"alignnone size-full wp-image-754\" src=\"http:\/\/pkps.org.pl\/wp-content\/uploads\/2017\/11\/dzialania_tow.jpg\" alt=\"\" width=\"1053\" height=\"593\" srcset=\"https:\/\/pkps.org.pl\/wp-content\/uploads\/2017\/11\/dzialania_tow.jpg 1053w, https:\/\/pkps.org.pl\/wp-content\/uploads\/2017\/11\/dzialania_tow-300x169.jpg 300w, https:\/\/pkps.org.pl\/wp-content\/uploads\/2017\/11\/dzialania_tow-768x433.jpg 768w, https:\/\/pkps.org.pl\/wp-content\/uploads\/2017\/11\/dzialania_tow-1024x577.jpg 1024w\" sizes=\"(max-width: 1053px) 100vw, 1053px\" \/><\/a><\/p>\n<p>Dzia\u0142ania towarzysz\u0105ce do POP\u017b 2014-2020:<\/p>\n<ul>\n<li>integralna cz\u0119\u015b\u0107 POP\u017b<\/li>\n<li>nowy instrument pomocy spo\u0142ecznej<\/li>\n<li>wzbogacaj\u0105 dotychczasow\u0105 ofert\u0119 zadania<\/li>\n<li>s\u0105 komplementarne wobec innych form aktywizacji beneficjent\u00f3w o\u015brodk\u00f3w pomocy spo\u0142ecznej<\/li>\n<li>wzmacniaj\u0105 wsp\u00f3\u0142prac\u0119 wewn\u0105trzsektorow\u0105<\/li>\n<\/ul>\n<p>&nbsp;<\/p>\n<p>Warunkiem skutecznej realizacji dzia\u0142a\u0144 towarzysz\u0105cych jest wsp\u00f3\u0142dzia\u0142anie PKPS i o\u015brodk\u00f3w pomocy spo\u0142ecznej na zasadach:<\/p>\n<ul>\n<li>Partnerstwa<\/li>\n<li>R\u00f3wno\u015bci<\/li>\n<li>Kooperacji<\/li>\n<\/ul>\n<p>&nbsp;<\/p>\n<p><strong>PKPS&nbsp;&nbsp;&nbsp;&nbsp;&nbsp;&nbsp;&nbsp;<a href=\"http:\/\/pkps.org.pl\/wp-content\/uploads\/2017\/11\/arrows.jpg\"><img decoding=\"async\" class=\"alignnone wp-image-763\" src=\"http:\/\/pkps.org.pl\/wp-content\/uploads\/2017\/11\/arrows-300x177.jpg\" alt=\"\" width=\"65\" height=\"38\" srcset=\"https:\/\/pkps.org.pl\/wp-content\/uploads\/2017\/11\/arrows-300x177.jpg 300w, https:\/\/pkps.org.pl\/wp-content\/uploads\/2017\/11\/arrows.jpg 732w\" sizes=\"(max-width: 65px) 100vw, 65px\" \/><\/a>&nbsp; &nbsp; &nbsp; &nbsp;O\u015brodek Pomocy Spo\u0142ecznej<\/strong><\/p>\n<p>&nbsp;<\/p>\n<p>&nbsp;&nbsp;&nbsp;&nbsp;&nbsp;&nbsp;&nbsp;&nbsp;&nbsp;&nbsp;&nbsp;&nbsp;&nbsp;&nbsp;&nbsp; Dzia\u0142ania w ramach&nbsp; \u015brodk\u00f3w towarzysz\u0105cych do POP\u017b s\u0105 wa\u017cn\u0105 form\u0105 wsparcia os\u00f3b i rodzin dotkni\u0119tych lub zagro\u017conych zjawiskiem wykluczenia spo\u0142ecznego z powodu ub\u00f3stwa. Aktywizuj\u0105, integruj\u0105, mobilizuj\u0105, edukuj\u0105, przeciwdzia\u0142aj\u0105 izolacji spo\u0142ecznej, inspiruj\u0105 do zmian osoby nim dotkni\u0119te.<\/p>\n<p>Stanowi\u0105 jeden z instrument\u00f3w&nbsp; przezwyci\u0119\u017cania tego zjawiska.<\/p>\n<p>&nbsp;<\/p>\n<p>&nbsp;<\/p>\n<p>&nbsp;<\/p>\n<p>&nbsp;<\/p>\n<p>&nbsp;<\/p>\n","protected":false},"excerpt":{"rendered":"<p>&nbsp; Zrealizowane dzia\u0142ania towarzysz\u0105ce wrzesie\u0144 \u2013 pa\u017adziernik 2017 &nbsp; Planowane dzia\u0142ania towarzysz\u0105ce listopad \u2013 grudzie\u0144 2017&nbsp; Realizacja dzia\u0142a\u0144 w ramach \u015brodk\u00f3w towarzysz\u0105cych do&nbsp;Programu Operacyjnego&nbsp; Pomocy \u017bywno\u015bciowej Podprogram 2017&nbsp; &nbsp;przez Centrum Pomocy Rady Naczelnej PKPS &nbsp; W ramach realizacji Programu Operacyjnego&nbsp; Pomocy \u017bywno\u015bciowej Podprogram 2017&nbsp; Centrum Pomocy Rady Naczelnej Polskiego Komitetu Pomocy Spo\u0142ecznej &nbsp;prowadzi cykliczne dzia\u0142ania [&hellip;]<\/p>\n","protected":false},"author":1,"featured_media":0,"parent":0,"menu_order":0,"comment_status":"closed","ping_status":"closed","template":"","meta":{"footnotes":"","_links_to":"","_links_to_target":""},"class_list":["post-753","page","type-page","status-publish","hentry"],"yoast_head":"<!-- This site is optimized with the Yoast SEO plugin v27.4 - https:\/\/yoast.com\/product\/yoast-seo-wordpress\/ -->\n<title>Realizacja dzia\u0142a\u0144 w ramach \u015brodk\u00f3w towarzysz\u0105cych - FEAD 2017 - Polski Komitet Pomocy Spo\u0142ecznej<\/title>\n<meta name=\"robots\" content=\"index, follow, max-snippet:-1, max-image-preview:large, max-video-preview:-1\" \/>\n<link rel=\"canonical\" href=\"https:\/\/pkps.org.pl\/?page_id=753\" \/>\n<meta property=\"og:locale\" content=\"pl_PL\" \/>\n<meta property=\"og:type\" content=\"article\" \/>\n<meta property=\"og:title\" content=\"Realizacja dzia\u0142a\u0144 w ramach \u015brodk\u00f3w towarzysz\u0105cych - FEAD 2017 - Polski Komitet Pomocy Spo\u0142ecznej\" \/>\n<meta property=\"og:description\" content=\"&nbsp; Zrealizowane dzia\u0142ania towarzysz\u0105ce wrzesie\u0144 \u2013 pa\u017adziernik 2017 &nbsp; Planowane dzia\u0142ania towarzysz\u0105ce listopad \u2013 grudzie\u0144 2017&nbsp; Realizacja dzia\u0142a\u0144 w ramach \u015brodk\u00f3w towarzysz\u0105cych do&nbsp;Programu Operacyjnego&nbsp; Pomocy \u017bywno\u015bciowej Podprogram 2017&nbsp; &nbsp;przez Centrum Pomocy Rady Naczelnej PKPS &nbsp; W ramach realizacji Programu Operacyjnego&nbsp; Pomocy \u017bywno\u015bciowej Podprogram 2017&nbsp; Centrum Pomocy Rady Naczelnej Polskiego Komitetu Pomocy Spo\u0142ecznej &nbsp;prowadzi cykliczne dzia\u0142ania [&hellip;]\" \/>\n<meta property=\"og:url\" content=\"https:\/\/pkps.org.pl\/?page_id=753\" \/>\n<meta property=\"og:site_name\" content=\"Polski Komitet Pomocy Spo\u0142ecznej\" \/>\n<meta property=\"article:modified_time\" content=\"2017-11-20T13:14:34+00:00\" \/>\n<meta property=\"og:image\" content=\"http:\/\/pkps.org.pl\/wp-content\/uploads\/2017\/11\/dzialania_tow.jpg\" \/>\n<meta name=\"twitter:card\" content=\"summary_large_image\" \/>\n<meta name=\"twitter:label1\" content=\"Szacowany czas czytania\" \/>\n\t<meta name=\"twitter:data1\" content=\"2 minuty\" \/>\n<script type=\"application\/ld+json\" class=\"yoast-schema-graph\">{\"@context\":\"https:\\\/\\\/schema.org\",\"@graph\":[{\"@type\":\"WebPage\",\"@id\":\"https:\\\/\\\/pkps.org.pl\\\/?page_id=753\",\"url\":\"https:\\\/\\\/pkps.org.pl\\\/?page_id=753\",\"name\":\"Realizacja dzia\u0142a\u0144 w ramach \u015brodk\u00f3w towarzysz\u0105cych - FEAD 2017 - Polski Komitet Pomocy Spo\u0142ecznej\",\"isPartOf\":{\"@id\":\"https:\\\/\\\/pkps.org.pl\\\/#website\"},\"primaryImageOfPage\":{\"@id\":\"https:\\\/\\\/pkps.org.pl\\\/?page_id=753#primaryimage\"},\"image\":{\"@id\":\"https:\\\/\\\/pkps.org.pl\\\/?page_id=753#primaryimage\"},\"thumbnailUrl\":\"http:\\\/\\\/pkps.org.pl\\\/wp-content\\\/uploads\\\/2017\\\/11\\\/dzialania_tow.jpg\",\"datePublished\":\"2017-11-20T12:46:47+00:00\",\"dateModified\":\"2017-11-20T13:14:34+00:00\",\"breadcrumb\":{\"@id\":\"https:\\\/\\\/pkps.org.pl\\\/?page_id=753#breadcrumb\"},\"inLanguage\":\"pl-PL\",\"potentialAction\":[{\"@type\":\"ReadAction\",\"target\":[\"https:\\\/\\\/pkps.org.pl\\\/?page_id=753\"]}]},{\"@type\":\"ImageObject\",\"inLanguage\":\"pl-PL\",\"@id\":\"https:\\\/\\\/pkps.org.pl\\\/?page_id=753#primaryimage\",\"url\":\"http:\\\/\\\/pkps.org.pl\\\/wp-content\\\/uploads\\\/2017\\\/11\\\/dzialania_tow.jpg\",\"contentUrl\":\"http:\\\/\\\/pkps.org.pl\\\/wp-content\\\/uploads\\\/2017\\\/11\\\/dzialania_tow.jpg\"},{\"@type\":\"BreadcrumbList\",\"@id\":\"https:\\\/\\\/pkps.org.pl\\\/?page_id=753#breadcrumb\",\"itemListElement\":[{\"@type\":\"ListItem\",\"position\":1,\"name\":\"Strona g\u0142\u00f3wna\",\"item\":\"https:\\\/\\\/pkps.org.pl\\\/\"},{\"@type\":\"ListItem\",\"position\":2,\"name\":\"Realizacja dzia\u0142a\u0144 w ramach \u015brodk\u00f3w towarzysz\u0105cych &#8211; FEAD 2017\"}]},{\"@type\":\"WebSite\",\"@id\":\"https:\\\/\\\/pkps.org.pl\\\/#website\",\"url\":\"https:\\\/\\\/pkps.org.pl\\\/\",\"name\":\"Polski Komitet Pomocy Spo\u0142ecznej\",\"description\":\"Strona Polskiego Komitetu Pomocy Spo\u0142ecznej\",\"publisher\":{\"@id\":\"https:\\\/\\\/pkps.org.pl\\\/#organization\"},\"potentialAction\":[{\"@type\":\"SearchAction\",\"target\":{\"@type\":\"EntryPoint\",\"urlTemplate\":\"https:\\\/\\\/pkps.org.pl\\\/?s={search_term_string}\"},\"query-input\":{\"@type\":\"PropertyValueSpecification\",\"valueRequired\":true,\"valueName\":\"search_term_string\"}}],\"inLanguage\":\"pl-PL\"},{\"@type\":\"Organization\",\"@id\":\"https:\\\/\\\/pkps.org.pl\\\/#organization\",\"name\":\"Polski Komitet Pomocy Spo\u0142ecznej\",\"url\":\"https:\\\/\\\/pkps.org.pl\\\/\",\"logo\":{\"@type\":\"ImageObject\",\"inLanguage\":\"pl-PL\",\"@id\":\"https:\\\/\\\/pkps.org.pl\\\/#\\\/schema\\\/logo\\\/image\\\/\",\"url\":\"https:\\\/\\\/pkps.org.pl\\\/wp-content\\\/uploads\\\/2016\\\/12\\\/PKPS-Logo-1.jpg\",\"contentUrl\":\"https:\\\/\\\/pkps.org.pl\\\/wp-content\\\/uploads\\\/2016\\\/12\\\/PKPS-Logo-1.jpg\",\"width\":299,\"height\":408,\"caption\":\"Polski Komitet Pomocy Spo\u0142ecznej\"},\"image\":{\"@id\":\"https:\\\/\\\/pkps.org.pl\\\/#\\\/schema\\\/logo\\\/image\\\/\"}}]}<\/script>\n<!-- \/ Yoast SEO plugin. -->","yoast_head_json":{"title":"Realizacja dzia\u0142a\u0144 w ramach \u015brodk\u00f3w towarzysz\u0105cych - FEAD 2017 - Polski Komitet Pomocy Spo\u0142ecznej","robots":{"index":"index","follow":"follow","max-snippet":"max-snippet:-1","max-image-preview":"max-image-preview:large","max-video-preview":"max-video-preview:-1"},"canonical":"https:\/\/pkps.org.pl\/?page_id=753","og_locale":"pl_PL","og_type":"article","og_title":"Realizacja dzia\u0142a\u0144 w ramach \u015brodk\u00f3w towarzysz\u0105cych - FEAD 2017 - Polski Komitet Pomocy Spo\u0142ecznej","og_description":"&nbsp; Zrealizowane dzia\u0142ania towarzysz\u0105ce wrzesie\u0144 \u2013 pa\u017adziernik 2017 &nbsp; Planowane dzia\u0142ania towarzysz\u0105ce listopad \u2013 grudzie\u0144 2017&nbsp; Realizacja dzia\u0142a\u0144 w ramach \u015brodk\u00f3w towarzysz\u0105cych do&nbsp;Programu Operacyjnego&nbsp; Pomocy \u017bywno\u015bciowej Podprogram 2017&nbsp; &nbsp;przez Centrum Pomocy Rady Naczelnej PKPS &nbsp; W ramach realizacji Programu Operacyjnego&nbsp; Pomocy \u017bywno\u015bciowej Podprogram 2017&nbsp; Centrum Pomocy Rady Naczelnej Polskiego Komitetu Pomocy Spo\u0142ecznej &nbsp;prowadzi cykliczne dzia\u0142ania [&hellip;]","og_url":"https:\/\/pkps.org.pl\/?page_id=753","og_site_name":"Polski Komitet Pomocy Spo\u0142ecznej","article_modified_time":"2017-11-20T13:14:34+00:00","og_image":[{"url":"http:\/\/pkps.org.pl\/wp-content\/uploads\/2017\/11\/dzialania_tow.jpg","type":"","width":"","height":""}],"twitter_card":"summary_large_image","twitter_misc":{"Szacowany czas czytania":"2 minuty"},"schema":{"@context":"https:\/\/schema.org","@graph":[{"@type":"WebPage","@id":"https:\/\/pkps.org.pl\/?page_id=753","url":"https:\/\/pkps.org.pl\/?page_id=753","name":"Realizacja dzia\u0142a\u0144 w ramach \u015brodk\u00f3w towarzysz\u0105cych - FEAD 2017 - Polski Komitet Pomocy Spo\u0142ecznej","isPartOf":{"@id":"https:\/\/pkps.org.pl\/#website"},"primaryImageOfPage":{"@id":"https:\/\/pkps.org.pl\/?page_id=753#primaryimage"},"image":{"@id":"https:\/\/pkps.org.pl\/?page_id=753#primaryimage"},"thumbnailUrl":"http:\/\/pkps.org.pl\/wp-content\/uploads\/2017\/11\/dzialania_tow.jpg","datePublished":"2017-11-20T12:46:47+00:00","dateModified":"2017-11-20T13:14:34+00:00","breadcrumb":{"@id":"https:\/\/pkps.org.pl\/?page_id=753#breadcrumb"},"inLanguage":"pl-PL","potentialAction":[{"@type":"ReadAction","target":["https:\/\/pkps.org.pl\/?page_id=753"]}]},{"@type":"ImageObject","inLanguage":"pl-PL","@id":"https:\/\/pkps.org.pl\/?page_id=753#primaryimage","url":"http:\/\/pkps.org.pl\/wp-content\/uploads\/2017\/11\/dzialania_tow.jpg","contentUrl":"http:\/\/pkps.org.pl\/wp-content\/uploads\/2017\/11\/dzialania_tow.jpg"},{"@type":"BreadcrumbList","@id":"https:\/\/pkps.org.pl\/?page_id=753#breadcrumb","itemListElement":[{"@type":"ListItem","position":1,"name":"Strona g\u0142\u00f3wna","item":"https:\/\/pkps.org.pl\/"},{"@type":"ListItem","position":2,"name":"Realizacja dzia\u0142a\u0144 w ramach \u015brodk\u00f3w towarzysz\u0105cych &#8211; FEAD 2017"}]},{"@type":"WebSite","@id":"https:\/\/pkps.org.pl\/#website","url":"https:\/\/pkps.org.pl\/","name":"Polski Komitet Pomocy Spo\u0142ecznej","description":"Strona Polskiego Komitetu Pomocy Spo\u0142ecznej","publisher":{"@id":"https:\/\/pkps.org.pl\/#organization"},"potentialAction":[{"@type":"SearchAction","target":{"@type":"EntryPoint","urlTemplate":"https:\/\/pkps.org.pl\/?s={search_term_string}"},"query-input":{"@type":"PropertyValueSpecification","valueRequired":true,"valueName":"search_term_string"}}],"inLanguage":"pl-PL"},{"@type":"Organization","@id":"https:\/\/pkps.org.pl\/#organization","name":"Polski Komitet Pomocy Spo\u0142ecznej","url":"https:\/\/pkps.org.pl\/","logo":{"@type":"ImageObject","inLanguage":"pl-PL","@id":"https:\/\/pkps.org.pl\/#\/schema\/logo\/image\/","url":"https:\/\/pkps.org.pl\/wp-content\/uploads\/2016\/12\/PKPS-Logo-1.jpg","contentUrl":"https:\/\/pkps.org.pl\/wp-content\/uploads\/2016\/12\/PKPS-Logo-1.jpg","width":299,"height":408,"caption":"Polski Komitet Pomocy Spo\u0142ecznej"},"image":{"@id":"https:\/\/pkps.org.pl\/#\/schema\/logo\/image\/"}}]}},"_links":{"self":[{"href":"https:\/\/pkps.org.pl\/index.php?rest_route=\/wp\/v2\/pages\/753","targetHints":{"allow":["GET"]}}],"collection":[{"href":"https:\/\/pkps.org.pl\/index.php?rest_route=\/wp\/v2\/pages"}],"about":[{"href":"https:\/\/pkps.org.pl\/index.php?rest_route=\/wp\/v2\/types\/page"}],"author":[{"embeddable":true,"href":"https:\/\/pkps.org.pl\/index.php?rest_route=\/wp\/v2\/users\/1"}],"replies":[{"embeddable":true,"href":"https:\/\/pkps.org.pl\/index.php?rest_route=%2Fwp%2Fv2%2Fcomments&post=753"}],"version-history":[{"count":0,"href":"https:\/\/pkps.org.pl\/index.php?rest_route=\/wp\/v2\/pages\/753\/revisions"}],"wp:attachment":[{"href":"https:\/\/pkps.org.pl\/index.php?rest_route=%2Fwp%2Fv2%2Fmedia&parent=753"}],"curies":[{"name":"wp","href":"https:\/\/api.w.org\/{rel}","templated":true}]}}